{"id":16,"date":"2021-09-27T05:23:42","date_gmt":"2021-09-27T05:23:42","guid":{"rendered":"https:\/\/lavule.com\/?page_id=16"},"modified":"2024-04-23T11:08:41","modified_gmt":"2024-04-23T09:08:41","slug":"versandarten","status":"publish","type":"page","link":"https:\/\/lavule.com\/sl\/versandarten\/","title":{"rendered":"Na\u010dini po\u0161iljanja"},"content":{"rendered":"<p><strong>POGOJI PO\u0160ILJANJA<\/strong><\/p>\n\n\n\n<p>Blago dostavljamo po vsej Evropi in zunaj nje.<\/p>\n\n\n\n<p>Po\u0161iljamo CO2-nevtralno z DHL GOGREEN.<\/p>\n\n\n\n<figure class=\"wp-block-image size-large is-resized\"><img decoding=\"async\" src=\"https:\/\/laduti.de\/wp-content\/uploads\/2021\/07\/dhl_gogreen.png\" alt=\"\" class=\"wp-image-69115\" style=\"width:124px;height:69px\"\/><\/figure>\n\n\n\n<p><\/p>\n\n\n\n<p><strong><strong>STRO\u0160KI PO\u0160ILJANJA<\/strong>\u00a0<\/strong>(vklju\u010dno z zakonsko dolo\u010denim davkom na dodano vrednost)<\/p>\n\n\n\n<p><strong>Dostava v EU:<\/strong><\/p>\n\n\n\n<p>5 \u20ac<\/p>\n\n\n\n<p><strong>Dostava zunaj EU:<\/strong> <\/p>\n\n\n\n<p>Stranka mora sama pla\u010dati carino in uvozni davek, odvisno od vrednosti blaga.<\/p>\n\n\n\n<p><strong>Ne-EU<\/strong>:<\/p>\n\n\n\n<p>\u0160vica: 6 CHF<\/p>\n\n\n\n<p>Zdru\u017eeno kraljestvo: 5 GBP <\/p>\n\n\n\n<p>Norve\u0161ka: 150 NOK<\/p>\n\n\n\n<p><br><strong>ROKI ZA DOSTAVO<\/strong><\/p>\n\n\n\n<p>\u010ce v posamezni ponudbi ni dolo\u010den drug rok, bo blago dostavljeno v 2 do 3 dneh v Nem\u010diji (Nem\u010dija), pri dostavi v tujino pa v 3 do 5 dneh po sklenitvi pogodbe (v primeru dogovorjenega predpla\u010dila po \u010dasu va\u0161ega pla\u010dilnega navodila).<br>Upo\u0161tevajte, da ob nedeljah in praznikih dostava ni mogo\u010da.<br>\u010ce ste naro\u010dili izdelke z razli\u010dnimi dobavnimi roki, bomo blago poslali v eni po\u0161iljki, razen \u010de smo se z vami dogovorili druga\u010de. V tem primeru je dobavni rok dolo\u010den glede na artikel z najdalj\u0161im dobavnim rokom, ki ste ga naro\u010dili.<\/p>","protected":false},"excerpt":{"rendered":"<p>VERSANDBEDINGUNGEN Die Lieferung der Ware erfolgt europaweit als auch ausserhalb Europas. Wir versenden&nbsp;CO2-neutral mit DHL GOGREEN. VERSANDKOSTEN\u00a0(inklusive gesetzliche Mehrwertsteuer) Lieferungen innerhalb EU: 5 \u20ac Lieferungen ausserhalb EU: Der Kunde hat [&hellip;]<\/p>","protected":false},"author":1,"featured_media":0,"parent":0,"menu_order":0,"comment_status":"closed","ping_status":"closed","template":"","meta":{"_uag_custom_page_level_css":"","advgb_blocks_editor_width":"","advgb_blocks_columns_visual_guide":"","site-sidebar-layout":"default","site-content-layout":"","ast-site-content-layout":"default","site-content-style":"default","site-sidebar-style":"default","ast-global-header-display":"","ast-banner-title-visibility":"","ast-main-header-display":"","ast-hfb-above-header-display":"","ast-hfb-below-header-display":"","ast-hfb-mobile-header-display":"","site-post-title":"","ast-breadcrumbs-content":"","ast-featured-img":"","footer-sml-layout":"","ast-disable-related-posts":"","theme-transparent-header-meta":"","adv-header-id-meta":"","stick-header-meta":"","header-above-stick-meta":"","header-main-stick-meta":"","header-below-stick-meta":"","astra-migrate-meta-layouts":"set","ast-page-background-enabled":"default","ast-page-background-meta":{"desktop":{"background-color":"","background-image":"","background-repeat":"repeat","background-position":"center center","background-size":"auto","background-attachment":"scroll","background-type":"","background-media":"","overlay-type":"","overlay-color":"","overlay-opacity":"","overlay-gradient":""},"tablet":{"background-color":"","background-image":"","background-repeat":"repeat","background-position":"center center","background-size":"auto","background-attachment":"scroll","background-type":"","background-media":"","overlay-type":"","overlay-color":"","overlay-opacity":"","overlay-gradient":""},"mobile":{"background-color":"","background-image":"","background-repeat":"repeat","background-position":"center center","background-size":"auto","background-attachment":"scroll","background-type":"","background-media":"","overlay-type":"","overlay-color":"","overlay-opacity":"","overlay-gradient":""}},"ast-content-background-meta":{"desktop":{"background-color":"var(--ast-global-color-5)","background-image":"","background-repeat":"repeat","background-position":"center center","background-size":"auto","background-attachment":"scroll","background-type":"","background-media":"","overlay-type":"","overlay-color":"","overlay-opacity":"","overlay-gradient":""},"tablet":{"background-color":"var(--ast-global-color-5)","background-image":"","background-repeat":"repeat","background-position":"center center","background-size":"auto","background-attachment":"scroll","background-type":"","background-media":"","overlay-type":"","overlay-color":"","overlay-opacity":"","overlay-gradient":""},"mobile":{"background-color":"var(--ast-global-color-5)","background-image":"","background-repeat":"repeat","background-position":"center center","background-size":"auto","background-attachment":"scroll","background-type":"","background-media":"","overlay-type":"","overlay-color":"","overlay-opacity":"","overlay-gradient":""}},"footnotes":""},"class_list":["post-16","page","type-page","status-publish","hentry"],"featured_image_src":null,"yoast_head":"<!-- This site is optimized with the Yoast SEO Premium plugin v23.4 (Yoast SEO v26.6) - https:\/\/yoast.com\/wordpress\/plugins\/seo\/ -->\n<title>Versandarten - Lavule<\/title>\n<meta name=\"robots\" content=\"noindex, nofollow\" \/>\n<meta property=\"og:locale\" content=\"sl_SI\" \/>\n<meta property=\"og:type\" content=\"article\" \/>\n<meta property=\"og:title\" content=\"Versandarten\" \/>\n<meta property=\"og:description\" content=\"VERSANDBEDINGUNGEN Die Lieferung der Ware erfolgt europaweit als auch ausserhalb Europas. Wir versenden&nbsp;CO2-neutral mit DHL GOGREEN. VERSANDKOSTEN\u00a0(inklusive gesetzliche Mehrwertsteuer) Lieferungen innerhalb EU: 5 \u20ac Lieferungen ausserhalb EU: Der Kunde hat [&hellip;]\" \/>\n<meta property=\"og:url\" content=\"https:\/\/lavule.com\/sl\/versandarten\/\" \/>\n<meta property=\"og:site_name\" content=\"Lavule\" \/>\n<meta property=\"article:modified_time\" content=\"2024-04-23T09:08:41+00:00\" \/>\n<meta property=\"og:image\" content=\"https:\/\/laduti.de\/wp-content\/uploads\/2021\/07\/dhl_gogreen.png\" \/>\n<meta name=\"twitter:card\" content=\"summary_large_image\" \/>\n<meta name=\"twitter:label1\" content=\"Est. reading time\" \/>\n\t<meta name=\"twitter:data1\" content=\"2 minuti\" \/>\n<script type=\"application\/ld+json\" class=\"yoast-schema-graph\">{\"@context\":\"https:\/\/schema.org\",\"@graph\":[{\"@type\":\"WebPage\",\"@id\":\"https:\/\/lavule.com\/versandarten\/\",\"url\":\"https:\/\/lavule.com\/versandarten\/\",\"name\":\"Versandarten - Lavule\",\"isPartOf\":{\"@id\":\"https:\/\/lavule.com\/de\/#website\"},\"primaryImageOfPage\":{\"@id\":\"https:\/\/lavule.com\/versandarten\/#primaryimage\"},\"image\":{\"@id\":\"https:\/\/lavule.com\/versandarten\/#primaryimage\"},\"thumbnailUrl\":\"https:\/\/laduti.de\/wp-content\/uploads\/2021\/07\/dhl_gogreen.png\",\"datePublished\":\"2021-09-27T05:23:42+00:00\",\"dateModified\":\"2024-04-23T09:08:41+00:00\",\"breadcrumb\":{\"@id\":\"https:\/\/lavule.com\/versandarten\/#breadcrumb\"},\"inLanguage\":\"sl-SI\",\"potentialAction\":[{\"@type\":\"ReadAction\",\"target\":[\"https:\/\/lavule.com\/versandarten\/\"]}]},{\"@type\":\"ImageObject\",\"inLanguage\":\"sl-SI\",\"@id\":\"https:\/\/lavule.com\/versandarten\/#primaryimage\",\"url\":\"https:\/\/laduti.de\/wp-content\/uploads\/2021\/07\/dhl_gogreen.png\",\"contentUrl\":\"https:\/\/laduti.de\/wp-content\/uploads\/2021\/07\/dhl_gogreen.png\"},{\"@type\":\"BreadcrumbList\",\"@id\":\"https:\/\/lavule.com\/versandarten\/#breadcrumb\",\"itemListElement\":[{\"@type\":\"ListItem\",\"position\":1,\"name\":\"LAVULE\",\"item\":\"https:\/\/lavule.com\/\"},{\"@type\":\"ListItem\",\"position\":2,\"name\":\"Versandarten\"}]},{\"@type\":\"WebSite\",\"@id\":\"https:\/\/lavule.com\/de\/#website\",\"url\":\"https:\/\/lavule.com\/de\/\",\"name\":\"Lavule\",\"description\":\"Augenringe Serum\",\"publisher\":{\"@id\":\"https:\/\/lavule.com\/de\/#organization\"},\"potentialAction\":[{\"@type\":\"SearchAction\",\"target\":{\"@type\":\"EntryPoint\",\"urlTemplate\":\"https:\/\/lavule.com\/de\/?s={search_term_string}\"},\"query-input\":{\"@type\":\"PropertyValueSpecification\",\"valueRequired\":true,\"valueName\":\"search_term_string\"}}],\"inLanguage\":\"sl-SI\"},{\"@type\":\"Organization\",\"@id\":\"https:\/\/lavule.com\/de\/#organization\",\"name\":\"Lavule\",\"url\":\"https:\/\/lavule.com\/de\/\",\"logo\":{\"@type\":\"ImageObject\",\"inLanguage\":\"sl-SI\",\"@id\":\"https:\/\/lavule.com\/de\/#\/schema\/logo\/image\/\",\"url\":\"https:\/\/lavule.com\/wp-content\/uploads\/2021\/11\/cropped-Lavule.png\",\"contentUrl\":\"https:\/\/lavule.com\/wp-content\/uploads\/2021\/11\/cropped-Lavule.png\",\"width\":243,\"height\":96,\"caption\":\"Lavule\"},\"image\":{\"@id\":\"https:\/\/lavule.com\/de\/#\/schema\/logo\/image\/\"},\"sameAs\":[\"https:\/\/www.instagram.com\/lavule_official\/\"]}]}<\/script>\n<!-- \/ Yoast SEO Premium plugin. -->","yoast_head_json":{"title":"Na\u010dini dostave - Lavule","robots":{"index":"noindex","follow":"nofollow"},"og_locale":"sl_SI","og_type":"article","og_title":"Versandarten","og_description":"VERSANDBEDINGUNGEN Die Lieferung der Ware erfolgt europaweit als auch ausserhalb Europas. Wir versenden&nbsp;CO2-neutral mit DHL GOGREEN. VERSANDKOSTEN\u00a0(inklusive gesetzliche Mehrwertsteuer) Lieferungen innerhalb EU: 5 \u20ac Lieferungen ausserhalb EU: Der Kunde hat [&hellip;]","og_url":"https:\/\/lavule.com\/sl\/versandarten\/","og_site_name":"Lavule","article_modified_time":"2024-04-23T09:08:41+00:00","og_image":[{"url":"https:\/\/laduti.de\/wp-content\/uploads\/2021\/07\/dhl_gogreen.png","type":"","width":"","height":""}],"twitter_card":"summary_large_image","twitter_misc":{"Est. reading time":"2 minuti"},"schema":{"@context":"https:\/\/schema.org","@graph":[{"@type":"WebPage","@id":"https:\/\/lavule.com\/versandarten\/","url":"https:\/\/lavule.com\/versandarten\/","name":"Na\u010dini dostave - Lavule","isPartOf":{"@id":"https:\/\/lavule.com\/de\/#website"},"primaryImageOfPage":{"@id":"https:\/\/lavule.com\/versandarten\/#primaryimage"},"image":{"@id":"https:\/\/lavule.com\/versandarten\/#primaryimage"},"thumbnailUrl":"https:\/\/laduti.de\/wp-content\/uploads\/2021\/07\/dhl_gogreen.png","datePublished":"2021-09-27T05:23:42+00:00","dateModified":"2024-04-23T09:08:41+00:00","breadcrumb":{"@id":"https:\/\/lavule.com\/versandarten\/#breadcrumb"},"inLanguage":"sl-SI","potentialAction":[{"@type":"ReadAction","target":["https:\/\/lavule.com\/versandarten\/"]}]},{"@type":"ImageObject","inLanguage":"sl-SI","@id":"https:\/\/lavule.com\/versandarten\/#primaryimage","url":"https:\/\/laduti.de\/wp-content\/uploads\/2021\/07\/dhl_gogreen.png","contentUrl":"https:\/\/laduti.de\/wp-content\/uploads\/2021\/07\/dhl_gogreen.png"},{"@type":"BreadcrumbList","@id":"https:\/\/lavule.com\/versandarten\/#breadcrumb","itemListElement":[{"@type":"ListItem","position":1,"name":"LAVULE","item":"https:\/\/lavule.com\/"},{"@type":"ListItem","position":2,"name":"Versandarten"}]},{"@type":"WebSite","@id":"https:\/\/lavule.com\/de\/#website","url":"https:\/\/lavule.com\/de\/","name":"Lavule","description":"Serum za o\u010desne kolobarje","publisher":{"@id":"https:\/\/lavule.com\/de\/#organization"},"potentialAction":[{"@type":"SearchAction","target":{"@type":"EntryPoint","urlTemplate":"https:\/\/lavule.com\/de\/?s={search_term_string}"},"query-input":{"@type":"PropertyValueSpecification","valueRequired":true,"valueName":"search_term_string"}}],"inLanguage":"sl-SI"},{"@type":"Organization","@id":"https:\/\/lavule.com\/de\/#organization","name":"Lavule","url":"https:\/\/lavule.com\/de\/","logo":{"@type":"ImageObject","inLanguage":"sl-SI","@id":"https:\/\/lavule.com\/de\/#\/schema\/logo\/image\/","url":"https:\/\/lavule.com\/wp-content\/uploads\/2021\/11\/cropped-Lavule.png","contentUrl":"https:\/\/lavule.com\/wp-content\/uploads\/2021\/11\/cropped-Lavule.png","width":243,"height":96,"caption":"Lavule"},"image":{"@id":"https:\/\/lavule.com\/de\/#\/schema\/logo\/image\/"},"sameAs":["https:\/\/www.instagram.com\/lavule_official\/"]}]}},"uagb_featured_image_src":{"full":false,"thumbnail":false,"medium":false,"medium_large":false,"large":false,"1536x1536":false,"2048x2048":false,"trp-custom-language-flag":false,"woocommerce_thumbnail":false,"woocommerce_single":false,"woocommerce_gallery_thumbnail":false},"uagb_author_info":{"display_name":"Kerem085","author_link":"https:\/\/lavule.com\/sl\/author\/kerem085\/"},"uagb_comment_info":0,"uagb_excerpt":"VERSANDBEDINGUNGEN Die Lieferung der Ware erfolgt europaweit als auch ausserhalb Europas. Wir versenden&nbsp;CO2-neutral mit DHL GOGREEN. VERSANDKOSTEN\u00a0(inklusive gesetzliche Mehrwertsteuer) Lieferungen innerhalb EU: 5 \u20ac Lieferungen ausserhalb EU: Der Kunde hat [&hellip;]","coauthors":[],"author_meta":{"author_link":"https:\/\/lavule.com\/sl\/author\/kerem085\/","display_name":"Kerem085"},"relative_dates":{"created":"Posted 5 let ago","modified":"Updated 2 leta ago"},"absolute_dates":{"created":"Posted on 27 septembra, 2021","modified":"Updated on 23 aprila, 2024"},"absolute_dates_time":{"created":"Posted on 27 septembra, 2021 5:23 dop","modified":"Updated on 23 aprila, 2024 11:08 dop"},"featured_img_caption":"","featured_img":false,"series_order":"","_links":{"self":[{"href":"https:\/\/lavule.com\/sl\/wp-json\/wp\/v2\/pages\/16","targetHints":{"allow":["GET"]}}],"collection":[{"href":"https:\/\/lavule.com\/sl\/wp-json\/wp\/v2\/pages"}],"about":[{"href":"https:\/\/lavule.com\/sl\/wp-json\/wp\/v2\/types\/page"}],"author":[{"embeddable":true,"href":"https:\/\/lavule.com\/sl\/wp-json\/wp\/v2\/users\/1"}],"replies":[{"embeddable":true,"href":"https:\/\/lavule.com\/sl\/wp-json\/wp\/v2\/comments?post=16"}],"version-history":[{"count":8,"href":"https:\/\/lavule.com\/sl\/wp-json\/wp\/v2\/pages\/16\/revisions"}],"predecessor-version":[{"id":6890,"href":"https:\/\/lavule.com\/sl\/wp-json\/wp\/v2\/pages\/16\/revisions\/6890"}],"wp:attachment":[{"href":"https:\/\/lavule.com\/sl\/wp-json\/wp\/v2\/media?parent=16"}],"curies":[{"name":"wp","href":"https:\/\/api.w.org\/{rel}","templated":true}]}}