{"id":15,"date":"2021-09-27T05:23:42","date_gmt":"2021-09-27T05:23:42","guid":{"rendered":"https:\/\/lavule.com\/?page_id=15"},"modified":"2023-12-06T15:40:59","modified_gmt":"2023-12-06T14:40:59","slug":"widerrufsrecht","status":"publish","type":"page","link":"https:\/\/lavule.com\/sl\/pravica-do-preklica\/","title":{"rendered":"Pravica do umika"},"content":{"rendered":"<p><strong>Pravica potro\u0161nikov do odstopa od pogodbe<\/strong><\/p>\n\n\n\n<p>Potro\u0161nik je vsaka fizi\u010dna oseba, ki sklene pravni posel za namene, ki jih prete\u017eno ni mogo\u010de pripisati niti njeni poslovni niti neodvisni poklicni dejavnosti.<\/p>\n\n\n\n<p><strong>Pravila odpovedi Lavule<\/strong><\/p>\n\n\n\n<p><strong>Pravica do umika<\/strong><\/p>\n\n\n\n<p>To pogodbo imate pravico odpovedati v \u0161tirinajstih dneh. <strong>Pravica do odstopa od pogodbe je izklju\u010dena za uporabljene higienske izdelke.<\/strong> Rok za preklic je \u0161tirinajst dni od dneva, ko ste vi ali tretja oseba, ki ste jo navedli in ki ni prevoznik, prevzeli blago, \u010de ste v okviru enega naro\u010dila naro\u010dili eno ali ve\u010d izdelkov, ki so ali bodo dobavljeni enotno.<\/p>\n\n\n\n<p>\u010ce \u017eelite uveljavljati pravico do odstopa od pogodbe, nas morate o svoji odlo\u010ditvi za odstop od te pogodbe obvestiti z jasno izjavo (npr. s pismom, poslanim po po\u0161ti, telefaksu ali elektronski po\u0161ti). V ta namen lahko uporabite prilo\u017eeni vzorec obrazca za odstop od pogodbe, ki pa ni obvezen.<\/p>\n\n\n\n<p>Za upo\u0161tevanje roka za preklic zadostuje, da obvestilo o uveljavljanju pravice do preklica po\u0161ljete pred iztekom roka za preklic.<\/p>\n\n\n\n<p>Preklic se naslovi na<\/p>\n\n\n\n<p><\/p>\n\n\n\n<figure class=\"wp-block-image size-full is-resized\"><img loading=\"lazy\" decoding=\"async\" width=\"600\" height=\"632\" src=\"https:\/\/lavule.com\/wp-content\/uploads\/2023\/06\/Impra.jpg\" alt=\"\" class=\"wp-image-512\" style=\"object-fit:cover;width:237px;height:250px\" srcset=\"https:\/\/lavule.com\/wp-content\/uploads\/2023\/06\/Impra.jpg 600w, https:\/\/lavule.com\/wp-content\/uploads\/2023\/06\/Impra-285x300.jpg 285w, https:\/\/lavule.com\/wp-content\/uploads\/2023\/06\/Impra-11x12.jpg 11w\" sizes=\"auto, (max-width: 600px) 100vw, 600px\" \/><\/figure>\n\n\n\n<p><\/p>\n\n\n\n<p><strong>Naslov za dostavo spodaj.<\/strong><\/p>\n\n\n\n<p><strong>Posledice preklica<\/strong><\/p>\n\n\n\n<p>\u010ce odstopite od te pogodbe, vam moramo nemudoma in najpozneje v \u0161tirinajstih dneh od dneva, ko smo prejeli obvestilo o odstopu od te pogodbe, vrniti vsa pla\u010dila, ki smo jih prejeli od vas, vklju\u010dno s stro\u0161ki dostave (razen dodatnih stro\u0161kov, ki so posledica dejstva, da ste izbrali drugo vrsto dostave kot najcenej\u0161o standardno dostavo, ki smo jo ponudili). Za to povra\u010dilo bomo uporabili isto pla\u010dilno sredstvo, kot ste ga uporabili pri prvotni transakciji, razen \u010de se z vami izrecno dogovorimo druga\u010de; v nobenem primeru vam tega povra\u010dila ne bomo zara\u010dunali.<\/p>\n\n\n\n<p>Povra\u010dilo lahko zavrnemo, dokler ne prejmemo blaga nazaj ali dokler ne predlo\u017eite dokazila, da ste blago vrnili, karkoli se zgodi prej.<\/p>\n\n\n\n<p><strong>Vra\u010da<\/strong><\/p>\n\n\n\n<p>Blago nam morate vrniti ali izro\u010diti takoj, v vsakem primeru pa najpozneje v \u0161tirinajstih dneh od dneva, ko nas obvestite o odpovedi te pogodbe. Rok je upo\u0161tevan, \u010de blago po\u0161ljete pred iztekom \u0161tirinajstdnevnega roka.<\/p>\n\n\n\n<p>Neposredne stro\u0161ke vra\u010dila blaga nosite vi.<\/p>\n\n\n\n<p>Izgubo vrednosti blaga morate pla\u010dati le, \u010de je ta izguba vrednosti posledica ravnanja z blagom, ki ni potrebno za presku\u0161anje kakovosti, lastnosti in delovanja blaga.<\/p>\n\n\n\n<p><strong>Razlogi za izklju\u010ditev ali prenehanje veljavnosti<\/strong><\/p>\n\n\n\n<p><strong>Izklju\u010ditev pravice do odstopa od pogodbe<\/strong>:<\/p>\n\n\n\n<p>Ni pravice do odstopa od pogodbe za blago, ki se hitro pokvari ali katerega rok uporabe bi se hitro iztekel. Pred\u010dasen rok trajanja pri dobavi zape\u010datenega blaga, ki zaradi varovanja zdravja ali higiene ni primerno za vra\u010dilo, \u010de je bil njegov pe\u010dat po dobavi odstranjen; (1) Za Lavule v skladu s \u010dlenom 312g(2) \u0161t. 2 nem\u0161kega civilnega zakonika (BGB) ni pravice do odstopa, \u010de je bil pe\u010dat odstranjen z embala\u017ee. Lavula je namre\u010d blago v smislu \u010dlena 312g(2) \u0161t. 2 BGB, ki bi se po odstranitvi pe\u010data hitro pokvarilo ali katerega rok uporabe bi bil od tega trenutka naprej hitro prese\u017een (2 meseca po odprtju Lavule). (2) Pravica do odstopa od pogodbe tako ne obstaja v smislu \u010dlena 312g(2)(2) \u0161t. 2 BGB, \u010de je bil pe\u010dat Lavule po dostavi odstranjen, ker obstaja nevarnost, da bi vrnjeni izdelek, pri\u0161el k preprodajalcu z bistveno kraj\u0161im rokom trajanja.<\/p>\n\n\n\n<p>Pravica do odstopa od pogodbe je v tem primeru izklju\u010dena, ker bi bilo serume, ki jih je treba vrniti s po\u0161kodovanim pe\u010datom, za podjetje Lavule te\u017eko ali nemogo\u010de ponovno prodati, \u010de upo\u0161tevamo \u010das vra\u010dila.<\/p>\n\n\n\n<p><strong>Pravica do odstopa od pogodbe je izklju\u010dena za uporabljene higienske izdelke<\/strong>.<\/p>\n\n\n\n<hr class=\"wp-block-separator has-css-opacity\"\/>\n\n\n\n<p>Pravica do umika obstaja <strong>ne<\/strong> za pogodbe<\/p>\n\n\n\n<ul class=\"wp-block-list\">\n<li>za dobavo blaga, ki ni vnaprej pripravljeno in za proizvodnjo katerega je odlo\u010dilna individualna izbira ali dolo\u010ditev potro\u0161nika ali ki je jasno prilagojeno osebnim potrebam potro\u0161nika;<\/li>\n\n\n\n<li>za dostavo blaga, ki se lahko hitro pokvari ali katerega rok uporabe bi hitro potekel;<\/li>\n\n\n\n<li>Naro\u010dni\u0161ke pogodbe.<\/li>\n<\/ul>\n\n\n\n<p>&#8212;&#8212;&#8211;<\/p>\n\n\n\n<p><strong>Pravica do odstopa od pogodbe pred\u010dasno pote\u010de v primeru pogodb<\/strong><\/p>\n\n\n\n<ul class=\"wp-block-list\">\n<li>za dostavo zape\u010datenega blaga, ki zaradi varovanja zdravja ali higiene ni primerno za vra\u010dilo, \u010de je bila po dostavi odstranjena plomba;<\/li>\n\n\n\n<li>za dobavo blaga, \u010de je bilo to po dobavi zaradi svoje narave nelo\u010dljivo pome\u0161ano z drugim blagom;<\/li>\n<\/ul>\n\n\n\n<p>_______<\/p>\n\n\n\n<p><strong>Vzorec obrazca za preklic<\/strong><\/p>\n\n\n\n<p>\u010ce \u017eelite odpovedati pogodbo, izpolnite in vrnite ta obrazec.<br><strong>Pravica do odstopa od pogodbe je izklju\u010dena za uporabljene higienske izdelke.<\/strong><\/p>\n\n\n\n<p>1. Vrnitev na:<\/p>\n\n\n\n<p>VDS - Shipping and Data Service <br>c\/o Alaiko GmbH <br>Siemensstra\u00dfe 14<br>D-37412 Herzberg am Harz<br>Germany<br><br>E-naslov: info@lavule.com<\/p>\n\n\n\n<p>2. S tem odstopam od pogodbe, ki sem jo sklenil\/-a za nakup naslednjega blaga\/izvajanje naslednjih storitev<br>Storitev (po potrebi prilo\u017eite kopijo ra\u010duna)<br>\u0160tevilka naro\u010dila: ..........................................<br>Koli\u010dina \/ ime blaga: ...........................<br>Nakupna cena: ...................................................<br>\u017de uporabljeno? Pravica do odstopa od pogodbe je izklju\u010dena za uporabljene higienske izdelke.<\/p>\n\n\n\n<p>3. Naro\u010deno na: ........................<\/p>\n\n\n\n<p>4. Razlog: .............................................<\/p>\n\n\n\n<p>5. Prejeto na: ........................<\/p>\n\n\n\n<p>6. Ime in naslov potro\u0161nika: ......<br>\u0160tevilka stranke: ........................................<br>Ime in priimek: .................................<br>Ulica: .......................................................<br>Po\u0161tna \u0161tevilka in mesto: ..................................................<\/p>\n\n\n\n<p>7. Kraj, datum in podpis stranke:<br>&#8230;&#8230;&#8230;&#8230;&#8230;&#8230;&#8230;&#8230;&#8230;&#8230;&#8230;&#8230;&#8230;&#8230;&#8230;&#8230;&#8230;.<\/p>","protected":false},"excerpt":{"rendered":"<p>Widerrufsrecht f\u00fcr Verbraucher Verbraucher ist jede nat\u00fcrliche Person, die ein Rechtsgesch\u00e4ft zu Zwecken abschlie\u00dft, die \u00fcberwiegend weder ihrer gewerblichen noch ihrer selbstst\u00e4ndigen beruflichen T\u00e4tigkeit zugerechnet werden kann. Widerrufsbelehrung Lavule Widerrufsrecht [&hellip;]<\/p>","protected":false},"author":1,"featured_media":0,"parent":0,"menu_order":0,"comment_status":"closed","ping_status":"closed","template":"","meta":{"_uag_custom_page_level_css":"","advgb_blocks_editor_width":"","advgb_blocks_columns_visual_guide":"","site-sidebar-layout":"default","site-content-layout":"default","ast-site-content-layout":"default","site-content-style":"default","site-sidebar-style":"default","ast-global-header-display":"","ast-banner-title-visibility":"","ast-main-header-display":"","ast-hfb-above-header-display":"","ast-hfb-below-header-display":"","ast-hfb-mobile-header-display":"","site-post-title":"","ast-breadcrumbs-content":"","ast-featured-img":"","footer-sml-layout":"","ast-disable-related-posts":"","theme-transparent-header-meta":"default","adv-header-id-meta":"","stick-header-meta":"default","header-above-stick-meta":"","header-main-stick-meta":"","header-below-stick-meta":"","astra-migrate-meta-layouts":"set","ast-page-background-enabled":"default","ast-page-background-meta":{"desktop":{"background-color":"","background-image":"","background-repeat":"repeat","background-position":"center center","background-size":"auto","background-attachment":"scroll","background-type":"","background-media":"","overlay-type":"","overlay-color":"","overlay-opacity":"","overlay-gradient":""},"tablet":{"background-color":"","background-image":"","background-repeat":"repeat","background-position":"center center","background-size":"auto","background-attachment":"scroll","background-type":"","background-media":"","overlay-type":"","overlay-color":"","overlay-opacity":"","overlay-gradient":""},"mobile":{"background-color":"","background-image":"","background-repeat":"repeat","background-position":"center center","background-size":"auto","background-attachment":"scroll","background-type":"","background-media":"","overlay-type":"","overlay-color":"","overlay-opacity":"","overlay-gradient":""}},"ast-content-background-meta":{"desktop":{"background-color":"var(--ast-global-color-5)","background-image":"","background-repeat":"repeat","background-position":"center center","background-size":"auto","background-attachment":"scroll","background-type":"","background-media":"","overlay-type":"","overlay-color":"","overlay-opacity":"","overlay-gradient":""},"tablet":{"background-color":"var(--ast-global-color-5)","background-image":"","background-repeat":"repeat","background-position":"center center","background-size":"auto","background-attachment":"scroll","background-type":"","background-media":"","overlay-type":"","overlay-color":"","overlay-opacity":"","overlay-gradient":""},"mobile":{"background-color":"var(--ast-global-color-5)","background-image":"","background-repeat":"repeat","background-position":"center center","background-size":"auto","background-attachment":"scroll","background-type":"","background-media":"","overlay-type":"","overlay-color":"","overlay-opacity":"","overlay-gradient":""}},"footnotes":""},"class_list":["post-15","page","type-page","status-publish","hentry"],"featured_image_src":null,"yoast_head":"<!-- This site is optimized with the Yoast SEO Premium plugin v23.4 (Yoast SEO v26.6) - https:\/\/yoast.com\/wordpress\/plugins\/seo\/ -->\n<title>Widerrufsrecht - Lavule<\/title>\n<meta name=\"robots\" content=\"noindex, nofollow\" \/>\n<meta property=\"og:locale\" content=\"sl_SI\" \/>\n<meta property=\"og:type\" content=\"article\" \/>\n<meta property=\"og:title\" content=\"Widerrufsrecht\" \/>\n<meta property=\"og:description\" content=\"Widerrufsrecht f\u00fcr Verbraucher Verbraucher ist jede nat\u00fcrliche Person, die ein Rechtsgesch\u00e4ft zu Zwecken abschlie\u00dft, die \u00fcberwiegend weder ihrer gewerblichen noch ihrer selbstst\u00e4ndigen beruflichen T\u00e4tigkeit zugerechnet werden kann. Widerrufsbelehrung Lavule Widerrufsrecht [&hellip;]\" \/>\n<meta property=\"og:url\" content=\"https:\/\/lavule.com\/sl\/pravica-do-preklica\/\" \/>\n<meta property=\"og:site_name\" content=\"Lavule\" \/>\n<meta property=\"article:modified_time\" content=\"2023-12-06T14:40:59+00:00\" \/>\n<meta property=\"og:image\" content=\"https:\/\/lavule.com\/wp-content\/uploads\/2023\/06\/Impra.jpg\" \/>\n<meta name=\"twitter:card\" content=\"summary_large_image\" \/>\n<meta name=\"twitter:label1\" content=\"Est. reading time\" \/>\n\t<meta name=\"twitter:data1\" content=\"5 minut\" \/>\n<script type=\"application\/ld+json\" class=\"yoast-schema-graph\">{\"@context\":\"https:\/\/schema.org\",\"@graph\":[{\"@type\":\"WebPage\",\"@id\":\"https:\/\/lavule.com\/widerrufsrecht\/\",\"url\":\"https:\/\/lavule.com\/widerrufsrecht\/\",\"name\":\"Widerrufsrecht - Lavule\",\"isPartOf\":{\"@id\":\"https:\/\/lavule.com\/de\/#website\"},\"primaryImageOfPage\":{\"@id\":\"https:\/\/lavule.com\/widerrufsrecht\/#primaryimage\"},\"image\":{\"@id\":\"https:\/\/lavule.com\/widerrufsrecht\/#primaryimage\"},\"thumbnailUrl\":\"https:\/\/lavule.com\/wp-content\/uploads\/2023\/06\/Impra.jpg\",\"datePublished\":\"2021-09-27T05:23:42+00:00\",\"dateModified\":\"2023-12-06T14:40:59+00:00\",\"breadcrumb\":{\"@id\":\"https:\/\/lavule.com\/widerrufsrecht\/#breadcrumb\"},\"inLanguage\":\"sl-SI\",\"potentialAction\":[{\"@type\":\"ReadAction\",\"target\":[\"https:\/\/lavule.com\/widerrufsrecht\/\"]}]},{\"@type\":\"ImageObject\",\"inLanguage\":\"sl-SI\",\"@id\":\"https:\/\/lavule.com\/widerrufsrecht\/#primaryimage\",\"url\":\"https:\/\/lavule.com\/wp-content\/uploads\/2023\/06\/Impra.jpg\",\"contentUrl\":\"https:\/\/lavule.com\/wp-content\/uploads\/2023\/06\/Impra.jpg\"},{\"@type\":\"BreadcrumbList\",\"@id\":\"https:\/\/lavule.com\/widerrufsrecht\/#breadcrumb\",\"itemListElement\":[{\"@type\":\"ListItem\",\"position\":1,\"name\":\"LAVULE\",\"item\":\"https:\/\/lavule.com\/\"},{\"@type\":\"ListItem\",\"position\":2,\"name\":\"Widerrufsrecht\"}]},{\"@type\":\"WebSite\",\"@id\":\"https:\/\/lavule.com\/de\/#website\",\"url\":\"https:\/\/lavule.com\/de\/\",\"name\":\"Lavule\",\"description\":\"Augenringe Serum\",\"publisher\":{\"@id\":\"https:\/\/lavule.com\/de\/#organization\"},\"potentialAction\":[{\"@type\":\"SearchAction\",\"target\":{\"@type\":\"EntryPoint\",\"urlTemplate\":\"https:\/\/lavule.com\/de\/?s={search_term_string}\"},\"query-input\":{\"@type\":\"PropertyValueSpecification\",\"valueRequired\":true,\"valueName\":\"search_term_string\"}}],\"inLanguage\":\"sl-SI\"},{\"@type\":\"Organization\",\"@id\":\"https:\/\/lavule.com\/de\/#organization\",\"name\":\"Lavule\",\"url\":\"https:\/\/lavule.com\/de\/\",\"logo\":{\"@type\":\"ImageObject\",\"inLanguage\":\"sl-SI\",\"@id\":\"https:\/\/lavule.com\/de\/#\/schema\/logo\/image\/\",\"url\":\"https:\/\/lavule.com\/wp-content\/uploads\/2021\/11\/cropped-Lavule.png\",\"contentUrl\":\"https:\/\/lavule.com\/wp-content\/uploads\/2021\/11\/cropped-Lavule.png\",\"width\":243,\"height\":96,\"caption\":\"Lavule\"},\"image\":{\"@id\":\"https:\/\/lavule.com\/de\/#\/schema\/logo\/image\/\"},\"sameAs\":[\"https:\/\/www.instagram.com\/lavule_official\/\"]}]}<\/script>\n<!-- \/ Yoast SEO Premium plugin. -->","yoast_head_json":{"title":"Pravica do odstopa od pogodbe - Lavule","robots":{"index":"noindex","follow":"nofollow"},"og_locale":"sl_SI","og_type":"article","og_title":"Widerrufsrecht","og_description":"Widerrufsrecht f\u00fcr Verbraucher Verbraucher ist jede nat\u00fcrliche Person, die ein Rechtsgesch\u00e4ft zu Zwecken abschlie\u00dft, die \u00fcberwiegend weder ihrer gewerblichen noch ihrer selbstst\u00e4ndigen beruflichen T\u00e4tigkeit zugerechnet werden kann. Widerrufsbelehrung Lavule Widerrufsrecht [&hellip;]","og_url":"https:\/\/lavule.com\/sl\/pravica-do-preklica\/","og_site_name":"Lavule","article_modified_time":"2023-12-06T14:40:59+00:00","og_image":[{"url":"https:\/\/lavule.com\/wp-content\/uploads\/2023\/06\/Impra.jpg","type":"","width":"","height":""}],"twitter_card":"summary_large_image","twitter_misc":{"Est. reading time":"5 minut"},"schema":{"@context":"https:\/\/schema.org","@graph":[{"@type":"WebPage","@id":"https:\/\/lavule.com\/widerrufsrecht\/","url":"https:\/\/lavule.com\/widerrufsrecht\/","name":"Pravica do odstopa od pogodbe - Lavule","isPartOf":{"@id":"https:\/\/lavule.com\/de\/#website"},"primaryImageOfPage":{"@id":"https:\/\/lavule.com\/widerrufsrecht\/#primaryimage"},"image":{"@id":"https:\/\/lavule.com\/widerrufsrecht\/#primaryimage"},"thumbnailUrl":"https:\/\/lavule.com\/wp-content\/uploads\/2023\/06\/Impra.jpg","datePublished":"2021-09-27T05:23:42+00:00","dateModified":"2023-12-06T14:40:59+00:00","breadcrumb":{"@id":"https:\/\/lavule.com\/widerrufsrecht\/#breadcrumb"},"inLanguage":"sl-SI","potentialAction":[{"@type":"ReadAction","target":["https:\/\/lavule.com\/widerrufsrecht\/"]}]},{"@type":"ImageObject","inLanguage":"sl-SI","@id":"https:\/\/lavule.com\/widerrufsrecht\/#primaryimage","url":"https:\/\/lavule.com\/wp-content\/uploads\/2023\/06\/Impra.jpg","contentUrl":"https:\/\/lavule.com\/wp-content\/uploads\/2023\/06\/Impra.jpg"},{"@type":"BreadcrumbList","@id":"https:\/\/lavule.com\/widerrufsrecht\/#breadcrumb","itemListElement":[{"@type":"ListItem","position":1,"name":"LAVULE","item":"https:\/\/lavule.com\/"},{"@type":"ListItem","position":2,"name":"Widerrufsrecht"}]},{"@type":"WebSite","@id":"https:\/\/lavule.com\/de\/#website","url":"https:\/\/lavule.com\/de\/","name":"Lavule","description":"Serum za o\u010desne kolobarje","publisher":{"@id":"https:\/\/lavule.com\/de\/#organization"},"potentialAction":[{"@type":"SearchAction","target":{"@type":"EntryPoint","urlTemplate":"https:\/\/lavule.com\/de\/?s={search_term_string}"},"query-input":{"@type":"PropertyValueSpecification","valueRequired":true,"valueName":"search_term_string"}}],"inLanguage":"sl-SI"},{"@type":"Organization","@id":"https:\/\/lavule.com\/de\/#organization","name":"Lavule","url":"https:\/\/lavule.com\/de\/","logo":{"@type":"ImageObject","inLanguage":"sl-SI","@id":"https:\/\/lavule.com\/de\/#\/schema\/logo\/image\/","url":"https:\/\/lavule.com\/wp-content\/uploads\/2021\/11\/cropped-Lavule.png","contentUrl":"https:\/\/lavule.com\/wp-content\/uploads\/2021\/11\/cropped-Lavule.png","width":243,"height":96,"caption":"Lavule"},"image":{"@id":"https:\/\/lavule.com\/de\/#\/schema\/logo\/image\/"},"sameAs":["https:\/\/www.instagram.com\/lavule_official\/"]}]}},"uagb_featured_image_src":{"full":false,"thumbnail":false,"medium":false,"medium_large":false,"large":false,"1536x1536":false,"2048x2048":false,"trp-custom-language-flag":false,"woocommerce_thumbnail":false,"woocommerce_single":false,"woocommerce_gallery_thumbnail":false},"uagb_author_info":{"display_name":"Kerem085","author_link":"https:\/\/lavule.com\/sl\/author\/kerem085\/"},"uagb_comment_info":0,"uagb_excerpt":"Widerrufsrecht f\u00fcr Verbraucher Verbraucher ist jede nat\u00fcrliche Person, die ein Rechtsgesch\u00e4ft zu Zwecken abschlie\u00dft, die \u00fcberwiegend weder ihrer gewerblichen noch ihrer selbstst\u00e4ndigen beruflichen T\u00e4tigkeit zugerechnet werden kann. Widerrufsbelehrung Lavule Widerrufsrecht [&hellip;]","coauthors":[],"author_meta":{"author_link":"https:\/\/lavule.com\/sl\/author\/kerem085\/","display_name":"Kerem085"},"relative_dates":{"created":"Posted 5 let ago","modified":"Updated 2 leta ago"},"absolute_dates":{"created":"Posted on 27 septembra, 2021","modified":"Updated on 6 decembra, 2023"},"absolute_dates_time":{"created":"Posted on 27 septembra, 2021 5:23 dop","modified":"Updated on 6 decembra, 2023 3:40 pop"},"featured_img_caption":"","featured_img":false,"series_order":"","_links":{"self":[{"href":"https:\/\/lavule.com\/sl\/wp-json\/wp\/v2\/pages\/15","targetHints":{"allow":["GET"]}}],"collection":[{"href":"https:\/\/lavule.com\/sl\/wp-json\/wp\/v2\/pages"}],"about":[{"href":"https:\/\/lavule.com\/sl\/wp-json\/wp\/v2\/types\/page"}],"author":[{"embeddable":true,"href":"https:\/\/lavule.com\/sl\/wp-json\/wp\/v2\/users\/1"}],"replies":[{"embeddable":true,"href":"https:\/\/lavule.com\/sl\/wp-json\/wp\/v2\/comments?post=15"}],"version-history":[{"count":4,"href":"https:\/\/lavule.com\/sl\/wp-json\/wp\/v2\/pages\/15\/revisions"}],"predecessor-version":[{"id":1921,"href":"https:\/\/lavule.com\/sl\/wp-json\/wp\/v2\/pages\/15\/revisions\/1921"}],"wp:attachment":[{"href":"https:\/\/lavule.com\/sl\/wp-json\/wp\/v2\/media?parent=15"}],"curies":[{"name":"wp","href":"https:\/\/api.w.org\/{rel}","templated":true}]}}