{"id":14,"date":"2021-09-27T05:23:42","date_gmt":"2021-09-27T05:23:42","guid":{"rendered":"https:\/\/lavule.com\/?page_id=14"},"modified":"2023-06-27T10:02:47","modified_gmt":"2023-06-27T10:02:47","slug":"agb","status":"publish","type":"page","link":"https:\/\/lavule.com\/sl\/agb\/","title":{"rendered":"GT&amp;C"},"content":{"rendered":"<p><strong>Splo\u0161ni pogoji in informacije za stranke<\/strong><\/p>\n\n\n\n<p>I. Splo\u0161ni pogoji<\/p>\n\n\n\n<p>\u00a7 1 Osnovne dolo\u010dbe<\/p>\n\n\n\n<p>(1) Naslednji pogoji veljajo za vse pogodbe, ki jih sklenete z nami kot ponudnikom (Lavule) prek spletne strani www.lavule.com. \u010ce ni druga\u010de dogovorjeno, nasprotujemo vklju\u010ditvi kakr\u0161nih koli lastnih pogojev, ki jih morda uporabljate.<\/p>\n\n\n\n<p>(2) Potro\u0161nik v smislu naslednjih dolo\u010db je vsaka fizi\u010dna oseba, ki sklene pravni posel za namene, ki jih prete\u017eno ni mogo\u010de pripisati niti njeni poslovni niti neodvisni poklicni dejavnosti. Podjetnik je vsaka fizi\u010dna ali pravna oseba ali poslovna dru\u017eba, ki pri sklepanju pravnega posla deluje v okviru svoje samostojne poklicne ali pridobitne dejavnosti.<\/p>\n\n\n\n<p>\u00a7 2 Sklenitev pogodbe<\/p>\n\n\n\n<p>(1) Predmet pogodbe je prodaja blaga.<\/p>\n\n\n\n<p>(2) Z objavo posameznega izdelka na na\u0161i spletni strani vam dajemo zavezujo\u010do ponudbo za sklenitev pogodbe pod pogoji, navedenimi v opisu izdelka.<\/p>\n\n\n\n<p>(3) Pogodba se sklene prek sistema spletne ko\u0161arice, kot sledi:<br>Blago, namenjeno za nakup, se namesti v \"nakupovalno ko\u0161arico\". Z ustreznim gumbom v navigacijski vrstici lahko kadar koli prikli\u010dete \"nakupovalno ko\u0161arico\" in vanjo vnesete spremembe.<br>Po priklicu strani \"Checkout\" in vnosu osebnih podatkov ter pla\u010dilnih in dostavnih pogojev se vsi podatki o naro\u010dilu ponovno prika\u017eejo na strani s pregledom naro\u010dila.<br>\u010ce kot na\u010din pla\u010dila uporabljate sistem takoj\u0161njega pla\u010dila (npr. PayPal \/ PayPal Express \/ PayPal Plus, Amazon Payments, Postpay, Sofort\u00fcberweisung), boste v na\u0161i spletni trgovini preusmerjeni na stran s pregledom naro\u010dila ali pa boste najprej preusmerjeni na spletno stran ponudnika sistema takoj\u0161njega pla\u010dila.<br>\u010ce ste preusmerjeni na ustrezen sistem za takoj\u0161nje pla\u010dilo, tam ustrezno izberite ali vnesite svoje podatke. Na koncu boste preusmerjeni nazaj v na\u0161o spletno trgovino na stran s pregledom naro\u010dila.<br>Pred oddajo naro\u010dila lahko ponovno preverite vse podatke, jih spremenite (tudi prek funkcije \"nazaj\" v spletnem brskalniku) ali prekli\u010dete nakup.<br>Z oddajo naro\u010dila prek gumba \"kupi zdaj\" izjavljate pravno zavezujo\u010d sprejem ponudbe, s \u010dimer je pogodba sklenjena.<\/p>\n\n\n\n<p>(4) Va\u0161e zahteve za pripravo ponudbe za vas niso zavezujo\u010de. Zavezujo\u010do ponudbo vam bomo posredovali v besedilni obliki (npr. po elektronski po\u0161ti), ki jo lahko sprejmete v petih dneh.<\/p>\n\n\n\n<p>(5) Obdelava naro\u010dila in posredovanje vseh informacij, ki so potrebne za sklenitev pogodbe, se delno samodejno izvede po elektronski po\u0161ti. Zato morate zagotoviti, da je e-po\u0161tni naslov, ki ste nam ga posredovali, pravilen, da je prejemanje e-po\u0161tnih sporo\u010dil tehni\u010dno zagotovljeno in da ga zlasti ne prepre\u010dujejo filtri SPAM.<\/p>\n\n\n\n<p>\u00a7 3 Trajanje pogodbe \/ prekinitev pogodbe<\/p>\n\n\n\n<p>\u010ce se pogodba nana\u0161a na ponavljajo\u010de se\/stalne storitve (naro\u010dnina), se pogodba sklene za nedolo\u010den \u010das. Vsaka pogodbena stranka ima pravico do odpovedi pogodbe brez odpovednega roka do naslednjega datuma dobave, ne da bi navedla razloge za odpoved. Pravica do izredne prekinitve pogodbe iz utemeljenih razlogov, zlasti zaradi ponavljajo\u010dih se kr\u0161itev glavnih pogodbenih obveznosti, ostane nespremenjena.<\/p>\n\n\n\n<p>Preklic lahko opravite v uporabni\u0161kem ra\u010dunu prek menijske postavke \"Naro\u010dnina\" in tam prek \"obrazca za preklic\" ali v obliki besedila (po po\u0161ti ali e-po\u0161ti).<\/p>\n\n\n\n<p>\u00a7 4 Pravica do zadr\u017eanja, pridr\u017eek lastninske pravice<\/p>\n\n\n\n<p>(1) Pravico do zadr\u017eanja lahko uveljavljate le, \u010de gre za zahtevke iz istega pogodbenega razmerja.<\/p>\n\n\n\n<p>(2) Blago ostane na\u0161a last, dokler kupnina ni v celoti pla\u010dana.<\/p>\n\n\n\n<p>\u00a7 5 Odgovornost<\/p>\n\n\n\n<p>(1) V vsakem primeru smo neomejeno odgovorni za \u0161kodo, ki nastane zaradi po\u0161kodbe \u017eivljenja, telesa ali zdravja. Poleg tega odgovarjamo brez omejitev v vseh primerih naklepa in hude malomarnosti, v primeru goljufivega prikrivanja napake, v primeru prevzema jamstva za kakovost predmeta nakupa in v vseh drugih primerih, ki jih ureja zakon.<\/p>\n\n\n\n<p>(2) Odgovornost za napake v okviru zakonske garancije ureja ustrezna dolo\u010dba v na\u0161ih informacijah za stranke (del II).<\/p>\n\n\n\n<p>(3) \u010ce so prizadete bistvene pogodbene obveznosti, je na\u0161a odgovornost zaradi majhne malomarnosti omejena na predvidljivo \u0161kodo, zna\u010dilno za pogodbo. Bistvene pogodbene obveznosti so bistvene obveznosti, ki izhajajo iz narave pogodbe in katerih kr\u0161itev bi ogrozila doseganje namena pogodbe, ter obveznosti, ki nam jih pogodba glede na svojo vsebino nalaga za doseganje namena pogodbe, katerih izpolnitev sploh omogo\u010da pravilno izpolnitev pogodbe in na izpolnitev katerih se lahko redno zanesete.<\/p>\n\n\n\n<p>(4) V primeru kr\u0161itve nepomembnih pogodbenih obveznosti je odgovornost izklju\u010dena v primeru rahlo malomarnih kr\u0161itev obveznosti.<\/p>\n\n\n\n<p>(5) Za podatkovno komunikacijo prek interneta ni mogo\u010de zagotoviti, da bo brez napak in\/ali vedno na voljo v skladu s trenutnim stanjem tehnike. V zvezi s tem ne odgovarjamo za stalno ali neprekinjeno razpolo\u017eljivost spletnega mesta in tam ponujenih storitev.<\/p>\n\n\n\n<p>\u00a7 6 Izbira prava, kraj izpolnitve, pristojnost<\/p>\n\n\n\n<p>(1) Uporablja se nem\u0161ko pravo. V primeru potro\u0161nikov se ta izbira prava uporablja le, \u010de zaradi tega ni ukinjeno varstvo, ki ga zagotavljajo prisilne dolo\u010dbe prava dr\u017eave obi\u010dajnega prebivali\u0161\u010da potro\u0161nika (na\u010delo ugodnosti).<\/p>\n\n\n\n<p>(2) Kraj opravljanja vseh storitev, ki izhajajo iz poslovnih odnosov z nami, in pristojnost je na\u0161 sede\u017e, \u010de niste potro\u0161nik, temve\u010d trgovec, pravna oseba javnega prava ali posebni sklad javnega prava. Enako velja, \u010de nimate splo\u0161ne pristojnosti v Nem\u010diji ali EU ali \u010de va\u0161e stalno ali obi\u010dajno prebivali\u0161\u010de v \u010dasu vlo\u017eitve to\u017ebe ni znano. To ne vpliva na pravico, da to\u017ebo vlo\u017eite tudi pri sodi\u0161\u010du v drugem zakonsko dolo\u010denem kraju pristojnosti.<\/p>\n\n\n\n<p>(3) Dolo\u010dbe Konvencije ZN o pogodbah o mednarodni prodaji blaga se izrecno ne uporabljajo.<\/p>\n\n\n\n<p>_______<\/p>\n\n\n\n<p>II. Podatki o strankah<\/p>\n\n\n\n<p>1. Identiteta prodajalca<\/p>\n\n\n\n<figure class=\"wp-block-image size-full is-resized\"><img loading=\"lazy\" decoding=\"async\" src=\"https:\/\/lavule.com\/wp-content\/uploads\/2023\/06\/Press.png\" alt=\"\" class=\"wp-image-514\" width=\"248\" height=\"176\" srcset=\"https:\/\/lavule.com\/wp-content\/uploads\/2023\/06\/Press.png 549w, https:\/\/lavule.com\/wp-content\/uploads\/2023\/06\/Press-300x213.png 300w, https:\/\/lavule.com\/wp-content\/uploads\/2023\/06\/Press-18x12.png 18w\" sizes=\"auto, (max-width: 248px) 100vw, 248px\" \/><\/figure>\n\n\n\n<p>Evropska komisija zagotavlja platformo za izvensodno spletno re\u0161evanje sporov (platforma ODR), ki je dostopna na&nbsp;<a href=\"http:\/\/ec.europa.eu\/odr\" target=\"_blank\" rel=\"noreferrer noopener\">http:\/\/ec.europa.eu\/odr<\/a>.<\/p>\n\n\n\n<p>2. Informacije o sklenitvi pogodbe<\/p>\n\n\n\n<p>Tehni\u010dni koraki za sklenitev pogodbe, sklenitev same pogodbe in mo\u017enosti popravkov se izvajajo v skladu s \u010dlenom 2 na\u0161ih splo\u0161nih pogojev (del I.).<\/p>\n\n\n\n<p>3. Jezik pogodbe, shranjevanje besedila pogodbe<\/p>\n\n\n\n<p>3.1 Pogodbeni jezik je angle\u0161\u010dina.<\/p>\n\n\n\n<p>3.2 Celotnega besedila pogodbe ne bomo shranili. Preden po\u0161ljete naro\u010dilo prek sistema spletne ko\u0161arice, lahko podatke o pogodbi natisnete ali elektronsko shranite s funkcijo tiskanja v brskalniku. Ko bomo prejeli naro\u010dilo, vam bomo podatke o naro\u010dilu, zakonsko zahtevane informacije za pogodbe na daljavo in splo\u0161ne pogoje ponovno poslali po elektronski po\u0161ti.<\/p>\n\n\n\n<p>3.3 V primeru povpra\u0161evanja po ponudbi zunaj sistema spletne ko\u0161arice boste vse pogodbene podatke kot del zavezujo\u010de ponudbe prejeli v besedilni obliki, npr. po e-po\u0161ti, ki jo lahko natisnete ali shranite v elektronski obliki.<\/p>\n\n\n\n<p>4. Bistvene zna\u010dilnosti blaga ali storitev<\/p>\n\n\n\n<p>Bistvene zna\u010dilnosti blaga in\/ali storitev so navedene v ustrezni ponudbi.<\/p>\n\n\n\n<p>5. Cene in na\u010dini pla\u010dila<\/p>\n\n\n\n<p>5.1 Cene, navedene v posameznih ponudbah, in stro\u0161ki dostave predstavljajo skupne cene. Vklju\u010dujejo vse sestavine cene, vklju\u010dno z vsemi veljavnimi davki.<\/p>\n\n\n\n<p>5.2 Stro\u0161ki po\u0161iljanja niso vklju\u010deni v nakupno ceno. Prikli\u010dete jih lahko prek ustrezno ozna\u010denega gumba na na\u0161i spletni strani ali v ustrezni ponudbi, prikazani so lo\u010deno med postopkom naro\u010danja in jih dodatno krijete vi, razen \u010de je bila obljubljena brezpla\u010dna dostava.<\/p>\n\n\n\n<p>5.3 Na\u010dini pla\u010dila, ki so vam na voljo, so prikazani pod ustrezno ozna\u010denim gumbom na na\u0161i spletni strani ali v ustrezni ponudbi.<\/p>\n\n\n\n<p>5.4 \u010ce v posameznih na\u010dinih pla\u010dila ni druga\u010de dolo\u010deno, pla\u010dilni zahtevki, ki izhajajo iz sklenjene pogodbe, zapadejo v pla\u010dilo takoj.<\/p>\n\n\n\n<p>6. Pogoji dostave<\/p>\n\n\n\n<p>6.1 Pogoje dobave, rok dobave in morebitne obstoje\u010de omejitve dobave najdete pod ustrezno ozna\u010denim gumbom na na\u0161i spletni strani ali v ustrezni ponudbi.<\/p>\n\n\n\n<p>6.2 \u010ce ste potro\u0161nik, je zakonsko urejeno, da tveganje naklju\u010dne izgube in naklju\u010dnega poslab\u0161anja prodanega predmeta med prevozom preide na vas \u0161ele z izro\u010ditvijo blaga, ne glede na to, ali je po\u0161iljka zavarovana ali ne. To ne velja, \u010de ste samostojno naro\u010dili prevozno podjetje, ki ga ni imenoval podjetnik, ali osebo, ki je druga\u010de dolo\u010dena za izvedbo prevoza.<\/p>\n\n\n\n<p>7. Zakonska odgovornost za napake<\/p>\n\n\n\n<p>7.1 Veljajo zakonsko dolo\u010dene pravice iz odgovornosti za napake.<\/p>\n\n\n\n<p>7.2 Kot potro\u0161nik morate takoj ob dostavi preveriti popolnost blaga, o\u010ditne napake in po\u0161kodbe pri prevozu ter nas in prevoznika \u010dim prej obvestiti o morebitnih reklamacijah. \u010ce tega ne boste upo\u0161tevali, to ne bo vplivalo na va\u0161e zakonske garancijske zahtevke.<\/p>","protected":false},"excerpt":{"rendered":"<p>Allgemeine Gesch\u00e4ftsbedingungen und Kundeninformationen I. Allgemeine Gesch\u00e4ftsbedingungen \u00a7 1 Grundlegende Bestimmungen (1) Die nachstehenden Gesch\u00e4ftsbedingungen gelten f\u00fcr alle Vertr\u00e4ge, die Sie mit uns als Anbieter (Lavule) \u00fcber die Internetseite www.lavule.com [&hellip;]<\/p>","protected":false},"author":1,"featured_media":0,"parent":0,"menu_order":0,"comment_status":"closed","ping_status":"closed","template":"","meta":{"_uag_custom_page_level_css":"","advgb_blocks_editor_width":"","advgb_blocks_columns_visual_guide":"","site-sidebar-layout":"default","site-content-layout":"default","ast-site-content-layout":"default","site-content-style":"default","site-sidebar-style":"default","ast-global-header-display":"","ast-banner-title-visibility":"","ast-main-header-display":"","ast-hfb-above-header-display":"","ast-hfb-below-header-display":"","ast-hfb-mobile-header-display":"","site-post-title":"","ast-breadcrumbs-content":"","ast-featured-img":"","footer-sml-layout":"","ast-disable-related-posts":"","theme-transparent-header-meta":"default","adv-header-id-meta":"","stick-header-meta":"default","header-above-stick-meta":"","header-main-stick-meta":"","header-below-stick-meta":"","astra-migrate-meta-layouts":"default","ast-page-background-enabled":"default","ast-page-background-meta":{"desktop":{"background-color":"","background-image":"","background-repeat":"repeat","background-position":"center center","background-size":"auto","background-attachment":"scroll","background-type":"","background-media":"","overlay-type":"","overlay-color":"","overlay-opacity":"","overlay-gradient":""},"tablet":{"background-color":"","background-image":"","background-repeat":"repeat","background-position":"center center","background-size":"auto","background-attachment":"scroll","background-type":"","background-media":"","overlay-type":"","overlay-color":"","overlay-opacity":"","overlay-gradient":""},"mobile":{"background-color":"","background-image":"","background-repeat":"repeat","background-position":"center center","background-size":"auto","background-attachment":"scroll","background-type":"","background-media":"","overlay-type":"","overlay-color":"","overlay-opacity":"","overlay-gradient":""}},"ast-content-background-meta":{"desktop":{"background-color":"var(--ast-global-color-5)","background-image":"","background-repeat":"repeat","background-position":"center center","background-size":"auto","background-attachment":"scroll","background-type":"","background-media":"","overlay-type":"","overlay-color":"","overlay-opacity":"","overlay-gradient":""},"tablet":{"background-color":"var(--ast-global-color-5)","background-image":"","background-repeat":"repeat","background-position":"center center","background-size":"auto","background-attachment":"scroll","background-type":"","background-media":"","overlay-type":"","overlay-color":"","overlay-opacity":"","overlay-gradient":""},"mobile":{"background-color":"var(--ast-global-color-5)","background-image":"","background-repeat":"repeat","background-position":"center center","background-size":"auto","background-attachment":"scroll","background-type":"","background-media":"","overlay-type":"","overlay-color":"","overlay-opacity":"","overlay-gradient":""}},"footnotes":""},"class_list":["post-14","page","type-page","status-publish","hentry"],"featured_image_src":null,"yoast_head":"<!-- This site is optimized with the Yoast SEO Premium plugin v23.4 (Yoast SEO v26.6) - https:\/\/yoast.com\/wordpress\/plugins\/seo\/ -->\n<title>AGB - Lavule<\/title>\n<meta name=\"robots\" content=\"noindex, nofollow\" \/>\n<meta property=\"og:locale\" content=\"sl_SI\" \/>\n<meta property=\"og:type\" content=\"article\" \/>\n<meta property=\"og:title\" content=\"AGB\" \/>\n<meta property=\"og:description\" content=\"Allgemeine Gesch\u00e4ftsbedingungen und Kundeninformationen I. Allgemeine Gesch\u00e4ftsbedingungen \u00a7 1 Grundlegende Bestimmungen (1) Die nachstehenden Gesch\u00e4ftsbedingungen gelten f\u00fcr alle Vertr\u00e4ge, die Sie mit uns als Anbieter (Lavule) \u00fcber die Internetseite www.lavule.com [&hellip;]\" \/>\n<meta property=\"og:url\" content=\"https:\/\/lavule.com\/sl\/agb\/\" \/>\n<meta property=\"og:site_name\" content=\"Lavule\" \/>\n<meta property=\"article:modified_time\" content=\"2023-06-27T10:02:47+00:00\" \/>\n<meta property=\"og:image\" content=\"https:\/\/lavule.com\/wp-content\/uploads\/2023\/06\/Press.png\" \/>\n<meta name=\"twitter:card\" content=\"summary_large_image\" \/>\n<meta name=\"twitter:label1\" content=\"Est. reading time\" \/>\n\t<meta name=\"twitter:data1\" content=\"8 minut\" \/>\n<script type=\"application\/ld+json\" class=\"yoast-schema-graph\">{\"@context\":\"https:\/\/schema.org\",\"@graph\":[{\"@type\":\"WebPage\",\"@id\":\"https:\/\/lavule.com\/agb\/\",\"url\":\"https:\/\/lavule.com\/agb\/\",\"name\":\"AGB - Lavule\",\"isPartOf\":{\"@id\":\"https:\/\/lavule.com\/de\/#website\"},\"primaryImageOfPage\":{\"@id\":\"https:\/\/lavule.com\/agb\/#primaryimage\"},\"image\":{\"@id\":\"https:\/\/lavule.com\/agb\/#primaryimage\"},\"thumbnailUrl\":\"https:\/\/lavule.com\/wp-content\/uploads\/2023\/06\/Press.png\",\"datePublished\":\"2021-09-27T05:23:42+00:00\",\"dateModified\":\"2023-06-27T10:02:47+00:00\",\"breadcrumb\":{\"@id\":\"https:\/\/lavule.com\/agb\/#breadcrumb\"},\"inLanguage\":\"sl-SI\",\"potentialAction\":[{\"@type\":\"ReadAction\",\"target\":[\"https:\/\/lavule.com\/agb\/\"]}]},{\"@type\":\"ImageObject\",\"inLanguage\":\"sl-SI\",\"@id\":\"https:\/\/lavule.com\/agb\/#primaryimage\",\"url\":\"https:\/\/lavule.com\/wp-content\/uploads\/2023\/06\/Press.png\",\"contentUrl\":\"https:\/\/lavule.com\/wp-content\/uploads\/2023\/06\/Press.png\"},{\"@type\":\"BreadcrumbList\",\"@id\":\"https:\/\/lavule.com\/agb\/#breadcrumb\",\"itemListElement\":[{\"@type\":\"ListItem\",\"position\":1,\"name\":\"LAVULE\",\"item\":\"https:\/\/lavule.com\/\"},{\"@type\":\"ListItem\",\"position\":2,\"name\":\"AGB\"}]},{\"@type\":\"WebSite\",\"@id\":\"https:\/\/lavule.com\/de\/#website\",\"url\":\"https:\/\/lavule.com\/de\/\",\"name\":\"Lavule\",\"description\":\"Augenringe Serum\",\"publisher\":{\"@id\":\"https:\/\/lavule.com\/de\/#organization\"},\"potentialAction\":[{\"@type\":\"SearchAction\",\"target\":{\"@type\":\"EntryPoint\",\"urlTemplate\":\"https:\/\/lavule.com\/de\/?s={search_term_string}\"},\"query-input\":{\"@type\":\"PropertyValueSpecification\",\"valueRequired\":true,\"valueName\":\"search_term_string\"}}],\"inLanguage\":\"sl-SI\"},{\"@type\":\"Organization\",\"@id\":\"https:\/\/lavule.com\/de\/#organization\",\"name\":\"Lavule\",\"url\":\"https:\/\/lavule.com\/de\/\",\"logo\":{\"@type\":\"ImageObject\",\"inLanguage\":\"sl-SI\",\"@id\":\"https:\/\/lavule.com\/de\/#\/schema\/logo\/image\/\",\"url\":\"https:\/\/lavule.com\/wp-content\/uploads\/2021\/11\/cropped-Lavule.png\",\"contentUrl\":\"https:\/\/lavule.com\/wp-content\/uploads\/2021\/11\/cropped-Lavule.png\",\"width\":243,\"height\":96,\"caption\":\"Lavule\"},\"image\":{\"@id\":\"https:\/\/lavule.com\/de\/#\/schema\/logo\/image\/\"},\"sameAs\":[\"https:\/\/www.instagram.com\/lavule_official\/\"]}]}<\/script>\n<!-- \/ Yoast SEO Premium plugin. -->","yoast_head_json":{"title":"AGB - Lavule","robots":{"index":"noindex","follow":"nofollow"},"og_locale":"sl_SI","og_type":"article","og_title":"AGB","og_description":"Allgemeine Gesch\u00e4ftsbedingungen und Kundeninformationen I. Allgemeine Gesch\u00e4ftsbedingungen \u00a7 1 Grundlegende Bestimmungen (1) Die nachstehenden Gesch\u00e4ftsbedingungen gelten f\u00fcr alle Vertr\u00e4ge, die Sie mit uns als Anbieter (Lavule) \u00fcber die Internetseite www.lavule.com [&hellip;]","og_url":"https:\/\/lavule.com\/sl\/agb\/","og_site_name":"Lavule","article_modified_time":"2023-06-27T10:02:47+00:00","og_image":[{"url":"https:\/\/lavule.com\/wp-content\/uploads\/2023\/06\/Press.png","type":"","width":"","height":""}],"twitter_card":"summary_large_image","twitter_misc":{"Est. reading time":"8 minut"},"schema":{"@context":"https:\/\/schema.org","@graph":[{"@type":"WebPage","@id":"https:\/\/lavule.com\/agb\/","url":"https:\/\/lavule.com\/agb\/","name":"AGB - Lavule","isPartOf":{"@id":"https:\/\/lavule.com\/de\/#website"},"primaryImageOfPage":{"@id":"https:\/\/lavule.com\/agb\/#primaryimage"},"image":{"@id":"https:\/\/lavule.com\/agb\/#primaryimage"},"thumbnailUrl":"https:\/\/lavule.com\/wp-content\/uploads\/2023\/06\/Press.png","datePublished":"2021-09-27T05:23:42+00:00","dateModified":"2023-06-27T10:02:47+00:00","breadcrumb":{"@id":"https:\/\/lavule.com\/agb\/#breadcrumb"},"inLanguage":"sl-SI","potentialAction":[{"@type":"ReadAction","target":["https:\/\/lavule.com\/agb\/"]}]},{"@type":"ImageObject","inLanguage":"sl-SI","@id":"https:\/\/lavule.com\/agb\/#primaryimage","url":"https:\/\/lavule.com\/wp-content\/uploads\/2023\/06\/Press.png","contentUrl":"https:\/\/lavule.com\/wp-content\/uploads\/2023\/06\/Press.png"},{"@type":"BreadcrumbList","@id":"https:\/\/lavule.com\/agb\/#breadcrumb","itemListElement":[{"@type":"ListItem","position":1,"name":"LAVULE","item":"https:\/\/lavule.com\/"},{"@type":"ListItem","position":2,"name":"AGB"}]},{"@type":"WebSite","@id":"https:\/\/lavule.com\/de\/#website","url":"https:\/\/lavule.com\/de\/","name":"Lavule","description":"Serum za o\u010desne kolobarje","publisher":{"@id":"https:\/\/lavule.com\/de\/#organization"},"potentialAction":[{"@type":"SearchAction","target":{"@type":"EntryPoint","urlTemplate":"https:\/\/lavule.com\/de\/?s={search_term_string}"},"query-input":{"@type":"PropertyValueSpecification","valueRequired":true,"valueName":"search_term_string"}}],"inLanguage":"sl-SI"},{"@type":"Organization","@id":"https:\/\/lavule.com\/de\/#organization","name":"Lavule","url":"https:\/\/lavule.com\/de\/","logo":{"@type":"ImageObject","inLanguage":"sl-SI","@id":"https:\/\/lavule.com\/de\/#\/schema\/logo\/image\/","url":"https:\/\/lavule.com\/wp-content\/uploads\/2021\/11\/cropped-Lavule.png","contentUrl":"https:\/\/lavule.com\/wp-content\/uploads\/2021\/11\/cropped-Lavule.png","width":243,"height":96,"caption":"Lavule"},"image":{"@id":"https:\/\/lavule.com\/de\/#\/schema\/logo\/image\/"},"sameAs":["https:\/\/www.instagram.com\/lavule_official\/"]}]}},"uagb_featured_image_src":{"full":false,"thumbnail":false,"medium":false,"medium_large":false,"large":false,"1536x1536":false,"2048x2048":false,"trp-custom-language-flag":false,"woocommerce_thumbnail":false,"woocommerce_single":false,"woocommerce_gallery_thumbnail":false},"uagb_author_info":{"display_name":"Kerem085","author_link":"https:\/\/lavule.com\/sl\/author\/kerem085\/"},"uagb_comment_info":0,"uagb_excerpt":"Allgemeine Gesch\u00e4ftsbedingungen und Kundeninformationen I. Allgemeine Gesch\u00e4ftsbedingungen \u00a7 1 Grundlegende Bestimmungen (1) Die nachstehenden Gesch\u00e4ftsbedingungen gelten f\u00fcr alle Vertr\u00e4ge, die Sie mit uns als Anbieter (Lavule) \u00fcber die Internetseite www.lavule.com [&hellip;]","coauthors":[],"author_meta":{"author_link":"https:\/\/lavule.com\/sl\/author\/kerem085\/","display_name":"Kerem085"},"relative_dates":{"created":"Posted 5 let ago","modified":"Updated 3 leta ago"},"absolute_dates":{"created":"Posted on 27 septembra, 2021","modified":"Updated on 27 junija, 2023"},"absolute_dates_time":{"created":"Posted on 27 septembra, 2021 5:23 dop","modified":"Updated on 27 junija, 2023 10:02 dop"},"featured_img_caption":"","featured_img":false,"series_order":"","_links":{"self":[{"href":"https:\/\/lavule.com\/sl\/wp-json\/wp\/v2\/pages\/14","targetHints":{"allow":["GET"]}}],"collection":[{"href":"https:\/\/lavule.com\/sl\/wp-json\/wp\/v2\/pages"}],"about":[{"href":"https:\/\/lavule.com\/sl\/wp-json\/wp\/v2\/types\/page"}],"author":[{"embeddable":true,"href":"https:\/\/lavule.com\/sl\/wp-json\/wp\/v2\/users\/1"}],"replies":[{"embeddable":true,"href":"https:\/\/lavule.com\/sl\/wp-json\/wp\/v2\/comments?post=14"}],"version-history":[{"count":4,"href":"https:\/\/lavule.com\/sl\/wp-json\/wp\/v2\/pages\/14\/revisions"}],"predecessor-version":[{"id":671,"href":"https:\/\/lavule.com\/sl\/wp-json\/wp\/v2\/pages\/14\/revisions\/671"}],"wp:attachment":[{"href":"https:\/\/lavule.com\/sl\/wp-json\/wp\/v2\/media?parent=14"}],"curies":[{"name":"wp","href":"https:\/\/api.w.org\/{rel}","templated":true}]}}