{"id":15,"date":"2021-09-27T05:23:42","date_gmt":"2021-09-27T05:23:42","guid":{"rendered":"https:\/\/lavule.com\/?page_id=15"},"modified":"2023-12-06T15:40:59","modified_gmt":"2023-12-06T14:40:59","slug":"widerrufsrecht","status":"publish","type":"page","link":"https:\/\/lavule.com\/sk\/pravo-na-odvolanie\/","title":{"rendered":"Pr\u00e1vo na odst\u00fapenie od zmluvy"},"content":{"rendered":"<p><strong>Pr\u00e1vo spotrebite\u013eov na odst\u00fapenie od zmluvy<\/strong><\/p>\n\n\n\n<p>Spotrebite\u013eom je ka\u017ed\u00e1 fyzick\u00e1 osoba, ktor\u00e1 uzatv\u00e1ra pr\u00e1vny \u00fakon na \u00fa\u010dely, ktor\u00e9 nemo\u017eno v preva\u017enej miere priradi\u0165 ani k jej obchodnej, ani k jej samostatnej profesion\u00e1lnej \u010dinnosti.<\/p>\n\n\n\n<p><strong>Storno podmienky Lavule<\/strong><\/p>\n\n\n\n<p><strong>Pr\u00e1vo na odst\u00fapenie od zmluvy<\/strong><\/p>\n\n\n\n<p>M\u00e1te pr\u00e1vo odst\u00fapi\u0165 od tejto zmluvy do \u0161trn\u00e1stich dn\u00ed. <strong>Pr\u00e1vo na odst\u00fapenie od zmluvy je vyl\u00fa\u010den\u00e9 v pr\u00edpade pou\u017eit\u00fdch hygienick\u00fdch v\u00fdrobkov.<\/strong> Lehota na odst\u00fapenie od zmluvy je \u0161trn\u00e1s\u0165 dn\u00ed odo d\u0148a, ke\u010f ste vy alebo vami ur\u010den\u00e1 tretia strana, ktor\u00e1 nie je dopravcom, prevzali alebo prevzala tovar za predpokladu, \u017ee ste si objednali jeden alebo viacero tovarov v r\u00e1mci jednej objedn\u00e1vky a tieto s\u00fa alebo bud\u00fa dodan\u00e9 jednotne.<\/p>\n\n\n\n<p>Ak chcete uplatni\u0165 svoje pr\u00e1vo na odst\u00fapenie od zmluvy, mus\u00edte n\u00e1s informova\u0165 o svojom rozhodnut\u00ed odst\u00fapi\u0165 od tejto zmluvy prostredn\u00edctvom jasn\u00e9ho vyhl\u00e1senia (napr. listom zaslan\u00fdm po\u0161tou, faxom alebo e-mailom). Na tento \u00fa\u010del m\u00f4\u017eete pou\u017ei\u0165 prilo\u017een\u00fd vzorov\u00fd formul\u00e1r na odst\u00fapenie od zmluvy, ktor\u00fd v\u0161ak nie je povinn\u00fd.<\/p>\n\n\n\n<p>Na dodr\u017eanie lehoty na odst\u00fapenie od zmluvy sta\u010d\u00ed, ak ozn\u00e1menie o uplatnen\u00ed pr\u00e1va na odst\u00fapenie od zmluvy za\u0161lete pred uplynut\u00edm lehoty na odst\u00fapenie od zmluvy.<\/p>\n\n\n\n<p>Odvolanie sa adresuje<\/p>\n\n\n\n<p><\/p>\n\n\n\n<figure class=\"wp-block-image size-full is-resized\"><img loading=\"lazy\" decoding=\"async\" width=\"600\" height=\"632\" src=\"https:\/\/lavule.com\/wp-content\/uploads\/2023\/06\/Impra.jpg\" alt=\"\" class=\"wp-image-512\" style=\"object-fit:cover;width:237px;height:250px\" srcset=\"https:\/\/lavule.com\/wp-content\/uploads\/2023\/06\/Impra.jpg 600w, https:\/\/lavule.com\/wp-content\/uploads\/2023\/06\/Impra-285x300.jpg 285w, https:\/\/lavule.com\/wp-content\/uploads\/2023\/06\/Impra-11x12.jpg 11w\" sizes=\"auto, (max-width: 600px) 100vw, 600px\" \/><\/figure>\n\n\n\n<p><\/p>\n\n\n\n<p><strong>Dodacia adresa je uveden\u00e1 ni\u017e\u0161ie.<\/strong><\/p>\n\n\n\n<p><strong>D\u00f4sledky odvolania<\/strong><\/p>\n\n\n\n<p>Ak odst\u00fapite od tejto zmluvy, mus\u00edme v\u00e1m bezodkladne, najnesk\u00f4r v\u0161ak do \u0161trn\u00e1stich dn\u00ed odo d\u0148a, ke\u010f n\u00e1m bolo doru\u010den\u00e9 ozn\u00e1menie o odst\u00fapen\u00ed od tejto zmluvy, vr\u00e1ti\u0165 v\u0161etky platby, ktor\u00e9 sme od v\u00e1s prijali, vr\u00e1tane n\u00e1kladov na doru\u010denie (s v\u00fdnimkou dodato\u010dn\u00fdch n\u00e1kladov vypl\u00fdvaj\u00facich zo skuto\u010dnosti, \u017ee ste si zvolili in\u00fd typ doru\u010denia, ako je najlacnej\u0161ie \u0161tandardn\u00e9 doru\u010denie, ktor\u00e9 pon\u00fakame). Na toto vr\u00e1tenie pou\u017eijeme rovnak\u00fd platobn\u00fd prostriedok, ktor\u00fd ste pou\u017eili pri p\u00f4vodnej transakcii, pokia\u013e sa s vami v\u00fdslovne nedohodneme inak; v \u017eiadnom pr\u00edpade v\u00e1m za toto vr\u00e1tenie nebudeme \u00fa\u010dtova\u0165 poplatky.<\/p>\n\n\n\n<p>M\u00f4\u017eeme odmietnu\u0165 vr\u00e1tenie platby, k\u00fdm nedostaneme tovar sp\u00e4\u0165 alebo k\u00fdm nepredlo\u017e\u00edte d\u00f4kaz, \u017ee ste tovar vr\u00e1tili, pod\u013ea toho, \u010do nastane sk\u00f4r.<\/p>\n\n\n\n<p><strong>Vracia<\/strong><\/p>\n\n\n\n<p>Tovar n\u00e1m mus\u00edte vr\u00e1ti\u0165 alebo odovzda\u0165 bezodkladne a v ka\u017edom pr\u00edpade najnesk\u00f4r do \u0161trn\u00e1stich dn\u00ed odo d\u0148a, ke\u010f ste n\u00e1m ozn\u00e1mili odst\u00fapenie od tejto zmluvy. Lehota je dodr\u017ean\u00e1, ak tovar odo\u0161lete pred uplynut\u00edm \u0161trn\u00e1s\u0165d\u0148ovej lehoty.<\/p>\n\n\n\n<p>Priame n\u00e1klady na vr\u00e1tenie tovaru zn\u00e1\u0161ate vy.<\/p>\n\n\n\n<p>Stratu hodnoty tovaru mus\u00edte uhradi\u0165 len v pr\u00edpade, ak je t\u00e1to strata hodnoty sp\u00f4soben\u00e1 manipul\u00e1ciou s tovarom, ktor\u00e1 nie je nevyhnutn\u00e1 na testovanie kvality, vlastnost\u00ed a funk\u010dnosti tovaru.<\/p>\n\n\n\n<p><strong>D\u00f4vody vyl\u00fa\u010denia alebo uplynutia platnosti<\/strong><\/p>\n\n\n\n<p><strong>Vyl\u00fa\u010denie pr\u00e1va na odst\u00fapenie od zmluvy<\/strong>:<\/p>\n\n\n\n<p>\u017diadne pr\u00e1vo na odst\u00fapenie od zmluvy v pr\u00edpade tovaru, ktor\u00fd sa r\u00fdchlo kaz\u00ed alebo ktor\u00e9ho d\u00e1tum spotreby by sa r\u00fdchlo prekro\u010dil. Pred\u010dasn\u00e9 uplynutie doby spotreby v pr\u00edpade dodania zape\u010daten\u00e9ho tovaru, ktor\u00fd nie je vhodn\u00fd na vr\u00e1tenie z d\u00f4vodu ochrany zdravia alebo hygieny, ak bola jeho pe\u010da\u0165 po dodan\u00ed odstr\u00e1nen\u00e1; (1) V pr\u00edpade Lavule neexistuje pr\u00e1vo na odst\u00fapenie od zmluvy v s\u00falade s \u00a7 312g ods. 2 \u010d. 2 nemeck\u00e9ho ob\u010dianskeho z\u00e1konn\u00edka (BGB), ak bola z obalu odstr\u00e1nen\u00e1 pe\u010da\u0165. Je to preto, \u017ee Lavule je tovarom v zmysle \u00a7 312g ods. 2 \u010d. 2 BGB, ktor\u00fd by sa po poru\u0161en\u00ed plomby r\u00fdchlo pokazil alebo ktor\u00e9ho d\u00e1tum spotreby by bol od tohto momentu r\u00fdchlo prekro\u010den\u00fd (2 mesiace po otvoren\u00ed Lavule). (2) Pr\u00e1vo na odst\u00fapenie od zmluvy teda pod\u013ea \u00a7 312g ods. 2 \u010d. 2 BGB neexistuje, ak bola plomba Lavule po dodan\u00ed odstr\u00e1nen\u00e1, preto\u017ee existuje riziko, \u017ee vr\u00e1ten\u00fd v\u00fdrobok, by sa k predajcovi dostal s v\u00fdrazne krat\u0161ou dobou trvanlivosti.<\/p>\n\n\n\n<p>Pr\u00e1vo na odst\u00fapenie od zmluvy je v tejto s\u00favislosti vyl\u00fa\u010den\u00e9, preto\u017ee s\u00e9ra, ktor\u00e9 sa maj\u00fa vr\u00e1ti\u0165 s poru\u0161enou pe\u010da\u0165ou, by spolo\u010dnos\u0165 Lavule \u0165a\u017eko alebo v\u00f4bec nemohla \u010falej preda\u0165, ak sa zoh\u013eadn\u00ed \u010das vr\u00e1tenia.<\/p>\n\n\n\n<p><strong>Pr\u00e1vo na odst\u00fapenie od zmluvy je vyl\u00fa\u010den\u00e9 pre pou\u017eit\u00e9 hygienick\u00e9 v\u00fdrobky<\/strong>.<\/p>\n\n\n\n<hr class=\"wp-block-separator has-css-opacity\"\/>\n\n\n\n<p>Pr\u00e1vo na odst\u00fapenie od zmluvy existuje <strong>nie<\/strong> pre zmluvy<\/p>\n\n\n\n<ul class=\"wp-block-list\">\n<li>na dodanie tovaru, ktor\u00fd nie je prefabrikovan\u00fd a pri ktor\u00e9ho v\u00fdrobe je rozhoduj\u00faci individu\u00e1lny v\u00fdber alebo ur\u010denie spotrebite\u013eom alebo ktor\u00fd je jednozna\u010dne prisp\u00f4soben\u00fd osobn\u00fdm potreb\u00e1m spotrebite\u013ea;<\/li>\n\n\n\n<li>na dodanie tovaru, ktor\u00fd sa m\u00f4\u017ee r\u00fdchlo pokazi\u0165 alebo ktor\u00e9ho d\u00e1tum spotreby by sa r\u00fdchlo prekro\u010dil;<\/li>\n\n\n\n<li>Zmluvy o predplatnom.<\/li>\n<\/ul>\n\n\n\n<p>&#8212;&#8212;&#8211;<\/p>\n\n\n\n<p><strong>Pr\u00e1vo na odst\u00fapenie od zmluvy zanik\u00e1 pred\u010dasne v pr\u00edpade zml\u00fav<\/strong><\/p>\n\n\n\n<ul class=\"wp-block-list\">\n<li>pri dodan\u00ed zape\u010daten\u00e9ho tovaru, ktor\u00fd nie je vhodn\u00fd na vr\u00e1tenie z d\u00f4vodu ochrany zdravia alebo hygieny, ak bola jeho pe\u010da\u0165 po dodan\u00ed odstr\u00e1nen\u00e1;<\/li>\n\n\n\n<li>za dodanie tovaru, ak bol tento tovar po dodan\u00ed neoddelite\u013ene zmie\u0161an\u00fd s in\u00fdm tovarom vzh\u013eadom na jeho povahu;<\/li>\n<\/ul>\n\n\n\n<p>_______<\/p>\n\n\n\n<p><strong>Vzor formul\u00e1ra na zru\u0161enie<\/strong><\/p>\n\n\n\n<p>Ak si \u017eel\u00e1te zru\u0161i\u0165 zmluvu, vypl\u0148te a vr\u00e1\u0165te tento formul\u00e1r.<br><strong>Pr\u00e1vo na odst\u00fapenie od zmluvy je vyl\u00fa\u010den\u00e9 v pr\u00edpade pou\u017eit\u00fdch hygienick\u00fdch v\u00fdrobkov.<\/strong><\/p>\n\n\n\n<p>1. N\u00e1vrat na:<\/p>\n\n\n\n<p>VDS - Shipping and Data Service <br>c\/o Alaiko GmbH <br>Siemensstra\u00dfe 14<br>D-37412 Herzberg am Harz<br>Germany<br><br>E-mail: info@lavule.com<\/p>\n\n\n\n<p>2. T\u00fdmto odstupujem od zmluvy, ktor\u00fa som\/jeme uzavrel\/a na n\u00e1kup nasleduj\u00faceho tovaru\/poskytnutie nasleduj\u00facich slu\u017eieb<br>Slu\u017eba (v pr\u00edpade potreby prilo\u017ete k\u00f3piu fakt\u00fary)<br>Objedn\u00e1vacie \u010d\u00edslo: ..........................................<br>Mno\u017estvo\/n\u00e1zov tovaru: ...........................<br>K\u00fapna cena: ...................................................<br>U\u017e ste pou\u017eili? Pr\u00e1vo na odst\u00fapenie od zmluvy je vyl\u00fa\u010den\u00e9 pre pou\u017eit\u00e9 hygienick\u00e9 v\u00fdrobky.<\/p>\n\n\n\n<p>3. Objednan\u00e9 na: ........................<\/p>\n\n\n\n<p>4. D\u00f4vod: .............................................<\/p>\n\n\n\n<p>5. Prijat\u00e9 d\u0148a: ........................<\/p>\n\n\n\n<p>6. Meno, adresa spotrebite\u013ea: ......<br>\u010c\u00edslo z\u00e1kazn\u00edka: ........................................<br>Meno a priezvisko: .................................<br>Ulica: .......................................................<br>PS\u010c a mesto: ..................................................<\/p>\n\n\n\n<p>7. Miesto, d\u00e1tum a podpis z\u00e1kazn\u00edka:<br>&#8230;&#8230;&#8230;&#8230;&#8230;&#8230;&#8230;&#8230;&#8230;&#8230;&#8230;&#8230;&#8230;&#8230;&#8230;&#8230;&#8230;.<\/p>","protected":false},"excerpt":{"rendered":"<p>Widerrufsrecht f\u00fcr Verbraucher Verbraucher ist jede nat\u00fcrliche Person, die ein Rechtsgesch\u00e4ft zu Zwecken abschlie\u00dft, die \u00fcberwiegend weder ihrer gewerblichen noch ihrer selbstst\u00e4ndigen beruflichen T\u00e4tigkeit zugerechnet werden kann. Widerrufsbelehrung Lavule Widerrufsrecht [&hellip;]<\/p>","protected":false},"author":1,"featured_media":0,"parent":0,"menu_order":0,"comment_status":"closed","ping_status":"closed","template":"","meta":{"_uag_custom_page_level_css":"","advgb_blocks_editor_width":"","advgb_blocks_columns_visual_guide":"","site-sidebar-layout":"default","site-content-layout":"default","ast-site-content-layout":"default","site-content-style":"default","site-sidebar-style":"default","ast-global-header-display":"","ast-banner-title-visibility":"","ast-main-header-display":"","ast-hfb-above-header-display":"","ast-hfb-below-header-display":"","ast-hfb-mobile-header-display":"","site-post-title":"","ast-breadcrumbs-content":"","ast-featured-img":"","footer-sml-layout":"","ast-disable-related-posts":"","theme-transparent-header-meta":"default","adv-header-id-meta":"","stick-header-meta":"default","header-above-stick-meta":"","header-main-stick-meta":"","header-below-stick-meta":"","astra-migrate-meta-layouts":"set","ast-page-background-enabled":"default","ast-page-background-meta":{"desktop":{"background-color":"","background-image":"","background-repeat":"repeat","background-position":"center center","background-size":"auto","background-attachment":"scroll","background-type":"","background-media":"","overlay-type":"","overlay-color":"","overlay-opacity":"","overlay-gradient":""},"tablet":{"background-color":"","background-image":"","background-repeat":"repeat","background-position":"center center","background-size":"auto","background-attachment":"scroll","background-type":"","background-media":"","overlay-type":"","overlay-color":"","overlay-opacity":"","overlay-gradient":""},"mobile":{"background-color":"","background-image":"","background-repeat":"repeat","background-position":"center center","background-size":"auto","background-attachment":"scroll","background-type":"","background-media":"","overlay-type":"","overlay-color":"","overlay-opacity":"","overlay-gradient":""}},"ast-content-background-meta":{"desktop":{"background-color":"var(--ast-global-color-5)","background-image":"","background-repeat":"repeat","background-position":"center center","background-size":"auto","background-attachment":"scroll","background-type":"","background-media":"","overlay-type":"","overlay-color":"","overlay-opacity":"","overlay-gradient":""},"tablet":{"background-color":"var(--ast-global-color-5)","background-image":"","background-repeat":"repeat","background-position":"center center","background-size":"auto","background-attachment":"scroll","background-type":"","background-media":"","overlay-type":"","overlay-color":"","overlay-opacity":"","overlay-gradient":""},"mobile":{"background-color":"var(--ast-global-color-5)","background-image":"","background-repeat":"repeat","background-position":"center center","background-size":"auto","background-attachment":"scroll","background-type":"","background-media":"","overlay-type":"","overlay-color":"","overlay-opacity":"","overlay-gradient":""}},"footnotes":""},"class_list":["post-15","page","type-page","status-publish","hentry"],"featured_image_src":null,"yoast_head":"<!-- This site is optimized with the Yoast SEO Premium plugin v23.4 (Yoast SEO v26.6) - https:\/\/yoast.com\/wordpress\/plugins\/seo\/ -->\n<title>Widerrufsrecht - Lavule<\/title>\n<meta name=\"robots\" content=\"noindex, nofollow\" \/>\n<meta property=\"og:locale\" content=\"sk_SK\" \/>\n<meta property=\"og:type\" content=\"article\" \/>\n<meta property=\"og:title\" content=\"Widerrufsrecht\" \/>\n<meta property=\"og:description\" content=\"Widerrufsrecht f\u00fcr Verbraucher Verbraucher ist jede nat\u00fcrliche Person, die ein Rechtsgesch\u00e4ft zu Zwecken abschlie\u00dft, die \u00fcberwiegend weder ihrer gewerblichen noch ihrer selbstst\u00e4ndigen beruflichen T\u00e4tigkeit zugerechnet werden kann. Widerrufsbelehrung Lavule Widerrufsrecht [&hellip;]\" \/>\n<meta property=\"og:url\" content=\"https:\/\/lavule.com\/sk\/pravo-na-odvolanie\/\" \/>\n<meta property=\"og:site_name\" content=\"Lavule\" \/>\n<meta property=\"article:modified_time\" content=\"2023-12-06T14:40:59+00:00\" \/>\n<meta property=\"og:image\" content=\"https:\/\/lavule.com\/wp-content\/uploads\/2023\/06\/Impra.jpg\" \/>\n<meta name=\"twitter:card\" content=\"summary_large_image\" \/>\n<meta name=\"twitter:label1\" content=\"Predpokladan\u00fd \u010das \u010d\u00edtania\" \/>\n\t<meta name=\"twitter:data1\" content=\"5 min\u00fat\" \/>\n<script type=\"application\/ld+json\" class=\"yoast-schema-graph\">{\"@context\":\"https:\/\/schema.org\",\"@graph\":[{\"@type\":\"WebPage\",\"@id\":\"https:\/\/lavule.com\/widerrufsrecht\/\",\"url\":\"https:\/\/lavule.com\/widerrufsrecht\/\",\"name\":\"Widerrufsrecht - Lavule\",\"isPartOf\":{\"@id\":\"https:\/\/lavule.com\/de\/#website\"},\"primaryImageOfPage\":{\"@id\":\"https:\/\/lavule.com\/widerrufsrecht\/#primaryimage\"},\"image\":{\"@id\":\"https:\/\/lavule.com\/widerrufsrecht\/#primaryimage\"},\"thumbnailUrl\":\"https:\/\/lavule.com\/wp-content\/uploads\/2023\/06\/Impra.jpg\",\"datePublished\":\"2021-09-27T05:23:42+00:00\",\"dateModified\":\"2023-12-06T14:40:59+00:00\",\"breadcrumb\":{\"@id\":\"https:\/\/lavule.com\/widerrufsrecht\/#breadcrumb\"},\"inLanguage\":\"sk-SK\",\"potentialAction\":[{\"@type\":\"ReadAction\",\"target\":[\"https:\/\/lavule.com\/widerrufsrecht\/\"]}]},{\"@type\":\"ImageObject\",\"inLanguage\":\"sk-SK\",\"@id\":\"https:\/\/lavule.com\/widerrufsrecht\/#primaryimage\",\"url\":\"https:\/\/lavule.com\/wp-content\/uploads\/2023\/06\/Impra.jpg\",\"contentUrl\":\"https:\/\/lavule.com\/wp-content\/uploads\/2023\/06\/Impra.jpg\"},{\"@type\":\"BreadcrumbList\",\"@id\":\"https:\/\/lavule.com\/widerrufsrecht\/#breadcrumb\",\"itemListElement\":[{\"@type\":\"ListItem\",\"position\":1,\"name\":\"LAVULE\",\"item\":\"https:\/\/lavule.com\/\"},{\"@type\":\"ListItem\",\"position\":2,\"name\":\"Widerrufsrecht\"}]},{\"@type\":\"WebSite\",\"@id\":\"https:\/\/lavule.com\/de\/#website\",\"url\":\"https:\/\/lavule.com\/de\/\",\"name\":\"Lavule\",\"description\":\"Augenringe Serum\",\"publisher\":{\"@id\":\"https:\/\/lavule.com\/de\/#organization\"},\"potentialAction\":[{\"@type\":\"SearchAction\",\"target\":{\"@type\":\"EntryPoint\",\"urlTemplate\":\"https:\/\/lavule.com\/de\/?s={search_term_string}\"},\"query-input\":{\"@type\":\"PropertyValueSpecification\",\"valueRequired\":true,\"valueName\":\"search_term_string\"}}],\"inLanguage\":\"sk-SK\"},{\"@type\":\"Organization\",\"@id\":\"https:\/\/lavule.com\/de\/#organization\",\"name\":\"Lavule\",\"url\":\"https:\/\/lavule.com\/de\/\",\"logo\":{\"@type\":\"ImageObject\",\"inLanguage\":\"sk-SK\",\"@id\":\"https:\/\/lavule.com\/de\/#\/schema\/logo\/image\/\",\"url\":\"https:\/\/lavule.com\/wp-content\/uploads\/2021\/11\/cropped-Lavule.png\",\"contentUrl\":\"https:\/\/lavule.com\/wp-content\/uploads\/2021\/11\/cropped-Lavule.png\",\"width\":243,\"height\":96,\"caption\":\"Lavule\"},\"image\":{\"@id\":\"https:\/\/lavule.com\/de\/#\/schema\/logo\/image\/\"},\"sameAs\":[\"https:\/\/www.instagram.com\/lavule_official\/\"]}]}<\/script>\n<!-- \/ Yoast SEO Premium plugin. -->","yoast_head_json":{"title":"Pr\u00e1vo na odst\u00fapenie od zmluvy - Lavule","robots":{"index":"noindex","follow":"nofollow"},"og_locale":"sk_SK","og_type":"article","og_title":"Widerrufsrecht","og_description":"Widerrufsrecht f\u00fcr Verbraucher Verbraucher ist jede nat\u00fcrliche Person, die ein Rechtsgesch\u00e4ft zu Zwecken abschlie\u00dft, die \u00fcberwiegend weder ihrer gewerblichen noch ihrer selbstst\u00e4ndigen beruflichen T\u00e4tigkeit zugerechnet werden kann. Widerrufsbelehrung Lavule Widerrufsrecht [&hellip;]","og_url":"https:\/\/lavule.com\/sk\/pravo-na-odvolanie\/","og_site_name":"Lavule","article_modified_time":"2023-12-06T14:40:59+00:00","og_image":[{"url":"https:\/\/lavule.com\/wp-content\/uploads\/2023\/06\/Impra.jpg","type":"","width":"","height":""}],"twitter_card":"summary_large_image","twitter_misc":{"Predpokladan\u00fd \u010das \u010d\u00edtania":"5 min\u00fat"},"schema":{"@context":"https:\/\/schema.org","@graph":[{"@type":"WebPage","@id":"https:\/\/lavule.com\/widerrufsrecht\/","url":"https:\/\/lavule.com\/widerrufsrecht\/","name":"Pr\u00e1vo na odst\u00fapenie od zmluvy - Lavule","isPartOf":{"@id":"https:\/\/lavule.com\/de\/#website"},"primaryImageOfPage":{"@id":"https:\/\/lavule.com\/widerrufsrecht\/#primaryimage"},"image":{"@id":"https:\/\/lavule.com\/widerrufsrecht\/#primaryimage"},"thumbnailUrl":"https:\/\/lavule.com\/wp-content\/uploads\/2023\/06\/Impra.jpg","datePublished":"2021-09-27T05:23:42+00:00","dateModified":"2023-12-06T14:40:59+00:00","breadcrumb":{"@id":"https:\/\/lavule.com\/widerrufsrecht\/#breadcrumb"},"inLanguage":"sk-SK","potentialAction":[{"@type":"ReadAction","target":["https:\/\/lavule.com\/widerrufsrecht\/"]}]},{"@type":"ImageObject","inLanguage":"sk-SK","@id":"https:\/\/lavule.com\/widerrufsrecht\/#primaryimage","url":"https:\/\/lavule.com\/wp-content\/uploads\/2023\/06\/Impra.jpg","contentUrl":"https:\/\/lavule.com\/wp-content\/uploads\/2023\/06\/Impra.jpg"},{"@type":"BreadcrumbList","@id":"https:\/\/lavule.com\/widerrufsrecht\/#breadcrumb","itemListElement":[{"@type":"ListItem","position":1,"name":"LAVULE","item":"https:\/\/lavule.com\/"},{"@type":"ListItem","position":2,"name":"Widerrufsrecht"}]},{"@type":"WebSite","@id":"https:\/\/lavule.com\/de\/#website","url":"https:\/\/lavule.com\/de\/","name":"Lavule","description":"S\u00e9rum na o\u010dn\u00e9 kruhy","publisher":{"@id":"https:\/\/lavule.com\/de\/#organization"},"potentialAction":[{"@type":"SearchAction","target":{"@type":"EntryPoint","urlTemplate":"https:\/\/lavule.com\/de\/?s={search_term_string}"},"query-input":{"@type":"PropertyValueSpecification","valueRequired":true,"valueName":"search_term_string"}}],"inLanguage":"sk-SK"},{"@type":"Organization","@id":"https:\/\/lavule.com\/de\/#organization","name":"Lavule","url":"https:\/\/lavule.com\/de\/","logo":{"@type":"ImageObject","inLanguage":"sk-SK","@id":"https:\/\/lavule.com\/de\/#\/schema\/logo\/image\/","url":"https:\/\/lavule.com\/wp-content\/uploads\/2021\/11\/cropped-Lavule.png","contentUrl":"https:\/\/lavule.com\/wp-content\/uploads\/2021\/11\/cropped-Lavule.png","width":243,"height":96,"caption":"Lavule"},"image":{"@id":"https:\/\/lavule.com\/de\/#\/schema\/logo\/image\/"},"sameAs":["https:\/\/www.instagram.com\/lavule_official\/"]}]}},"uagb_featured_image_src":{"full":false,"thumbnail":false,"medium":false,"medium_large":false,"large":false,"1536x1536":false,"2048x2048":false,"trp-custom-language-flag":false,"woocommerce_thumbnail":false,"woocommerce_single":false,"woocommerce_gallery_thumbnail":false},"uagb_author_info":{"display_name":"Kerem085","author_link":"https:\/\/lavule.com\/sk\/author\/kerem085\/"},"uagb_comment_info":0,"uagb_excerpt":"Widerrufsrecht f\u00fcr Verbraucher Verbraucher ist jede nat\u00fcrliche Person, die ein Rechtsgesch\u00e4ft zu Zwecken abschlie\u00dft, die \u00fcberwiegend weder ihrer gewerblichen noch ihrer selbstst\u00e4ndigen beruflichen T\u00e4tigkeit zugerechnet werden kann. Widerrufsbelehrung Lavule Widerrufsrecht [&hellip;]","coauthors":[],"author_meta":{"author_link":"https:\/\/lavule.com\/sk\/author\/kerem085\/","display_name":"Kerem085"},"relative_dates":{"created":"Posted 5 rokov ago","modified":"Updated 2 roky ago"},"absolute_dates":{"created":"Posted on 27 septembra, 2021","modified":"Updated on 6 decembra, 2023"},"absolute_dates_time":{"created":"Posted on 27 septembra, 2021 5:23 am","modified":"Updated on 6 decembra, 2023 3:40 pm"},"featured_img_caption":"","featured_img":false,"series_order":"","_links":{"self":[{"href":"https:\/\/lavule.com\/sk\/wp-json\/wp\/v2\/pages\/15","targetHints":{"allow":["GET"]}}],"collection":[{"href":"https:\/\/lavule.com\/sk\/wp-json\/wp\/v2\/pages"}],"about":[{"href":"https:\/\/lavule.com\/sk\/wp-json\/wp\/v2\/types\/page"}],"author":[{"embeddable":true,"href":"https:\/\/lavule.com\/sk\/wp-json\/wp\/v2\/users\/1"}],"replies":[{"embeddable":true,"href":"https:\/\/lavule.com\/sk\/wp-json\/wp\/v2\/comments?post=15"}],"version-history":[{"count":4,"href":"https:\/\/lavule.com\/sk\/wp-json\/wp\/v2\/pages\/15\/revisions"}],"predecessor-version":[{"id":1921,"href":"https:\/\/lavule.com\/sk\/wp-json\/wp\/v2\/pages\/15\/revisions\/1921"}],"wp:attachment":[{"href":"https:\/\/lavule.com\/sk\/wp-json\/wp\/v2\/media?parent=15"}],"curies":[{"name":"wp","href":"https:\/\/api.w.org\/{rel}","templated":true}]}}