{"id":15,"date":"2021-09-27T05:23:42","date_gmt":"2021-09-27T05:23:42","guid":{"rendered":"https:\/\/lavule.com\/?page_id=15"},"modified":"2023-12-06T15:40:59","modified_gmt":"2023-12-06T14:40:59","slug":"widerrufsrecht","status":"publish","type":"page","link":"https:\/\/lavule.com\/ro\/dreptul-de-revocare\/","title":{"rendered":"Dreptul de retragere"},"content":{"rendered":"<p><strong>Dreptul de retragere pentru consumatori<\/strong><\/p>\n\n\n\n<p>Un consumator este orice persoan\u0103 fizic\u0103 care \u00eencheie un act juridic \u00een scopuri care nu pot fi atribuite \u00een mod predominant nici activit\u0103\u021bii sale comerciale, nici activit\u0103\u021bii sale profesionale independente.<\/p>\n\n\n\n<p><strong>Politica de anulare Lavule<\/strong><\/p>\n\n\n\n<p><strong>Dreptul de retragere<\/strong><\/p>\n\n\n\n<p>Ave\u021bi dreptul de a anula prezentul contract \u00een termen de paisprezece zile. <strong>Dreptul de retragere este exclus pentru articolele de igien\u0103 folosite.<\/strong> Perioada de anulare este de paisprezece zile de la data la care dumneavoastr\u0103 sau o ter\u021b\u0103 parte desemnat\u0103 de dumneavoastr\u0103, care nu este transportatorul, a intrat sau a intrat \u00een posesia bunurilor, cu condi\u021bia s\u0103 fi comandat unul sau mai multe bunuri ca parte a unei singure comenzi \u0219i ca acestea s\u0103 fie sau s\u0103 fie livrate \u00een mod uniform.<\/p>\n\n\n\n<p>Pentru a v\u0103 exercita dreptul de retragere, trebuie s\u0103 ne informa\u021bi cu privire la decizia dvs. de a v\u0103 retrage din prezentul contract printr-o declara\u021bie clar\u0103 (de exemplu, o scrisoare trimis\u0103 prin po\u0219t\u0103, fax sau e-mail). \u00cen acest scop, pute\u021bi utiliza modelul de formular de retragere anexat, care nu este \u00eens\u0103 obligatoriu.<\/p>\n\n\n\n<p>Pentru a respecta perioada de anulare, este suficient s\u0103 trimite\u021bi notificarea privind exercitarea dreptului de anulare \u00eenainte de sf\u00e2r\u0219itul perioadei de anulare.<\/p>\n\n\n\n<p>Revocarea se adreseaz\u0103<\/p>\n\n\n\n<p><\/p>\n\n\n\n<figure class=\"wp-block-image size-full is-resized\"><img loading=\"lazy\" decoding=\"async\" width=\"600\" height=\"632\" src=\"https:\/\/lavule.com\/wp-content\/uploads\/2023\/06\/Impra.jpg\" alt=\"\" class=\"wp-image-512\" style=\"object-fit:cover;width:237px;height:250px\" srcset=\"https:\/\/lavule.com\/wp-content\/uploads\/2023\/06\/Impra.jpg 600w, https:\/\/lavule.com\/wp-content\/uploads\/2023\/06\/Impra-285x300.jpg 285w, https:\/\/lavule.com\/wp-content\/uploads\/2023\/06\/Impra-11x12.jpg 11w\" sizes=\"auto, (max-width: 600px) 100vw, 600px\" \/><\/figure>\n\n\n\n<p><\/p>\n\n\n\n<p><strong>Adresa de livrare de mai jos.<\/strong><\/p>\n\n\n\n<p><strong>Consecin\u021bele revoc\u0103rii<\/strong><\/p>\n\n\n\n<p>\u00cen cazul \u00een care v\u0103 retrage\u021bi din prezentul contract, trebuie s\u0103 v\u0103 ramburs\u0103m toate pl\u0103\u021bile pe care le-am primit de la dumneavoastr\u0103, inclusiv costurile de livrare (cu excep\u021bia costurilor suplimentare care rezult\u0103 din faptul c\u0103 a\u021bi ales un alt tip de livrare dec\u00e2t cea mai ieftin\u0103 livrare standard oferit\u0103 de noi), f\u0103r\u0103 \u00eent\u00e2rziere \u0219i cel t\u00e2rziu \u00een termen de paisprezece zile de la data la care am primit notificarea privind retragerea dumneavoastr\u0103 din prezentul contract. Pentru aceast\u0103 rambursare, vom folosi acelea\u0219i mijloace de plat\u0103 pe care le-a\u021bi folosit pentru tranzac\u021bia ini\u021bial\u0103, cu excep\u021bia cazului \u00een care s-a convenit \u00een mod expres altfel cu dumneavoastr\u0103; \u00een niciun caz nu ve\u021bi fi taxat pentru aceast\u0103 rambursare.<\/p>\n\n\n\n<p>Putem refuza rambursarea p\u00e2n\u0103 c\u00e2nd primim bunurile \u00eenapoi sau p\u00e2n\u0103 c\u00e2nd ne furniza\u021bi dovada c\u0103 a\u021bi returnat bunurile, \u00een func\u021bie de care dintre acestea este mai devreme.<\/p>\n\n\n\n<p><strong>Returneaz\u0103<\/strong><\/p>\n\n\n\n<p>Trebuie s\u0103 ne returna\u021bi sau s\u0103 ne preda\u021bi bunurile imediat \u0219i, \u00een orice caz, nu mai t\u00e2rziu de paisprezece zile de la data la care ne-a\u021bi notificat anularea acestui contract. Termenul este respectat dac\u0103 trimite\u021bi bunurile \u00eenainte de expirarea perioadei de paisprezece zile.<\/p>\n\n\n\n<p>Dumneavoastr\u0103 suporta\u021bi costurile directe de returnare a bunurilor.<\/p>\n\n\n\n<p>Trebuie s\u0103 pl\u0103ti\u021bi pentru orice pierdere de valoare a bunurilor numai dac\u0103 aceast\u0103 pierdere de valoare se datoreaz\u0103 unei manipul\u0103ri a bunurilor care nu este necesar\u0103 pentru testarea calit\u0103\u021bii, caracteristicilor \u0219i func\u021bion\u0103rii bunurilor.<\/p>\n\n\n\n<p><strong>Motive de excludere sau de expirare<\/strong><\/p>\n\n\n\n<p><strong>Excluderea dreptului de retragere<\/strong>:<\/p>\n\n\n\n<p>Nu exist\u0103 un drept de retragere pentru bunurile care sunt rapid perisabile sau a c\u0103ror dat\u0103 de expirare ar fi rapid dep\u0103\u0219it\u0103. Expirarea prematur\u0103 \u00een cazul livr\u0103rii de bunuri sigilate care nu pot fi returnate din motive de protec\u021bie a s\u0103n\u0103t\u0103\u021bii sau de igien\u0103, dac\u0103 sigiliul acestora a fost \u00eendep\u0103rtat dup\u0103 livrare; (1) Nu exist\u0103 un drept de retragere pentru Lavule \u00een conformitate cu articolul 312g alineatul (2) nr. 2 din Codul civil german (BGB) dac\u0103 sigiliul a fost \u00eendep\u0103rtat de pe ambalaj. Acest lucru se datoreaz\u0103 faptului c\u0103 Lavule este un bun \u00een sensul \u00a7 312g alin. 2 nr. 2 nr. 2 BGB, care s-ar strica rapid dup\u0103 ce sigiliul a fost rupt sau a c\u0103rui dat\u0103 de expirare ar fi dep\u0103\u0219it\u0103 rapid din acest moment (2 luni de la deschiderea Lavule). (2) Prin urmare, dreptul de retragere nu exist\u0103, \u00een conformitate cu \u00a7 312g alin. 2 nr. 2 nr. 2 BGB, dac\u0103 sigiliul de pe Lavule a fost \u00eendep\u0103rtat dup\u0103 livrare, deoarece exist\u0103 riscul ca produsul returnat, s\u0103 ajung\u0103 la rev\u00e2nz\u0103tor cu un termen de valabilitate semnificativ mai scurt.<\/p>\n\n\n\n<p>Dreptul de retragere este exclus \u00een acest context, deoarece serurile care urmeaz\u0103 s\u0103 fie returnate cu sigiliul rupt ar fi dificil sau imposibil de rev\u00e2ndut pentru Lavule, \u021bin\u00e2nd cont de timpul de returnare.<\/p>\n\n\n\n<p><strong>Dreptul de retragere este exclus pentru articolele de igien\u0103 folosite<\/strong>.<\/p>\n\n\n\n<hr class=\"wp-block-separator has-css-opacity\"\/>\n\n\n\n<p>Dreptul de retragere exist\u0103 <strong>nu<\/strong> pentru contracte<\/p>\n\n\n\n<ul class=\"wp-block-list\">\n<li>pentru livrarea de bunuri care nu sunt prefabricate \u0219i pentru a c\u0103ror produc\u021bie este decisiv\u0103 o selec\u021bie sau o determinare individual\u0103 din partea consumatorului sau care sunt adaptate \u00een mod clar la nevoile personale ale consumatorului;<\/li>\n\n\n\n<li>pentru livrarea de bunuri care se pot deteriora rapid sau a c\u0103ror dat\u0103 de expirare ar fi dep\u0103\u0219it\u0103 rapid;<\/li>\n\n\n\n<li>Contracte de abonament.<\/li>\n<\/ul>\n\n\n\n<p>&#8212;&#8212;&#8211;<\/p>\n\n\n\n<p><strong>Dreptul de retragere expir\u0103 \u00eenainte de termen \u00een cazul contractelor<\/strong><\/p>\n\n\n\n<ul class=\"wp-block-list\">\n<li>pentru livrarea de bunuri sigilate care nu pot fi returnate din motive de protec\u021bie a s\u0103n\u0103t\u0103\u021bii sau de igien\u0103, \u00een cazul \u00een care sigiliul acestora a fost \u00eendep\u0103rtat dup\u0103 livrare;<\/li>\n\n\n\n<li>pentru livrarea de bunuri, \u00een cazul \u00een care acestea au fost amestecate \u00een mod inseparabil cu alte bunuri dup\u0103 livrare, datorit\u0103 naturii lor;<\/li>\n<\/ul>\n\n\n\n<p>_______<\/p>\n\n\n\n<p><strong>Model de formular de anulare<\/strong><\/p>\n\n\n\n<p>Dac\u0103 dori\u021bi s\u0103 anula\u021bi contractul, v\u0103 rug\u0103m s\u0103 completa\u021bi \u0219i s\u0103 returna\u021bi acest formular.<br><strong>Dreptul de retragere este exclus pentru articolele de igien\u0103 folosite.<\/strong><\/p>\n\n\n\n<p>1. S\u0103 se \u00eentoarc\u0103 la:<\/p>\n\n\n\n<p>VDS - Shipping and Data Service <br>c\/o Alaiko GmbH <br>Siemensstra\u00dfe 14<br>D-37412 Herzberg am Harz<br>Germany<br><br>E-mail: info@lavule.com<\/p>\n\n\n\n<p>2. Prin prezenta, eu\/noi revoc\u0103m contractul \u00eencheiat de mine\/noi pentru achizi\u021bionarea urm\u0103toarelor bunuri\/prestarea urm\u0103toarelor servicii<br>Serviciul (ata\u0219a\u021bi o copie a facturii, dac\u0103 este necesar)<br>Num\u0103r de ordine: ..........................................<br>Cantitatea \/ denumirea m\u0103rfurilor: ...........................<br>Pre\u021b de achizi\u021bie: ...................................................<br>A\u021bi folosit deja? Dreptul de retragere este exclus pentru articolele de igien\u0103 folosite.<\/p>\n\n\n\n<p>3. Comandat pe: ........................<\/p>\n\n\n\n<p>4. Motiv: .............................................<\/p>\n\n\n\n<p>5. Primit pe: ........................<\/p>\n\n\n\n<p>6. Numele, adresa consumatorului: ......<br>Num\u0103r client: ........................................<br>Numele \u0219i prenumele: .................................<br>Strada: .......................................................<br>Cod po\u0219tal \u0219i ora\u0219: ..................................................<\/p>\n\n\n\n<p>7. Locul, data \u0219i semn\u0103tura clientului:<br>&#8230;&#8230;&#8230;&#8230;&#8230;&#8230;&#8230;&#8230;&#8230;&#8230;&#8230;&#8230;&#8230;&#8230;&#8230;&#8230;&#8230;.<\/p>","protected":false},"excerpt":{"rendered":"<p>Widerrufsrecht f\u00fcr Verbraucher Verbraucher ist jede nat\u00fcrliche Person, die ein Rechtsgesch\u00e4ft zu Zwecken abschlie\u00dft, die \u00fcberwiegend weder ihrer gewerblichen noch ihrer selbstst\u00e4ndigen beruflichen T\u00e4tigkeit zugerechnet werden kann. Widerrufsbelehrung Lavule Widerrufsrecht [&hellip;]<\/p>","protected":false},"author":1,"featured_media":0,"parent":0,"menu_order":0,"comment_status":"closed","ping_status":"closed","template":"","meta":{"_uag_custom_page_level_css":"","advgb_blocks_editor_width":"","advgb_blocks_columns_visual_guide":"","site-sidebar-layout":"default","site-content-layout":"default","ast-site-content-layout":"default","site-content-style":"default","site-sidebar-style":"default","ast-global-header-display":"","ast-banner-title-visibility":"","ast-main-header-display":"","ast-hfb-above-header-display":"","ast-hfb-below-header-display":"","ast-hfb-mobile-header-display":"","site-post-title":"","ast-breadcrumbs-content":"","ast-featured-img":"","footer-sml-layout":"","ast-disable-related-posts":"","theme-transparent-header-meta":"default","adv-header-id-meta":"","stick-header-meta":"default","header-above-stick-meta":"","header-main-stick-meta":"","header-below-stick-meta":"","astra-migrate-meta-layouts":"set","ast-page-background-enabled":"default","ast-page-background-meta":{"desktop":{"background-color":"","background-image":"","background-repeat":"repeat","background-position":"center center","background-size":"auto","background-attachment":"scroll","background-type":"","background-media":"","overlay-type":"","overlay-color":"","overlay-opacity":"","overlay-gradient":""},"tablet":{"background-color":"","background-image":"","background-repeat":"repeat","background-position":"center center","background-size":"auto","background-attachment":"scroll","background-type":"","background-media":"","overlay-type":"","overlay-color":"","overlay-opacity":"","overlay-gradient":""},"mobile":{"background-color":"","background-image":"","background-repeat":"repeat","background-position":"center center","background-size":"auto","background-attachment":"scroll","background-type":"","background-media":"","overlay-type":"","overlay-color":"","overlay-opacity":"","overlay-gradient":""}},"ast-content-background-meta":{"desktop":{"background-color":"var(--ast-global-color-5)","background-image":"","background-repeat":"repeat","background-position":"center center","background-size":"auto","background-attachment":"scroll","background-type":"","background-media":"","overlay-type":"","overlay-color":"","overlay-opacity":"","overlay-gradient":""},"tablet":{"background-color":"var(--ast-global-color-5)","background-image":"","background-repeat":"repeat","background-position":"center center","background-size":"auto","background-attachment":"scroll","background-type":"","background-media":"","overlay-type":"","overlay-color":"","overlay-opacity":"","overlay-gradient":""},"mobile":{"background-color":"var(--ast-global-color-5)","background-image":"","background-repeat":"repeat","background-position":"center center","background-size":"auto","background-attachment":"scroll","background-type":"","background-media":"","overlay-type":"","overlay-color":"","overlay-opacity":"","overlay-gradient":""}},"footnotes":""},"class_list":["post-15","page","type-page","status-publish","hentry"],"featured_image_src":null,"yoast_head":"<!-- This site is optimized with the Yoast SEO Premium plugin v23.4 (Yoast SEO v26.6) - https:\/\/yoast.com\/wordpress\/plugins\/seo\/ -->\n<title>Widerrufsrecht - Lavule<\/title>\n<meta name=\"robots\" content=\"noindex, nofollow\" \/>\n<meta property=\"og:locale\" content=\"ro_RO\" \/>\n<meta property=\"og:type\" content=\"article\" \/>\n<meta property=\"og:title\" content=\"Widerrufsrecht\" \/>\n<meta property=\"og:description\" content=\"Widerrufsrecht f\u00fcr Verbraucher Verbraucher ist jede nat\u00fcrliche Person, die ein Rechtsgesch\u00e4ft zu Zwecken abschlie\u00dft, die \u00fcberwiegend weder ihrer gewerblichen noch ihrer selbstst\u00e4ndigen beruflichen T\u00e4tigkeit zugerechnet werden kann. Widerrufsbelehrung Lavule Widerrufsrecht [&hellip;]\" \/>\n<meta property=\"og:url\" content=\"https:\/\/lavule.com\/ro\/dreptul-de-revocare\/\" \/>\n<meta property=\"og:site_name\" content=\"Lavule\" \/>\n<meta property=\"article:modified_time\" content=\"2023-12-06T14:40:59+00:00\" \/>\n<meta property=\"og:image\" content=\"https:\/\/lavule.com\/wp-content\/uploads\/2023\/06\/Impra.jpg\" \/>\n<meta name=\"twitter:card\" content=\"summary_large_image\" \/>\n<meta name=\"twitter:label1\" content=\"Timp estimat pentru citire\" \/>\n\t<meta name=\"twitter:data1\" content=\"5 minute\" \/>\n<script type=\"application\/ld+json\" class=\"yoast-schema-graph\">{\"@context\":\"https:\/\/schema.org\",\"@graph\":[{\"@type\":\"WebPage\",\"@id\":\"https:\/\/lavule.com\/widerrufsrecht\/\",\"url\":\"https:\/\/lavule.com\/widerrufsrecht\/\",\"name\":\"Widerrufsrecht - Lavule\",\"isPartOf\":{\"@id\":\"https:\/\/lavule.com\/de\/#website\"},\"primaryImageOfPage\":{\"@id\":\"https:\/\/lavule.com\/widerrufsrecht\/#primaryimage\"},\"image\":{\"@id\":\"https:\/\/lavule.com\/widerrufsrecht\/#primaryimage\"},\"thumbnailUrl\":\"https:\/\/lavule.com\/wp-content\/uploads\/2023\/06\/Impra.jpg\",\"datePublished\":\"2021-09-27T05:23:42+00:00\",\"dateModified\":\"2023-12-06T14:40:59+00:00\",\"breadcrumb\":{\"@id\":\"https:\/\/lavule.com\/widerrufsrecht\/#breadcrumb\"},\"inLanguage\":\"ro-RO\",\"potentialAction\":[{\"@type\":\"ReadAction\",\"target\":[\"https:\/\/lavule.com\/widerrufsrecht\/\"]}]},{\"@type\":\"ImageObject\",\"inLanguage\":\"ro-RO\",\"@id\":\"https:\/\/lavule.com\/widerrufsrecht\/#primaryimage\",\"url\":\"https:\/\/lavule.com\/wp-content\/uploads\/2023\/06\/Impra.jpg\",\"contentUrl\":\"https:\/\/lavule.com\/wp-content\/uploads\/2023\/06\/Impra.jpg\"},{\"@type\":\"BreadcrumbList\",\"@id\":\"https:\/\/lavule.com\/widerrufsrecht\/#breadcrumb\",\"itemListElement\":[{\"@type\":\"ListItem\",\"position\":1,\"name\":\"LAVULE\",\"item\":\"https:\/\/lavule.com\/\"},{\"@type\":\"ListItem\",\"position\":2,\"name\":\"Widerrufsrecht\"}]},{\"@type\":\"WebSite\",\"@id\":\"https:\/\/lavule.com\/de\/#website\",\"url\":\"https:\/\/lavule.com\/de\/\",\"name\":\"Lavule\",\"description\":\"Augenringe Serum\",\"publisher\":{\"@id\":\"https:\/\/lavule.com\/de\/#organization\"},\"potentialAction\":[{\"@type\":\"SearchAction\",\"target\":{\"@type\":\"EntryPoint\",\"urlTemplate\":\"https:\/\/lavule.com\/de\/?s={search_term_string}\"},\"query-input\":{\"@type\":\"PropertyValueSpecification\",\"valueRequired\":true,\"valueName\":\"search_term_string\"}}],\"inLanguage\":\"ro-RO\"},{\"@type\":\"Organization\",\"@id\":\"https:\/\/lavule.com\/de\/#organization\",\"name\":\"Lavule\",\"url\":\"https:\/\/lavule.com\/de\/\",\"logo\":{\"@type\":\"ImageObject\",\"inLanguage\":\"ro-RO\",\"@id\":\"https:\/\/lavule.com\/de\/#\/schema\/logo\/image\/\",\"url\":\"https:\/\/lavule.com\/wp-content\/uploads\/2021\/11\/cropped-Lavule.png\",\"contentUrl\":\"https:\/\/lavule.com\/wp-content\/uploads\/2021\/11\/cropped-Lavule.png\",\"width\":243,\"height\":96,\"caption\":\"Lavule\"},\"image\":{\"@id\":\"https:\/\/lavule.com\/de\/#\/schema\/logo\/image\/\"},\"sameAs\":[\"https:\/\/www.instagram.com\/lavule_official\/\"]}]}<\/script>\n<!-- \/ Yoast SEO Premium plugin. -->","yoast_head_json":{"title":"Dreptul de retragere - Lavule","robots":{"index":"noindex","follow":"nofollow"},"og_locale":"ro_RO","og_type":"article","og_title":"Widerrufsrecht","og_description":"Widerrufsrecht f\u00fcr Verbraucher Verbraucher ist jede nat\u00fcrliche Person, die ein Rechtsgesch\u00e4ft zu Zwecken abschlie\u00dft, die \u00fcberwiegend weder ihrer gewerblichen noch ihrer selbstst\u00e4ndigen beruflichen T\u00e4tigkeit zugerechnet werden kann. Widerrufsbelehrung Lavule Widerrufsrecht [&hellip;]","og_url":"https:\/\/lavule.com\/ro\/dreptul-de-revocare\/","og_site_name":"Lavule","article_modified_time":"2023-12-06T14:40:59+00:00","og_image":[{"url":"https:\/\/lavule.com\/wp-content\/uploads\/2023\/06\/Impra.jpg","type":"","width":"","height":""}],"twitter_card":"summary_large_image","twitter_misc":{"Timp estimat pentru citire":"5 minute"},"schema":{"@context":"https:\/\/schema.org","@graph":[{"@type":"WebPage","@id":"https:\/\/lavule.com\/widerrufsrecht\/","url":"https:\/\/lavule.com\/widerrufsrecht\/","name":"Dreptul de retragere - Lavule","isPartOf":{"@id":"https:\/\/lavule.com\/de\/#website"},"primaryImageOfPage":{"@id":"https:\/\/lavule.com\/widerrufsrecht\/#primaryimage"},"image":{"@id":"https:\/\/lavule.com\/widerrufsrecht\/#primaryimage"},"thumbnailUrl":"https:\/\/lavule.com\/wp-content\/uploads\/2023\/06\/Impra.jpg","datePublished":"2021-09-27T05:23:42+00:00","dateModified":"2023-12-06T14:40:59+00:00","breadcrumb":{"@id":"https:\/\/lavule.com\/widerrufsrecht\/#breadcrumb"},"inLanguage":"ro-RO","potentialAction":[{"@type":"ReadAction","target":["https:\/\/lavule.com\/widerrufsrecht\/"]}]},{"@type":"ImageObject","inLanguage":"ro-RO","@id":"https:\/\/lavule.com\/widerrufsrecht\/#primaryimage","url":"https:\/\/lavule.com\/wp-content\/uploads\/2023\/06\/Impra.jpg","contentUrl":"https:\/\/lavule.com\/wp-content\/uploads\/2023\/06\/Impra.jpg"},{"@type":"BreadcrumbList","@id":"https:\/\/lavule.com\/widerrufsrecht\/#breadcrumb","itemListElement":[{"@type":"ListItem","position":1,"name":"LAVULE","item":"https:\/\/lavule.com\/"},{"@type":"ListItem","position":2,"name":"Widerrufsrecht"}]},{"@type":"WebSite","@id":"https:\/\/lavule.com\/de\/#website","url":"https:\/\/lavule.com\/de\/","name":"Lavule","description":"Serul pentru cearc\u0103ne","publisher":{"@id":"https:\/\/lavule.com\/de\/#organization"},"potentialAction":[{"@type":"SearchAction","target":{"@type":"EntryPoint","urlTemplate":"https:\/\/lavule.com\/de\/?s={search_term_string}"},"query-input":{"@type":"PropertyValueSpecification","valueRequired":true,"valueName":"search_term_string"}}],"inLanguage":"ro-RO"},{"@type":"Organization","@id":"https:\/\/lavule.com\/de\/#organization","name":"Lavule","url":"https:\/\/lavule.com\/de\/","logo":{"@type":"ImageObject","inLanguage":"ro-RO","@id":"https:\/\/lavule.com\/de\/#\/schema\/logo\/image\/","url":"https:\/\/lavule.com\/wp-content\/uploads\/2021\/11\/cropped-Lavule.png","contentUrl":"https:\/\/lavule.com\/wp-content\/uploads\/2021\/11\/cropped-Lavule.png","width":243,"height":96,"caption":"Lavule"},"image":{"@id":"https:\/\/lavule.com\/de\/#\/schema\/logo\/image\/"},"sameAs":["https:\/\/www.instagram.com\/lavule_official\/"]}]}},"uagb_featured_image_src":{"full":false,"thumbnail":false,"medium":false,"medium_large":false,"large":false,"1536x1536":false,"2048x2048":false,"trp-custom-language-flag":false,"woocommerce_thumbnail":false,"woocommerce_single":false,"woocommerce_gallery_thumbnail":false},"uagb_author_info":{"display_name":"Kerem085","author_link":"https:\/\/lavule.com\/ro\/author\/kerem085\/"},"uagb_comment_info":0,"uagb_excerpt":"Widerrufsrecht f\u00fcr Verbraucher Verbraucher ist jede nat\u00fcrliche Person, die ein Rechtsgesch\u00e4ft zu Zwecken abschlie\u00dft, die \u00fcberwiegend weder ihrer gewerblichen noch ihrer selbstst\u00e4ndigen beruflichen T\u00e4tigkeit zugerechnet werden kann. Widerrufsbelehrung Lavule Widerrufsrecht [&hellip;]","coauthors":[],"author_meta":{"author_link":"https:\/\/lavule.com\/ro\/author\/kerem085\/","display_name":"Kerem085"},"relative_dates":{"created":"Posted 5 ani ago","modified":"Updated 2 ani ago"},"absolute_dates":{"created":"Posted on septembrie 27, 2021","modified":"Updated on decembrie 6, 2023"},"absolute_dates_time":{"created":"Posted on septembrie 27, 2021 5:23 am","modified":"Updated on decembrie 6, 2023 3:40 pm"},"featured_img_caption":"","featured_img":false,"series_order":"","_links":{"self":[{"href":"https:\/\/lavule.com\/ro\/wp-json\/wp\/v2\/pages\/15","targetHints":{"allow":["GET"]}}],"collection":[{"href":"https:\/\/lavule.com\/ro\/wp-json\/wp\/v2\/pages"}],"about":[{"href":"https:\/\/lavule.com\/ro\/wp-json\/wp\/v2\/types\/page"}],"author":[{"embeddable":true,"href":"https:\/\/lavule.com\/ro\/wp-json\/wp\/v2\/users\/1"}],"replies":[{"embeddable":true,"href":"https:\/\/lavule.com\/ro\/wp-json\/wp\/v2\/comments?post=15"}],"version-history":[{"count":4,"href":"https:\/\/lavule.com\/ro\/wp-json\/wp\/v2\/pages\/15\/revisions"}],"predecessor-version":[{"id":1921,"href":"https:\/\/lavule.com\/ro\/wp-json\/wp\/v2\/pages\/15\/revisions\/1921"}],"wp:attachment":[{"href":"https:\/\/lavule.com\/ro\/wp-json\/wp\/v2\/media?parent=15"}],"curies":[{"name":"wp","href":"https:\/\/api.w.org\/{rel}","templated":true}]}}