{"id":13,"date":"2021-09-27T05:23:42","date_gmt":"2021-09-27T05:23:42","guid":{"rendered":"https:\/\/lavule.com\/?page_id=13"},"modified":"2023-07-14T11:03:17","modified_gmt":"2023-07-14T11:03:17","slug":"impressum","status":"publish","type":"page","link":"https:\/\/lavule.com\/pt\/impressao\/","title":{"rendered":"Impress\u00e3o"},"content":{"rendered":"<p><strong>Declara\u00e7\u00e3o de exonera\u00e7\u00e3o de responsabilidade<br><\/strong>Os conte\u00fados deste s\u00edtio s\u00e3o elaborados com o maior cuidado poss\u00edvel. No entanto, Lavule n\u00e3o garante a exatid\u00e3o, a exaustividade e a atualidade dos conte\u00fados fornecidos. A utiliza\u00e7\u00e3o dos conte\u00fados do site \u00e9 feita por conta e risco do utilizador.<\/p>\n\n\n\n<p>1. Liga\u00e7\u00f5es externas:<br>No caso de liga\u00e7\u00f5es externas a s\u00edtios Web de terceiros (\"liga\u00e7\u00f5es externas\"), estes s\u00edtios Web est\u00e3o sujeitos \u00e0 responsabilidade dos respectivos operadores. Aquando da cria\u00e7\u00e3o das liga\u00e7\u00f5es externas, o fornecedor verificou a exist\u00eancia de viola\u00e7\u00f5es da lei nos conte\u00fados externos. Nessa altura, n\u00e3o foram detectadas quaisquer viola\u00e7\u00f5es da lei. O fornecedor n\u00e3o tem qualquer influ\u00eancia sobre a conce\u00e7\u00e3o e os conte\u00fados actuais e futuros das p\u00e1ginas ligadas. A inclus\u00e3o de liga\u00e7\u00f5es externas n\u00e3o implica que o fornecedor adopte como seu o conte\u00fado subjacente \u00e0 refer\u00eancia ou liga\u00e7\u00e3o. N\u00e3o \u00e9 razo\u00e1vel que o fornecedor monitorize constantemente os links externos sem indica\u00e7\u00f5es concretas de viola\u00e7\u00f5es legais. No entanto, se forem conhecidas viola\u00e7\u00f5es da lei, essas liga\u00e7\u00f5es externas ser\u00e3o imediatamente eliminadas.<\/p>\n\n\n\n<p>2. Direitos de autor e direitos conexos | \u00a9 copyright:<br>O conte\u00fado publicado neste s\u00edtio Web est\u00e1 sujeito \u00e0 legisla\u00e7\u00e3o alem\u00e3 em mat\u00e9ria de direitos de autor e direitos conexos. Qualquer utiliza\u00e7\u00e3o n\u00e3o permitida pela legisla\u00e7\u00e3o alem\u00e3 sobre direitos de autor e direitos conexos requer o consentimento pr\u00e9vio por escrito do fornecedor ou do respetivo titular dos direitos. Isto aplica-se, em particular, \u00e0 c\u00f3pia, edi\u00e7\u00e3o, tradu\u00e7\u00e3o, armazenamento, processamento ou reprodu\u00e7\u00e3o de conte\u00fados em bases de dados ou outros meios e sistemas electr\u00f3nicos. A reprodu\u00e7\u00e3o ou transmiss\u00e3o n\u00e3o autorizada de conte\u00fados individuais ou p\u00e1ginas completas n\u00e3o \u00e9 permitida e \u00e9 pun\u00edvel por lei. Apenas \u00e9 permitida a produ\u00e7\u00e3o de c\u00f3pias e descarregamentos para uso pessoal, privado e n\u00e3o comercial. A apresenta\u00e7\u00e3o deste s\u00edtio Web em molduras externas s\u00f3 \u00e9 permitida mediante autoriza\u00e7\u00e3o por escrito.<\/p>\n\n\n\n<p>3. Prote\u00e7\u00e3o de dados<br>Ao visitar o s\u00edtio Web do prestador, podem ser armazenadas informa\u00e7\u00f5es sobre o acesso (data, hora, p\u00e1gina visualizada). Estes dados n\u00e3o pertencem aos dados pessoais, mas s\u00e3o an\u00f3nimos. S\u00e3o avaliados exclusivamente para fins estat\u00edsticos. N\u00e3o s\u00e3o transmitidos a terceiros para fins comerciais ou n\u00e3o comerciais. O prestador chama expressamente a aten\u00e7\u00e3o para o facto de a transmiss\u00e3o de dados na Internet (por exemplo, comunica\u00e7\u00e3o por correio eletr\u00f3nico) estar sujeita a vulnerabilidades de seguran\u00e7a e n\u00e3o poder ser totalmente protegida contra o acesso de terceiros.<\/p>\n\n\n\n<p>A utiliza\u00e7\u00e3o dos dados de contacto na impress\u00e3o para publicidade comercial n\u00e3o \u00e9 expressamente desejada, a menos que o fornecedor tenha dado o seu consentimento pr\u00e9vio por escrito ou que j\u00e1 exista uma rela\u00e7\u00e3o comercial. O fornecedor e todas as pessoas mencionadas neste s\u00edtio Web op\u00f5em-se a qualquer utiliza\u00e7\u00e3o comercial e divulga\u00e7\u00e3o dos seus dados.<\/p>\n\n\n\n<p>4. Condi\u00e7\u00f5es especiais de utiliza\u00e7\u00e3o<br>Se as condi\u00e7\u00f5es especiais para a utiliza\u00e7\u00e3o individual deste s\u00edtio Web se desviarem dos n\u00fameros 1 a 4 acima referidos, tal ser\u00e1 expressamente indicado no local apropriado. Neste caso, as condi\u00e7\u00f5es especiais de utiliza\u00e7\u00e3o aplicar-se-\u00e3o no respetivo caso individual.<\/p>\n\n\n\n<p>Lavule \u00e9 uma marca da:<\/p>\n\n\n\n<hr class=\"wp-block-separator has-text-color has-ast-global-color-4-color has-alpha-channel-opacity has-ast-global-color-4-background-color has-background is-style-wide\"\/>\n\n\n\n<figure class=\"wp-block-image size-full is-resized\"><a href=\"https:\/\/lavule.com\/wp-content\/uploads\/2023\/06\/Lavule-Impr.png\"><img loading=\"lazy\" decoding=\"async\" src=\"https:\/\/lavule.com\/wp-content\/uploads\/2023\/06\/Lavule-Impr.png\" alt=\"\" class=\"wp-image-356\" width=\"247\" height=\"175\" srcset=\"https:\/\/lavule.com\/wp-content\/uploads\/2023\/06\/Lavule-Impr.png 549w, https:\/\/lavule.com\/wp-content\/uploads\/2023\/06\/Lavule-Impr-300x213.png 300w, https:\/\/lavule.com\/wp-content\/uploads\/2023\/06\/Lavule-Impr-18x12.png 18w\" sizes=\"auto, (max-width: 247px) 100vw, 247px\" \/><\/a><\/figure>\n\n\n\n<p><strong>Resolu\u00e7\u00e3o alternativa de lit\u00edgios:<\/strong><\/p>\n\n\n\n<p>A Comiss\u00e3o Europeia disponibiliza uma plataforma para a resolu\u00e7\u00e3o extrajudicial de lit\u00edgios em linha (plataforma RLL), que pode ser acedida em&nbsp;<a href=\"https:\/\/ec.europa.eu\/odr\" target=\"_blank\" rel=\"noreferrer noopener\">https:\/\/ec.europa.eu\/odr<\/a>.<\/p>","protected":false},"excerpt":{"rendered":"<p>HaftungsausschlussDie Inhalte dieser Website werden mit gr\u00f6\u00dftm\u00f6glicher Sorgfalt erstellt. Lavule \u00fcbernimmt jedoch keine Gew\u00e4hr f\u00fcr die Richtigkeit, Vollst\u00e4ndigkeit und Aktualit\u00e4t der bereitgestellten Inhalte. Die Nutzung der Inhalte der Website erfolgt [&hellip;]<\/p>","protected":false},"author":1,"featured_media":0,"parent":0,"menu_order":0,"comment_status":"closed","ping_status":"closed","template":"","meta":{"_uag_custom_page_level_css":"","advgb_blocks_editor_width":"","advgb_blocks_columns_visual_guide":"","site-sidebar-layout":"default","site-content-layout":"default","ast-site-content-layout":"default","site-content-style":"default","site-sidebar-style":"default","ast-global-header-display":"","ast-banner-title-visibility":"","ast-main-header-display":"","ast-hfb-above-header-display":"","ast-hfb-below-header-display":"","ast-hfb-mobile-header-display":"","site-post-title":"","ast-breadcrumbs-content":"","ast-featured-img":"","footer-sml-layout":"","ast-disable-related-posts":"","theme-transparent-header-meta":"default","adv-header-id-meta":"","stick-header-meta":"default","header-above-stick-meta":"","header-main-stick-meta":"","header-below-stick-meta":"","astra-migrate-meta-layouts":"default","ast-page-background-enabled":"default","ast-page-background-meta":{"desktop":{"background-color":"","background-image":"","background-repeat":"repeat","background-position":"center center","background-size":"auto","background-attachment":"scroll","background-type":"","background-media":"","overlay-type":"","overlay-color":"","overlay-opacity":"","overlay-gradient":""},"tablet":{"background-color":"","background-image":"","background-repeat":"repeat","background-position":"center center","background-size":"auto","background-attachment":"scroll","background-type":"","background-media":"","overlay-type":"","overlay-color":"","overlay-opacity":"","overlay-gradient":""},"mobile":{"background-color":"","background-image":"","background-repeat":"repeat","background-position":"center center","background-size":"auto","background-attachment":"scroll","background-type":"","background-media":"","overlay-type":"","overlay-color":"","overlay-opacity":"","overlay-gradient":""}},"ast-content-background-meta":{"desktop":{"background-color":"var(--ast-global-color-5)","background-image":"","background-repeat":"repeat","background-position":"center center","background-size":"auto","background-attachment":"scroll","background-type":"","background-media":"","overlay-type":"","overlay-color":"","overlay-opacity":"","overlay-gradient":""},"tablet":{"background-color":"var(--ast-global-color-5)","background-image":"","background-repeat":"repeat","background-position":"center center","background-size":"auto","background-attachment":"scroll","background-type":"","background-media":"","overlay-type":"","overlay-color":"","overlay-opacity":"","overlay-gradient":""},"mobile":{"background-color":"var(--ast-global-color-5)","background-image":"","background-repeat":"repeat","background-position":"center center","background-size":"auto","background-attachment":"scroll","background-type":"","background-media":"","overlay-type":"","overlay-color":"","overlay-opacity":"","overlay-gradient":""}},"footnotes":""},"class_list":["post-13","page","type-page","status-publish","hentry"],"featured_image_src":null,"yoast_head":"<!-- This site is optimized with the Yoast SEO Premium plugin v23.4 (Yoast SEO v26.6) - https:\/\/yoast.com\/wordpress\/plugins\/seo\/ -->\n<title>Impressum - Lavule<\/title>\n<meta name=\"robots\" content=\"noindex, nofollow\" \/>\n<meta property=\"og:locale\" content=\"pt_PT\" \/>\n<meta property=\"og:type\" content=\"article\" \/>\n<meta property=\"og:title\" content=\"Impressum\" \/>\n<meta property=\"og:description\" content=\"HaftungsausschlussDie Inhalte dieser Website werden mit gr\u00f6\u00dftm\u00f6glicher Sorgfalt erstellt. Lavule \u00fcbernimmt jedoch keine Gew\u00e4hr f\u00fcr die Richtigkeit, Vollst\u00e4ndigkeit und Aktualit\u00e4t der bereitgestellten Inhalte. Die Nutzung der Inhalte der Website erfolgt [&hellip;]\" \/>\n<meta property=\"og:url\" content=\"https:\/\/lavule.com\/pt\/impressao\/\" \/>\n<meta property=\"og:site_name\" content=\"Lavule\" \/>\n<meta property=\"article:modified_time\" content=\"2023-07-14T11:03:17+00:00\" \/>\n<meta property=\"og:image\" content=\"https:\/\/lavule.com\/wp-content\/uploads\/2023\/06\/Lavule-Impr.png\" \/>\n<meta name=\"twitter:card\" content=\"summary_large_image\" \/>\n<meta name=\"twitter:label1\" content=\"Tempo estimado de leitura\" \/>\n\t<meta name=\"twitter:data1\" content=\"3 minutos\" \/>\n<script type=\"application\/ld+json\" class=\"yoast-schema-graph\">{\"@context\":\"https:\/\/schema.org\",\"@graph\":[{\"@type\":\"WebPage\",\"@id\":\"https:\/\/lavule.com\/impressum\/\",\"url\":\"https:\/\/lavule.com\/impressum\/\",\"name\":\"Impressum - Lavule\",\"isPartOf\":{\"@id\":\"https:\/\/lavule.com\/de\/#website\"},\"primaryImageOfPage\":{\"@id\":\"https:\/\/lavule.com\/impressum\/#primaryimage\"},\"image\":{\"@id\":\"https:\/\/lavule.com\/impressum\/#primaryimage\"},\"thumbnailUrl\":\"https:\/\/lavule.com\/wp-content\/uploads\/2023\/06\/Lavule-Impr.png\",\"datePublished\":\"2021-09-27T05:23:42+00:00\",\"dateModified\":\"2023-07-14T11:03:17+00:00\",\"breadcrumb\":{\"@id\":\"https:\/\/lavule.com\/impressum\/#breadcrumb\"},\"inLanguage\":\"pt-PT\",\"potentialAction\":[{\"@type\":\"ReadAction\",\"target\":[\"https:\/\/lavule.com\/impressum\/\"]}]},{\"@type\":\"ImageObject\",\"inLanguage\":\"pt-PT\",\"@id\":\"https:\/\/lavule.com\/impressum\/#primaryimage\",\"url\":\"https:\/\/lavule.com\/wp-content\/uploads\/2023\/06\/Lavule-Impr.png\",\"contentUrl\":\"https:\/\/lavule.com\/wp-content\/uploads\/2023\/06\/Lavule-Impr.png\"},{\"@type\":\"BreadcrumbList\",\"@id\":\"https:\/\/lavule.com\/impressum\/#breadcrumb\",\"itemListElement\":[{\"@type\":\"ListItem\",\"position\":1,\"name\":\"LAVULE\",\"item\":\"https:\/\/lavule.com\/\"},{\"@type\":\"ListItem\",\"position\":2,\"name\":\"Impressum\"}]},{\"@type\":\"WebSite\",\"@id\":\"https:\/\/lavule.com\/de\/#website\",\"url\":\"https:\/\/lavule.com\/de\/\",\"name\":\"Lavule\",\"description\":\"Augenringe Serum\",\"publisher\":{\"@id\":\"https:\/\/lavule.com\/de\/#organization\"},\"potentialAction\":[{\"@type\":\"SearchAction\",\"target\":{\"@type\":\"EntryPoint\",\"urlTemplate\":\"https:\/\/lavule.com\/de\/?s={search_term_string}\"},\"query-input\":{\"@type\":\"PropertyValueSpecification\",\"valueRequired\":true,\"valueName\":\"search_term_string\"}}],\"inLanguage\":\"pt-PT\"},{\"@type\":\"Organization\",\"@id\":\"https:\/\/lavule.com\/de\/#organization\",\"name\":\"Lavule\",\"url\":\"https:\/\/lavule.com\/de\/\",\"logo\":{\"@type\":\"ImageObject\",\"inLanguage\":\"pt-PT\",\"@id\":\"https:\/\/lavule.com\/de\/#\/schema\/logo\/image\/\",\"url\":\"https:\/\/lavule.com\/wp-content\/uploads\/2021\/11\/cropped-Lavule.png\",\"contentUrl\":\"https:\/\/lavule.com\/wp-content\/uploads\/2021\/11\/cropped-Lavule.png\",\"width\":243,\"height\":96,\"caption\":\"Lavule\"},\"image\":{\"@id\":\"https:\/\/lavule.com\/de\/#\/schema\/logo\/image\/\"},\"sameAs\":[\"https:\/\/www.instagram.com\/lavule_official\/\"]}]}<\/script>\n<!-- \/ Yoast SEO Premium plugin. -->","yoast_head_json":{"title":"Impress\u00e3o - Lavule","robots":{"index":"noindex","follow":"nofollow"},"og_locale":"pt_PT","og_type":"article","og_title":"Impressum","og_description":"HaftungsausschlussDie Inhalte dieser Website werden mit gr\u00f6\u00dftm\u00f6glicher Sorgfalt erstellt. Lavule \u00fcbernimmt jedoch keine Gew\u00e4hr f\u00fcr die Richtigkeit, Vollst\u00e4ndigkeit und Aktualit\u00e4t der bereitgestellten Inhalte. Die Nutzung der Inhalte der Website erfolgt [&hellip;]","og_url":"https:\/\/lavule.com\/pt\/impressao\/","og_site_name":"Lavule","article_modified_time":"2023-07-14T11:03:17+00:00","og_image":[{"url":"https:\/\/lavule.com\/wp-content\/uploads\/2023\/06\/Lavule-Impr.png","type":"","width":"","height":""}],"twitter_card":"summary_large_image","twitter_misc":{"Tempo estimado de leitura":"3 minutos"},"schema":{"@context":"https:\/\/schema.org","@graph":[{"@type":"WebPage","@id":"https:\/\/lavule.com\/impressum\/","url":"https:\/\/lavule.com\/impressum\/","name":"Impress\u00e3o - Lavule","isPartOf":{"@id":"https:\/\/lavule.com\/de\/#website"},"primaryImageOfPage":{"@id":"https:\/\/lavule.com\/impressum\/#primaryimage"},"image":{"@id":"https:\/\/lavule.com\/impressum\/#primaryimage"},"thumbnailUrl":"https:\/\/lavule.com\/wp-content\/uploads\/2023\/06\/Lavule-Impr.png","datePublished":"2021-09-27T05:23:42+00:00","dateModified":"2023-07-14T11:03:17+00:00","breadcrumb":{"@id":"https:\/\/lavule.com\/impressum\/#breadcrumb"},"inLanguage":"pt-PT","potentialAction":[{"@type":"ReadAction","target":["https:\/\/lavule.com\/impressum\/"]}]},{"@type":"ImageObject","inLanguage":"pt-PT","@id":"https:\/\/lavule.com\/impressum\/#primaryimage","url":"https:\/\/lavule.com\/wp-content\/uploads\/2023\/06\/Lavule-Impr.png","contentUrl":"https:\/\/lavule.com\/wp-content\/uploads\/2023\/06\/Lavule-Impr.png"},{"@type":"BreadcrumbList","@id":"https:\/\/lavule.com\/impressum\/#breadcrumb","itemListElement":[{"@type":"ListItem","position":1,"name":"LAVULE","item":"https:\/\/lavule.com\/"},{"@type":"ListItem","position":2,"name":"Impressum"}]},{"@type":"WebSite","@id":"https:\/\/lavule.com\/de\/#website","url":"https:\/\/lavule.com\/de\/","name":"Lavule","description":"S\u00e9rum para as olheiras","publisher":{"@id":"https:\/\/lavule.com\/de\/#organization"},"potentialAction":[{"@type":"SearchAction","target":{"@type":"EntryPoint","urlTemplate":"https:\/\/lavule.com\/de\/?s={search_term_string}"},"query-input":{"@type":"PropertyValueSpecification","valueRequired":true,"valueName":"search_term_string"}}],"inLanguage":"pt-PT"},{"@type":"Organization","@id":"https:\/\/lavule.com\/de\/#organization","name":"Lavule","url":"https:\/\/lavule.com\/de\/","logo":{"@type":"ImageObject","inLanguage":"pt-PT","@id":"https:\/\/lavule.com\/de\/#\/schema\/logo\/image\/","url":"https:\/\/lavule.com\/wp-content\/uploads\/2021\/11\/cropped-Lavule.png","contentUrl":"https:\/\/lavule.com\/wp-content\/uploads\/2021\/11\/cropped-Lavule.png","width":243,"height":96,"caption":"Lavule"},"image":{"@id":"https:\/\/lavule.com\/de\/#\/schema\/logo\/image\/"},"sameAs":["https:\/\/www.instagram.com\/lavule_official\/"]}]}},"uagb_featured_image_src":{"full":false,"thumbnail":false,"medium":false,"medium_large":false,"large":false,"1536x1536":false,"2048x2048":false,"trp-custom-language-flag":false,"woocommerce_thumbnail":false,"woocommerce_single":false,"woocommerce_gallery_thumbnail":false},"uagb_author_info":{"display_name":"Kerem085","author_link":"https:\/\/lavule.com\/pt\/author\/kerem085\/"},"uagb_comment_info":0,"uagb_excerpt":"HaftungsausschlussDie Inhalte dieser Website werden mit gr\u00f6\u00dftm\u00f6glicher Sorgfalt erstellt. Lavule \u00fcbernimmt jedoch keine Gew\u00e4hr f\u00fcr die Richtigkeit, Vollst\u00e4ndigkeit und Aktualit\u00e4t der bereitgestellten Inhalte. Die Nutzung der Inhalte der Website erfolgt [&hellip;]","coauthors":[],"author_meta":{"author_link":"https:\/\/lavule.com\/pt\/author\/kerem085\/","display_name":"Kerem085"},"relative_dates":{"created":"Posted 5 anos ago","modified":"Updated 3 anos ago"},"absolute_dates":{"created":"Posted on Setembro 27, 2021","modified":"Updated on Julho 14, 2023"},"absolute_dates_time":{"created":"Posted on Setembro 27, 2021 5:23 am","modified":"Updated on Julho 14, 2023 11:03 am"},"featured_img_caption":"","featured_img":false,"series_order":"","_links":{"self":[{"href":"https:\/\/lavule.com\/pt\/wp-json\/wp\/v2\/pages\/13","targetHints":{"allow":["GET"]}}],"collection":[{"href":"https:\/\/lavule.com\/pt\/wp-json\/wp\/v2\/pages"}],"about":[{"href":"https:\/\/lavule.com\/pt\/wp-json\/wp\/v2\/types\/page"}],"author":[{"embeddable":true,"href":"https:\/\/lavule.com\/pt\/wp-json\/wp\/v2\/users\/1"}],"replies":[{"embeddable":true,"href":"https:\/\/lavule.com\/pt\/wp-json\/wp\/v2\/comments?post=13"}],"version-history":[{"count":5,"href":"https:\/\/lavule.com\/pt\/wp-json\/wp\/v2\/pages\/13\/revisions"}],"predecessor-version":[{"id":677,"href":"https:\/\/lavule.com\/pt\/wp-json\/wp\/v2\/pages\/13\/revisions\/677"}],"wp:attachment":[{"href":"https:\/\/lavule.com\/pt\/wp-json\/wp\/v2\/media?parent=13"}],"curies":[{"name":"wp","href":"https:\/\/api.w.org\/{rel}","templated":true}]}}