{"id":389,"date":"2023-06-17T07:58:56","date_gmt":"2023-06-17T07:58:56","guid":{"rendered":"https:\/\/lavule.com\/?post_type=product&#038;p=389"},"modified":"2025-12-31T16:01:32","modified_gmt":"2025-12-31T15:01:32","slug":"lavule-2pack","status":"publish","type":"product","link":"https:\/\/lavule.com\/pl\/produkt\/lavule-2pack\/","title":{"rendered":"Lavule \u2013 Serum na Cienie &amp; Worki pod Oczami, zestaw 2 sztuk"},"content":{"rendered":"<p><a href=\"https:\/\/lavule.com\/wp-content\/uploads\/2022\/07\/Lavule-Serum-02.jpg\"><img loading=\"lazy\" decoding=\"async\" class=\"alignnone wp-image-504 size-full\" src=\"https:\/\/lavule.com\/wp-content\/uploads\/2022\/07\/Lavule-Serum-02.jpg\" alt=\"\" width=\"2000\" height=\"850\" srcset=\"https:\/\/lavule.com\/wp-content\/uploads\/2022\/07\/Lavule-Serum-02.jpg 2000w, https:\/\/lavule.com\/wp-content\/uploads\/2022\/07\/Lavule-Serum-02-300x128.jpg 300w, https:\/\/lavule.com\/wp-content\/uploads\/2022\/07\/Lavule-Serum-02-1024x435.jpg 1024w, https:\/\/lavule.com\/wp-content\/uploads\/2022\/07\/Lavule-Serum-02-768x326.jpg 768w, https:\/\/lavule.com\/wp-content\/uploads\/2022\/07\/Lavule-Serum-02-1536x653.jpg 1536w, https:\/\/lavule.com\/wp-content\/uploads\/2022\/07\/Lavule-Serum-02-18x8.jpg 18w, https:\/\/lavule.com\/wp-content\/uploads\/2022\/07\/Lavule-Serum-02-600x255.jpg 600w\" sizes=\"auto, (max-width: 2000px) 100vw, 2000px\" \/><\/a><\/p>\n<p>Po\u017cegnaj zm\u0119czone oczy z Lavule Serum pod Oczy. Nasza innowacyjna formu\u0142a \u0142\u0105czy liposomalne i sfermentowane sk\u0142adniki, aby widocznie zminimalizowa\u0107 cienie pod oczami, worki i zmarszczki. Dzi\u0119ki sprawdzonym sk\u0142adnikom, takim jak ekstrakt z miodokrzewu (Inst'Tight\u2122 C), Dermochlorella DG (zielona mikroalga) i ekstrakt z kasztanowca, oferujemy specjalistyczn\u0105 piel\u0119gnacj\u0119, kt\u00f3ra w widoczny spos\u00f3b redukuje i zwalcza widoczno\u015b\u0107 cieni, work\u00f3w, cieni i zmarszczek pod oczami.<\/p>\n<p>*Czyste pi\u0119kno: Lavule jest 100% wolny od formaldehydu, ftalan\u00f3w, siarczan\u00f3w, paraben\u00f3w, silikon\u00f3w, olej\u00f3w mineralnych i PEG - aby by\u0107 bezpiecznym i przyjaznym dla sk\u00f3ry. Ponadto nasz produkt jest wega\u0144ski i nie zawiera sk\u0142adnik\u00f3w pochodzenia zwierz\u0119cego.<\/p>\n<h2 class=\"p1\"><b>Zastosowanie: <\/b><\/h2>\n<p class=\"p1\"><span style=\"font-weight: 400;\">Przed u\u017cyciem dok\u0142adnie oczy\u015bci\u0107 i osuszy\u0107 okolice oczu. Na\u0142o\u017cy\u0107 niewielk\u0105 ilo\u015b\u0107 Serum, wielko\u015bci ziarenka ry\u017cu, na okolice oczu rano i wieczorem. Delikatnie wklepa\u0107 w sk\u00f3r\u0119 wok\u00f3\u0142 oczu i delikatnie rozprowadzi\u0107. Pozostawi\u0107 do ca\u0142kowitego wch\u0142oni\u0119cia.<\/span><\/p>\n<h2>Przed\/po:<\/h2>\n<p>Obrazy <em>Nowo\u015b\u0107<\/em> - Zdj\u0119cia na info@lavule.com<\/p>\n<p><a href=\"https:\/\/lavule.com\/wp-content\/uploads\/2023\/08\/Lavule-02.jpg\"><img loading=\"lazy\" decoding=\"async\" class=\"wp-image-706 size-medium\" src=\"https:\/\/lavule.com\/wp-content\/uploads\/2023\/08\/Lavule-02-300x290.jpg\" alt=\"Pier\u015bcienie na oczy\" width=\"300\" height=\"290\" srcset=\"https:\/\/lavule.com\/wp-content\/uploads\/2023\/08\/Lavule-02-300x290.jpg 300w, https:\/\/lavule.com\/wp-content\/uploads\/2023\/08\/Lavule-02-12x12.jpg 12w, https:\/\/lavule.com\/wp-content\/uploads\/2023\/08\/Lavule-02-600x580.jpg 600w, https:\/\/lavule.com\/wp-content\/uploads\/2023\/08\/Lavule-02.jpg 696w\" sizes=\"auto, (max-width: 300px) 100vw, 300px\" \/><\/a><\/p>\n<p><a href=\"https:\/\/lavule.com\/wp-content\/uploads\/2023\/08\/Lavule-01-1.jpg\"><img loading=\"lazy\" decoding=\"async\" class=\"wp-image-709 size-medium\" src=\"https:\/\/lavule.com\/wp-content\/uploads\/2023\/08\/Lavule-01-1-300x290.jpg\" alt=\"Do\u015bwiadczenie z Lavule\" width=\"300\" height=\"290\" srcset=\"https:\/\/lavule.com\/wp-content\/uploads\/2023\/08\/Lavule-01-1-300x290.jpg 300w, https:\/\/lavule.com\/wp-content\/uploads\/2023\/08\/Lavule-01-1-12x12.jpg 12w, https:\/\/lavule.com\/wp-content\/uploads\/2023\/08\/Lavule-01-1-600x580.jpg 600w, https:\/\/lavule.com\/wp-content\/uploads\/2023\/08\/Lavule-01-1.jpg 696w\" sizes=\"auto, (max-width: 300px) 100vw, 300px\" \/><\/a><\/p>\n<p><a href=\"https:\/\/lavule.com\/wp-content\/uploads\/2022\/07\/Lavule-02.jpg\"><img loading=\"lazy\" decoding=\"async\" class=\"size-medium wp-image-295\" src=\"https:\/\/lavule.com\/wp-content\/uploads\/2022\/07\/Lavule-02-300x290.jpg\" alt=\"Lavule\" width=\"300\" height=\"290\" srcset=\"https:\/\/lavule.com\/wp-content\/uploads\/2022\/07\/Lavule-02-300x290.jpg 300w, https:\/\/lavule.com\/wp-content\/uploads\/2022\/07\/Lavule-02-12x12.jpg 12w, https:\/\/lavule.com\/wp-content\/uploads\/2022\/07\/Lavule-02.jpg 600w\" sizes=\"auto, (max-width: 300px) 100vw, 300px\" \/><\/a><\/p>\n<p><a href=\"https:\/\/lavule.com\/wp-content\/uploads\/2023\/08\/Lavule-03.jpg\"><img loading=\"lazy\" decoding=\"async\" class=\"wp-image-705 size-medium\" src=\"https:\/\/lavule.com\/wp-content\/uploads\/2023\/08\/Lavule-03-300x290.jpg\" alt=\"Lavule\" width=\"300\" height=\"290\" srcset=\"https:\/\/lavule.com\/wp-content\/uploads\/2023\/08\/Lavule-03-300x290.jpg 300w, https:\/\/lavule.com\/wp-content\/uploads\/2023\/08\/Lavule-03-12x12.jpg 12w, https:\/\/lavule.com\/wp-content\/uploads\/2023\/08\/Lavule-03-600x580.jpg 600w, https:\/\/lavule.com\/wp-content\/uploads\/2023\/08\/Lavule-03.jpg 696w\" sizes=\"auto, (max-width: 300px) 100vw, 300px\" \/><\/a><\/p>","protected":false},"excerpt":{"rendered":"<p class=\"p1\">Lavule Serum pod Oczy: Usuwanie Cienie pod Oczami &amp; Worki pod Oczami.<\/p>\n<ul>\n<li>Dla kobiet i m\u0119\u017cczyzn<\/li>\n<li>Sfermentowane sk\u0142adniki<\/li>\n<li>Technika produkcji liposomalnej<\/li>\n<li>Bez hormon\u00f3w<\/li>\n<li>Wega\u0144skie i bez test\u00f3w na zwierz\u0119tach<\/li>\n<li>Clean Beauty*<\/li>\n<li>Testowane dermatologicznie<\/li>\n<\/ul>\n<p><a href=\"https:\/\/lavule.com\/wp-content\/uploads\/2022\/07\/22.jpg\"><img loading=\"lazy\" decoding=\"async\" class=\"alignnone wp-image-275\" src=\"https:\/\/lavule.com\/wp-content\/uploads\/2022\/07\/22.jpg\" alt=\"\" width=\"283\" height=\"25\" srcset=\"https:\/\/lavule.com\/wp-content\/uploads\/2022\/07\/22.jpg 941w, https:\/\/lavule.com\/wp-content\/uploads\/2022\/07\/22-300x26.jpg 300w, https:\/\/lavule.com\/wp-content\/uploads\/2022\/07\/22-768x68.jpg 768w, https:\/\/lavule.com\/wp-content\/uploads\/2022\/07\/22-18x2.jpg 18w, https:\/\/lavule.com\/wp-content\/uploads\/2022\/07\/22-600x53.jpg 600w\" sizes=\"auto, (max-width: 283px) 100vw, 283px\" \/><\/a><\/p>\n<p><a href=\"https:\/\/lavule.com\/wp-content\/uploads\/2023\/10\/Testsieger.jpg\"><img loading=\"lazy\" decoding=\"async\" class=\"alignnone wp-image-1196\" src=\"https:\/\/lavule.com\/wp-content\/uploads\/2023\/10\/Testsieger.jpg\" alt=\"Test Lavule\" width=\"137\" height=\"82\" srcset=\"https:\/\/lavule.com\/wp-content\/uploads\/2023\/10\/Testsieger.jpg 1249w, https:\/\/lavule.com\/wp-content\/uploads\/2023\/10\/Testsieger-300x179.jpg 300w, https:\/\/lavule.com\/wp-content\/uploads\/2023\/10\/Testsieger-1024x610.jpg 1024w, https:\/\/lavule.com\/wp-content\/uploads\/2023\/10\/Testsieger-768x457.jpg 768w, https:\/\/lavule.com\/wp-content\/uploads\/2023\/10\/Testsieger-18x12.jpg 18w, https:\/\/lavule.com\/wp-content\/uploads\/2023\/10\/Testsieger-600x357.jpg 600w\" sizes=\"auto, (max-width: 137px) 100vw, 137px\" \/><\/a><\/p>","protected":false},"author":1,"featured_media":506,"comment_status":"closed","ping_status":"closed","template":"","meta":{"_uag_custom_page_level_css":"","advgb_blocks_editor_width":"","advgb_blocks_columns_visual_guide":"","site-sidebar-layout":"default","site-content-layout":"default","ast-site-content-layout":"default","site-content-style":"default","site-sidebar-style":"default","ast-global-header-display":"","ast-banner-title-visibility":"","ast-main-header-display":"","ast-hfb-above-header-display":"","ast-hfb-below-header-display":"","ast-hfb-mobile-header-display":"","site-post-title":"","ast-breadcrumbs-content":"","ast-featured-img":"","footer-sml-layout":"","ast-disable-related-posts":"","theme-transparent-header-meta":"default","adv-header-id-meta":"","stick-header-meta":"default","header-above-stick-meta":"","header-main-stick-meta":"","header-below-stick-meta":"","astra-migrate-meta-layouts":"set","ast-page-background-enabled":"default","ast-page-background-meta":{"desktop":{"background-color":"","background-image":"","background-repeat":"repeat","background-position":"center center","background-size":"auto","background-attachment":"scroll","background-type":"","background-media":"","overlay-type":"","overlay-color":"","overlay-opacity":"","overlay-gradient":""},"tablet":{"background-color":"","background-image":"","background-repeat":"repeat","background-position":"center center","background-size":"auto","background-attachment":"scroll","background-type":"","background-media":"","overlay-type":"","overlay-color":"","overlay-opacity":"","overlay-gradient":""},"mobile":{"background-color":"","background-image":"","background-repeat":"repeat","background-position":"center center","background-size":"auto","background-attachment":"scroll","background-type":"","background-media":"","overlay-type":"","overlay-color":"","overlay-opacity":"","overlay-gradient":""}},"ast-content-background-meta":{"desktop":{"background-color":"var(--ast-global-color-5)","background-image":"","background-repeat":"repeat","background-position":"center center","background-size":"auto","background-attachment":"scroll","background-type":"","background-media":"","overlay-type":"","overlay-color":"","overlay-opacity":"","overlay-gradient":""},"tablet":{"background-color":"var(--ast-global-color-5)","background-image":"","background-repeat":"repeat","background-position":"center center","background-size":"auto","background-attachment":"scroll","background-type":"","background-media":"","overlay-type":"","overlay-color":"","overlay-opacity":"","overlay-gradient":""},"mobile":{"background-color":"var(--ast-global-color-5)","background-image":"","background-repeat":"repeat","background-position":"center center","background-size":"auto","background-attachment":"scroll","background-type":"","background-media":"","overlay-type":"","overlay-color":"","overlay-opacity":"","overlay-gradient":""}}},"product_brand":[],"product_cat":[84],"product_tag":[],"class_list":{"0":"post-389","1":"product","2":"type-product","3":"status-publish","4":"has-post-thumbnail","6":"product_cat-eye-serum","7":"desktop-align-left","8":"tablet-align-left","9":"mobile-align-left","10":"ast-product-gallery-layout-horizontal","11":"ast-magnify-disabled","12":"ast-product-tabs-layout-horizontal","13":"ast-qv-on-image","15":"first","16":"instock","17":"sale","18":"taxable","19":"shipping-taxable","20":"purchasable","21":"product-type-simple"},"yoast_head":"<!-- This site is optimized with the Yoast SEO Premium plugin v23.4 (Yoast SEO v26.6) - https:\/\/yoast.com\/wordpress\/plugins\/seo\/ -->\n<title>Lavule 2er Pack - Serum gegen Augenringe &amp; Tr\u00e4nens\u00e4cke - Lavule<\/title>\n<meta name=\"description\" content=\"Serum gegen Augenringe und gegen Tr\u00e4nens\u00e4cke mit sofort Wirkung. F\u00fcr Frauen und M\u00e4nner ohne Hormone. Jetzt bestellen! Neue Formel\" \/>\n<meta name=\"robots\" content=\"index, follow, max-snippet:-1, max-image-preview:large, max-video-preview:-1\" \/>\n<link rel=\"canonical\" href=\"https:\/\/lavule.com\/pl\/produkt\/lavule-2pack\/\" \/>\n<meta property=\"og:locale\" content=\"pl_PL\" \/>\n<meta property=\"og:type\" content=\"article\" \/>\n<meta property=\"og:title\" content=\"Lavule 2er Pack - Serum gegen Augenringe &amp; Tr\u00e4nens\u00e4cke\" \/>\n<meta property=\"og:description\" content=\"Serum gegen Augenringe und gegen Tr\u00e4nens\u00e4cke mit sofort Wirkung. F\u00fcr Frauen und M\u00e4nner ohne Hormone. Jetzt bestellen! Neue Formel\" \/>\n<meta property=\"og:url\" content=\"https:\/\/lavule.com\/pl\/produkt\/lavule-2pack\/\" \/>\n<meta property=\"og:site_name\" content=\"Lavule\" \/>\n<meta property=\"article:modified_time\" content=\"2025-12-31T15:01:32+00:00\" \/>\n<meta property=\"og:image\" content=\"https:\/\/lavule.com\/wp-content\/uploads\/2023\/06\/Lavule-Serum-02.jpg\" \/>\n\t<meta property=\"og:image:width\" content=\"1000\" \/>\n\t<meta property=\"og:image:height\" content=\"1000\" \/>\n\t<meta property=\"og:image:type\" content=\"image\/jpeg\" \/>\n<meta name=\"twitter:card\" content=\"summary_large_image\" \/>\n<meta name=\"twitter:label1\" content=\"Szacowany czas czytania\" \/>\n\t<meta name=\"twitter:data1\" content=\"2 minuty\" \/>\n<script type=\"application\/ld+json\" class=\"yoast-schema-graph\">{\"@context\":\"https:\/\/schema.org\",\"@graph\":[{\"@type\":\"WebPage\",\"@id\":\"https:\/\/lavule.com\/produkt\/lavule-2pack\/\",\"url\":\"https:\/\/lavule.com\/produkt\/lavule-2pack\/\",\"name\":\"Lavule 2er Pack - Serum gegen Augenringe & Tr\u00e4nens\u00e4cke - Lavule\",\"isPartOf\":{\"@id\":\"https:\/\/lavule.com\/de\/#website\"},\"primaryImageOfPage\":{\"@id\":\"https:\/\/lavule.com\/produkt\/lavule-2pack\/#primaryimage\"},\"image\":{\"@id\":\"https:\/\/lavule.com\/produkt\/lavule-2pack\/#primaryimage\"},\"thumbnailUrl\":\"https:\/\/lavule.com\/wp-content\/uploads\/2023\/06\/Lavule-Serum-02.jpg\",\"datePublished\":\"2023-06-17T07:58:56+00:00\",\"dateModified\":\"2025-12-31T15:01:32+00:00\",\"description\":\"Serum gegen Augenringe und gegen Tr\u00e4nens\u00e4cke mit sofort Wirkung. F\u00fcr Frauen und M\u00e4nner ohne Hormone. Jetzt bestellen! Neue Formel\",\"breadcrumb\":{\"@id\":\"https:\/\/lavule.com\/produkt\/lavule-2pack\/#breadcrumb\"},\"inLanguage\":\"pl-PL\",\"potentialAction\":[{\"@type\":\"ReadAction\",\"target\":[\"https:\/\/lavule.com\/produkt\/lavule-2pack\/\"]}]},{\"@type\":\"ImageObject\",\"inLanguage\":\"pl-PL\",\"@id\":\"https:\/\/lavule.com\/produkt\/lavule-2pack\/#primaryimage\",\"url\":\"https:\/\/lavule.com\/wp-content\/uploads\/2023\/06\/Lavule-Serum-02.jpg\",\"contentUrl\":\"https:\/\/lavule.com\/wp-content\/uploads\/2023\/06\/Lavule-Serum-02.jpg\",\"width\":1000,\"height\":1000,\"caption\":\"Lavule\"},{\"@type\":\"BreadcrumbList\",\"@id\":\"https:\/\/lavule.com\/produkt\/lavule-2pack\/#breadcrumb\",\"itemListElement\":[{\"@type\":\"ListItem\",\"position\":1,\"name\":\"LAVULE\",\"item\":\"https:\/\/lavule.com\/\"},{\"@type\":\"ListItem\",\"position\":2,\"name\":\"Shop\",\"item\":\"https:\/\/lavule.com\/en\/shop\/\"},{\"@type\":\"ListItem\",\"position\":3,\"name\":\"Lavule 2er Pack &#8211; Serum gegen Augenringe &#038; Tr\u00e4nens\u00e4cke\"}]},{\"@type\":\"WebSite\",\"@id\":\"https:\/\/lavule.com\/de\/#website\",\"url\":\"https:\/\/lavule.com\/de\/\",\"name\":\"Lavule\",\"description\":\"Augenringe Serum\",\"publisher\":{\"@id\":\"https:\/\/lavule.com\/de\/#organization\"},\"potentialAction\":[{\"@type\":\"SearchAction\",\"target\":{\"@type\":\"EntryPoint\",\"urlTemplate\":\"https:\/\/lavule.com\/de\/?s={search_term_string}\"},\"query-input\":{\"@type\":\"PropertyValueSpecification\",\"valueRequired\":true,\"valueName\":\"search_term_string\"}}],\"inLanguage\":\"pl-PL\"},{\"@type\":\"Organization\",\"@id\":\"https:\/\/lavule.com\/de\/#organization\",\"name\":\"Lavule\",\"url\":\"https:\/\/lavule.com\/de\/\",\"logo\":{\"@type\":\"ImageObject\",\"inLanguage\":\"pl-PL\",\"@id\":\"https:\/\/lavule.com\/de\/#\/schema\/logo\/image\/\",\"url\":\"https:\/\/lavule.com\/wp-content\/uploads\/2021\/11\/cropped-Lavule.png\",\"contentUrl\":\"https:\/\/lavule.com\/wp-content\/uploads\/2021\/11\/cropped-Lavule.png\",\"width\":243,\"height\":96,\"caption\":\"Lavule\"},\"image\":{\"@id\":\"https:\/\/lavule.com\/de\/#\/schema\/logo\/image\/\"},\"sameAs\":[\"https:\/\/www.instagram.com\/lavule_official\/\"]}]}<\/script>\n<!-- \/ Yoast SEO Premium plugin. -->","yoast_head_json":{"title":"Lavule - Serum na Cienie pod Oczami &amp; Worki pod Oczami","description":"Serum na Cienie pod Oczami &amp; Worki pod Oczami o natychmiastowym dzia\u0142aniu. Dla kobiet i m\u0119\u017cczyzn bez hormon\u00f3w. Zam\u00f3w teraz! Nowa formu\u0142a","robots":{"index":"index","follow":"follow","max-snippet":"max-snippet:-1","max-image-preview":"max-image-preview:large","max-video-preview":"max-video-preview:-1"},"canonical":"https:\/\/lavule.com\/pl\/produkt\/lavule-2pack\/","og_locale":"pl_PL","og_type":"article","og_title":"Lavule 2er Pack - Serum gegen Augenringe & Tr\u00e4nens\u00e4cke","og_description":"Serum gegen Augenringe und gegen Tr\u00e4nens\u00e4cke mit sofort Wirkung. F\u00fcr Frauen und M\u00e4nner ohne Hormone. Jetzt bestellen! Neue Formel","og_url":"https:\/\/lavule.com\/pl\/produkt\/lavule-2pack\/","og_site_name":"Lavule","article_modified_time":"2025-12-31T15:01:32+00:00","og_image":[{"width":1000,"height":1000,"url":"https:\/\/lavule.com\/wp-content\/uploads\/2023\/06\/Lavule-Serum-02.jpg","type":"image\/jpeg"}],"twitter_card":"summary_large_image","twitter_misc":{"Szacowany czas czytania":"2 minuty"},"schema":{"@context":"https:\/\/schema.org","@graph":[{"@type":"WebPage","@id":"https:\/\/lavule.com\/produkt\/lavule-2pack\/","url":"https:\/\/lavule.com\/produkt\/lavule-2pack\/","name":"Lavule - Serum na Cienie pod Oczami &amp; Worki pod Oczami","isPartOf":{"@id":"https:\/\/lavule.com\/de\/#website"},"primaryImageOfPage":{"@id":"https:\/\/lavule.com\/produkt\/lavule-2pack\/#primaryimage"},"image":{"@id":"https:\/\/lavule.com\/produkt\/lavule-2pack\/#primaryimage"},"thumbnailUrl":"https:\/\/lavule.com\/wp-content\/uploads\/2023\/06\/Lavule-Serum-02.jpg","datePublished":"2023-06-17T07:58:56+00:00","dateModified":"2025-12-31T15:01:32+00:00","description":"Serum na Cienie pod Oczami &amp; Worki pod Oczami o natychmiastowym dzia\u0142aniu. Dla kobiet i m\u0119\u017cczyzn bez hormon\u00f3w. Zam\u00f3w teraz! Nowa formu\u0142a","breadcrumb":{"@id":"https:\/\/lavule.com\/produkt\/lavule-2pack\/#breadcrumb"},"inLanguage":"pl-PL","potentialAction":[{"@type":"ReadAction","target":["https:\/\/lavule.com\/produkt\/lavule-2pack\/"]}]},{"@type":"ImageObject","inLanguage":"pl-PL","@id":"https:\/\/lavule.com\/produkt\/lavule-2pack\/#primaryimage","url":"https:\/\/lavule.com\/wp-content\/uploads\/2023\/06\/Lavule-Serum-02.jpg","contentUrl":"https:\/\/lavule.com\/wp-content\/uploads\/2023\/06\/Lavule-Serum-02.jpg","width":1000,"height":1000,"caption":"Lavule"},{"@type":"BreadcrumbList","@id":"https:\/\/lavule.com\/produkt\/lavule-2pack\/#breadcrumb","itemListElement":[{"@type":"ListItem","position":1,"name":"LAVULE","item":"https:\/\/lavule.com\/"},{"@type":"ListItem","position":2,"name":"Shop","item":"https:\/\/lavule.com\/en\/shop\/"},{"@type":"ListItem","position":3,"name":"Lavule 2er Pack &#8211; Serum gegen Augenringe &#038; Tr\u00e4nens\u00e4cke"}]},{"@type":"WebSite","@id":"https:\/\/lavule.com\/de\/#website","url":"https:\/\/lavule.com\/de\/","name":"Lavule","description":"Serum pod oczy","publisher":{"@id":"https:\/\/lavule.com\/de\/#organization"},"potentialAction":[{"@type":"SearchAction","target":{"@type":"EntryPoint","urlTemplate":"https:\/\/lavule.com\/de\/?s={search_term_string}"},"query-input":{"@type":"PropertyValueSpecification","valueRequired":true,"valueName":"search_term_string"}}],"inLanguage":"pl-PL"},{"@type":"Organization","@id":"https:\/\/lavule.com\/de\/#organization","name":"Lavule","url":"https:\/\/lavule.com\/de\/","logo":{"@type":"ImageObject","inLanguage":"pl-PL","@id":"https:\/\/lavule.com\/de\/#\/schema\/logo\/image\/","url":"https:\/\/lavule.com\/wp-content\/uploads\/2021\/11\/cropped-Lavule.png","contentUrl":"https:\/\/lavule.com\/wp-content\/uploads\/2021\/11\/cropped-Lavule.png","width":243,"height":96,"caption":"Lavule"},"image":{"@id":"https:\/\/lavule.com\/de\/#\/schema\/logo\/image\/"},"sameAs":["https:\/\/www.instagram.com\/lavule_official\/"]}]}},"uagb_featured_image_src":{"full":["https:\/\/lavule.com\/wp-content\/uploads\/2023\/06\/Lavule-Serum-02.jpg",1000,1000,false],"thumbnail":["https:\/\/lavule.com\/wp-content\/uploads\/2023\/06\/Lavule-Serum-02-150x150.jpg",150,150,true],"medium":["https:\/\/lavule.com\/wp-content\/uploads\/2023\/06\/Lavule-Serum-02-300x300.jpg",300,300,true],"medium_large":["https:\/\/lavule.com\/wp-content\/uploads\/2023\/06\/Lavule-Serum-02-768x768.jpg",768,768,true],"large":["https:\/\/lavule.com\/wp-content\/uploads\/2023\/06\/Lavule-Serum-02.jpg",1000,1000,false],"1536x1536":["https:\/\/lavule.com\/wp-content\/uploads\/2023\/06\/Lavule-Serum-02.jpg",1000,1000,false],"2048x2048":["https:\/\/lavule.com\/wp-content\/uploads\/2023\/06\/Lavule-Serum-02.jpg",1000,1000,false],"trp-custom-language-flag":["https:\/\/lavule.com\/wp-content\/uploads\/2023\/06\/Lavule-Serum-02-12x12.jpg",12,12,true],"woocommerce_thumbnail":["https:\/\/lavule.com\/wp-content\/uploads\/2023\/06\/Lavule-Serum-02-300x300.jpg",300,300,true],"woocommerce_single":["https:\/\/lavule.com\/wp-content\/uploads\/2023\/06\/Lavule-Serum-02-600x600.jpg",600,600,true],"woocommerce_gallery_thumbnail":["https:\/\/lavule.com\/wp-content\/uploads\/2023\/06\/Lavule-Serum-02-100x100.jpg",100,100,true]},"uagb_author_info":{"display_name":"Kerem085","author_link":"https:\/\/lavule.com\/pl\/author\/kerem085\/"},"uagb_comment_info":0,"uagb_excerpt":"2er Pack Lavule Eye Serum: Gegen Augenringe &amp; Tr\u00e4nens\u00e4cke. F\u00fcr Frauen &amp; M\u00e4nner Fermentierte Inhaltsstoffe Liposomale Herstellungstechnik Ohne Hormone Vegan und tierversuchsfrei Clean Beauty* Dermatologisch getestet","featured_img":"https:\/\/lavule.com\/wp-content\/uploads\/2023\/06\/Lavule-Serum-02.jpg","coauthors":[],"author_meta":{"author_link":"https:\/\/lavule.com\/pl\/author\/kerem085\/","display_name":"Kerem085"},"relative_dates":{"created":"Posted 3 lata ago","modified":"Updated 3 miesi\u0105ce ago"},"absolute_dates":{"created":"Posted on 17 czerwca, 2023","modified":"Updated on 31 grudnia, 2025"},"absolute_dates_time":{"created":"Posted on 17 czerwca, 2023 7:58 am","modified":"Updated on 31 grudnia, 2025 4:01 pm"},"featured_img_caption":"Lavule","tax_additional":{"product_brand":{"linked":[],"unlinked":[],"slug":"product_brand","name":"Marki"},"product_type":{"linked":["<a href=\"https:\/\/lavule.com\/pl\/?taxonomy=product_type&#038;term=simple\" class=\"advgb-post-tax-term\">simple<\/a>"],"unlinked":["<span class=\"advgb-post-tax-term\">simple<\/span>"],"slug":"product_type","name":"Typ produktu"},"product_visibility":{"linked":[],"unlinked":[],"slug":"product_visibility","name":"Widoczno\u015b\u0107 produktu"},"product_cat":{"linked":["<a href=\"https:\/\/lavule.com\/pl\/kategoria-produktu\/eye-serum\/\" class=\"advgb-post-tax-term\">Eye Serum<\/a>"],"unlinked":["<span class=\"advgb-post-tax-term\">Eye Serum<\/span>"],"slug":"product_cat","name":"Kategorie produkt\u00f3w"},"product_tag":{"linked":[],"unlinked":[],"slug":"product_tag","name":"Znaczniki produktu"},"product_shipping_class":{"linked":[],"unlinked":[],"slug":"product_shipping_class","name":"Klasy wysy\u0142kowe produktu"},"pa_brand":{"linked":[],"unlinked":[],"slug":"pa_brand","name":"Atrybut produktu: Marke"}},"series_order":"","_links":{"self":[{"href":"https:\/\/lavule.com\/pl\/wp-json\/wp\/v2\/product\/389","targetHints":{"allow":["GET"]}}],"collection":[{"href":"https:\/\/lavule.com\/pl\/wp-json\/wp\/v2\/product"}],"about":[{"href":"https:\/\/lavule.com\/pl\/wp-json\/wp\/v2\/types\/product"}],"replies":[{"embeddable":true,"href":"https:\/\/lavule.com\/pl\/wp-json\/wp\/v2\/comments?post=389"}],"wp:featuredmedia":[{"embeddable":true,"href":"https:\/\/lavule.com\/pl\/wp-json\/wp\/v2\/media\/506"}],"wp:attachment":[{"href":"https:\/\/lavule.com\/pl\/wp-json\/wp\/v2\/media?parent=389"}],"wp:term":[{"taxonomy":"product_brand","embeddable":true,"href":"https:\/\/lavule.com\/pl\/wp-json\/wp\/v2\/product_brand?post=389"},{"taxonomy":"product_cat","embeddable":true,"href":"https:\/\/lavule.com\/pl\/wp-json\/wp\/v2\/product_cat?post=389"},{"taxonomy":"product_tag","embeddable":true,"href":"https:\/\/lavule.com\/pl\/wp-json\/wp\/v2\/product_tag?post=389"}],"curies":[{"name":"wp","href":"https:\/\/api.w.org\/{rel}","templated":true}]}}