{"id":270,"date":"2022-07-20T09:56:42","date_gmt":"2022-07-20T09:56:42","guid":{"rendered":"https:\/\/lavule.com\/?page_id=270"},"modified":"2023-10-24T14:49:45","modified_gmt":"2023-10-24T12:49:45","slug":"produkte","status":"publish","type":"page","link":"https:\/\/lavule.com\/pl\/produkty\/","title":{"rendered":"Produkty"},"content":{"rendered":"<div class=\"wp-block-cover alignfull is-light has-custom-content-position is-position-bottom-center\" style=\"min-height:326px;aspect-ratio:unset;\"><span aria-hidden=\"true\" class=\"wp-block-cover__background has-background-dim-10 has-background-dim\"><\/span><img loading=\"lazy\" decoding=\"async\" width=\"2000\" height=\"850\" class=\"wp-block-cover__image-background wp-image-497\" alt=\"Lavule\" src=\"https:\/\/lavule.com\/wp-content\/uploads\/2023\/06\/Lavule-Serum-01.jpg\" style=\"object-position:52% 30%\" data-object-fit=\"cover\" data-object-position=\"52% 30%\" srcset=\"https:\/\/lavule.com\/wp-content\/uploads\/2023\/06\/Lavule-Serum-01.jpg 2000w, https:\/\/lavule.com\/wp-content\/uploads\/2023\/06\/Lavule-Serum-01-300x128.jpg 300w, https:\/\/lavule.com\/wp-content\/uploads\/2023\/06\/Lavule-Serum-01-1024x435.jpg 1024w, https:\/\/lavule.com\/wp-content\/uploads\/2023\/06\/Lavule-Serum-01-768x326.jpg 768w, https:\/\/lavule.com\/wp-content\/uploads\/2023\/06\/Lavule-Serum-01-1536x653.jpg 1536w, https:\/\/lavule.com\/wp-content\/uploads\/2023\/06\/Lavule-Serum-01-18x8.jpg 18w, https:\/\/lavule.com\/wp-content\/uploads\/2023\/06\/Lavule-Serum-01-600x255.jpg 600w\" sizes=\"auto, (max-width: 2000px) 100vw, 2000px\" \/><div class=\"wp-block-cover__inner-container is-layout-flow wp-block-cover-is-layout-flow\">\n<h1 class=\"wp-block-heading has-text-align-center has-ast-global-color-5-color has-text-color advgb-dyn-26b03a1a\" id=\"h-augenringe-amp-tranensacke-entfernen\">Usuwanie Cienie &amp; <br>Worki pod Oczami.<\/h1>\n\n\n\n<p><\/p>\n<\/div><\/div>\n\n\n\n<div style=\"height:12px\" aria-hidden=\"true\" class=\"wp-block-spacer\"><\/div>\n\n\n\n<h3 class=\"wp-block-heading has-text-align-center advgb-dyn-d70649ae\">Maksymalna skuteczno\u015b\u0107 <br>poprzez liposomy i <br>sfermentowana formu\u0142a<\/h3>\n\n\n\n<figure class=\"wp-block-image aligncenter size-large is-resized\"><a href=\"https:\/\/lavule.com\/wp-content\/uploads\/2023\/10\/Testsieger.jpg\"><img loading=\"lazy\" decoding=\"async\" width=\"1024\" height=\"610\" src=\"https:\/\/lavule.com\/wp-content\/uploads\/2023\/10\/Testsieger.jpg\" alt=\"Test Lavule\" class=\"wp-image-1196\" style=\"aspect-ratio:1.678688524590164;width:148px;height:auto\" srcset=\"https:\/\/lavule.com\/wp-content\/uploads\/2023\/10\/Testsieger.jpg 1249w, https:\/\/lavule.com\/wp-content\/uploads\/2023\/10\/Testsieger-300x179.jpg 300w, https:\/\/lavule.com\/wp-content\/uploads\/2023\/10\/Testsieger-1024x610.jpg 1024w, https:\/\/lavule.com\/wp-content\/uploads\/2023\/10\/Testsieger-768x457.jpg 768w, https:\/\/lavule.com\/wp-content\/uploads\/2023\/10\/Testsieger-18x12.jpg 18w, https:\/\/lavule.com\/wp-content\/uploads\/2023\/10\/Testsieger-600x357.jpg 600w\" sizes=\"auto, (max-width: 1024px) 100vw, 1024px\" \/><\/a><\/figure>\n\n\n\n<div class=\"wp-block-advgb-columns advgb-columns-wrapper\" id=\"advgb-cols-af87a28b-6763-4abf-ac88-342af9cbed01\"><div class=\"advgb-columns-container\"><div class=\"advgb-columns advgb-columns-row advgb-is-mobile advgb-columns-2 layout-12-12 mbl-layout-stacked gutter-90 vgutter-10\">\n<div class=\"wp-block-advgb-column advgb-column advgb-is-half-tablet advgb-is-full-mobile\" id=\"advgb-col-31dc28c8-42f2-42b8-97bb-0b19a56fcb1d\"><div class=\"advgb-column-inner\" style=\"border-style:none;border-width:1px\">\n<figure class=\"wp-block-image aligncenter size-full advgb-dyn-a21cae6b\"><a href=\"https:\/\/lavule.com\/pl\/produkt\/surowica-do-plukania\/\"><img loading=\"lazy\" decoding=\"async\" width=\"1000\" height=\"1000\" src=\"https:\/\/lavule.com\/wp-content\/uploads\/2023\/06\/Lavule-01.jpg\" alt=\"Lavule\" class=\"wp-image-383\" srcset=\"https:\/\/lavule.com\/wp-content\/uploads\/2023\/06\/Lavule-01.jpg 1000w, https:\/\/lavule.com\/wp-content\/uploads\/2023\/06\/Lavule-01-300x300.jpg 300w, https:\/\/lavule.com\/wp-content\/uploads\/2023\/06\/Lavule-01-150x150.jpg 150w, https:\/\/lavule.com\/wp-content\/uploads\/2023\/06\/Lavule-01-768x768.jpg 768w, https:\/\/lavule.com\/wp-content\/uploads\/2023\/06\/Lavule-01-12x12.jpg 12w, https:\/\/lavule.com\/wp-content\/uploads\/2023\/06\/Lavule-01-600x600.jpg 600w, https:\/\/lavule.com\/wp-content\/uploads\/2023\/06\/Lavule-01-100x100.jpg 100w\" sizes=\"auto, (max-width: 1000px) 100vw, 1000px\" \/><\/a><\/figure>\n\n\n\n<h4 class=\"wp-block-heading advgb-dyn-8953021a\" id=\"h-lavule-eye-serum\"><a href=\"https:\/\/lavuj.com\/produkt\/lavuj-retinol-serum\/\"><\/a><a href=\"https:\/\/lavule.com\/pl\/produkt\/surowica-do-plukania\/\">Lavule Serum pod Oczy<\/a><\/h4>\n\n\n\n<p style=\"font-size:16px\">Na Cienie pod Oczami &amp;<br>Na Worki pod Oczami<\/p>\n\n\n\n<p class=\"has-text-color\" style=\"color:#3168f3;font-size:15px\"><ins><span class=\"wcpbc-price wcpbc-price-293\" data-product-id=\"293\"><span class=\"woocommerce-Price-amount amount\"><bdi>59,00&nbsp;<span class=\"woocommerce-Price-currencySymbol\">\u20ac<\/span><\/bdi><\/span><\/span><\/ins><\/p>\n\n\n\n<div style=\"height:16px\" aria-hidden=\"true\" class=\"wp-block-spacer\"><\/div>\n\n\n\n<p><\/p>\n<\/div><\/div>\n\n\n\n<div class=\"wp-block-advgb-column advgb-column advgb-is-half-tablet advgb-is-full-mobile\" id=\"advgb-col-fde62d0f-cee2-4df7-acd0-a70b3797a201\"><div class=\"advgb-column-inner\" style=\"border-style:none;border-width:1px\">\n<figure class=\"wp-block-image aligncenter size-full advgb-dyn-3f83a00f\"><a href=\"https:\/\/lavule.com\/pl\/produkt\/lavule-2pack\/\"><img loading=\"lazy\" decoding=\"async\" width=\"1000\" height=\"1000\" src=\"https:\/\/lavule.com\/wp-content\/uploads\/2023\/06\/Lavule-02.jpg\" alt=\"Lavule\" class=\"wp-image-384\" srcset=\"https:\/\/lavule.com\/wp-content\/uploads\/2023\/06\/Lavule-02.jpg 1000w, https:\/\/lavule.com\/wp-content\/uploads\/2023\/06\/Lavule-02-300x300.jpg 300w, https:\/\/lavule.com\/wp-content\/uploads\/2023\/06\/Lavule-02-150x150.jpg 150w, https:\/\/lavule.com\/wp-content\/uploads\/2023\/06\/Lavule-02-768x768.jpg 768w, https:\/\/lavule.com\/wp-content\/uploads\/2023\/06\/Lavule-02-12x12.jpg 12w, https:\/\/lavule.com\/wp-content\/uploads\/2023\/06\/Lavule-02-600x600.jpg 600w, https:\/\/lavule.com\/wp-content\/uploads\/2023\/06\/Lavule-02-100x100.jpg 100w\" sizes=\"auto, (max-width: 1000px) 100vw, 1000px\" \/><\/a><\/figure>\n\n\n\n<h4 class=\"wp-block-heading advgb-dyn-1ff397e8\" id=\"h-lavule-eye-serum-2er-pack\"><a href=\"https:\/\/lavule.com\/pl\/produkt\/lavule-2pack\/\">Lavule Serum pod Oczy, zestaw 2 sztuk<\/a><\/h4>\n\n\n\n<p style=\"font-size:16px\">Na Cienie pod Oczami &amp;<br>Na Worki pod Oczami<\/p>\n\n\n\n<p class=\"has-text-color\" style=\"color:#3168f3;font-size:15px\"><span class=\"wcpbc-price wcpbc-price-389\" data-product-id=\"389\"><del aria-hidden=\"true\"><span class=\"woocommerce-Price-amount amount\"><bdi>118,00&nbsp;<span class=\"woocommerce-Price-currencySymbol\">\u20ac<\/span><\/bdi><\/span><\/del> <span class=\"screen-reader-text\" data-no-translation=\"\" data-trp-gettext=\"\">Pierwotna cena wynosi\u0142a: 118,00&nbsp;&euro;.<\/span><ins aria-hidden=\"true\"><span class=\"woocommerce-Price-amount amount\"><bdi>82,60&nbsp;<span class=\"woocommerce-Price-currencySymbol\">\u20ac<\/span><\/bdi><\/span><\/ins><span class=\"screen-reader-text\" data-no-translation=\"\" data-trp-gettext=\"\">Aktualna cena wynosi: 82,60&nbsp;&euro;.<\/span><\/span>\n\n\n\n<div style=\"height:16px\" aria-hidden=\"true\" class=\"wp-block-spacer\"><\/div>\n\n\n\n<p><\/p>\n<\/div><\/div>\n<\/div><\/div><\/div>\n\n\n\n<div style=\"height:103px\" aria-hidden=\"true\" class=\"wp-block-spacer\"><\/div>\n\n\n\n<figure class=\"wp-block-image aligncenter size-full is-resized advgb-dyn-7b6f730a\"><img loading=\"lazy\" decoding=\"async\" width=\"941\" height=\"83\" src=\"https:\/\/lavule.com\/wp-content\/uploads\/2022\/07\/22.jpg\" alt=\"\" class=\"wp-image-275\" style=\"width:292px;height:26px\" srcset=\"https:\/\/lavule.com\/wp-content\/uploads\/2022\/07\/22.jpg 941w, https:\/\/lavule.com\/wp-content\/uploads\/2022\/07\/22-300x26.jpg 300w, https:\/\/lavule.com\/wp-content\/uploads\/2022\/07\/22-768x68.jpg 768w, https:\/\/lavule.com\/wp-content\/uploads\/2022\/07\/22-18x2.jpg 18w, https:\/\/lavule.com\/wp-content\/uploads\/2022\/07\/22-600x53.jpg 600w\" sizes=\"auto, (max-width: 941px) 100vw, 941px\" \/><\/figure>\n<style class=\"advgb-styles-renderer\">#advgb-col-31dc28c8-42f2-42b8-97bb-0b19a56fcb1d>.advgb-column-inner{}@media screen and (max-width: 1023px) {#advgb-col-31dc28c8-42f2-42b8-97bb-0b19a56fcb1d>.advgb-column-inner{}}@media screen and (max-width: 767px) {#advgb-col-31dc28c8-42f2-42b8-97bb-0b19a56fcb1d>.advgb-column-inner{}}#advgb-col-fde62d0f-cee2-4df7-acd0-a70b3797a201>.advgb-column-inner{}@media screen and (max-width: 1023px) {#advgb-col-fde62d0f-cee2-4df7-acd0-a70b3797a201>.advgb-column-inner{}}@media screen and (max-width: 767px) {#advgb-col-fde62d0f-cee2-4df7-acd0-a70b3797a201>.advgb-column-inner{}}#advgb-cols-af87a28b-6763-4abf-ac88-342af9cbed01{}@media screen and (max-width: 1023px) {#advgb-cols-af87a28b-6763-4abf-ac88-342af9cbed01{}}@media screen and (max-width: 767px) {#advgb-cols-af87a28b-6763-4abf-ac88-342af9cbed01{}}#advgb-col-31dc28c8-42f2-42b8-97bb-0b19a56fcb1d>.advgb-column-inner{}@media screen and (max-width: 1023px) {#advgb-col-31dc28c8-42f2-42b8-97bb-0b19a56fcb1d>.advgb-column-inner{}}@media screen and (max-width: 767px) {#advgb-col-31dc28c8-42f2-42b8-97bb-0b19a56fcb1d>.advgb-column-inner{}}#advgb-col-fde62d0f-cee2-4df7-acd0-a70b3797a201>.advgb-column-inner{}@media screen and (max-width: 1023px) {#advgb-col-fde62d0f-cee2-4df7-acd0-a70b3797a201>.advgb-column-inner{}}@media screen and (max-width: 767px) {#advgb-col-fde62d0f-cee2-4df7-acd0-a70b3797a201>.advgb-column-inner{}}<\/style>","protected":false},"excerpt":{"rendered":"<p>Maximale Wirksamkeit durch liposomale &amp; fermentierte Formel<\/p>","protected":false},"author":1,"featured_media":0,"parent":0,"menu_order":0,"comment_status":"closed","ping_status":"closed","template":"","meta":{"_uag_custom_page_level_css":"","advgb_blocks_editor_width":"","advgb_blocks_columns_visual_guide":"","site-sidebar-layout":"default","site-content-layout":"","ast-site-content-layout":"default","site-content-style":"default","site-sidebar-style":"default","ast-global-header-display":"","ast-banner-title-visibility":"","ast-main-header-display":"","ast-hfb-above-header-display":"","ast-hfb-below-header-display":"","ast-hfb-mobile-header-display":"","site-post-title":"disabled","ast-breadcrumbs-content":"","ast-featured-img":"","footer-sml-layout":"","ast-disable-related-posts":"","theme-transparent-header-meta":"","adv-header-id-meta":"","stick-header-meta":"","header-above-stick-meta":"","header-main-stick-meta":"","header-below-stick-meta":"","astra-migrate-meta-layouts":"set","ast-page-background-enabled":"default","ast-page-background-meta":{"desktop":{"background-color":"","background-image":"","background-repeat":"repeat","background-position":"center center","background-size":"auto","background-attachment":"scroll","background-type":"","background-media":"","overlay-type":"","overlay-color":"","overlay-opacity":"","overlay-gradient":""},"tablet":{"background-color":"","background-image":"","background-repeat":"repeat","background-position":"center center","background-size":"auto","background-attachment":"scroll","background-type":"","background-media":"","overlay-type":"","overlay-color":"","overlay-opacity":"","overlay-gradient":""},"mobile":{"background-color":"","background-image":"","background-repeat":"repeat","background-position":"center center","background-size":"auto","background-attachment":"scroll","background-type":"","background-media":"","overlay-type":"","overlay-color":"","overlay-opacity":"","overlay-gradient":""}},"ast-content-background-meta":{"desktop":{"background-color":"var(--ast-global-color-5)","background-image":"","background-repeat":"repeat","background-position":"center center","background-size":"auto","background-attachment":"scroll","background-type":"","background-media":"","overlay-type":"","overlay-color":"","overlay-opacity":"","overlay-gradient":""},"tablet":{"background-color":"var(--ast-global-color-5)","background-image":"","background-repeat":"repeat","background-position":"center center","background-size":"auto","background-attachment":"scroll","background-type":"","background-media":"","overlay-type":"","overlay-color":"","overlay-opacity":"","overlay-gradient":""},"mobile":{"background-color":"var(--ast-global-color-5)","background-image":"","background-repeat":"repeat","background-position":"center center","background-size":"auto","background-attachment":"scroll","background-type":"","background-media":"","overlay-type":"","overlay-color":"","overlay-opacity":"","overlay-gradient":""}},"footnotes":""},"class_list":["post-270","page","type-page","status-publish","hentry"],"featured_image_src":null,"yoast_head":"<!-- This site is optimized with the Yoast SEO Premium plugin v23.4 (Yoast SEO v26.6) - https:\/\/yoast.com\/wordpress\/plugins\/seo\/ -->\n<title>Lavule Augenserum kaufen: Im Online Shop bestellen!<\/title>\n<meta name=\"description\" content=\"Lavule Augenringe &amp; Tr\u00e4nens\u00e4cke Serum f\u00fcr Frauen und M\u00e4nner. Bestellen Sie jetzt das nat\u00fcrliche Mittel gegen Augenringe.\" \/>\n<meta name=\"robots\" content=\"index, follow, max-snippet:-1, max-image-preview:large, max-video-preview:-1\" \/>\n<link rel=\"canonical\" href=\"https:\/\/lavule.com\/pl\/produkty\/\" \/>\n<meta property=\"og:locale\" content=\"pl_PL\" \/>\n<meta property=\"og:type\" content=\"article\" \/>\n<meta property=\"og:title\" content=\"Produkte\" \/>\n<meta property=\"og:description\" content=\"Lavule Augenringe &amp; Tr\u00e4nens\u00e4cke Serum f\u00fcr Frauen und M\u00e4nner. Bestellen Sie jetzt das nat\u00fcrliche Mittel gegen Augenringe.\" \/>\n<meta property=\"og:url\" content=\"https:\/\/lavule.com\/pl\/produkty\/\" \/>\n<meta property=\"og:site_name\" content=\"Lavule\" \/>\n<meta property=\"article:modified_time\" content=\"2023-10-24T12:49:45+00:00\" \/>\n<meta property=\"og:image\" content=\"https:\/\/lavule.com\/wp-content\/uploads\/2023\/06\/Lavule-Serum-01.jpg\" \/>\n<meta name=\"twitter:card\" content=\"summary_large_image\" \/>\n<meta name=\"twitter:label1\" content=\"Szacowany czas czytania\" \/>\n\t<meta name=\"twitter:data1\" content=\"2 minuty\" \/>\n<script type=\"application\/ld+json\" class=\"yoast-schema-graph\">{\"@context\":\"https:\/\/schema.org\",\"@graph\":[{\"@type\":\"WebPage\",\"@id\":\"https:\/\/lavule.com\/produkte\/\",\"url\":\"https:\/\/lavule.com\/produkte\/\",\"name\":\"Lavule Augenserum kaufen: Im Online Shop bestellen!\",\"isPartOf\":{\"@id\":\"https:\/\/lavule.com\/de\/#website\"},\"primaryImageOfPage\":{\"@id\":\"https:\/\/lavule.com\/produkte\/#primaryimage\"},\"image\":{\"@id\":\"https:\/\/lavule.com\/produkte\/#primaryimage\"},\"thumbnailUrl\":\"https:\/\/lavule.com\/wp-content\/uploads\/2023\/06\/Lavule-Serum-01.jpg\",\"datePublished\":\"2022-07-20T09:56:42+00:00\",\"dateModified\":\"2023-10-24T12:49:45+00:00\",\"description\":\"Lavule Augenringe & Tr\u00e4nens\u00e4cke Serum f\u00fcr Frauen und M\u00e4nner. Bestellen Sie jetzt das nat\u00fcrliche Mittel gegen Augenringe.\",\"breadcrumb\":{\"@id\":\"https:\/\/lavule.com\/produkte\/#breadcrumb\"},\"inLanguage\":\"pl-PL\",\"potentialAction\":[{\"@type\":\"ReadAction\",\"target\":[\"https:\/\/lavule.com\/produkte\/\"]}]},{\"@type\":\"ImageObject\",\"inLanguage\":\"pl-PL\",\"@id\":\"https:\/\/lavule.com\/produkte\/#primaryimage\",\"url\":\"https:\/\/lavule.com\/wp-content\/uploads\/2023\/06\/Lavule-Serum-01.jpg\",\"contentUrl\":\"https:\/\/lavule.com\/wp-content\/uploads\/2023\/06\/Lavule-Serum-01.jpg\"},{\"@type\":\"BreadcrumbList\",\"@id\":\"https:\/\/lavule.com\/produkte\/#breadcrumb\",\"itemListElement\":[{\"@type\":\"ListItem\",\"position\":1,\"name\":\"LAVULE\",\"item\":\"https:\/\/lavule.com\/\"},{\"@type\":\"ListItem\",\"position\":2,\"name\":\"Produkte\"}]},{\"@type\":\"WebSite\",\"@id\":\"https:\/\/lavule.com\/de\/#website\",\"url\":\"https:\/\/lavule.com\/de\/\",\"name\":\"Lavule\",\"description\":\"Augenringe Serum\",\"publisher\":{\"@id\":\"https:\/\/lavule.com\/de\/#organization\"},\"potentialAction\":[{\"@type\":\"SearchAction\",\"target\":{\"@type\":\"EntryPoint\",\"urlTemplate\":\"https:\/\/lavule.com\/de\/?s={search_term_string}\"},\"query-input\":{\"@type\":\"PropertyValueSpecification\",\"valueRequired\":true,\"valueName\":\"search_term_string\"}}],\"inLanguage\":\"pl-PL\"},{\"@type\":\"Organization\",\"@id\":\"https:\/\/lavule.com\/de\/#organization\",\"name\":\"Lavule\",\"url\":\"https:\/\/lavule.com\/de\/\",\"logo\":{\"@type\":\"ImageObject\",\"inLanguage\":\"pl-PL\",\"@id\":\"https:\/\/lavule.com\/de\/#\/schema\/logo\/image\/\",\"url\":\"https:\/\/lavule.com\/wp-content\/uploads\/2021\/11\/cropped-Lavule.png\",\"contentUrl\":\"https:\/\/lavule.com\/wp-content\/uploads\/2021\/11\/cropped-Lavule.png\",\"width\":243,\"height\":96,\"caption\":\"Lavule\"},\"image\":{\"@id\":\"https:\/\/lavule.com\/de\/#\/schema\/logo\/image\/\"},\"sameAs\":[\"https:\/\/www.instagram.com\/lavule_official\/\"]}]}<\/script>\n<!-- \/ Yoast SEO Premium plugin. -->","yoast_head_json":{"title":"Kup Serum pod Oczy Lavule: Zam\u00f3w w naszym sklepie internetowym!","description":"Lavule Serum na Cienie &amp; Worki pod Oczami dla kobiet i m\u0119\u017cczyzn. Zam\u00f3w naturalny Serum pod Oczy na Cienie pod Oczami ju\u017c teraz.","robots":{"index":"index","follow":"follow","max-snippet":"max-snippet:-1","max-image-preview":"max-image-preview:large","max-video-preview":"max-video-preview:-1"},"canonical":"https:\/\/lavule.com\/pl\/produkty\/","og_locale":"pl_PL","og_type":"article","og_title":"Produkte","og_description":"Lavule Augenringe & Tr\u00e4nens\u00e4cke Serum f\u00fcr Frauen und M\u00e4nner. Bestellen Sie jetzt das nat\u00fcrliche Mittel gegen Augenringe.","og_url":"https:\/\/lavule.com\/pl\/produkty\/","og_site_name":"Lavule","article_modified_time":"2023-10-24T12:49:45+00:00","og_image":[{"url":"https:\/\/lavule.com\/wp-content\/uploads\/2023\/06\/Lavule-Serum-01.jpg","type":"","width":"","height":""}],"twitter_card":"summary_large_image","twitter_misc":{"Szacowany czas czytania":"2 minuty"},"schema":{"@context":"https:\/\/schema.org","@graph":[{"@type":"WebPage","@id":"https:\/\/lavule.com\/produkte\/","url":"https:\/\/lavule.com\/produkte\/","name":"Kup Serum pod Oczy Lavule: Zam\u00f3w w naszym sklepie internetowym!","isPartOf":{"@id":"https:\/\/lavule.com\/de\/#website"},"primaryImageOfPage":{"@id":"https:\/\/lavule.com\/produkte\/#primaryimage"},"image":{"@id":"https:\/\/lavule.com\/produkte\/#primaryimage"},"thumbnailUrl":"https:\/\/lavule.com\/wp-content\/uploads\/2023\/06\/Lavule-Serum-01.jpg","datePublished":"2022-07-20T09:56:42+00:00","dateModified":"2023-10-24T12:49:45+00:00","description":"Lavule Serum na Cienie &amp; Worki pod Oczami dla kobiet i m\u0119\u017cczyzn. Zam\u00f3w naturalny Serum pod Oczy na Cienie pod Oczami ju\u017c teraz.","breadcrumb":{"@id":"https:\/\/lavule.com\/produkte\/#breadcrumb"},"inLanguage":"pl-PL","potentialAction":[{"@type":"ReadAction","target":["https:\/\/lavule.com\/produkte\/"]}]},{"@type":"ImageObject","inLanguage":"pl-PL","@id":"https:\/\/lavule.com\/produkte\/#primaryimage","url":"https:\/\/lavule.com\/wp-content\/uploads\/2023\/06\/Lavule-Serum-01.jpg","contentUrl":"https:\/\/lavule.com\/wp-content\/uploads\/2023\/06\/Lavule-Serum-01.jpg"},{"@type":"BreadcrumbList","@id":"https:\/\/lavule.com\/produkte\/#breadcrumb","itemListElement":[{"@type":"ListItem","position":1,"name":"LAVULE","item":"https:\/\/lavule.com\/"},{"@type":"ListItem","position":2,"name":"Produkte"}]},{"@type":"WebSite","@id":"https:\/\/lavule.com\/de\/#website","url":"https:\/\/lavule.com\/de\/","name":"Lavule","description":"Serum pod oczy","publisher":{"@id":"https:\/\/lavule.com\/de\/#organization"},"potentialAction":[{"@type":"SearchAction","target":{"@type":"EntryPoint","urlTemplate":"https:\/\/lavule.com\/de\/?s={search_term_string}"},"query-input":{"@type":"PropertyValueSpecification","valueRequired":true,"valueName":"search_term_string"}}],"inLanguage":"pl-PL"},{"@type":"Organization","@id":"https:\/\/lavule.com\/de\/#organization","name":"Lavule","url":"https:\/\/lavule.com\/de\/","logo":{"@type":"ImageObject","inLanguage":"pl-PL","@id":"https:\/\/lavule.com\/de\/#\/schema\/logo\/image\/","url":"https:\/\/lavule.com\/wp-content\/uploads\/2021\/11\/cropped-Lavule.png","contentUrl":"https:\/\/lavule.com\/wp-content\/uploads\/2021\/11\/cropped-Lavule.png","width":243,"height":96,"caption":"Lavule"},"image":{"@id":"https:\/\/lavule.com\/de\/#\/schema\/logo\/image\/"},"sameAs":["https:\/\/www.instagram.com\/lavule_official\/"]}]}},"uagb_featured_image_src":{"full":false,"thumbnail":false,"medium":false,"medium_large":false,"large":false,"1536x1536":false,"2048x2048":false,"trp-custom-language-flag":false,"woocommerce_thumbnail":false,"woocommerce_single":false,"woocommerce_gallery_thumbnail":false},"uagb_author_info":{"display_name":"Kerem085","author_link":"https:\/\/lavule.com\/pl\/author\/kerem085\/"},"uagb_comment_info":0,"uagb_excerpt":"Maximale Wirksamkeit durch liposomale &amp; fermentierte Formel","coauthors":[],"author_meta":{"author_link":"https:\/\/lavule.com\/pl\/author\/kerem085\/","display_name":"Kerem085"},"relative_dates":{"created":"Posted 4 lata ago","modified":"Updated 2 lata ago"},"absolute_dates":{"created":"Posted on 20 lipca, 2022","modified":"Updated on 24 pa\u017adziernika, 2023"},"absolute_dates_time":{"created":"Posted on 20 lipca, 2022 9:56 am","modified":"Updated on 24 pa\u017adziernika, 2023 2:49 pm"},"featured_img_caption":"","featured_img":false,"series_order":"","_links":{"self":[{"href":"https:\/\/lavule.com\/pl\/wp-json\/wp\/v2\/pages\/270","targetHints":{"allow":["GET"]}}],"collection":[{"href":"https:\/\/lavule.com\/pl\/wp-json\/wp\/v2\/pages"}],"about":[{"href":"https:\/\/lavule.com\/pl\/wp-json\/wp\/v2\/types\/page"}],"author":[{"embeddable":true,"href":"https:\/\/lavule.com\/pl\/wp-json\/wp\/v2\/users\/1"}],"replies":[{"embeddable":true,"href":"https:\/\/lavule.com\/pl\/wp-json\/wp\/v2\/comments?post=270"}],"version-history":[{"count":35,"href":"https:\/\/lavule.com\/pl\/wp-json\/wp\/v2\/pages\/270\/revisions"}],"predecessor-version":[{"id":1198,"href":"https:\/\/lavule.com\/pl\/wp-json\/wp\/v2\/pages\/270\/revisions\/1198"}],"wp:attachment":[{"href":"https:\/\/lavule.com\/pl\/wp-json\/wp\/v2\/media?parent=270"}],"curies":[{"name":"wp","href":"https:\/\/api.w.org\/{rel}","templated":true}]}}