{"id":14,"date":"2021-09-27T05:23:42","date_gmt":"2021-09-27T05:23:42","guid":{"rendered":"https:\/\/lavule.com\/?page_id=14"},"modified":"2023-06-27T10:02:47","modified_gmt":"2023-06-27T10:02:47","slug":"agb","status":"publish","type":"page","link":"https:\/\/lavule.com\/it\/agb\/","title":{"rendered":"GT&amp;C"},"content":{"rendered":"<p><strong>Termini e condizioni generali e informazioni per i clienti<\/strong><\/p>\n\n\n\n<p>I. Termini e condizioni generali<\/p>\n\n\n\n<p>\u00a7 1 Disposizioni di base<\/p>\n\n\n\n<p>(1) I seguenti termini e condizioni si applicano a tutti i contratti che l'utente stipula con noi in qualit\u00e0 di fornitore (Lavule) attraverso il sito web www.lavule.com. Se non diversamente concordato, \u00e8 vietata l'inclusione di termini e condizioni propri che l'utente potrebbe utilizzare.<\/p>\n\n\n\n<p>(2) Un consumatore ai sensi delle seguenti disposizioni \u00e8 una persona fisica che conclude un negozio giuridico per scopi che non possono essere prevalentemente attribuiti n\u00e9 alla sua attivit\u00e0 commerciale n\u00e9 alla sua attivit\u00e0 professionale indipendente. Un imprenditore \u00e8 una persona fisica o giuridica o una societ\u00e0 di persone con capacit\u00e0 giuridica che, nel concludere un negozio giuridico, agisce nell'esercizio della propria attivit\u00e0 professionale o commerciale indipendente.<\/p>\n\n\n\n<p>\u00a7 2 Conclusione del contratto<\/p>\n\n\n\n<p>(1) L'oggetto del contratto \u00e8 la vendita di beni.<\/p>\n\n\n\n<p>(2) Con l'inserimento del prodotto in questione sul nostro sito web, vi sottoponiamo un'offerta vincolante per la stipula di un contratto alle condizioni indicate nella descrizione dell'articolo.<\/p>\n\n\n\n<p>(3) Il contratto viene stipulato tramite il sistema del carrello online come segue:<br>La merce destinata all'acquisto viene inserita nel \"carrello\". \u00c8 possibile richiamare il \"carrello\" tramite il pulsante corrispondente nella barra di navigazione e apportarvi modifiche in qualsiasi momento.<br>Dopo aver richiamato la pagina \"Checkout\" e aver inserito i dati personali e le condizioni di pagamento e spedizione, tutti i dati dell'ordine vengono infine visualizzati nuovamente nella pagina di riepilogo dell'ordine.<br>Se utilizzate un sistema di pagamento istantaneo (ad esempio PayPal \/ PayPal Express \/ PayPal Plus, Amazon Payments, Postpay, Sofort\u00fcberweisung) come metodo di pagamento, verrete portati alla pagina di riepilogo dell'ordine nel nostro negozio online oppure verrete prima reindirizzati al sito web del fornitore del sistema di pagamento istantaneo.<br>Se si viene reindirizzati al rispettivo sistema di pagamento istantaneo, effettuare la selezione corrispondente o inserire i propri dati. Infine, sarete reindirizzati al nostro negozio online alla pagina di riepilogo dell'ordine.<br>Prima di inviare l'ordine, avete la possibilit\u00e0 di controllare nuovamente tutti i dati, di modificarli (anche tramite la funzione \"indietro\" del browser internet) o di annullare l'acquisto.<br>Inviando l'ordine tramite il pulsante \"Acquista ora\", si dichiara l'accettazione legalmente vincolante dell'offerta, con la quale si conclude il contratto.<\/p>\n\n\n\n<p>(4) Le vostre richieste di preparazione di un'offerta non sono vincolanti per voi. Vi sottoporremo un'offerta vincolante in forma di testo (ad esempio via e-mail), che potrete accettare entro 5 giorni.<\/p>\n\n\n\n<p>(5) L'elaborazione dell'ordine e la trasmissione di tutte le informazioni necessarie per la conclusione del contratto avvengono per e-mail, in parte automaticamente. Dovete quindi assicurarvi che l'indirizzo e-mail che ci avete fornito sia corretto, che la ricezione delle e-mail sia tecnicamente garantita e, in particolare, che non sia impedita dai filtri SPAM.<\/p>\n\n\n\n<p>\u00a7 3 Durata del contratto \/ Risoluzione<\/p>\n\n\n\n<p>Se il contratto riguarda servizi ricorrenti\/permanenti (abbonamento), il contratto \u00e8 stipulato a tempo indeterminato. Ciascuna delle parti del contratto ha il diritto di recedere dal contratto senza preavviso fino alla data di consegna successiva, senza indicarne i motivi. Il diritto alla risoluzione straordinaria per giusta causa, in particolare per la ripetuta violazione dei principali obblighi contrattuali, rimane inalterato.<\/p>\n\n\n\n<p>La disdetta pu\u00f2 essere effettuata nel conto cliente tramite la voce di menu \"Abbonamento\" e l\u00ec tramite il \"Modulo di disdetta\" o in forma di testo (per posta o per e-mail).<\/p>\n\n\n\n<p>\u00a7 4 Diritto di ritenzione, riserva di propriet\u00e0<\/p>\n\n\n\n<p>(1) Il diritto di ritenzione pu\u00f2 essere esercitato solo se riguarda crediti derivanti dallo stesso rapporto contrattuale.<\/p>\n\n\n\n<p>(2) La merce rimane di nostra propriet\u00e0 fino al completo pagamento del prezzo di acquisto.<\/p>\n\n\n\n<p>\u00a7 5 Responsabilit\u00e0<\/p>\n\n\n\n<p>(1) Siamo responsabili in ogni caso senza limitazioni per i danni derivanti da lesioni alla vita, all'integrit\u00e0 fisica o alla salute. Inoltre, saremo responsabili senza limitazioni in tutti i casi di dolo e colpa grave, in caso di occultamento fraudolento di un difetto, in caso di assunzione di una garanzia per la qualit\u00e0 dell'oggetto di acquisto e in tutti gli altri casi regolati dalla legge.<\/p>\n\n\n\n<p>(2) La responsabilit\u00e0 per i difetti nell'ambito della garanzia legale \u00e8 disciplinata dalla relativa disposizione nelle nostre informazioni per i clienti (Parte II).<\/p>\n\n\n\n<p>(3) Nel caso in cui siano coinvolti obblighi contrattuali essenziali, la nostra responsabilit\u00e0 per negligenza lieve sar\u00e0 limitata al danno prevedibile tipico del contratto. Per obblighi contrattuali rilevanti si intendono gli obblighi materiali che derivano dalla natura del contratto e la cui violazione metterebbe a rischio il raggiungimento dello scopo del contratto, nonch\u00e9 gli obblighi che il contratto ci impone in base al suo contenuto per il raggiungimento dello scopo del contratto, il cui adempimento rende possibile in primo luogo la corretta esecuzione del contratto e sul cui rispetto potete regolarmente fare affidamento.<\/p>\n\n\n\n<p>(4) In caso di violazione di obblighi contrattuali non rilevanti, la responsabilit\u00e0 \u00e8 esclusa in caso di violazione degli obblighi per negligenza lieve.<\/p>\n\n\n\n<p>(5) Non \u00e8 possibile garantire che la comunicazione dei dati via Internet sia priva di errori e\/o disponibile in qualsiasi momento secondo lo stato attuale della tecnica. A questo proposito, non siamo responsabili della disponibilit\u00e0 costante e ininterrotta del sito web e del servizio offerto.<\/p>\n\n\n\n<p>\u00a7 6 Scelta della legge, luogo di esecuzione, foro competente<\/p>\n\n\n\n<p>(1) Si applica il diritto tedesco. Nel caso dei consumatori, questa scelta di legge si applicher\u00e0 solo nella misura in cui la protezione garantita dalle disposizioni imperative della legge dello Stato in cui il consumatore risiede abitualmente non venga revocata di conseguenza (principio del favor rei).<\/p>\n\n\n\n<p>(2) Il luogo di esecuzione di tutte le prestazioni derivanti dai rapporti commerciali in essere con noi, nonch\u00e9 il foro competente, \u00e8 la nostra sede legale, nella misura in cui non siate un consumatore ma un commerciante, una persona giuridica di diritto pubblico o un fondo speciale di diritto pubblico. Lo stesso vale se non avete un foro generale in Germania o nell'UE o se il vostro luogo di residenza o di dimora abituale \u00e8 sconosciuto al momento dell'azione. Resta fermo il diritto di adire anche il tribunale di un altro foro competente previsto dalla legge.<\/p>\n\n\n\n<p>(3) Non si applicano espressamente le disposizioni della Convenzione delle Nazioni Unite sui contratti di vendita internazionale di merci.<\/p>\n\n\n\n<p>_______<\/p>\n\n\n\n<p>II. Informazioni sul cliente<\/p>\n\n\n\n<p>1. Identit\u00e0 del venditore<\/p>\n\n\n\n<figure class=\"wp-block-image size-full is-resized\"><img loading=\"lazy\" decoding=\"async\" src=\"https:\/\/lavule.com\/wp-content\/uploads\/2023\/06\/Press.png\" alt=\"\" class=\"wp-image-514\" width=\"248\" height=\"176\" srcset=\"https:\/\/lavule.com\/wp-content\/uploads\/2023\/06\/Press.png 549w, https:\/\/lavule.com\/wp-content\/uploads\/2023\/06\/Press-300x213.png 300w, https:\/\/lavule.com\/wp-content\/uploads\/2023\/06\/Press-18x12.png 18w\" sizes=\"auto, (max-width: 248px) 100vw, 248px\" \/><\/figure>\n\n\n\n<p>La Commissione europea mette a disposizione una piattaforma per la risoluzione extragiudiziale delle controversie online (piattaforma ODR), accessibile all'indirizzo&nbsp;<a href=\"http:\/\/ec.europa.eu\/odr\" target=\"_blank\" rel=\"noreferrer noopener\">http:\/\/ec.europa.eu\/odr<\/a>.<\/p>\n\n\n\n<p>2. Informazioni sulla conclusione del contratto<\/p>\n\n\n\n<p>Le fasi tecniche per la stipula del contratto, la stipula del contratto stesso e le opzioni di correzione vengono eseguite in conformit\u00e0 al \u00a7 2 delle nostre Condizioni Generali di Contratto (Parte I.).<\/p>\n\n\n\n<p>3. Lingua del contratto, memorizzazione del testo del contratto<\/p>\n\n\n\n<p>3.1. La lingua contrattuale \u00e8 l'inglese.<\/p>\n\n\n\n<p>3.2 Il testo completo del contratto non verr\u00e0 memorizzato da noi. Prima di inviare l'ordine tramite il sistema di carrello online, i dati del contratto possono essere stampati o salvati elettronicamente tramite la funzione di stampa del browser. Dopo la ricezione dell'ordine da parte nostra, i dati dell'ordine, le informazioni richieste dalla legge per i contratti a distanza e le Condizioni generali di contratto vi saranno nuovamente inviati per e-mail.<\/p>\n\n\n\n<p>3.3 In caso di richieste di offerta al di fuori del sistema di carrello online, riceverete tutti i dati contrattuali come parte di un'offerta vincolante in forma di testo, ad esempio via e-mail, che potrete stampare o salvare elettronicamente.<\/p>\n\n\n\n<p>4. Caratteristiche essenziali dei beni o servizi<\/p>\n\n\n\n<p>Le caratteristiche essenziali dei beni e\/o servizi sono riportate nella rispettiva offerta.<\/p>\n\n\n\n<p>5. Prezzi e modalit\u00e0 di pagamento<\/p>\n\n\n\n<p>5.1 I prezzi indicati nelle rispettive offerte e le spese di spedizione rappresentano i prezzi totali. I prezzi includono tutti i componenti del prezzo, comprese tutte le tasse applicabili.<\/p>\n\n\n\n<p>5.2 Le spese di spedizione sostenute non sono incluse nel prezzo di acquisto. Questi possono essere richiamati tramite un apposito pulsante sul nostro sito web o nella rispettiva offerta, sono indicati separatamente nel corso del processo di ordinazione e sono a carico del cliente, a meno che non sia stata promessa la consegna gratuita.<\/p>\n\n\n\n<p>5.3 Le modalit\u00e0 di pagamento a disposizione dell'utente sono indicate in un apposito pulsante sul nostro sito web o nella rispettiva offerta.<\/p>\n\n\n\n<p>5.4 Se non diversamente indicato nelle singole modalit\u00e0 di pagamento, le richieste di pagamento derivanti dal contratto concluso sono esigibili immediatamente.<\/p>\n\n\n\n<p>6. Condizioni di consegna<\/p>\n\n\n\n<p>6.1 I termini e le condizioni di consegna, la data di consegna e le eventuali limitazioni alla consegna sono riportati in un apposito pulsante del nostro sito web o nella rispettiva offerta.<\/p>\n\n\n\n<p>6.2 Se siete un consumatore, la legge prevede che il rischio di perdita accidentale e di deterioramento accidentale dell'oggetto venduto durante la spedizione passi a voi solo al momento della consegna della merce, indipendentemente dal fatto che la spedizione sia assicurata o non assicurata. Ci\u00f2 non si applica se avete incaricato autonomamente un'impresa di trasporto non nominata dall'imprenditore o una persona altrimenti designata per effettuare la spedizione.<\/p>\n\n\n\n<p>7. Responsabilit\u00e0 legale per i difetti<\/p>\n\n\n\n<p>7.1 Si applicano i diritti di responsabilit\u00e0 previsti dalla legge per i difetti.<\/p>\n\n\n\n<p>7.2 In qualit\u00e0 di consumatore, siete tenuti a controllare la merce immediatamente dopo la consegna per verificarne la completezza, i difetti evidenti e i danni da trasporto e a notificare a noi e al vettore eventuali reclami nel pi\u00f9 breve tempo possibile. L'inosservanza di questa norma non avr\u00e0 alcun effetto sui diritti di garanzia previsti dalla legge.<\/p>","protected":false},"excerpt":{"rendered":"<p>Allgemeine Gesch\u00e4ftsbedingungen und Kundeninformationen I. Allgemeine Gesch\u00e4ftsbedingungen \u00a7 1 Grundlegende Bestimmungen (1) Die nachstehenden Gesch\u00e4ftsbedingungen gelten f\u00fcr alle Vertr\u00e4ge, die Sie mit uns als Anbieter (Lavule) \u00fcber die Internetseite www.lavule.com [&hellip;]<\/p>","protected":false},"author":1,"featured_media":0,"parent":0,"menu_order":0,"comment_status":"closed","ping_status":"closed","template":"","meta":{"_uag_custom_page_level_css":"","advgb_blocks_editor_width":"","advgb_blocks_columns_visual_guide":"","site-sidebar-layout":"default","site-content-layout":"default","ast-site-content-layout":"default","site-content-style":"default","site-sidebar-style":"default","ast-global-header-display":"","ast-banner-title-visibility":"","ast-main-header-display":"","ast-hfb-above-header-display":"","ast-hfb-below-header-display":"","ast-hfb-mobile-header-display":"","site-post-title":"","ast-breadcrumbs-content":"","ast-featured-img":"","footer-sml-layout":"","ast-disable-related-posts":"","theme-transparent-header-meta":"default","adv-header-id-meta":"","stick-header-meta":"default","header-above-stick-meta":"","header-main-stick-meta":"","header-below-stick-meta":"","astra-migrate-meta-layouts":"default","ast-page-background-enabled":"default","ast-page-background-meta":{"desktop":{"background-color":"","background-image":"","background-repeat":"repeat","background-position":"center center","background-size":"auto","background-attachment":"scroll","background-type":"","background-media":"","overlay-type":"","overlay-color":"","overlay-opacity":"","overlay-gradient":""},"tablet":{"background-color":"","background-image":"","background-repeat":"repeat","background-position":"center center","background-size":"auto","background-attachment":"scroll","background-type":"","background-media":"","overlay-type":"","overlay-color":"","overlay-opacity":"","overlay-gradient":""},"mobile":{"background-color":"","background-image":"","background-repeat":"repeat","background-position":"center center","background-size":"auto","background-attachment":"scroll","background-type":"","background-media":"","overlay-type":"","overlay-color":"","overlay-opacity":"","overlay-gradient":""}},"ast-content-background-meta":{"desktop":{"background-color":"var(--ast-global-color-5)","background-image":"","background-repeat":"repeat","background-position":"center center","background-size":"auto","background-attachment":"scroll","background-type":"","background-media":"","overlay-type":"","overlay-color":"","overlay-opacity":"","overlay-gradient":""},"tablet":{"background-color":"var(--ast-global-color-5)","background-image":"","background-repeat":"repeat","background-position":"center center","background-size":"auto","background-attachment":"scroll","background-type":"","background-media":"","overlay-type":"","overlay-color":"","overlay-opacity":"","overlay-gradient":""},"mobile":{"background-color":"var(--ast-global-color-5)","background-image":"","background-repeat":"repeat","background-position":"center center","background-size":"auto","background-attachment":"scroll","background-type":"","background-media":"","overlay-type":"","overlay-color":"","overlay-opacity":"","overlay-gradient":""}},"footnotes":""},"class_list":["post-14","page","type-page","status-publish","hentry"],"featured_image_src":null,"yoast_head":"<!-- This site is optimized with the Yoast SEO Premium plugin v23.4 (Yoast SEO v26.6) - https:\/\/yoast.com\/wordpress\/plugins\/seo\/ -->\n<title>AGB - Lavule<\/title>\n<meta name=\"robots\" content=\"noindex, nofollow\" \/>\n<meta property=\"og:locale\" content=\"it_IT\" \/>\n<meta property=\"og:type\" content=\"article\" \/>\n<meta property=\"og:title\" content=\"AGB\" \/>\n<meta property=\"og:description\" content=\"Allgemeine Gesch\u00e4ftsbedingungen und Kundeninformationen I. Allgemeine Gesch\u00e4ftsbedingungen \u00a7 1 Grundlegende Bestimmungen (1) Die nachstehenden Gesch\u00e4ftsbedingungen gelten f\u00fcr alle Vertr\u00e4ge, die Sie mit uns als Anbieter (Lavule) \u00fcber die Internetseite www.lavule.com [&hellip;]\" \/>\n<meta property=\"og:url\" content=\"https:\/\/lavule.com\/it\/agb\/\" \/>\n<meta property=\"og:site_name\" content=\"Lavule\" \/>\n<meta property=\"article:modified_time\" content=\"2023-06-27T10:02:47+00:00\" \/>\n<meta property=\"og:image\" content=\"https:\/\/lavule.com\/wp-content\/uploads\/2023\/06\/Press.png\" \/>\n<meta name=\"twitter:card\" content=\"summary_large_image\" \/>\n<meta name=\"twitter:label1\" content=\"Tempo di lettura stimato\" \/>\n\t<meta name=\"twitter:data1\" content=\"8 minuti\" \/>\n<script type=\"application\/ld+json\" class=\"yoast-schema-graph\">{\"@context\":\"https:\/\/schema.org\",\"@graph\":[{\"@type\":\"WebPage\",\"@id\":\"https:\/\/lavule.com\/agb\/\",\"url\":\"https:\/\/lavule.com\/agb\/\",\"name\":\"AGB - Lavule\",\"isPartOf\":{\"@id\":\"https:\/\/lavule.com\/de\/#website\"},\"primaryImageOfPage\":{\"@id\":\"https:\/\/lavule.com\/agb\/#primaryimage\"},\"image\":{\"@id\":\"https:\/\/lavule.com\/agb\/#primaryimage\"},\"thumbnailUrl\":\"https:\/\/lavule.com\/wp-content\/uploads\/2023\/06\/Press.png\",\"datePublished\":\"2021-09-27T05:23:42+00:00\",\"dateModified\":\"2023-06-27T10:02:47+00:00\",\"breadcrumb\":{\"@id\":\"https:\/\/lavule.com\/agb\/#breadcrumb\"},\"inLanguage\":\"it-IT\",\"potentialAction\":[{\"@type\":\"ReadAction\",\"target\":[\"https:\/\/lavule.com\/agb\/\"]}]},{\"@type\":\"ImageObject\",\"inLanguage\":\"it-IT\",\"@id\":\"https:\/\/lavule.com\/agb\/#primaryimage\",\"url\":\"https:\/\/lavule.com\/wp-content\/uploads\/2023\/06\/Press.png\",\"contentUrl\":\"https:\/\/lavule.com\/wp-content\/uploads\/2023\/06\/Press.png\"},{\"@type\":\"BreadcrumbList\",\"@id\":\"https:\/\/lavule.com\/agb\/#breadcrumb\",\"itemListElement\":[{\"@type\":\"ListItem\",\"position\":1,\"name\":\"LAVULE\",\"item\":\"https:\/\/lavule.com\/\"},{\"@type\":\"ListItem\",\"position\":2,\"name\":\"AGB\"}]},{\"@type\":\"WebSite\",\"@id\":\"https:\/\/lavule.com\/de\/#website\",\"url\":\"https:\/\/lavule.com\/de\/\",\"name\":\"Lavule\",\"description\":\"Augenringe Serum\",\"publisher\":{\"@id\":\"https:\/\/lavule.com\/de\/#organization\"},\"potentialAction\":[{\"@type\":\"SearchAction\",\"target\":{\"@type\":\"EntryPoint\",\"urlTemplate\":\"https:\/\/lavule.com\/de\/?s={search_term_string}\"},\"query-input\":{\"@type\":\"PropertyValueSpecification\",\"valueRequired\":true,\"valueName\":\"search_term_string\"}}],\"inLanguage\":\"it-IT\"},{\"@type\":\"Organization\",\"@id\":\"https:\/\/lavule.com\/de\/#organization\",\"name\":\"Lavule\",\"url\":\"https:\/\/lavule.com\/de\/\",\"logo\":{\"@type\":\"ImageObject\",\"inLanguage\":\"it-IT\",\"@id\":\"https:\/\/lavule.com\/de\/#\/schema\/logo\/image\/\",\"url\":\"https:\/\/lavule.com\/wp-content\/uploads\/2021\/11\/cropped-Lavule.png\",\"contentUrl\":\"https:\/\/lavule.com\/wp-content\/uploads\/2021\/11\/cropped-Lavule.png\",\"width\":243,\"height\":96,\"caption\":\"Lavule\"},\"image\":{\"@id\":\"https:\/\/lavule.com\/de\/#\/schema\/logo\/image\/\"},\"sameAs\":[\"https:\/\/www.instagram.com\/lavule_official\/\"]}]}<\/script>\n<!-- \/ Yoast SEO Premium plugin. -->","yoast_head_json":{"title":"AGB - Lavule","robots":{"index":"noindex","follow":"nofollow"},"og_locale":"it_IT","og_type":"article","og_title":"AGB","og_description":"Allgemeine Gesch\u00e4ftsbedingungen und Kundeninformationen I. Allgemeine Gesch\u00e4ftsbedingungen \u00a7 1 Grundlegende Bestimmungen (1) Die nachstehenden Gesch\u00e4ftsbedingungen gelten f\u00fcr alle Vertr\u00e4ge, die Sie mit uns als Anbieter (Lavule) \u00fcber die Internetseite www.lavule.com [&hellip;]","og_url":"https:\/\/lavule.com\/it\/agb\/","og_site_name":"Lavule","article_modified_time":"2023-06-27T10:02:47+00:00","og_image":[{"url":"https:\/\/lavule.com\/wp-content\/uploads\/2023\/06\/Press.png","type":"","width":"","height":""}],"twitter_card":"summary_large_image","twitter_misc":{"Tempo di lettura stimato":"8 minuti"},"schema":{"@context":"https:\/\/schema.org","@graph":[{"@type":"WebPage","@id":"https:\/\/lavule.com\/agb\/","url":"https:\/\/lavule.com\/agb\/","name":"AGB - Lavule","isPartOf":{"@id":"https:\/\/lavule.com\/de\/#website"},"primaryImageOfPage":{"@id":"https:\/\/lavule.com\/agb\/#primaryimage"},"image":{"@id":"https:\/\/lavule.com\/agb\/#primaryimage"},"thumbnailUrl":"https:\/\/lavule.com\/wp-content\/uploads\/2023\/06\/Press.png","datePublished":"2021-09-27T05:23:42+00:00","dateModified":"2023-06-27T10:02:47+00:00","breadcrumb":{"@id":"https:\/\/lavule.com\/agb\/#breadcrumb"},"inLanguage":"it-IT","potentialAction":[{"@type":"ReadAction","target":["https:\/\/lavule.com\/agb\/"]}]},{"@type":"ImageObject","inLanguage":"it-IT","@id":"https:\/\/lavule.com\/agb\/#primaryimage","url":"https:\/\/lavule.com\/wp-content\/uploads\/2023\/06\/Press.png","contentUrl":"https:\/\/lavule.com\/wp-content\/uploads\/2023\/06\/Press.png"},{"@type":"BreadcrumbList","@id":"https:\/\/lavule.com\/agb\/#breadcrumb","itemListElement":[{"@type":"ListItem","position":1,"name":"LAVULE","item":"https:\/\/lavule.com\/"},{"@type":"ListItem","position":2,"name":"AGB"}]},{"@type":"WebSite","@id":"https:\/\/lavule.com\/de\/#website","url":"https:\/\/lavule.com\/de\/","name":"Lavule","description":"Siero per le occhiaie","publisher":{"@id":"https:\/\/lavule.com\/de\/#organization"},"potentialAction":[{"@type":"SearchAction","target":{"@type":"EntryPoint","urlTemplate":"https:\/\/lavule.com\/de\/?s={search_term_string}"},"query-input":{"@type":"PropertyValueSpecification","valueRequired":true,"valueName":"search_term_string"}}],"inLanguage":"it-IT"},{"@type":"Organization","@id":"https:\/\/lavule.com\/de\/#organization","name":"Lavule","url":"https:\/\/lavule.com\/de\/","logo":{"@type":"ImageObject","inLanguage":"it-IT","@id":"https:\/\/lavule.com\/de\/#\/schema\/logo\/image\/","url":"https:\/\/lavule.com\/wp-content\/uploads\/2021\/11\/cropped-Lavule.png","contentUrl":"https:\/\/lavule.com\/wp-content\/uploads\/2021\/11\/cropped-Lavule.png","width":243,"height":96,"caption":"Lavule"},"image":{"@id":"https:\/\/lavule.com\/de\/#\/schema\/logo\/image\/"},"sameAs":["https:\/\/www.instagram.com\/lavule_official\/"]}]}},"uagb_featured_image_src":{"full":false,"thumbnail":false,"medium":false,"medium_large":false,"large":false,"1536x1536":false,"2048x2048":false,"trp-custom-language-flag":false,"woocommerce_thumbnail":false,"woocommerce_single":false,"woocommerce_gallery_thumbnail":false},"uagb_author_info":{"display_name":"Kerem085","author_link":"https:\/\/lavule.com\/it\/author\/kerem085\/"},"uagb_comment_info":0,"uagb_excerpt":"Allgemeine Gesch\u00e4ftsbedingungen und Kundeninformationen I. Allgemeine Gesch\u00e4ftsbedingungen \u00a7 1 Grundlegende Bestimmungen (1) Die nachstehenden Gesch\u00e4ftsbedingungen gelten f\u00fcr alle Vertr\u00e4ge, die Sie mit uns als Anbieter (Lavule) \u00fcber die Internetseite www.lavule.com [&hellip;]","coauthors":[],"author_meta":{"author_link":"https:\/\/lavule.com\/it\/author\/kerem085\/","display_name":"Kerem085"},"relative_dates":{"created":"Pubblicato 5 anni fa","modified":"Aggiornato 3 anni fa"},"absolute_dates":{"created":"Pubblicato il Settembre 27, 2021","modified":"Aggiornato il Giugno 27, 2023"},"absolute_dates_time":{"created":"Pubblicato il Settembre 27, 2021 5:23 am","modified":"Aggiornato il Giugno 27, 2023 10:02 am"},"featured_img_caption":"","featured_img":false,"series_order":"","_links":{"self":[{"href":"https:\/\/lavule.com\/it\/wp-json\/wp\/v2\/pages\/14","targetHints":{"allow":["GET"]}}],"collection":[{"href":"https:\/\/lavule.com\/it\/wp-json\/wp\/v2\/pages"}],"about":[{"href":"https:\/\/lavule.com\/it\/wp-json\/wp\/v2\/types\/page"}],"author":[{"embeddable":true,"href":"https:\/\/lavule.com\/it\/wp-json\/wp\/v2\/users\/1"}],"replies":[{"embeddable":true,"href":"https:\/\/lavule.com\/it\/wp-json\/wp\/v2\/comments?post=14"}],"version-history":[{"count":4,"href":"https:\/\/lavule.com\/it\/wp-json\/wp\/v2\/pages\/14\/revisions"}],"predecessor-version":[{"id":671,"href":"https:\/\/lavule.com\/it\/wp-json\/wp\/v2\/pages\/14\/revisions\/671"}],"wp:attachment":[{"href":"https:\/\/lavule.com\/it\/wp-json\/wp\/v2\/media?parent=14"}],"curies":[{"name":"wp","href":"https:\/\/api.w.org\/{rel}","templated":true}]}}