{"id":47,"date":"2021-09-27T08:19:39","date_gmt":"2021-09-27T08:19:39","guid":{"rendered":"https:\/\/lavule.com\/?page_id=47"},"modified":"2023-06-27T03:48:23","modified_gmt":"2023-06-27T03:48:23","slug":"blog-sitemap","status":"publish","type":"page","link":"https:\/\/lavule.com\/hu\/blog-sitemap\/","title":{"rendered":"Blog oldalt\u00e9rk\u00e9p"},"content":{"rendered":"<p>Itt megtal\u00e1lja az \u00f6sszes cikket a s\u00f6t\u00e9t karik\u00e1k \u00e9s a szem alatti t\u00e1sk\u00e1k t\u00e9m\u00e1j\u00e1ban, amelyeket a blogunkban \u00edrtunk. Sz\u00e1nj id\u0151t arra, hogy k\u00f6r\u00fcln\u00e9zz, biztosan lesz valami izgalmas sz\u00e1modra is.<\/p>\n\n\n<div class=\"wsp-container\"><h2 class=\"wsp-posts-title\">Posts by category<\/h2>\n<ul class=\"wsp-posts-list\">\n\t<li><strong class=\"wsp-category-title\">Category: <a href=\"https:\/\/lavule.com\/hu\/category\/behandlung\/\">Kezel\u00e9s<\/a><\/strong>\n<ul class=\"wsp-posts-list\">\t\t<li class=\"wsp-post\"><a href=\"https:\/\/lavule.com\/hu\/szemgyuruk-hazi-gyogymod\/\">Ezek a h\u00e1zi szerek hat\u00e9konyak a s\u00f6t\u00e9t karik\u00e1k ellen!<\/a><\/li>\n\t\t<li class=\"wsp-post\"><a href=\"https:\/\/lavule.com\/hu\/mit-kell-tenni-az-esos-zsakok-ellen\/\">Mit tegy\u00fcnk a szem alatti t\u00e1sk\u00e1kkal?<\/a><\/li>\n<\/ul><\/li>\n\t<li><strong class=\"wsp-category-title\">Category: <a href=\"https:\/\/lavule.com\/hu\/category\/gesundheit\/\">Eg\u00e9szs\u00e9g<\/a><\/strong>\n<ul class=\"wsp-posts-list\">\t\t<li class=\"wsp-post\"><a href=\"https:\/\/lavule.com\/hu\/szemgyuruk-vashiany\/\">Szemk\u00f6r\u00f6k vashi\u00e1ny eset\u00e9n<\/a><\/li>\n\t\t<li class=\"wsp-post\"><a href=\"https:\/\/lavule.com\/hu\/black-eye-rings\/\">Seg\u00edts\u00e9g! Fekete karik\u00e1k a szemem alatt!<\/a><\/li>\n\t\t<li class=\"wsp-post\"><a href=\"https:\/\/lavule.com\/hu\/szemgyuruk-okok\/\">Szemk\u00f6r\u00f6k okai: Hogyan alakulnak ki<\/a><\/li>\n\t\t<li class=\"wsp-post\"><a href=\"https:\/\/lavule.com\/hu\/szem-gyuruk-okoz-majat\/\">A szemk\u00f6r\u00f6k a m\u00e1j \u00e1ltal okozott<\/a><\/li>\n\t\t<li class=\"wsp-post\"><a href=\"https:\/\/lavule.com\/hu\/tranensaecke-okok\/\">Mik az okai a szem alatti t\u00e1sk\u00e1knak?<\/a><\/li>\n\t\t<li class=\"wsp-post\"><a href=\"https:\/\/lavule.com\/hu\/koennyzsakok-duzzadtak\/\">Puffadt szem alatti t\u00e1sk\u00e1k? \u00cdgy szabadulj meg t\u0151l\u00fck!<\/a><\/li>\n\t\t<li class=\"wsp-post\"><a href=\"https:\/\/lavule.com\/hu\/dark-eye-rings\/\">Mit tegy\u00fcnk a szem alatti s\u00f6t\u00e9t karik\u00e1kkal?<\/a><\/li>\n\t\t<li class=\"wsp-post\"><a href=\"https:\/\/lavule.com\/hu\/blue-eye-gyuruk\/\">Seg\u00edts\u00e9g a szem alatti k\u00e9k karik\u00e1khoz<\/a><\/li>\n\t\t<li class=\"wsp-post\"><a href=\"https:\/\/lavule.com\/hu\/szem-gyuruk-ferfiak\/\">A f\u00e9rfiak is szenvednek a s\u00f6t\u00e9t karik\u00e1kt\u00f3l<\/a><\/li>\n<\/ul><\/li>\n<\/ul>\n<\/div>","protected":false},"excerpt":{"rendered":"<p>Hier finden Sie alle Beitr\u00e4ge rund um das Thema Augenringe &amp; Tr\u00e4nens\u00e4cke, die wir in unserem Blog geschrieben haben. Schauen Sie sich in Ruhe um, es wird auch f\u00fcr Sie [&hellip;]<\/p>","protected":false},"author":1,"featured_media":0,"parent":0,"menu_order":0,"comment_status":"closed","ping_status":"closed","template":"","meta":{"_uag_custom_page_level_css":"","advgb_blocks_editor_width":"","advgb_blocks_columns_visual_guide":"","site-sidebar-layout":"default","site-content-layout":"default","ast-site-content-layout":"default","site-content-style":"default","site-sidebar-style":"default","ast-global-header-display":"","ast-banner-title-visibility":"","ast-main-header-display":"","ast-hfb-above-header-display":"","ast-hfb-below-header-display":"","ast-hfb-mobile-header-display":"","site-post-title":"","ast-breadcrumbs-content":"","ast-featured-img":"","footer-sml-layout":"","ast-disable-related-posts":"","theme-transparent-header-meta":"default","adv-header-id-meta":"","stick-header-meta":"default","header-above-stick-meta":"","header-main-stick-meta":"","header-below-stick-meta":"","astra-migrate-meta-layouts":"default","ast-page-background-enabled":"default","ast-page-background-meta":{"desktop":{"background-color":"","background-image":"","background-repeat":"repeat","background-position":"center center","background-size":"auto","background-attachment":"scroll","background-type":"","background-media":"","overlay-type":"","overlay-color":"","overlay-opacity":"","overlay-gradient":""},"tablet":{"background-color":"","background-image":"","background-repeat":"repeat","background-position":"center center","background-size":"auto","background-attachment":"scroll","background-type":"","background-media":"","overlay-type":"","overlay-color":"","overlay-opacity":"","overlay-gradient":""},"mobile":{"background-color":"","background-image":"","background-repeat":"repeat","background-position":"center center","background-size":"auto","background-attachment":"scroll","background-type":"","background-media":"","overlay-type":"","overlay-color":"","overlay-opacity":"","overlay-gradient":""}},"ast-content-background-meta":{"desktop":{"background-color":"var(--ast-global-color-5)","background-image":"","background-repeat":"repeat","background-position":"center center","background-size":"auto","background-attachment":"scroll","background-type":"","background-media":"","overlay-type":"","overlay-color":"","overlay-opacity":"","overlay-gradient":""},"tablet":{"background-color":"var(--ast-global-color-5)","background-image":"","background-repeat":"repeat","background-position":"center center","background-size":"auto","background-attachment":"scroll","background-type":"","background-media":"","overlay-type":"","overlay-color":"","overlay-opacity":"","overlay-gradient":""},"mobile":{"background-color":"var(--ast-global-color-5)","background-image":"","background-repeat":"repeat","background-position":"center center","background-size":"auto","background-attachment":"scroll","background-type":"","background-media":"","overlay-type":"","overlay-color":"","overlay-opacity":"","overlay-gradient":""}},"footnotes":""},"class_list":["post-47","page","type-page","status-publish","hentry"],"featured_image_src":null,"yoast_head":"<!-- This site is optimized with the Yoast SEO Premium plugin v23.4 (Yoast SEO v26.6) - https:\/\/yoast.com\/wordpress\/plugins\/seo\/ -->\n<title>Blog-Sitemap - Lavule<\/title>\n<meta name=\"robots\" content=\"noindex, follow\" \/>\n<meta property=\"og:locale\" content=\"hu_HU\" \/>\n<meta property=\"og:type\" content=\"article\" \/>\n<meta property=\"og:title\" content=\"Blog-Sitemap\" \/>\n<meta property=\"og:description\" content=\"Hier finden Sie alle Beitr\u00e4ge rund um das Thema Augenringe &amp; Tr\u00e4nens\u00e4cke, die wir in unserem Blog geschrieben haben. Schauen Sie sich in Ruhe um, es wird auch f\u00fcr Sie [&hellip;]\" \/>\n<meta property=\"og:url\" content=\"https:\/\/lavule.com\/hu\/blog-sitemap\/\" \/>\n<meta property=\"og:site_name\" content=\"Lavule\" \/>\n<meta property=\"article:modified_time\" content=\"2023-06-27T03:48:23+00:00\" \/>\n<meta name=\"twitter:card\" content=\"summary_large_image\" \/>\n<meta name=\"twitter:label1\" content=\"Becs\u00fclt olvas\u00e1si id\u0151\" \/>\n\t<meta name=\"twitter:data1\" content=\"1 perc\" \/>\n<script type=\"application\/ld+json\" class=\"yoast-schema-graph\">{\"@context\":\"https:\/\/schema.org\",\"@graph\":[{\"@type\":\"WebPage\",\"@id\":\"https:\/\/lavule.com\/blog-sitemap\/\",\"url\":\"https:\/\/lavule.com\/blog-sitemap\/\",\"name\":\"Blog-Sitemap - Lavule\",\"isPartOf\":{\"@id\":\"https:\/\/lavule.com\/de\/#website\"},\"datePublished\":\"2021-09-27T08:19:39+00:00\",\"dateModified\":\"2023-06-27T03:48:23+00:00\",\"breadcrumb\":{\"@id\":\"https:\/\/lavule.com\/blog-sitemap\/#breadcrumb\"},\"inLanguage\":\"hu\",\"potentialAction\":[{\"@type\":\"ReadAction\",\"target\":[\"https:\/\/lavule.com\/blog-sitemap\/\"]}]},{\"@type\":\"BreadcrumbList\",\"@id\":\"https:\/\/lavule.com\/blog-sitemap\/#breadcrumb\",\"itemListElement\":[{\"@type\":\"ListItem\",\"position\":1,\"name\":\"LAVULE\",\"item\":\"https:\/\/lavule.com\/\"},{\"@type\":\"ListItem\",\"position\":2,\"name\":\"Blog-Sitemap\"}]},{\"@type\":\"WebSite\",\"@id\":\"https:\/\/lavule.com\/de\/#website\",\"url\":\"https:\/\/lavule.com\/de\/\",\"name\":\"Lavule\",\"description\":\"Augenringe Serum\",\"publisher\":{\"@id\":\"https:\/\/lavule.com\/de\/#organization\"},\"potentialAction\":[{\"@type\":\"SearchAction\",\"target\":{\"@type\":\"EntryPoint\",\"urlTemplate\":\"https:\/\/lavule.com\/de\/?s={search_term_string}\"},\"query-input\":{\"@type\":\"PropertyValueSpecification\",\"valueRequired\":true,\"valueName\":\"search_term_string\"}}],\"inLanguage\":\"hu\"},{\"@type\":\"Organization\",\"@id\":\"https:\/\/lavule.com\/de\/#organization\",\"name\":\"Lavule\",\"url\":\"https:\/\/lavule.com\/de\/\",\"logo\":{\"@type\":\"ImageObject\",\"inLanguage\":\"hu\",\"@id\":\"https:\/\/lavule.com\/de\/#\/schema\/logo\/image\/\",\"url\":\"https:\/\/lavule.com\/wp-content\/uploads\/2021\/11\/cropped-Lavule.png\",\"contentUrl\":\"https:\/\/lavule.com\/wp-content\/uploads\/2021\/11\/cropped-Lavule.png\",\"width\":243,\"height\":96,\"caption\":\"Lavule\"},\"image\":{\"@id\":\"https:\/\/lavule.com\/de\/#\/schema\/logo\/image\/\"},\"sameAs\":[\"https:\/\/www.instagram.com\/lavule_official\/\"]}]}<\/script>\n<!-- \/ Yoast SEO Premium plugin. -->","yoast_head_json":{"title":"Blog-Sitemap - Lavule","robots":{"index":"noindex","follow":"follow"},"og_locale":"hu_HU","og_type":"article","og_title":"Blog-Sitemap","og_description":"Hier finden Sie alle Beitr\u00e4ge rund um das Thema Augenringe &amp; Tr\u00e4nens\u00e4cke, die wir in unserem Blog geschrieben haben. Schauen Sie sich in Ruhe um, es wird auch f\u00fcr Sie [&hellip;]","og_url":"https:\/\/lavule.com\/hu\/blog-sitemap\/","og_site_name":"Lavule","article_modified_time":"2023-06-27T03:48:23+00:00","twitter_card":"summary_large_image","twitter_misc":{"Becs\u00fclt olvas\u00e1si id\u0151":"1 perc"},"schema":{"@context":"https:\/\/schema.org","@graph":[{"@type":"WebPage","@id":"https:\/\/lavule.com\/blog-sitemap\/","url":"https:\/\/lavule.com\/blog-sitemap\/","name":"Blog-Sitemap - Lavule","isPartOf":{"@id":"https:\/\/lavule.com\/de\/#website"},"datePublished":"2021-09-27T08:19:39+00:00","dateModified":"2023-06-27T03:48:23+00:00","breadcrumb":{"@id":"https:\/\/lavule.com\/blog-sitemap\/#breadcrumb"},"inLanguage":"hu","potentialAction":[{"@type":"ReadAction","target":["https:\/\/lavule.com\/blog-sitemap\/"]}]},{"@type":"BreadcrumbList","@id":"https:\/\/lavule.com\/blog-sitemap\/#breadcrumb","itemListElement":[{"@type":"ListItem","position":1,"name":"LAVULE","item":"https:\/\/lavule.com\/"},{"@type":"ListItem","position":2,"name":"Blog-Sitemap"}]},{"@type":"WebSite","@id":"https:\/\/lavule.com\/de\/#website","url":"https:\/\/lavule.com\/de\/","name":"Lavule","description":"Szemk\u00f6rny\u00e9ki sz\u00e9rum","publisher":{"@id":"https:\/\/lavule.com\/de\/#organization"},"potentialAction":[{"@type":"SearchAction","target":{"@type":"EntryPoint","urlTemplate":"https:\/\/lavule.com\/de\/?s={search_term_string}"},"query-input":{"@type":"PropertyValueSpecification","valueRequired":true,"valueName":"search_term_string"}}],"inLanguage":"hu"},{"@type":"Organization","@id":"https:\/\/lavule.com\/de\/#organization","name":"Lavule","url":"https:\/\/lavule.com\/de\/","logo":{"@type":"ImageObject","inLanguage":"hu","@id":"https:\/\/lavule.com\/de\/#\/schema\/logo\/image\/","url":"https:\/\/lavule.com\/wp-content\/uploads\/2021\/11\/cropped-Lavule.png","contentUrl":"https:\/\/lavule.com\/wp-content\/uploads\/2021\/11\/cropped-Lavule.png","width":243,"height":96,"caption":"Lavule"},"image":{"@id":"https:\/\/lavule.com\/de\/#\/schema\/logo\/image\/"},"sameAs":["https:\/\/www.instagram.com\/lavule_official\/"]}]}},"uagb_featured_image_src":{"full":false,"thumbnail":false,"medium":false,"medium_large":false,"large":false,"1536x1536":false,"2048x2048":false,"trp-custom-language-flag":false,"woocommerce_thumbnail":false,"woocommerce_single":false,"woocommerce_gallery_thumbnail":false},"uagb_author_info":{"display_name":"Kerem085","author_link":"https:\/\/lavule.com\/hu\/author\/kerem085\/"},"uagb_comment_info":0,"uagb_excerpt":"Hier finden Sie alle Beitr\u00e4ge rund um das Thema Augenringe &amp; Tr\u00e4nens\u00e4cke, die wir in unserem Blog geschrieben haben. Schauen Sie sich in Ruhe um, es wird auch f\u00fcr Sie [&hellip;]","coauthors":[],"author_meta":{"author_link":"https:\/\/lavule.com\/hu\/author\/kerem085\/","display_name":"Kerem085"},"relative_dates":{"created":"Posted 5 \u00e9v ago","modified":"Updated 3 \u00e9v ago"},"absolute_dates":{"created":"Posted on szeptember 27, 2021","modified":"Updated on j\u00fanius 27, 2023"},"absolute_dates_time":{"created":"Posted on szeptember 27, 2021 8:19 de.","modified":"Updated on j\u00fanius 27, 2023 3:48 de."},"featured_img_caption":"","featured_img":false,"series_order":"","_links":{"self":[{"href":"https:\/\/lavule.com\/hu\/wp-json\/wp\/v2\/pages\/47","targetHints":{"allow":["GET"]}}],"collection":[{"href":"https:\/\/lavule.com\/hu\/wp-json\/wp\/v2\/pages"}],"about":[{"href":"https:\/\/lavule.com\/hu\/wp-json\/wp\/v2\/types\/page"}],"author":[{"embeddable":true,"href":"https:\/\/lavule.com\/hu\/wp-json\/wp\/v2\/users\/1"}],"replies":[{"embeddable":true,"href":"https:\/\/lavule.com\/hu\/wp-json\/wp\/v2\/comments?post=47"}],"version-history":[{"count":1,"href":"https:\/\/lavule.com\/hu\/wp-json\/wp\/v2\/pages\/47\/revisions"}],"predecessor-version":[{"id":659,"href":"https:\/\/lavule.com\/hu\/wp-json\/wp\/v2\/pages\/47\/revisions\/659"}],"wp:attachment":[{"href":"https:\/\/lavule.com\/hu\/wp-json\/wp\/v2\/media?parent=47"}],"curies":[{"name":"wp","href":"https:\/\/api.w.org\/{rel}","templated":true}]}}