{"id":15,"date":"2021-09-27T05:23:42","date_gmt":"2021-09-27T05:23:42","guid":{"rendered":"https:\/\/lavule.com\/?page_id=15"},"modified":"2023-12-06T15:40:59","modified_gmt":"2023-12-06T14:40:59","slug":"widerrufsrecht","status":"publish","type":"page","link":"https:\/\/lavule.com\/hu\/a-visszavonas-joga\/","title":{"rendered":"El\u00e1ll\u00e1si jog"},"content":{"rendered":"<p><strong>A fogyaszt\u00f3k el\u00e1ll\u00e1si joga<\/strong><\/p>\n\n\n\n<p>Fogyaszt\u00f3nak min\u0151s\u00fcl minden olyan term\u00e9szetes szem\u00e9ly, aki olyan c\u00e9llal k\u00f6t jog\u00fcgyletet, amely t\u00falnyom\u00f3r\u00e9szt sem kereskedelmi, sem \u00f6n\u00e1ll\u00f3 szakmai tev\u00e9kenys\u00e9g\u00e9nek nem tulajdon\u00edthat\u00f3.<\/p>\n\n\n\n<p><strong>Lemond\u00e1si felt\u00e9telek Lavule<\/strong><\/p>\n\n\n\n<p><strong>El\u00e1ll\u00e1si jog<\/strong><\/p>\n\n\n\n<p>\u00d6nnek joga van tizenn\u00e9gy napon bel\u00fcl felmondani ezt a szerz\u0151d\u00e9st. <strong>A haszn\u00e1lt higi\u00e9niai cikkek eset\u00e9ben az el\u00e1ll\u00e1si jog kiz\u00e1rt.<\/strong> Az el\u00e1ll\u00e1si hat\u00e1rid\u0151 tizenn\u00e9gy nap att\u00f3l a napt\u00f3l sz\u00e1m\u00edtva, amikor \u00d6n vagy az \u00d6n \u00e1ltal megnevezett harmadik szem\u00e9ly, aki nem a sz\u00e1ll\u00edt\u00f3, az \u00e1rut birtokba vette vagy birtokba vette, felt\u00e9ve, hogy \u00d6n egy vagy t\u00f6bb \u00e1rut rendelt egyetlen megrendel\u00e9s r\u00e9szek\u00e9nt, \u00e9s ezeket egys\u00e9gesen sz\u00e1ll\u00edtj\u00e1k vagy fogj\u00e1k sz\u00e1ll\u00edtani.<\/p>\n\n\n\n<p>Az el\u00e1ll\u00e1si jog gyakorl\u00e1s\u00e1hoz egy\u00e9rtelm\u0171 nyilatkozatban (pl. postai \u00faton, faxon vagy e-mailben k\u00fcld\u00f6tt lev\u00e9lben) kell t\u00e1j\u00e9koztatnia minket arr\u00f3l, hogy el k\u00edv\u00e1n \u00e1llni a szerz\u0151d\u00e9st\u0151l. Erre a c\u00e9lra haszn\u00e1lhatja a mell\u00e9kelt el\u00e1ll\u00e1si nyilatkozatmint\u00e1t, amely azonban nem k\u00f6telez\u0151.<\/p>\n\n\n\n<p>A felmond\u00e1si hat\u00e1rid\u0151 betart\u00e1s\u00e1hoz elegend\u0151, ha a felmond\u00e1si jog gyakorl\u00e1s\u00e1r\u00f3l sz\u00f3l\u00f3 \u00e9rtes\u00edt\u00e9st a felmond\u00e1si hat\u00e1rid\u0151 lej\u00e1rta el\u0151tt elk\u00fcldi.<\/p>\n\n\n\n<p>A visszavon\u00e1st a k\u00f6vetkez\u0151 c\u00edmre kell k\u00fcldeni<\/p>\n\n\n\n<p><\/p>\n\n\n\n<figure class=\"wp-block-image size-full is-resized\"><img loading=\"lazy\" decoding=\"async\" width=\"600\" height=\"632\" src=\"https:\/\/lavule.com\/wp-content\/uploads\/2023\/06\/Impra.jpg\" alt=\"\" class=\"wp-image-512\" style=\"object-fit:cover;width:237px;height:250px\" srcset=\"https:\/\/lavule.com\/wp-content\/uploads\/2023\/06\/Impra.jpg 600w, https:\/\/lavule.com\/wp-content\/uploads\/2023\/06\/Impra-285x300.jpg 285w, https:\/\/lavule.com\/wp-content\/uploads\/2023\/06\/Impra-11x12.jpg 11w\" sizes=\"auto, (max-width: 600px) 100vw, 600px\" \/><\/figure>\n\n\n\n<p><\/p>\n\n\n\n<p><strong>Sz\u00e1ll\u00edt\u00e1si c\u00edm az al\u00e1bbiakban.<\/strong><\/p>\n\n\n\n<p><strong>A visszavon\u00e1s k\u00f6vetkezm\u00e9nyei<\/strong><\/p>\n\n\n\n<p>Ha \u00d6n el\u00e1ll a szerz\u0151d\u00e9st\u0151l, akkor halad\u00e9ktalanul, de legk\u00e9s\u0151bb a szerz\u0151d\u00e9st\u0151l val\u00f3 el\u00e1ll\u00e1sr\u00f3l sz\u00f3l\u00f3 \u00e9rtes\u00edt\u00e9s k\u00e9zhezv\u00e9tel\u00e9nek napj\u00e1t\u00f3l sz\u00e1m\u00edtott tizenn\u00e9gy napon bel\u00fcl vissza kell fizetn\u00fcnk az \u00d6nt\u0151l kapott \u00f6sszes kifizet\u00e9st, bele\u00e9rtve a sz\u00e1ll\u00edt\u00e1si k\u00f6lts\u00e9geket is (kiv\u00e9ve az abb\u00f3l ered\u0151 t\u00f6bbletk\u00f6lts\u00e9geket, hogy \u00d6n az \u00e1ltalunk k\u00edn\u00e1lt legolcs\u00f3bb szabv\u00e1nyos sz\u00e1ll\u00edt\u00e1si m\u00f3dt\u00f3l elt\u00e9r\u0151 sz\u00e1ll\u00edt\u00e1si m\u00f3dot v\u00e1lasztott). A visszafizet\u00e9shez ugyanazt a fizet\u00e9si eszk\u00f6zt fogjuk haszn\u00e1lni, amelyet \u00d6n az eredeti tranzakci\u00f3 sor\u00e1n haszn\u00e1lt, kiv\u00e9ve, ha \u00d6nnel kifejezetten m\u00e1sk\u00e9pp \u00e1llapodtunk meg; a visszafizet\u00e9s semmilyen esetben sem ker\u00fcl felsz\u00e1m\u00edt\u00e1sra.<\/p>\n\n\n\n<p>A visszafizet\u00e9st mindaddig megtagadhatjuk, am\u00edg vissza nem kapjuk az \u00e1rut, vagy am\u00edg \u00d6n nem bizony\u00edtja, hogy visszak\u00fcldte az \u00e1rut, att\u00f3l f\u00fcgg\u0151en, hogy melyik a kor\u00e1bbi id\u0151pont.<\/p>\n\n\n\n<p><strong>Visszat\u00e9r\u00edt\u00e9s<\/strong><\/p>\n\n\n\n<p>Az \u00e1rut halad\u00e9ktalanul, de legk\u00e9s\u0151bb att\u00f3l a napt\u00f3l sz\u00e1m\u00edtott tizenn\u00e9gy napon bel\u00fcl, amikor \u00d6n \u00e9rtes\u00edt minket a szerz\u0151d\u00e9s felmond\u00e1s\u00e1r\u00f3l, vissza kell k\u00fcldenie vagy \u00e1t kell adnia nek\u00fcnk. A hat\u00e1rid\u0151 akkor teljes\u00fcl, ha \u00d6n a tizenn\u00e9gy napos hat\u00e1rid\u0151 lej\u00e1rta el\u0151tt elk\u00fcldi az \u00e1rut.<\/p>\n\n\n\n<p>Az \u00e1ru visszak\u00fcld\u00e9s\u00e9nek k\u00f6zvetlen k\u00f6lts\u00e9gei \u00d6nt terhelik.<\/p>\n\n\n\n<p>\u00d6nnek csak akkor kell megfizetnie az \u00e1ru \u00e9rt\u00e9kveszt\u00e9s\u00e9t, ha ez az \u00e9rt\u00e9kveszt\u00e9s az \u00e1ru olyan kezel\u00e9s\u00e9b\u0151l ad\u00f3dik, amely nem sz\u00fcks\u00e9ges az \u00e1ru min\u0151s\u00e9g\u00e9nek, tulajdons\u00e1gainak \u00e9s m\u0171k\u00f6d\u00e9s\u00e9nek vizsg\u00e1lat\u00e1hoz.<\/p>\n\n\n\n<p><strong>A kiz\u00e1r\u00e1s vagy a lej\u00e1rat okai<\/strong><\/p>\n\n\n\n<p><strong>Az el\u00e1ll\u00e1si jog kiz\u00e1r\u00e1sa<\/strong>:<\/p>\n\n\n\n<p>Nincs el\u00e1ll\u00e1si jog olyan \u00e1ruk eset\u00e9ben, amelyek gyorsan romland\u00f3ak, vagy amelyek lej\u00e1rati ideje gyorsan t\u00fall\u00e9pn\u00e9 a hat\u00e1rid\u0151t. Korai lej\u00e1rat olyan lez\u00e1rt \u00e1ruk sz\u00e1ll\u00edt\u00e1sa eset\u00e9n, amelyek eg\u00e9szs\u00e9gv\u00e9delmi vagy higi\u00e9niai okokb\u00f3l nem alkalmasak a visszak\u00fcld\u00e9sre, ha a pecs\u00e9tet a sz\u00e1ll\u00edt\u00e1st k\u00f6vet\u0151en elt\u00e1vol\u00edtott\u00e1k; (1) Nincs el\u00e1ll\u00e1si jog a Lavule sz\u00e1m\u00e1ra a n\u00e9met polg\u00e1ri t\u00f6rv\u00e9nyk\u00f6nyv (BGB) 312g. \u00a7 (2) bekezd\u00e9s 2. pontja szerint, ha a pecs\u00e9tet elt\u00e1vol\u00edtott\u00e1k a csomagol\u00e1sr\u00f3l. Ennek oka, hogy a Lavule a BGB 312g. \u00a7 (2) bekezd\u00e9s 2. sz. 2. pontja \u00e9rtelm\u00e9ben olyan \u00e1ru, amely a pecs\u00e9t felt\u00f6r\u00e9se ut\u00e1n gyorsan megromlana, vagy amelynek lej\u00e1rati ideje ett\u0151l kezdve (a Lavule felbont\u00e1sa ut\u00e1n 2 h\u00f3nappal) gyorsan t\u00fall\u00e9pn\u00e9 a szavatoss\u00e1gi id\u0151t. (2) Az el\u00e1ll\u00e1si jog teh\u00e1t nem \u00e1ll fenn a BGB 312g \u00a7 (2) bekezd\u00e9s 2. sz. 2. pontja szerint, ha a Lavule pecs\u00e9tj\u00e9t a kisz\u00e1ll\u00edt\u00e1s ut\u00e1n elt\u00e1vol\u00edtott\u00e1k, mert fenn\u00e1ll a vesz\u00e9lye annak, hogy a visszak\u00fcld\u00f6tt term\u00e9k, jelent\u0151sen r\u00f6videbb szavatoss\u00e1gi id\u0151vel \u00e9rkezne a viszontelad\u00f3hoz.<\/p>\n\n\n\n<p>Az el\u00e1ll\u00e1si jog ennek f\u00e9ny\u00e9ben kiz\u00e1rt, mivel a felt\u00f6rt pecs\u00e9ttel visszak\u00fcldend\u0151 sz\u00e9rumokat a Lavule nehezen vagy egy\u00e1ltal\u00e1n nem tudn\u00e1 tov\u00e1bb\u00e9rt\u00e9kes\u00edteni, figyelembe v\u00e9ve a visszak\u00fcld\u00e9si id\u0151t.<\/p>\n\n\n\n<p><strong>A haszn\u00e1lt higi\u00e9niai cikkek eset\u00e9ben az el\u00e1ll\u00e1si jog kiz\u00e1rt<\/strong>.<\/p>\n\n\n\n<hr class=\"wp-block-separator has-css-opacity\"\/>\n\n\n\n<p>Az el\u00e1ll\u00e1si jog fenn\u00e1ll <strong>nem<\/strong> szerz\u0151d\u00e9sek eset\u00e9ben<\/p>\n\n\n\n<ul class=\"wp-block-list\">\n<li>olyan \u00e1ruk sz\u00e1ll\u00edt\u00e1s\u00e1ra, amelyek nem el\u0151re gy\u00e1rtottak, \u00e9s amelyek el\u0151\u00e1ll\u00edt\u00e1sa sor\u00e1n a fogyaszt\u00f3 egy\u00e9ni v\u00e1laszt\u00e1sa vagy meghat\u00e1roz\u00e1sa a d\u00f6nt\u0151, vagy amelyek egy\u00e9rtelm\u0171en a fogyaszt\u00f3 szem\u00e9lyes ig\u00e9nyeihez igazodnak;<\/li>\n\n\n\n<li>olyan \u00e1ruk sz\u00e1ll\u00edt\u00e1s\u00e1ra, amelyek gyorsan megromolhatnak, vagy amelyek szavatoss\u00e1gi idej\u00e9t gyorsan t\u00fall\u00e9pn\u00e9k;<\/li>\n\n\n\n<li>El\u0151fizet\u00e9si szerz\u0151d\u00e9sek.<\/li>\n<\/ul>\n\n\n\n<p>&#8212;&#8212;&#8211;<\/p>\n\n\n\n<p><strong>Az el\u00e1ll\u00e1si jog id\u0151 el\u0151tt megsz\u0171nik a szerz\u0151d\u00e9sek eset\u00e9ben.<\/strong><\/p>\n\n\n\n<ul class=\"wp-block-list\">\n<li>olyan lez\u00e1rt \u00e1ruk sz\u00e1ll\u00edt\u00e1s\u00e1ra, amelyek eg\u00e9szs\u00e9gv\u00e9delmi vagy higi\u00e9niai okokb\u00f3l nem alkalmasak a visszak\u00fcld\u00e9sre, ha a pecs\u00e9tet a sz\u00e1ll\u00edt\u00e1s ut\u00e1n elt\u00e1vol\u00edtott\u00e1k;<\/li>\n\n\n\n<li>az \u00e1ruk sz\u00e1ll\u00edt\u00e1sa eset\u00e9n, ha azok a sz\u00e1ll\u00edt\u00e1st k\u00f6vet\u0151en jelleg\u00fckb\u0151l ad\u00f3d\u00f3an elv\u00e1laszthatatlanul \u00f6sszekeveredtek m\u00e1s \u00e1rukkal;<\/li>\n<\/ul>\n\n\n\n<p>_______<\/p>\n\n\n\n<p><strong>Minta lemond\u00e1si \u0171rlap<\/strong><\/p>\n\n\n\n<p>Ha fel k\u00edv\u00e1nja mondani a szerz\u0151d\u00e9st, k\u00e9rj\u00fck, t\u00f6ltse ki \u00e9s k\u00fcldje vissza ezt az \u0171rlapot.<br><strong>A haszn\u00e1lt higi\u00e9niai cikkek eset\u00e9ben az el\u00e1ll\u00e1si jog kiz\u00e1rt.<\/strong><\/p>\n\n\n\n<p>1. Visszat\u00e9r\u00e9s:<\/p>\n\n\n\n<p>VDS - Shipping and Data Service <br>c\/o Alaiko GmbH <br>Siemensstra\u00dfe 14<br>D-37412 Herzberg am Harz<br>Germany<br><br>E-mail: info@lavule.com<\/p>\n\n\n\n<p>2. Ezennel visszavonom\/visszavonjuk az \u00e1ltalam\/\u00f6nmagunk \u00e1ltal az al\u00e1bbi \u00e1ruk megv\u00e1s\u00e1rl\u00e1s\u00e1ra\/az al\u00e1bbi szolg\u00e1ltat\u00e1sok ny\u00fajt\u00e1s\u00e1ra k\u00f6t\u00f6tt szerz\u0151d\u00e9st.<br>Szolg\u00e1ltat\u00e1s (sz\u00fcks\u00e9g eset\u00e9n csatolja a sz\u00e1mla m\u00e1solat\u00e1t)<br>Rendel\u00e9si sz\u00e1m: ..........................................<br>Az \u00e1ru mennyis\u00e9ge \/ megnevez\u00e9se: ...........................<br>V\u00e9tel\u00e1r: ...................................................<br>M\u00e1r haszn\u00e1ltad? A haszn\u00e1lt higi\u00e9niai cikkek eset\u00e9ben az el\u00e1ll\u00e1si jog kiz\u00e1rt.<\/p>\n\n\n\n<p>3. Megrendelve: ........................<\/p>\n\n\n\n<p>4. Ok: .............................................<\/p>\n\n\n\n<p>5. Be\u00e9rkezett: ........................<\/p>\n\n\n\n<p>6. A fogyaszt\u00f3 neve, c\u00edme: ......<br>\u00dcgyf\u00e9lsz\u00e1m: ........................................<br>Kereszt- \u00e9s vezet\u00e9kn\u00e9v: .................................<br>Utca: .......................................................<br>Ir\u00e1ny\u00edt\u00f3sz\u00e1m \u00e9s v\u00e1ros: ..................................................<\/p>\n\n\n\n<p>7. Hely, d\u00e1tum \u00e9s al\u00e1\u00edr\u00e1s \u00fcgyf\u00e9l:<br>&#8230;&#8230;&#8230;&#8230;&#8230;&#8230;&#8230;&#8230;&#8230;&#8230;&#8230;&#8230;&#8230;&#8230;&#8230;&#8230;&#8230;.<\/p>","protected":false},"excerpt":{"rendered":"<p>Widerrufsrecht f\u00fcr Verbraucher Verbraucher ist jede nat\u00fcrliche Person, die ein Rechtsgesch\u00e4ft zu Zwecken abschlie\u00dft, die \u00fcberwiegend weder ihrer gewerblichen noch ihrer selbstst\u00e4ndigen beruflichen T\u00e4tigkeit zugerechnet werden kann. Widerrufsbelehrung Lavule Widerrufsrecht [&hellip;]<\/p>","protected":false},"author":1,"featured_media":0,"parent":0,"menu_order":0,"comment_status":"closed","ping_status":"closed","template":"","meta":{"_uag_custom_page_level_css":"","advgb_blocks_editor_width":"","advgb_blocks_columns_visual_guide":"","site-sidebar-layout":"default","site-content-layout":"default","ast-site-content-layout":"default","site-content-style":"default","site-sidebar-style":"default","ast-global-header-display":"","ast-banner-title-visibility":"","ast-main-header-display":"","ast-hfb-above-header-display":"","ast-hfb-below-header-display":"","ast-hfb-mobile-header-display":"","site-post-title":"","ast-breadcrumbs-content":"","ast-featured-img":"","footer-sml-layout":"","ast-disable-related-posts":"","theme-transparent-header-meta":"default","adv-header-id-meta":"","stick-header-meta":"default","header-above-stick-meta":"","header-main-stick-meta":"","header-below-stick-meta":"","astra-migrate-meta-layouts":"set","ast-page-background-enabled":"default","ast-page-background-meta":{"desktop":{"background-color":"","background-image":"","background-repeat":"repeat","background-position":"center center","background-size":"auto","background-attachment":"scroll","background-type":"","background-media":"","overlay-type":"","overlay-color":"","overlay-opacity":"","overlay-gradient":""},"tablet":{"background-color":"","background-image":"","background-repeat":"repeat","background-position":"center center","background-size":"auto","background-attachment":"scroll","background-type":"","background-media":"","overlay-type":"","overlay-color":"","overlay-opacity":"","overlay-gradient":""},"mobile":{"background-color":"","background-image":"","background-repeat":"repeat","background-position":"center center","background-size":"auto","background-attachment":"scroll","background-type":"","background-media":"","overlay-type":"","overlay-color":"","overlay-opacity":"","overlay-gradient":""}},"ast-content-background-meta":{"desktop":{"background-color":"var(--ast-global-color-5)","background-image":"","background-repeat":"repeat","background-position":"center center","background-size":"auto","background-attachment":"scroll","background-type":"","background-media":"","overlay-type":"","overlay-color":"","overlay-opacity":"","overlay-gradient":""},"tablet":{"background-color":"var(--ast-global-color-5)","background-image":"","background-repeat":"repeat","background-position":"center center","background-size":"auto","background-attachment":"scroll","background-type":"","background-media":"","overlay-type":"","overlay-color":"","overlay-opacity":"","overlay-gradient":""},"mobile":{"background-color":"var(--ast-global-color-5)","background-image":"","background-repeat":"repeat","background-position":"center center","background-size":"auto","background-attachment":"scroll","background-type":"","background-media":"","overlay-type":"","overlay-color":"","overlay-opacity":"","overlay-gradient":""}},"footnotes":""},"class_list":["post-15","page","type-page","status-publish","hentry"],"featured_image_src":null,"yoast_head":"<!-- This site is optimized with the Yoast SEO Premium plugin v23.4 (Yoast SEO v26.6) - https:\/\/yoast.com\/wordpress\/plugins\/seo\/ -->\n<title>Widerrufsrecht - Lavule<\/title>\n<meta name=\"robots\" content=\"noindex, nofollow\" \/>\n<meta property=\"og:locale\" content=\"hu_HU\" \/>\n<meta property=\"og:type\" content=\"article\" \/>\n<meta property=\"og:title\" content=\"Widerrufsrecht\" \/>\n<meta property=\"og:description\" content=\"Widerrufsrecht f\u00fcr Verbraucher Verbraucher ist jede nat\u00fcrliche Person, die ein Rechtsgesch\u00e4ft zu Zwecken abschlie\u00dft, die \u00fcberwiegend weder ihrer gewerblichen noch ihrer selbstst\u00e4ndigen beruflichen T\u00e4tigkeit zugerechnet werden kann. Widerrufsbelehrung Lavule Widerrufsrecht [&hellip;]\" \/>\n<meta property=\"og:url\" content=\"https:\/\/lavule.com\/hu\/a-visszavonas-joga\/\" \/>\n<meta property=\"og:site_name\" content=\"Lavule\" \/>\n<meta property=\"article:modified_time\" content=\"2023-12-06T14:40:59+00:00\" \/>\n<meta property=\"og:image\" content=\"https:\/\/lavule.com\/wp-content\/uploads\/2023\/06\/Impra.jpg\" \/>\n<meta name=\"twitter:card\" content=\"summary_large_image\" \/>\n<meta name=\"twitter:label1\" content=\"Becs\u00fclt olvas\u00e1si id\u0151\" \/>\n\t<meta name=\"twitter:data1\" content=\"5 perc\" \/>\n<script type=\"application\/ld+json\" class=\"yoast-schema-graph\">{\"@context\":\"https:\/\/schema.org\",\"@graph\":[{\"@type\":\"WebPage\",\"@id\":\"https:\/\/lavule.com\/widerrufsrecht\/\",\"url\":\"https:\/\/lavule.com\/widerrufsrecht\/\",\"name\":\"Widerrufsrecht - Lavule\",\"isPartOf\":{\"@id\":\"https:\/\/lavule.com\/de\/#website\"},\"primaryImageOfPage\":{\"@id\":\"https:\/\/lavule.com\/widerrufsrecht\/#primaryimage\"},\"image\":{\"@id\":\"https:\/\/lavule.com\/widerrufsrecht\/#primaryimage\"},\"thumbnailUrl\":\"https:\/\/lavule.com\/wp-content\/uploads\/2023\/06\/Impra.jpg\",\"datePublished\":\"2021-09-27T05:23:42+00:00\",\"dateModified\":\"2023-12-06T14:40:59+00:00\",\"breadcrumb\":{\"@id\":\"https:\/\/lavule.com\/widerrufsrecht\/#breadcrumb\"},\"inLanguage\":\"hu\",\"potentialAction\":[{\"@type\":\"ReadAction\",\"target\":[\"https:\/\/lavule.com\/widerrufsrecht\/\"]}]},{\"@type\":\"ImageObject\",\"inLanguage\":\"hu\",\"@id\":\"https:\/\/lavule.com\/widerrufsrecht\/#primaryimage\",\"url\":\"https:\/\/lavule.com\/wp-content\/uploads\/2023\/06\/Impra.jpg\",\"contentUrl\":\"https:\/\/lavule.com\/wp-content\/uploads\/2023\/06\/Impra.jpg\"},{\"@type\":\"BreadcrumbList\",\"@id\":\"https:\/\/lavule.com\/widerrufsrecht\/#breadcrumb\",\"itemListElement\":[{\"@type\":\"ListItem\",\"position\":1,\"name\":\"LAVULE\",\"item\":\"https:\/\/lavule.com\/\"},{\"@type\":\"ListItem\",\"position\":2,\"name\":\"Widerrufsrecht\"}]},{\"@type\":\"WebSite\",\"@id\":\"https:\/\/lavule.com\/de\/#website\",\"url\":\"https:\/\/lavule.com\/de\/\",\"name\":\"Lavule\",\"description\":\"Augenringe Serum\",\"publisher\":{\"@id\":\"https:\/\/lavule.com\/de\/#organization\"},\"potentialAction\":[{\"@type\":\"SearchAction\",\"target\":{\"@type\":\"EntryPoint\",\"urlTemplate\":\"https:\/\/lavule.com\/de\/?s={search_term_string}\"},\"query-input\":{\"@type\":\"PropertyValueSpecification\",\"valueRequired\":true,\"valueName\":\"search_term_string\"}}],\"inLanguage\":\"hu\"},{\"@type\":\"Organization\",\"@id\":\"https:\/\/lavule.com\/de\/#organization\",\"name\":\"Lavule\",\"url\":\"https:\/\/lavule.com\/de\/\",\"logo\":{\"@type\":\"ImageObject\",\"inLanguage\":\"hu\",\"@id\":\"https:\/\/lavule.com\/de\/#\/schema\/logo\/image\/\",\"url\":\"https:\/\/lavule.com\/wp-content\/uploads\/2021\/11\/cropped-Lavule.png\",\"contentUrl\":\"https:\/\/lavule.com\/wp-content\/uploads\/2021\/11\/cropped-Lavule.png\",\"width\":243,\"height\":96,\"caption\":\"Lavule\"},\"image\":{\"@id\":\"https:\/\/lavule.com\/de\/#\/schema\/logo\/image\/\"},\"sameAs\":[\"https:\/\/www.instagram.com\/lavule_official\/\"]}]}<\/script>\n<!-- \/ Yoast SEO Premium plugin. -->","yoast_head_json":{"title":"El\u00e1ll\u00e1si jog - Lavule","robots":{"index":"noindex","follow":"nofollow"},"og_locale":"hu_HU","og_type":"article","og_title":"Widerrufsrecht","og_description":"Widerrufsrecht f\u00fcr Verbraucher Verbraucher ist jede nat\u00fcrliche Person, die ein Rechtsgesch\u00e4ft zu Zwecken abschlie\u00dft, die \u00fcberwiegend weder ihrer gewerblichen noch ihrer selbstst\u00e4ndigen beruflichen T\u00e4tigkeit zugerechnet werden kann. Widerrufsbelehrung Lavule Widerrufsrecht [&hellip;]","og_url":"https:\/\/lavule.com\/hu\/a-visszavonas-joga\/","og_site_name":"Lavule","article_modified_time":"2023-12-06T14:40:59+00:00","og_image":[{"url":"https:\/\/lavule.com\/wp-content\/uploads\/2023\/06\/Impra.jpg","type":"","width":"","height":""}],"twitter_card":"summary_large_image","twitter_misc":{"Becs\u00fclt olvas\u00e1si id\u0151":"5 perc"},"schema":{"@context":"https:\/\/schema.org","@graph":[{"@type":"WebPage","@id":"https:\/\/lavule.com\/widerrufsrecht\/","url":"https:\/\/lavule.com\/widerrufsrecht\/","name":"El\u00e1ll\u00e1si jog - Lavule","isPartOf":{"@id":"https:\/\/lavule.com\/de\/#website"},"primaryImageOfPage":{"@id":"https:\/\/lavule.com\/widerrufsrecht\/#primaryimage"},"image":{"@id":"https:\/\/lavule.com\/widerrufsrecht\/#primaryimage"},"thumbnailUrl":"https:\/\/lavule.com\/wp-content\/uploads\/2023\/06\/Impra.jpg","datePublished":"2021-09-27T05:23:42+00:00","dateModified":"2023-12-06T14:40:59+00:00","breadcrumb":{"@id":"https:\/\/lavule.com\/widerrufsrecht\/#breadcrumb"},"inLanguage":"hu","potentialAction":[{"@type":"ReadAction","target":["https:\/\/lavule.com\/widerrufsrecht\/"]}]},{"@type":"ImageObject","inLanguage":"hu","@id":"https:\/\/lavule.com\/widerrufsrecht\/#primaryimage","url":"https:\/\/lavule.com\/wp-content\/uploads\/2023\/06\/Impra.jpg","contentUrl":"https:\/\/lavule.com\/wp-content\/uploads\/2023\/06\/Impra.jpg"},{"@type":"BreadcrumbList","@id":"https:\/\/lavule.com\/widerrufsrecht\/#breadcrumb","itemListElement":[{"@type":"ListItem","position":1,"name":"LAVULE","item":"https:\/\/lavule.com\/"},{"@type":"ListItem","position":2,"name":"Widerrufsrecht"}]},{"@type":"WebSite","@id":"https:\/\/lavule.com\/de\/#website","url":"https:\/\/lavule.com\/de\/","name":"Lavule","description":"Szemk\u00f6rny\u00e9ki sz\u00e9rum","publisher":{"@id":"https:\/\/lavule.com\/de\/#organization"},"potentialAction":[{"@type":"SearchAction","target":{"@type":"EntryPoint","urlTemplate":"https:\/\/lavule.com\/de\/?s={search_term_string}"},"query-input":{"@type":"PropertyValueSpecification","valueRequired":true,"valueName":"search_term_string"}}],"inLanguage":"hu"},{"@type":"Organization","@id":"https:\/\/lavule.com\/de\/#organization","name":"Lavule","url":"https:\/\/lavule.com\/de\/","logo":{"@type":"ImageObject","inLanguage":"hu","@id":"https:\/\/lavule.com\/de\/#\/schema\/logo\/image\/","url":"https:\/\/lavule.com\/wp-content\/uploads\/2021\/11\/cropped-Lavule.png","contentUrl":"https:\/\/lavule.com\/wp-content\/uploads\/2021\/11\/cropped-Lavule.png","width":243,"height":96,"caption":"Lavule"},"image":{"@id":"https:\/\/lavule.com\/de\/#\/schema\/logo\/image\/"},"sameAs":["https:\/\/www.instagram.com\/lavule_official\/"]}]}},"uagb_featured_image_src":{"full":false,"thumbnail":false,"medium":false,"medium_large":false,"large":false,"1536x1536":false,"2048x2048":false,"trp-custom-language-flag":false,"woocommerce_thumbnail":false,"woocommerce_single":false,"woocommerce_gallery_thumbnail":false},"uagb_author_info":{"display_name":"Kerem085","author_link":"https:\/\/lavule.com\/hu\/author\/kerem085\/"},"uagb_comment_info":0,"uagb_excerpt":"Widerrufsrecht f\u00fcr Verbraucher Verbraucher ist jede nat\u00fcrliche Person, die ein Rechtsgesch\u00e4ft zu Zwecken abschlie\u00dft, die \u00fcberwiegend weder ihrer gewerblichen noch ihrer selbstst\u00e4ndigen beruflichen T\u00e4tigkeit zugerechnet werden kann. Widerrufsbelehrung Lavule Widerrufsrecht [&hellip;]","coauthors":[],"author_meta":{"author_link":"https:\/\/lavule.com\/hu\/author\/kerem085\/","display_name":"Kerem085"},"relative_dates":{"created":"Posted 5 \u00e9v ago","modified":"Updated 2 \u00e9v ago"},"absolute_dates":{"created":"Posted on szeptember 27, 2021","modified":"Updated on december 6, 2023"},"absolute_dates_time":{"created":"Posted on szeptember 27, 2021 5:23 de.","modified":"Updated on december 6, 2023 3:40 du."},"featured_img_caption":"","featured_img":false,"series_order":"","_links":{"self":[{"href":"https:\/\/lavule.com\/hu\/wp-json\/wp\/v2\/pages\/15","targetHints":{"allow":["GET"]}}],"collection":[{"href":"https:\/\/lavule.com\/hu\/wp-json\/wp\/v2\/pages"}],"about":[{"href":"https:\/\/lavule.com\/hu\/wp-json\/wp\/v2\/types\/page"}],"author":[{"embeddable":true,"href":"https:\/\/lavule.com\/hu\/wp-json\/wp\/v2\/users\/1"}],"replies":[{"embeddable":true,"href":"https:\/\/lavule.com\/hu\/wp-json\/wp\/v2\/comments?post=15"}],"version-history":[{"count":4,"href":"https:\/\/lavule.com\/hu\/wp-json\/wp\/v2\/pages\/15\/revisions"}],"predecessor-version":[{"id":1921,"href":"https:\/\/lavule.com\/hu\/wp-json\/wp\/v2\/pages\/15\/revisions\/1921"}],"wp:attachment":[{"href":"https:\/\/lavule.com\/hu\/wp-json\/wp\/v2\/media?parent=15"}],"curies":[{"name":"wp","href":"https:\/\/api.w.org\/{rel}","templated":true}]}}