{"id":293,"date":"2022-07-20T10:31:25","date_gmt":"2022-07-20T10:31:25","guid":{"rendered":"https:\/\/lavule.com\/?post_type=product&#038;p=293"},"modified":"2025-12-31T16:01:45","modified_gmt":"2025-12-31T15:01:45","slug":"lavule-serum","status":"publish","type":"product","link":"https:\/\/lavule.com\/hr\/proizvod\/lavule-serum\/","title":{"rendered":"Lavule \u2013 Serum protiv podo\u010dnjaka i vre\u0107ica ispod o\u010diju"},"content":{"rendered":"<p><a href=\"https:\/\/lavule.com\/wp-content\/uploads\/2022\/07\/Lavule-Serum-02.jpg\"><img loading=\"lazy\" decoding=\"async\" class=\"alignnone wp-image-504 size-full\" src=\"https:\/\/lavule.com\/wp-content\/uploads\/2022\/07\/Lavule-Serum-02.jpg\" alt=\"\" width=\"2000\" height=\"850\" srcset=\"https:\/\/lavule.com\/wp-content\/uploads\/2022\/07\/Lavule-Serum-02.jpg 2000w, https:\/\/lavule.com\/wp-content\/uploads\/2022\/07\/Lavule-Serum-02-300x128.jpg 300w, https:\/\/lavule.com\/wp-content\/uploads\/2022\/07\/Lavule-Serum-02-1024x435.jpg 1024w, https:\/\/lavule.com\/wp-content\/uploads\/2022\/07\/Lavule-Serum-02-768x326.jpg 768w, https:\/\/lavule.com\/wp-content\/uploads\/2022\/07\/Lavule-Serum-02-1536x653.jpg 1536w, https:\/\/lavule.com\/wp-content\/uploads\/2022\/07\/Lavule-Serum-02-18x8.jpg 18w, https:\/\/lavule.com\/wp-content\/uploads\/2022\/07\/Lavule-Serum-02-600x255.jpg 600w\" sizes=\"auto, (max-width: 2000px) 100vw, 2000px\" \/><\/a><\/p>\n<p>Recite zbogom umornim o\u010dima uz Lavule Serum. Na\u0161a inovativna formula kombinira liposomalne i fermentirane sastojke kako bi vidljivo smanjila podo\u010dnjake, vre\u0107ice i bore oko o\u010diju. S provjerenim sastojcima kao \u0161to su ekstrakt medovog trna (Inst'Tight\u2122 C), Dermochlorella DG (zelena mikroalga) i ekstrakt divljeg kestena, nudimo posebnu njegu koja vidljivo smanjuje i bori se s pojavom podo\u010dnjaka, vre\u0107ica ispod o\u010diju, tamnih sjena i o\u010diju bore.<\/p>\n<p>*Clean Beauty: Lavule je 100% bez formaldehida, ftalata, sulfata, parabena, silikona, mineralnih ulja i PEG-a - kako bi bio siguran i ugodan za ko\u017eu. Na\u0161 je proizvod tako\u0111er veganski i bez okrutnosti.<\/p>\n<h2 class=\"p1\"><b>Primjena: <\/b><\/h2>\n<p class=\"p1\"><span style=\"font-weight: 400;\">Prije upotrebe temeljito o\u010distite i osu\u0161ite podru\u010dje oko o\u010diju. Nanesite malu koli\u010dinu seruma, otprilike veli\u010dine zrna ri\u017ee, na svako podru\u010dje oko o\u010diju ujutro i nave\u010der. Nje\u017eno utrljajte oko podru\u010dja ispod o\u010diju i nje\u017eno rasporedite. Ostavite da se potpuno upije.<\/span><\/p>\n<h2>Prije, poslije:<\/h2>\n<p>Slike <em>Novi<\/em> \u2013 Fotografije na info@lavule.com<\/p>\n<p><a href=\"https:\/\/lavule.com\/wp-content\/uploads\/2023\/08\/Lavule-01-1.jpg\"><img loading=\"lazy\" decoding=\"async\" class=\"wp-image-709 size-medium\" src=\"https:\/\/lavule.com\/wp-content\/uploads\/2023\/08\/Lavule-01-1-300x290.jpg\" alt=\"Lavule iskustvo\" width=\"300\" height=\"290\" srcset=\"https:\/\/lavule.com\/wp-content\/uploads\/2023\/08\/Lavule-01-1-300x290.jpg 300w, https:\/\/lavule.com\/wp-content\/uploads\/2023\/08\/Lavule-01-1-12x12.jpg 12w, https:\/\/lavule.com\/wp-content\/uploads\/2023\/08\/Lavule-01-1-600x580.jpg 600w, https:\/\/lavule.com\/wp-content\/uploads\/2023\/08\/Lavule-01-1.jpg 696w\" sizes=\"auto, (max-width: 300px) 100vw, 300px\" \/><\/a><\/p>\n<p><a href=\"https:\/\/lavule.com\/wp-content\/uploads\/2023\/08\/Lavule-02.jpg\"><img loading=\"lazy\" decoding=\"async\" class=\"wp-image-706 size-medium\" src=\"https:\/\/lavule.com\/wp-content\/uploads\/2023\/08\/Lavule-02-300x290.jpg\" alt=\"podo\u010dnjaci\" width=\"300\" height=\"290\" srcset=\"https:\/\/lavule.com\/wp-content\/uploads\/2023\/08\/Lavule-02-300x290.jpg 300w, https:\/\/lavule.com\/wp-content\/uploads\/2023\/08\/Lavule-02-12x12.jpg 12w, https:\/\/lavule.com\/wp-content\/uploads\/2023\/08\/Lavule-02-600x580.jpg 600w, https:\/\/lavule.com\/wp-content\/uploads\/2023\/08\/Lavule-02.jpg 696w\" sizes=\"auto, (max-width: 300px) 100vw, 300px\" \/><\/a><\/p>\n<p><a href=\"https:\/\/lavule.com\/wp-content\/uploads\/2022\/07\/Lavule-02.jpg\"><img loading=\"lazy\" decoding=\"async\" class=\"size-medium wp-image-295\" src=\"https:\/\/lavule.com\/wp-content\/uploads\/2022\/07\/Lavule-02-300x290.jpg\" alt=\"Lavule\" width=\"300\" height=\"290\" srcset=\"https:\/\/lavule.com\/wp-content\/uploads\/2022\/07\/Lavule-02-300x290.jpg 300w, https:\/\/lavule.com\/wp-content\/uploads\/2022\/07\/Lavule-02-12x12.jpg 12w, https:\/\/lavule.com\/wp-content\/uploads\/2022\/07\/Lavule-02.jpg 600w\" sizes=\"auto, (max-width: 300px) 100vw, 300px\" \/><\/a><\/p>\n<p><a href=\"https:\/\/lavule.com\/wp-content\/uploads\/2023\/08\/Lavule-03.jpg\"><img loading=\"lazy\" decoding=\"async\" class=\"wp-image-705 size-medium\" src=\"https:\/\/lavule.com\/wp-content\/uploads\/2023\/08\/Lavule-03-300x290.jpg\" alt=\"Lavule\" width=\"300\" height=\"290\" srcset=\"https:\/\/lavule.com\/wp-content\/uploads\/2023\/08\/Lavule-03-300x290.jpg 300w, https:\/\/lavule.com\/wp-content\/uploads\/2023\/08\/Lavule-03-12x12.jpg 12w, https:\/\/lavule.com\/wp-content\/uploads\/2023\/08\/Lavule-03-600x580.jpg 600w, https:\/\/lavule.com\/wp-content\/uploads\/2023\/08\/Lavule-03.jpg 696w\" sizes=\"auto, (max-width: 300px) 100vw, 300px\" \/><\/a><\/p>","protected":false},"excerpt":{"rendered":"<p class=\"p1\">Lavule Serum: Korektor za podo\u010dnjake &amp; vre\u0107ice ispod o\u010diju.<\/p>\n<ul>\n<li>Za \u017eene i mu\u0161karce<\/li>\n<li>Fermentirani sastojci<\/li>\n<li>Tehnika proizvodnje liposoma<\/li>\n<li>Bez hormona<\/li>\n<li>Veganski i bez testiranja na \u017eivotinjama<\/li>\n<li>\u010cista ljepota*<\/li>\n<li>Dermatolo\u0161ki ispitano<\/li>\n<\/ul>\n<p><a href=\"https:\/\/lavule.com\/wp-content\/uploads\/2022\/07\/22.jpg\"><img loading=\"lazy\" decoding=\"async\" class=\"alignnone wp-image-275\" src=\"https:\/\/lavule.com\/wp-content\/uploads\/2022\/07\/22.jpg\" alt=\"\" width=\"283\" height=\"25\" srcset=\"https:\/\/lavule.com\/wp-content\/uploads\/2022\/07\/22.jpg 941w, https:\/\/lavule.com\/wp-content\/uploads\/2022\/07\/22-300x26.jpg 300w, https:\/\/lavule.com\/wp-content\/uploads\/2022\/07\/22-768x68.jpg 768w, https:\/\/lavule.com\/wp-content\/uploads\/2022\/07\/22-18x2.jpg 18w, https:\/\/lavule.com\/wp-content\/uploads\/2022\/07\/22-600x53.jpg 600w\" sizes=\"auto, (max-width: 283px) 100vw, 283px\" \/><\/a><\/p>\n<p><a href=\"https:\/\/lavule.com\/wp-content\/uploads\/2023\/10\/Testsieger-De.jpg\"><img loading=\"lazy\" decoding=\"async\" class=\"alignnone wp-image-1196\" src=\"https:\/\/lavule.com\/wp-content\/uploads\/2023\/10\/Testsieger-De.jpg\" alt=\"Lavule test\" width=\"137\" height=\"82\" srcset=\"https:\/\/lavule.com\/wp-content\/uploads\/2023\/10\/Testsieger-De.jpg 1249w, https:\/\/lavule.com\/wp-content\/uploads\/2023\/10\/Testsieger-De-300x179.jpg 300w, https:\/\/lavule.com\/wp-content\/uploads\/2023\/10\/Testsieger-De-1024x610.jpg 1024w, https:\/\/lavule.com\/wp-content\/uploads\/2023\/10\/Testsieger-De-768x457.jpg 768w, https:\/\/lavule.com\/wp-content\/uploads\/2023\/10\/Testsieger-De-18x12.jpg 18w, https:\/\/lavule.com\/wp-content\/uploads\/2023\/10\/Testsieger-De-600x357.jpg 600w\" sizes=\"auto, (max-width: 137px) 100vw, 137px\" \/><\/a><\/p>","protected":false},"author":1,"featured_media":507,"comment_status":"closed","ping_status":"closed","template":"","meta":{"_uag_custom_page_level_css":"","advgb_blocks_editor_width":"","advgb_blocks_columns_visual_guide":"","site-sidebar-layout":"default","site-content-layout":"default","ast-site-content-layout":"default","site-content-style":"default","site-sidebar-style":"default","ast-global-header-display":"","ast-banner-title-visibility":"","ast-main-header-display":"","ast-hfb-above-header-display":"","ast-hfb-below-header-display":"","ast-hfb-mobile-header-display":"","site-post-title":"","ast-breadcrumbs-content":"","ast-featured-img":"","footer-sml-layout":"","ast-disable-related-posts":"","theme-transparent-header-meta":"default","adv-header-id-meta":"","stick-header-meta":"default","header-above-stick-meta":"","header-main-stick-meta":"","header-below-stick-meta":"","astra-migrate-meta-layouts":"set","ast-page-background-enabled":"default","ast-page-background-meta":{"desktop":{"background-color":"","background-image":"","background-repeat":"repeat","background-position":"center center","background-size":"auto","background-attachment":"scroll","background-type":"","background-media":"","overlay-type":"","overlay-color":"","overlay-opacity":"","overlay-gradient":""},"tablet":{"background-color":"","background-image":"","background-repeat":"repeat","background-position":"center center","background-size":"auto","background-attachment":"scroll","background-type":"","background-media":"","overlay-type":"","overlay-color":"","overlay-opacity":"","overlay-gradient":""},"mobile":{"background-color":"","background-image":"","background-repeat":"repeat","background-position":"center center","background-size":"auto","background-attachment":"scroll","background-type":"","background-media":"","overlay-type":"","overlay-color":"","overlay-opacity":"","overlay-gradient":""}},"ast-content-background-meta":{"desktop":{"background-color":"var(--ast-global-color-5)","background-image":"","background-repeat":"repeat","background-position":"center center","background-size":"auto","background-attachment":"scroll","background-type":"","background-media":"","overlay-type":"","overlay-color":"","overlay-opacity":"","overlay-gradient":""},"tablet":{"background-color":"var(--ast-global-color-5)","background-image":"","background-repeat":"repeat","background-position":"center center","background-size":"auto","background-attachment":"scroll","background-type":"","background-media":"","overlay-type":"","overlay-color":"","overlay-opacity":"","overlay-gradient":""},"mobile":{"background-color":"var(--ast-global-color-5)","background-image":"","background-repeat":"repeat","background-position":"center center","background-size":"auto","background-attachment":"scroll","background-type":"","background-media":"","overlay-type":"","overlay-color":"","overlay-opacity":"","overlay-gradient":""}}},"product_brand":[],"product_cat":[84],"product_tag":[],"class_list":{"0":"post-293","1":"product","2":"type-product","3":"status-publish","4":"has-post-thumbnail","6":"product_cat-eye-serum","7":"desktop-align-left","8":"tablet-align-left","9":"mobile-align-left","10":"ast-product-gallery-layout-horizontal","11":"ast-magnify-disabled","12":"ast-product-tabs-layout-horizontal","13":"ast-qv-on-image","15":"first","16":"instock","17":"taxable","18":"shipping-taxable","19":"purchasable","20":"product-type-simple"},"yoast_head":"<!-- This site is optimized with the Yoast SEO Premium plugin v23.4 (Yoast SEO v26.6) - https:\/\/yoast.com\/wordpress\/plugins\/seo\/ -->\n<title>Lavule - Serum gegen Augenringe &amp; Tr\u00e4nens\u00e4cke - Lavule<\/title>\n<meta name=\"description\" content=\"Lavule: Augenringe und Tr\u00e4nens\u00e4cke entfernen mit unserem Serum. F\u00fcr Frauen und M\u00e4nner ohne Hormone. Jetzt bestellen! Neue liposomale Formel!\" \/>\n<meta name=\"robots\" content=\"index, follow, max-snippet:-1, max-image-preview:large, max-video-preview:-1\" \/>\n<link rel=\"canonical\" href=\"https:\/\/lavule.com\/hr\/proizvod\/lavule-serum\/\" \/>\n<meta property=\"og:locale\" content=\"hr_HR\" \/>\n<meta property=\"og:type\" content=\"article\" \/>\n<meta property=\"og:title\" content=\"Lavule - Serum gegen Augenringe &amp; Tr\u00e4nens\u00e4cke\" \/>\n<meta property=\"og:description\" content=\"Lavule: Augenringe und Tr\u00e4nens\u00e4cke entfernen mit unserem Serum. F\u00fcr Frauen und M\u00e4nner ohne Hormone. Jetzt bestellen! Neue liposomale Formel!\" \/>\n<meta property=\"og:url\" content=\"https:\/\/lavule.com\/hr\/proizvod\/lavule-serum\/\" \/>\n<meta property=\"og:site_name\" content=\"Lavule\" \/>\n<meta property=\"article:modified_time\" content=\"2025-12-31T15:01:45+00:00\" \/>\n<meta property=\"og:image\" content=\"https:\/\/lavule.com\/wp-content\/uploads\/2022\/07\/Lavule-Serum-01.jpg\" \/>\n\t<meta property=\"og:image:width\" content=\"1000\" \/>\n\t<meta property=\"og:image:height\" content=\"1000\" \/>\n\t<meta property=\"og:image:type\" content=\"image\/jpeg\" \/>\n<meta name=\"twitter:card\" content=\"summary_large_image\" \/>\n<meta name=\"twitter:label1\" content=\"Procijenjeno vrijeme \u010ditanja\" \/>\n\t<meta name=\"twitter:data1\" content=\"2 minute\" \/>\n<script type=\"application\/ld+json\" class=\"yoast-schema-graph\">{\"@context\":\"https:\/\/schema.org\",\"@graph\":[{\"@type\":\"WebPage\",\"@id\":\"https:\/\/lavule.com\/produkt\/lavule-serum\/\",\"url\":\"https:\/\/lavule.com\/produkt\/lavule-serum\/\",\"name\":\"Lavule - Serum gegen Augenringe & Tr\u00e4nens\u00e4cke - Lavule\",\"isPartOf\":{\"@id\":\"https:\/\/lavule.com\/de\/#website\"},\"primaryImageOfPage\":{\"@id\":\"https:\/\/lavule.com\/produkt\/lavule-serum\/#primaryimage\"},\"image\":{\"@id\":\"https:\/\/lavule.com\/produkt\/lavule-serum\/#primaryimage\"},\"thumbnailUrl\":\"https:\/\/lavule.com\/wp-content\/uploads\/2022\/07\/Lavule-Serum-01.jpg\",\"datePublished\":\"2022-07-20T10:31:25+00:00\",\"dateModified\":\"2025-12-31T15:01:45+00:00\",\"description\":\"Lavule: Augenringe und Tr\u00e4nens\u00e4cke entfernen mit unserem Serum. F\u00fcr Frauen und M\u00e4nner ohne Hormone. Jetzt bestellen! Neue liposomale Formel!\",\"breadcrumb\":{\"@id\":\"https:\/\/lavule.com\/produkt\/lavule-serum\/#breadcrumb\"},\"inLanguage\":\"hr\",\"potentialAction\":[{\"@type\":\"ReadAction\",\"target\":[\"https:\/\/lavule.com\/produkt\/lavule-serum\/\"]}]},{\"@type\":\"ImageObject\",\"inLanguage\":\"hr\",\"@id\":\"https:\/\/lavule.com\/produkt\/lavule-serum\/#primaryimage\",\"url\":\"https:\/\/lavule.com\/wp-content\/uploads\/2022\/07\/Lavule-Serum-01.jpg\",\"contentUrl\":\"https:\/\/lavule.com\/wp-content\/uploads\/2022\/07\/Lavule-Serum-01.jpg\",\"width\":1000,\"height\":1000,\"caption\":\"Lavule\"},{\"@type\":\"BreadcrumbList\",\"@id\":\"https:\/\/lavule.com\/produkt\/lavule-serum\/#breadcrumb\",\"itemListElement\":[{\"@type\":\"ListItem\",\"position\":1,\"name\":\"LAVULE\",\"item\":\"https:\/\/lavule.com\/\"},{\"@type\":\"ListItem\",\"position\":2,\"name\":\"Shop\",\"item\":\"https:\/\/lavule.com\/en\/shop\/\"},{\"@type\":\"ListItem\",\"position\":3,\"name\":\"Lavule &#8211; Serum gegen Augenringe &#038; Tr\u00e4nens\u00e4cke\"}]},{\"@type\":\"WebSite\",\"@id\":\"https:\/\/lavule.com\/de\/#website\",\"url\":\"https:\/\/lavule.com\/de\/\",\"name\":\"Lavule\",\"description\":\"Augenringe Serum\",\"publisher\":{\"@id\":\"https:\/\/lavule.com\/de\/#organization\"},\"potentialAction\":[{\"@type\":\"SearchAction\",\"target\":{\"@type\":\"EntryPoint\",\"urlTemplate\":\"https:\/\/lavule.com\/de\/?s={search_term_string}\"},\"query-input\":{\"@type\":\"PropertyValueSpecification\",\"valueRequired\":true,\"valueName\":\"search_term_string\"}}],\"inLanguage\":\"hr\"},{\"@type\":\"Organization\",\"@id\":\"https:\/\/lavule.com\/de\/#organization\",\"name\":\"Lavule\",\"url\":\"https:\/\/lavule.com\/de\/\",\"logo\":{\"@type\":\"ImageObject\",\"inLanguage\":\"hr\",\"@id\":\"https:\/\/lavule.com\/de\/#\/schema\/logo\/image\/\",\"url\":\"https:\/\/lavule.com\/wp-content\/uploads\/2021\/11\/cropped-Lavule.png\",\"contentUrl\":\"https:\/\/lavule.com\/wp-content\/uploads\/2021\/11\/cropped-Lavule.png\",\"width\":243,\"height\":96,\"caption\":\"Lavule\"},\"image\":{\"@id\":\"https:\/\/lavule.com\/de\/#\/schema\/logo\/image\/\"},\"sameAs\":[\"https:\/\/www.instagram.com\/lavule_official\/\"]}]}<\/script>\n<!-- \/ Yoast SEO Premium plugin. -->","yoast_head_json":{"title":"Lavule - Serum protiv podo\u010dnjaka i vre\u0107ica ispod o\u010diju","description":"Lavule: Protiv podo\u010dnjaka i vre\u0107ica ispod o\u010diju na\u0161im serumom. Za \u017eene i mu\u0161karce bez hormona. Naru\u010dite sada! Nova liposomska formula!","robots":{"index":"index","follow":"follow","max-snippet":"max-snippet:-1","max-image-preview":"max-image-preview:large","max-video-preview":"max-video-preview:-1"},"canonical":"https:\/\/lavule.com\/hr\/proizvod\/lavule-serum\/","og_locale":"hr_HR","og_type":"article","og_title":"Lavule - Serum gegen Augenringe & Tr\u00e4nens\u00e4cke","og_description":"Lavule: Augenringe und Tr\u00e4nens\u00e4cke entfernen mit unserem Serum. F\u00fcr Frauen und M\u00e4nner ohne Hormone. Jetzt bestellen! Neue liposomale Formel!","og_url":"https:\/\/lavule.com\/hr\/proizvod\/lavule-serum\/","og_site_name":"Lavule","article_modified_time":"2025-12-31T15:01:45+00:00","og_image":[{"width":1000,"height":1000,"url":"https:\/\/lavule.com\/wp-content\/uploads\/2022\/07\/Lavule-Serum-01.jpg","type":"image\/jpeg"}],"twitter_card":"summary_large_image","twitter_misc":{"Procijenjeno vrijeme \u010ditanja":"2 minute"},"schema":{"@context":"https:\/\/schema.org","@graph":[{"@type":"WebPage","@id":"https:\/\/lavule.com\/produkt\/lavule-serum\/","url":"https:\/\/lavule.com\/produkt\/lavule-serum\/","name":"Lavule - Serum protiv podo\u010dnjaka i vre\u0107ica ispod o\u010diju","isPartOf":{"@id":"https:\/\/lavule.com\/de\/#website"},"primaryImageOfPage":{"@id":"https:\/\/lavule.com\/produkt\/lavule-serum\/#primaryimage"},"image":{"@id":"https:\/\/lavule.com\/produkt\/lavule-serum\/#primaryimage"},"thumbnailUrl":"https:\/\/lavule.com\/wp-content\/uploads\/2022\/07\/Lavule-Serum-01.jpg","datePublished":"2022-07-20T10:31:25+00:00","dateModified":"2025-12-31T15:01:45+00:00","description":"Lavule: Protiv podo\u010dnjaka i vre\u0107ica ispod o\u010diju na\u0161im serumom. Za \u017eene i mu\u0161karce bez hormona. Naru\u010dite sada! Nova liposomska formula!","breadcrumb":{"@id":"https:\/\/lavule.com\/produkt\/lavule-serum\/#breadcrumb"},"inLanguage":"hr","potentialAction":[{"@type":"ReadAction","target":["https:\/\/lavule.com\/produkt\/lavule-serum\/"]}]},{"@type":"ImageObject","inLanguage":"hr","@id":"https:\/\/lavule.com\/produkt\/lavule-serum\/#primaryimage","url":"https:\/\/lavule.com\/wp-content\/uploads\/2022\/07\/Lavule-Serum-01.jpg","contentUrl":"https:\/\/lavule.com\/wp-content\/uploads\/2022\/07\/Lavule-Serum-01.jpg","width":1000,"height":1000,"caption":"Lavule"},{"@type":"BreadcrumbList","@id":"https:\/\/lavule.com\/produkt\/lavule-serum\/#breadcrumb","itemListElement":[{"@type":"ListItem","position":1,"name":"LAVULE","item":"https:\/\/lavule.com\/"},{"@type":"ListItem","position":2,"name":"Shop","item":"https:\/\/lavule.com\/en\/shop\/"},{"@type":"ListItem","position":3,"name":"Lavule &#8211; Serum gegen Augenringe &#038; Tr\u00e4nens\u00e4cke"}]},{"@type":"WebSite","@id":"https:\/\/lavule.com\/de\/#website","url":"https:\/\/lavule.com\/de\/","name":"Lavule","description":"Serum podo\u010dnjaci","publisher":{"@id":"https:\/\/lavule.com\/de\/#organization"},"potentialAction":[{"@type":"SearchAction","target":{"@type":"EntryPoint","urlTemplate":"https:\/\/lavule.com\/de\/?s={search_term_string}"},"query-input":{"@type":"PropertyValueSpecification","valueRequired":true,"valueName":"search_term_string"}}],"inLanguage":"hr"},{"@type":"Organization","@id":"https:\/\/lavule.com\/de\/#organization","name":"Lavule","url":"https:\/\/lavule.com\/de\/","logo":{"@type":"ImageObject","inLanguage":"hr","@id":"https:\/\/lavule.com\/de\/#\/schema\/logo\/image\/","url":"https:\/\/lavule.com\/wp-content\/uploads\/2021\/11\/cropped-Lavule.png","contentUrl":"https:\/\/lavule.com\/wp-content\/uploads\/2021\/11\/cropped-Lavule.png","width":243,"height":96,"caption":"Lavule"},"image":{"@id":"https:\/\/lavule.com\/de\/#\/schema\/logo\/image\/"},"sameAs":["https:\/\/www.instagram.com\/lavule_official\/"]}]}},"uagb_featured_image_src":{"full":["https:\/\/lavule.com\/wp-content\/uploads\/2022\/07\/Lavule-Serum-01.jpg",1000,1000,false],"thumbnail":["https:\/\/lavule.com\/wp-content\/uploads\/2022\/07\/Lavule-Serum-01-150x150.jpg",150,150,true],"medium":["https:\/\/lavule.com\/wp-content\/uploads\/2022\/07\/Lavule-Serum-01-300x300.jpg",300,300,true],"medium_large":["https:\/\/lavule.com\/wp-content\/uploads\/2022\/07\/Lavule-Serum-01-768x768.jpg",768,768,true],"large":["https:\/\/lavule.com\/wp-content\/uploads\/2022\/07\/Lavule-Serum-01.jpg",1000,1000,false],"1536x1536":["https:\/\/lavule.com\/wp-content\/uploads\/2022\/07\/Lavule-Serum-01.jpg",1000,1000,false],"2048x2048":["https:\/\/lavule.com\/wp-content\/uploads\/2022\/07\/Lavule-Serum-01.jpg",1000,1000,false],"trp-custom-language-flag":["https:\/\/lavule.com\/wp-content\/uploads\/2022\/07\/Lavule-Serum-01-12x12.jpg",12,12,true],"woocommerce_thumbnail":["https:\/\/lavule.com\/wp-content\/uploads\/2022\/07\/Lavule-Serum-01-300x300.jpg",300,300,true],"woocommerce_single":["https:\/\/lavule.com\/wp-content\/uploads\/2022\/07\/Lavule-Serum-01-600x600.jpg",600,600,true],"woocommerce_gallery_thumbnail":["https:\/\/lavule.com\/wp-content\/uploads\/2022\/07\/Lavule-Serum-01-100x100.jpg",100,100,true]},"uagb_author_info":{"display_name":"Kerem085","author_link":"https:\/\/lavule.com\/hr\/author\/kerem085\/"},"uagb_comment_info":0,"uagb_excerpt":"Lavule Eye Serum: Gegen Augenringe &amp; Tr\u00e4nens\u00e4cke. F\u00fcr Frauen &amp; M\u00e4nner Fermentierte Inhaltsstoffe Liposomale Herstellungstechnik Ohne Hormone Vegan und tierversuchsfrei Clean Beauty* Dermatologisch getestet","featured_img":"https:\/\/lavule.com\/wp-content\/uploads\/2022\/07\/Lavule-Serum-01.jpg","coauthors":[],"author_meta":{"author_link":"https:\/\/lavule.com\/hr\/author\/kerem085\/","display_name":"Kerem085"},"relative_dates":{"created":"Posted 4 godine ago","modified":"Updated 3 mjeseca ago"},"absolute_dates":{"created":"Posted on 20 srpnja, 2022","modified":"Updated on 31 prosinca, 2025"},"absolute_dates_time":{"created":"Posted on 20 srpnja, 2022 10:31 am","modified":"Updated on 31 prosinca, 2025 4:01 pm"},"featured_img_caption":"Lavule","tax_additional":{"product_brand":{"linked":[],"unlinked":[],"slug":"product_brand","name":"Brendovi"},"product_type":{"linked":["<a href=\"https:\/\/lavule.com\/hr\/?taxonomy=product_type&#038;term=simple\" class=\"advgb-post-tax-term\">simple<\/a>"],"unlinked":["<span class=\"advgb-post-tax-term\">simple<\/span>"],"slug":"product_type","name":"Vrsta proizvoda"},"product_visibility":{"linked":[],"unlinked":[],"slug":"product_visibility","name":"Vidljivost proizvoda"},"product_cat":{"linked":["<a href=\"https:\/\/lavule.com\/hr\/kategorija-proizvoda\/eye-serum\/\" class=\"advgb-post-tax-term\">Eye Serum<\/a>"],"unlinked":["<span class=\"advgb-post-tax-term\">Eye Serum<\/span>"],"slug":"product_cat","name":"Kategorije proizvoda"},"product_tag":{"linked":[],"unlinked":[],"slug":"product_tag","name":"Oznake proizvoda"},"product_shipping_class":{"linked":[],"unlinked":[],"slug":"product_shipping_class","name":"Klasa dostave proizvoda"},"pa_brand":{"linked":[],"unlinked":[],"slug":"pa_brand","name":"Proizvod Marke"}},"series_order":"","_links":{"self":[{"href":"https:\/\/lavule.com\/hr\/wp-json\/wp\/v2\/product\/293","targetHints":{"allow":["GET"]}}],"collection":[{"href":"https:\/\/lavule.com\/hr\/wp-json\/wp\/v2\/product"}],"about":[{"href":"https:\/\/lavule.com\/hr\/wp-json\/wp\/v2\/types\/product"}],"replies":[{"embeddable":true,"href":"https:\/\/lavule.com\/hr\/wp-json\/wp\/v2\/comments?post=293"}],"wp:featuredmedia":[{"embeddable":true,"href":"https:\/\/lavule.com\/hr\/wp-json\/wp\/v2\/media\/507"}],"wp:attachment":[{"href":"https:\/\/lavule.com\/hr\/wp-json\/wp\/v2\/media?parent=293"}],"wp:term":[{"taxonomy":"product_brand","embeddable":true,"href":"https:\/\/lavule.com\/hr\/wp-json\/wp\/v2\/product_brand?post=293"},{"taxonomy":"product_cat","embeddable":true,"href":"https:\/\/lavule.com\/hr\/wp-json\/wp\/v2\/product_cat?post=293"},{"taxonomy":"product_tag","embeddable":true,"href":"https:\/\/lavule.com\/hr\/wp-json\/wp\/v2\/product_tag?post=293"}],"curies":[{"name":"wp","href":"https:\/\/api.w.org\/{rel}","templated":true}]}}