{"id":65,"date":"2021-09-27T15:32:59","date_gmt":"2021-09-27T15:32:59","guid":{"rendered":"https:\/\/lavule.com\/?page_id=65"},"modified":"2023-09-21T07:13:28","modified_gmt":"2023-09-21T05:13:28","slug":"erfahrungen","status":"publish","type":"page","link":"https:\/\/lavule.com\/fr\/experiences\/","title":{"rendered":"Exp\u00e9riences"},"content":{"rendered":"<div class=\"wp-block-cover alignfull is-light has-custom-content-position is-position-bottom-center advgb-dyn-6750bca8\" style=\"min-height:349px;aspect-ratio:unset;\"><span aria-hidden=\"true\" class=\"wp-block-cover__background has-background-dim-20 has-background-dim\"><\/span><img loading=\"lazy\" decoding=\"async\" width=\"1700\" height=\"850\" class=\"wp-block-cover__image-background wp-image-89\" alt=\"\" src=\"https:\/\/lavule.com\/wp-content\/uploads\/2021\/11\/Lavule-Erfahrungen.jpg\" style=\"object-position:49% 63%\" data-object-fit=\"cover\" data-object-position=\"49% 63%\" srcset=\"https:\/\/lavule.com\/wp-content\/uploads\/2021\/11\/Lavule-Erfahrungen.jpg 1700w, https:\/\/lavule.com\/wp-content\/uploads\/2021\/11\/Lavule-Erfahrungen-300x150.jpg 300w, https:\/\/lavule.com\/wp-content\/uploads\/2021\/11\/Lavule-Erfahrungen-1024x512.jpg 1024w, https:\/\/lavule.com\/wp-content\/uploads\/2021\/11\/Lavule-Erfahrungen-768x384.jpg 768w, https:\/\/lavule.com\/wp-content\/uploads\/2021\/11\/Lavule-Erfahrungen-1536x768.jpg 1536w, https:\/\/lavule.com\/wp-content\/uploads\/2021\/11\/Lavule-Erfahrungen-600x300.jpg 600w\" sizes=\"auto, (max-width: 1700px) 100vw, 1700px\" \/><div class=\"wp-block-cover__inner-container is-layout-flow wp-block-cover-is-layout-flow\">\n<h1 class=\"wp-block-heading has-text-align-center has-ast-global-color-5-color has-text-color advgb-dyn-a4274093\" id=\"h-lavule-erfahrungen\">Exp\u00e9riences de Lavule<\/h1>\n\n\n\n<p class=\"has-text-align-center has-ast-global-color-5-color has-text-color\">Avant\/apr\u00e8s<\/p>\n<\/div><\/div>\n\n\n\n<div style=\"height:49px\" aria-hidden=\"true\" class=\"wp-block-spacer advgb-dyn-4bcfb21b\"><\/div>\n\n\n\n<p><em><strong>Avant\/apr\u00e8s<\/strong>&nbsp;Photos ci-dessous.<\/em><\/p>\n\n\n\n<p>Les exp\u00e9riences de Lavule : La transparence est importante pour nous. C'est pourquoi nous demandons \u00e0 nos clients de prendre des photos avant\/apr\u00e8s et de partager leurs exp\u00e9riences avec nous.<\/p>\n\n\n\n<p>D\u00e9cidez d'abord de vos priorit\u00e9s et des r\u00e9sultats que vous souhaitez obtenir avec un Serum Anti Cernes. Qu'il s'agisse de raffermir, de r\u00e9duire les gonflements ou simplement d'hydrater ou de corriger les couleurs, une bonne formule est de toute fa\u00e7on indispensable : La zone sensible du contour des yeux est souvent l'une des premi\u00e8res \u00e0 montrer des signes visibles de vieillissement.<\/p>\n\n\n\n<p>Comme il s'agit d'une peau sensible, il faut en prendre soin correctement. La peau autour des yeux n'a pas de glandes s\u00e9bac\u00e9es et est tr\u00e8s sensible \u00e0 la s\u00e9cheresse et au rel\u00e2chement. \u00c0 cela s'ajoutent les mouvements musculaires fr\u00e9quents qui plissent et sollicitent la peau \u00e0 cet endroit, et nous voyons in\u00e9vitablement plus de lignes et de ridules - sans compter les rougeurs et les cernes dues au r\u00e9seau capillaire dense.<\/p>\n\n\n\n<p>Nous avons rassembl\u00e9 ici les t\u00e9moignages de nos clients sur Lavule. Partagez vous aussi votre photo avant\/apr\u00e8s : info@lavule.com<\/p>\n\n\n\n<hr class=\"wp-block-separator has-text-color has-black-color has-css-opacity has-black-background-color has-background is-style-wide advgb-dyn-e75d8f65\"\/>\n\n\n\n<figure class=\"wp-block-image aligncenter size-full is-resized advgb-dyn-9bde0095\"><img decoding=\"async\" src=\"https:\/\/lavule.com\/wp-content\/uploads\/2023\/08\/Lavule-01-1.jpg\" alt=\"Exp\u00e9rience Lavule\" class=\"wp-image-709\" style=\"width:450px\" width=\"450\" srcset=\"https:\/\/lavule.com\/wp-content\/uploads\/2023\/08\/Lavule-01-1.jpg 696w, https:\/\/lavule.com\/wp-content\/uploads\/2023\/08\/Lavule-01-1-300x290.jpg 300w, https:\/\/lavule.com\/wp-content\/uploads\/2023\/08\/Lavule-01-1-12x12.jpg 12w, https:\/\/lavule.com\/wp-content\/uploads\/2023\/08\/Lavule-01-1-600x580.jpg 600w\" sizes=\"(max-width: 696px) 100vw, 696px\" \/><\/figure>\n\n\n\n<figure class=\"wp-block-image aligncenter size-full is-resized advgb-dyn-b57f9f01\"><img decoding=\"async\" src=\"https:\/\/lavule.com\/wp-content\/uploads\/2021\/11\/002-1.jpg\" alt=\"Exp\u00e9riences de la cr\u00e8me pour les cernes\" class=\"wp-image-94\" style=\"width:450px\" width=\"450\" srcset=\"https:\/\/lavule.com\/wp-content\/uploads\/2021\/11\/002-1.jpg 600w, https:\/\/lavule.com\/wp-content\/uploads\/2021\/11\/002-1-300x290.jpg 300w\" sizes=\"(max-width: 600px) 100vw, 600px\" \/><\/figure>\n\n\n\n<figure class=\"wp-block-image aligncenter size-full is-resized advgb-dyn-c455c81a\"><img decoding=\"async\" src=\"https:\/\/lavule.com\/wp-content\/uploads\/2021\/11\/Augenringe-03.jpg\" alt=\"Exp\u00e9riences\" class=\"wp-image-95\" style=\"width:450px\" width=\"450\" srcset=\"https:\/\/lavule.com\/wp-content\/uploads\/2021\/11\/Augenringe-03.jpg 600w, https:\/\/lavule.com\/wp-content\/uploads\/2021\/11\/Augenringe-03-300x290.jpg 300w\" sizes=\"(max-width: 600px) 100vw, 600px\" \/><\/figure>\n\n\n\n<figure class=\"wp-block-image aligncenter size-full is-resized advgb-dyn-95c6c770\"><img decoding=\"async\" src=\"https:\/\/lavule.com\/wp-content\/uploads\/2023\/08\/Lavule-02.jpg\" alt=\"Cernes sous les yeux\" class=\"wp-image-706\" style=\"width:450px\" width=\"450\" srcset=\"https:\/\/lavule.com\/wp-content\/uploads\/2023\/08\/Lavule-02.jpg 696w, https:\/\/lavule.com\/wp-content\/uploads\/2023\/08\/Lavule-02-300x290.jpg 300w, https:\/\/lavule.com\/wp-content\/uploads\/2023\/08\/Lavule-02-12x12.jpg 12w, https:\/\/lavule.com\/wp-content\/uploads\/2023\/08\/Lavule-02-600x580.jpg 600w\" sizes=\"(max-width: 696px) 100vw, 696px\" \/><\/figure>\n\n\n\n<figure class=\"wp-block-image aligncenter size-full is-resized advgb-dyn-8a4e3c71\"><img decoding=\"async\" src=\"https:\/\/lavule.com\/wp-content\/uploads\/2021\/11\/Augenringe-05-600x580-1.jpg\" alt=\"Exp\u00e9rience-cernes-cr\u00e8me\" class=\"wp-image-97\" style=\"width:450px\" width=\"450\" srcset=\"https:\/\/lavule.com\/wp-content\/uploads\/2021\/11\/Augenringe-05-600x580-1.jpg 600w, https:\/\/lavule.com\/wp-content\/uploads\/2021\/11\/Augenringe-05-600x580-1-300x290.jpg 300w\" sizes=\"(max-width: 600px) 100vw, 600px\" \/><\/figure>\n\n\n\n<figure class=\"wp-block-image aligncenter size-full is-resized advgb-dyn-260bd4c9\"><img decoding=\"async\" src=\"https:\/\/lavule.com\/wp-content\/uploads\/2023\/08\/Lavule-03.jpg\" alt=\"Lavule\" class=\"wp-image-705\" style=\"width:450px\" width=\"450\" srcset=\"https:\/\/lavule.com\/wp-content\/uploads\/2023\/08\/Lavule-03.jpg 696w, https:\/\/lavule.com\/wp-content\/uploads\/2023\/08\/Lavule-03-300x290.jpg 300w, https:\/\/lavule.com\/wp-content\/uploads\/2023\/08\/Lavule-03-12x12.jpg 12w, https:\/\/lavule.com\/wp-content\/uploads\/2023\/08\/Lavule-03-600x580.jpg 600w\" sizes=\"(max-width: 696px) 100vw, 696px\" \/><\/figure>\n\n\n\n<p><\/p>\n\n\n\n<h2 class=\"wp-block-heading has-text-align-center advgb-dyn-3f8c228b\" id=\"h-mehr-zu-lavule\">En savoir plus sur Lavule<\/h2>\n\n\n\n<p class=\"has-text-align-center\">En savoir plus sur Lavule<\/p>\n\n\n\n<div class=\"wp-block-buttons is-horizontal is-content-justification-center is-layout-flex wp-container-core-buttons-is-layout-03627597 wp-block-buttons-is-layout-flex advgb-dyn-5e5a4c85\">\n<div class=\"wp-block-button advgb-dyn-d3f90390\"><a class=\"wp-block-button__link has-background wp-element-button\" href=\"https:\/\/lavule.com\/fr\/\" style=\"background-color:#48a3aa\">En savoir plus !<\/a><\/div>\n<\/div>\n\n\n\n<div style=\"height:74px\" aria-hidden=\"true\" class=\"wp-block-spacer advgb-dyn-c1854d6a\"><\/div>","protected":false},"excerpt":{"rendered":"<p>Vorher\/Nachher&nbsp;Bilder weiter unten. Lavule Erfahrungen: Transparenz ist uns wichtig. Daher bitten wir unsere Kunden, Vorher\/Nachher-Bilder zu machen und ihre Erfahrungen mit uns zu teilen. Entscheiden Sie zun\u00e4chst \u00fcber Ihre Priorit\u00e4ten [&hellip;]<\/p>","protected":false},"author":1,"featured_media":0,"parent":0,"menu_order":0,"comment_status":"closed","ping_status":"closed","template":"","meta":{"_uag_custom_page_level_css":"","advgb_blocks_editor_width":"","advgb_blocks_columns_visual_guide":"","site-sidebar-layout":"default","site-content-layout":"default","ast-site-content-layout":"default","site-content-style":"default","site-sidebar-style":"default","ast-global-header-display":"","ast-banner-title-visibility":"","ast-main-header-display":"","ast-hfb-above-header-display":"","ast-hfb-below-header-display":"","ast-hfb-mobile-header-display":"","site-post-title":"disabled","ast-breadcrumbs-content":"","ast-featured-img":"","footer-sml-layout":"","ast-disable-related-posts":"","theme-transparent-header-meta":"default","adv-header-id-meta":"","stick-header-meta":"default","header-above-stick-meta":"","header-main-stick-meta":"","header-below-stick-meta":"","astra-migrate-meta-layouts":"set","ast-page-background-enabled":"default","ast-page-background-meta":{"desktop":{"background-color":"","background-image":"","background-repeat":"repeat","background-position":"center center","background-size":"auto","background-attachment":"scroll","background-type":"","background-media":"","overlay-type":"","overlay-color":"","overlay-opacity":"","overlay-gradient":""},"tablet":{"background-color":"","background-image":"","background-repeat":"repeat","background-position":"center center","background-size":"auto","background-attachment":"scroll","background-type":"","background-media":"","overlay-type":"","overlay-color":"","overlay-opacity":"","overlay-gradient":""},"mobile":{"background-color":"","background-image":"","background-repeat":"repeat","background-position":"center center","background-size":"auto","background-attachment":"scroll","background-type":"","background-media":"","overlay-type":"","overlay-color":"","overlay-opacity":"","overlay-gradient":""}},"ast-content-background-meta":{"desktop":{"background-color":"var(--ast-global-color-5)","background-image":"","background-repeat":"repeat","background-position":"center center","background-size":"auto","background-attachment":"scroll","background-type":"","background-media":"","overlay-type":"","overlay-color":"","overlay-opacity":"","overlay-gradient":""},"tablet":{"background-color":"var(--ast-global-color-5)","background-image":"","background-repeat":"repeat","background-position":"center center","background-size":"auto","background-attachment":"scroll","background-type":"","background-media":"","overlay-type":"","overlay-color":"","overlay-opacity":"","overlay-gradient":""},"mobile":{"background-color":"var(--ast-global-color-5)","background-image":"","background-repeat":"repeat","background-position":"center center","background-size":"auto","background-attachment":"scroll","background-type":"","background-media":"","overlay-type":"","overlay-color":"","overlay-opacity":"","overlay-gradient":""}},"footnotes":""},"class_list":["post-65","page","type-page","status-publish","hentry"],"featured_image_src":null,"yoast_head":"<!-- This site is optimized with the Yoast SEO Premium plugin v23.4 (Yoast SEO v26.6) - https:\/\/yoast.com\/wordpress\/plugins\/seo\/ -->\n<title>Lavule Erfahrungen: Vorher\/Nachher Bilder<\/title>\n<meta name=\"description\" content=\"Lavule Eye Serum Erfahrungen. Bilder sagen mehr als W\u00f6rter. Hier findest du Testberichte und Vorher\/Nachher Bilder.\" \/>\n<meta name=\"robots\" content=\"index, follow, max-snippet:-1, max-image-preview:large, max-video-preview:-1\" \/>\n<link rel=\"canonical\" href=\"https:\/\/lavule.com\/fr\/experiences\/\" \/>\n<meta property=\"og:locale\" content=\"fr_FR\" \/>\n<meta property=\"og:type\" content=\"article\" \/>\n<meta property=\"og:title\" content=\"Erfahrungen\" \/>\n<meta property=\"og:description\" content=\"Lavule Eye Serum Erfahrungen. Bilder sagen mehr als W\u00f6rter. Hier findest du Testberichte und Vorher\/Nachher Bilder.\" \/>\n<meta property=\"og:url\" content=\"https:\/\/lavule.com\/fr\/experiences\/\" \/>\n<meta property=\"og:site_name\" content=\"Lavule\" \/>\n<meta property=\"article:modified_time\" content=\"2023-09-21T05:13:28+00:00\" \/>\n<meta property=\"og:image\" content=\"https:\/\/lavule.com\/wp-content\/uploads\/2021\/11\/Lavule-Erfahrungen.jpg\" \/>\n<meta name=\"twitter:card\" content=\"summary_large_image\" \/>\n<meta name=\"twitter:label1\" content=\"Dur\u00e9e de lecture estim\u00e9e\" \/>\n\t<meta name=\"twitter:data1\" content=\"3 minutes\" \/>\n<script type=\"application\/ld+json\" class=\"yoast-schema-graph\">{\"@context\":\"https:\/\/schema.org\",\"@graph\":[{\"@type\":\"WebPage\",\"@id\":\"https:\/\/lavule.com\/erfahrungen\/\",\"url\":\"https:\/\/lavule.com\/erfahrungen\/\",\"name\":\"Lavule Erfahrungen: Vorher\/Nachher Bilder\",\"isPartOf\":{\"@id\":\"https:\/\/lavule.com\/de\/#website\"},\"primaryImageOfPage\":{\"@id\":\"https:\/\/lavule.com\/erfahrungen\/#primaryimage\"},\"image\":{\"@id\":\"https:\/\/lavule.com\/erfahrungen\/#primaryimage\"},\"thumbnailUrl\":\"https:\/\/lavule.com\/wp-content\/uploads\/2021\/11\/Lavule-Erfahrungen.jpg\",\"datePublished\":\"2021-09-27T15:32:59+00:00\",\"dateModified\":\"2023-09-21T05:13:28+00:00\",\"description\":\"Lavule Eye Serum Erfahrungen. Bilder sagen mehr als W\u00f6rter. Hier findest du Testberichte und Vorher\/Nachher Bilder.\",\"breadcrumb\":{\"@id\":\"https:\/\/lavule.com\/erfahrungen\/#breadcrumb\"},\"inLanguage\":\"fr-FR\",\"potentialAction\":[{\"@type\":\"ReadAction\",\"target\":[\"https:\/\/lavule.com\/erfahrungen\/\"]}]},{\"@type\":\"ImageObject\",\"inLanguage\":\"fr-FR\",\"@id\":\"https:\/\/lavule.com\/erfahrungen\/#primaryimage\",\"url\":\"https:\/\/lavule.com\/wp-content\/uploads\/2021\/11\/Lavule-Erfahrungen.jpg\",\"contentUrl\":\"https:\/\/lavule.com\/wp-content\/uploads\/2021\/11\/Lavule-Erfahrungen.jpg\"},{\"@type\":\"BreadcrumbList\",\"@id\":\"https:\/\/lavule.com\/erfahrungen\/#breadcrumb\",\"itemListElement\":[{\"@type\":\"ListItem\",\"position\":1,\"name\":\"LAVULE\",\"item\":\"https:\/\/lavule.com\/\"},{\"@type\":\"ListItem\",\"position\":2,\"name\":\"Erfahrungen\"}]},{\"@type\":\"WebSite\",\"@id\":\"https:\/\/lavule.com\/de\/#website\",\"url\":\"https:\/\/lavule.com\/de\/\",\"name\":\"Lavule\",\"description\":\"Augenringe Serum\",\"publisher\":{\"@id\":\"https:\/\/lavule.com\/de\/#organization\"},\"potentialAction\":[{\"@type\":\"SearchAction\",\"target\":{\"@type\":\"EntryPoint\",\"urlTemplate\":\"https:\/\/lavule.com\/de\/?s={search_term_string}\"},\"query-input\":{\"@type\":\"PropertyValueSpecification\",\"valueRequired\":true,\"valueName\":\"search_term_string\"}}],\"inLanguage\":\"fr-FR\"},{\"@type\":\"Organization\",\"@id\":\"https:\/\/lavule.com\/de\/#organization\",\"name\":\"Lavule\",\"url\":\"https:\/\/lavule.com\/de\/\",\"logo\":{\"@type\":\"ImageObject\",\"inLanguage\":\"fr-FR\",\"@id\":\"https:\/\/lavule.com\/de\/#\/schema\/logo\/image\/\",\"url\":\"https:\/\/lavule.com\/wp-content\/uploads\/2021\/11\/cropped-Lavule.png\",\"contentUrl\":\"https:\/\/lavule.com\/wp-content\/uploads\/2021\/11\/cropped-Lavule.png\",\"width\":243,\"height\":96,\"caption\":\"Lavule\"},\"image\":{\"@id\":\"https:\/\/lavule.com\/de\/#\/schema\/logo\/image\/\"},\"sameAs\":[\"https:\/\/www.instagram.com\/lavule_official\/\"]}]}<\/script>\n<!-- \/ Yoast SEO Premium plugin. -->","yoast_head_json":{"title":"Exp\u00e9riences de Lavule : Photos avant\/apr\u00e8s","description":"Exp\u00e9riences du Lavule Serum Anti Cernes. Les images en disent plus long que les mots. Tu trouveras ici des rapports de test et des photos avant\/apr\u00e8s.","robots":{"index":"index","follow":"follow","max-snippet":"max-snippet:-1","max-image-preview":"max-image-preview:large","max-video-preview":"max-video-preview:-1"},"canonical":"https:\/\/lavule.com\/fr\/experiences\/","og_locale":"fr_FR","og_type":"article","og_title":"Erfahrungen","og_description":"Lavule Eye Serum Erfahrungen. Bilder sagen mehr als W\u00f6rter. Hier findest du Testberichte und Vorher\/Nachher Bilder.","og_url":"https:\/\/lavule.com\/fr\/experiences\/","og_site_name":"Lavule","article_modified_time":"2023-09-21T05:13:28+00:00","og_image":[{"url":"https:\/\/lavule.com\/wp-content\/uploads\/2021\/11\/Lavule-Erfahrungen.jpg","type":"","width":"","height":""}],"twitter_card":"summary_large_image","twitter_misc":{"Dur\u00e9e de lecture estim\u00e9e":"3 minutes"},"schema":{"@context":"https:\/\/schema.org","@graph":[{"@type":"WebPage","@id":"https:\/\/lavule.com\/erfahrungen\/","url":"https:\/\/lavule.com\/erfahrungen\/","name":"Exp\u00e9riences de Lavule : Photos avant\/apr\u00e8s","isPartOf":{"@id":"https:\/\/lavule.com\/de\/#website"},"primaryImageOfPage":{"@id":"https:\/\/lavule.com\/erfahrungen\/#primaryimage"},"image":{"@id":"https:\/\/lavule.com\/erfahrungen\/#primaryimage"},"thumbnailUrl":"https:\/\/lavule.com\/wp-content\/uploads\/2021\/11\/Lavule-Erfahrungen.jpg","datePublished":"2021-09-27T15:32:59+00:00","dateModified":"2023-09-21T05:13:28+00:00","description":"Exp\u00e9riences du Lavule Serum Anti Cernes. Les images en disent plus long que les mots. Tu trouveras ici des rapports de test et des photos avant\/apr\u00e8s.","breadcrumb":{"@id":"https:\/\/lavule.com\/erfahrungen\/#breadcrumb"},"inLanguage":"fr-FR","potentialAction":[{"@type":"ReadAction","target":["https:\/\/lavule.com\/erfahrungen\/"]}]},{"@type":"ImageObject","inLanguage":"fr-FR","@id":"https:\/\/lavule.com\/erfahrungen\/#primaryimage","url":"https:\/\/lavule.com\/wp-content\/uploads\/2021\/11\/Lavule-Erfahrungen.jpg","contentUrl":"https:\/\/lavule.com\/wp-content\/uploads\/2021\/11\/Lavule-Erfahrungen.jpg"},{"@type":"BreadcrumbList","@id":"https:\/\/lavule.com\/erfahrungen\/#breadcrumb","itemListElement":[{"@type":"ListItem","position":1,"name":"LAVULE","item":"https:\/\/lavule.com\/"},{"@type":"ListItem","position":2,"name":"Erfahrungen"}]},{"@type":"WebSite","@id":"https:\/\/lavule.com\/de\/#website","url":"https:\/\/lavule.com\/de\/","name":"Lavule","description":"S\u00e9rum pour les cernes","publisher":{"@id":"https:\/\/lavule.com\/de\/#organization"},"potentialAction":[{"@type":"SearchAction","target":{"@type":"EntryPoint","urlTemplate":"https:\/\/lavule.com\/de\/?s={search_term_string}"},"query-input":{"@type":"PropertyValueSpecification","valueRequired":true,"valueName":"search_term_string"}}],"inLanguage":"fr-FR"},{"@type":"Organization","@id":"https:\/\/lavule.com\/de\/#organization","name":"Lavule","url":"https:\/\/lavule.com\/de\/","logo":{"@type":"ImageObject","inLanguage":"fr-FR","@id":"https:\/\/lavule.com\/de\/#\/schema\/logo\/image\/","url":"https:\/\/lavule.com\/wp-content\/uploads\/2021\/11\/cropped-Lavule.png","contentUrl":"https:\/\/lavule.com\/wp-content\/uploads\/2021\/11\/cropped-Lavule.png","width":243,"height":96,"caption":"Lavule"},"image":{"@id":"https:\/\/lavule.com\/de\/#\/schema\/logo\/image\/"},"sameAs":["https:\/\/www.instagram.com\/lavule_official\/"]}]}},"uagb_featured_image_src":{"full":false,"thumbnail":false,"medium":false,"medium_large":false,"large":false,"1536x1536":false,"2048x2048":false,"trp-custom-language-flag":false,"woocommerce_thumbnail":false,"woocommerce_single":false,"woocommerce_gallery_thumbnail":false},"uagb_author_info":{"display_name":"Kerem085","author_link":"https:\/\/lavule.com\/fr\/author\/kerem085\/"},"uagb_comment_info":0,"uagb_excerpt":"Vorher\/Nachher&nbsp;Bilder weiter unten. Lavule Erfahrungen: Transparenz ist uns wichtig. Daher bitten wir unsere Kunden, Vorher\/Nachher-Bilder zu machen und ihre Erfahrungen mit uns zu teilen. Entscheiden Sie zun\u00e4chst \u00fcber Ihre Priorit\u00e4ten [&hellip;]","coauthors":[],"author_meta":{"author_link":"https:\/\/lavule.com\/fr\/author\/kerem085\/","display_name":"Kerem085"},"relative_dates":{"created":"Publi\u00e9 5 ans il y a","modified":"Mis \u00e0 jour 3 ans il y a"},"absolute_dates":{"created":"Publi\u00e9 le septembre 27, 2021","modified":"Mise \u00e0 jour le septembre 21, 2023"},"absolute_dates_time":{"created":"Publi\u00e9 le septembre 27, 2021 3:32 pm","modified":"Mise \u00e0 jour le septembre 21, 2023 7:13 am"},"featured_img_caption":"","featured_img":false,"series_order":"","_links":{"self":[{"href":"https:\/\/lavule.com\/fr\/wp-json\/wp\/v2\/pages\/65","targetHints":{"allow":["GET"]}}],"collection":[{"href":"https:\/\/lavule.com\/fr\/wp-json\/wp\/v2\/pages"}],"about":[{"href":"https:\/\/lavule.com\/fr\/wp-json\/wp\/v2\/types\/page"}],"author":[{"embeddable":true,"href":"https:\/\/lavule.com\/fr\/wp-json\/wp\/v2\/users\/1"}],"replies":[{"embeddable":true,"href":"https:\/\/lavule.com\/fr\/wp-json\/wp\/v2\/comments?post=65"}],"version-history":[{"count":9,"href":"https:\/\/lavule.com\/fr\/wp-json\/wp\/v2\/pages\/65\/revisions"}],"predecessor-version":[{"id":834,"href":"https:\/\/lavule.com\/fr\/wp-json\/wp\/v2\/pages\/65\/revisions\/834"}],"wp:attachment":[{"href":"https:\/\/lavule.com\/fr\/wp-json\/wp\/v2\/media?parent=65"}],"curies":[{"name":"wp","href":"https:\/\/api.w.org\/{rel}","templated":true}]}}