{"id":65,"date":"2021-09-27T15:32:59","date_gmt":"2021-09-27T15:32:59","guid":{"rendered":"https:\/\/lavule.com\/?page_id=65"},"modified":"2023-09-21T07:13:28","modified_gmt":"2023-09-21T05:13:28","slug":"erfahrungen","status":"publish","type":"page","link":"https:\/\/lavule.com\/fi\/kokemuksia\/","title":{"rendered":"Kokemusia"},"content":{"rendered":"<div class=\"wp-block-cover alignfull is-light has-custom-content-position is-position-bottom-center advgb-dyn-6750bca8\" style=\"min-height:349px;aspect-ratio:unset;\"><span aria-hidden=\"true\" class=\"wp-block-cover__background has-background-dim-20 has-background-dim\"><\/span><img loading=\"lazy\" decoding=\"async\" width=\"1700\" height=\"850\" class=\"wp-block-cover__image-background wp-image-89\" alt=\"\" src=\"https:\/\/lavule.com\/wp-content\/uploads\/2021\/11\/Lavule-Erfahrungen.jpg\" style=\"object-position:49% 63%\" data-object-fit=\"cover\" data-object-position=\"49% 63%\" srcset=\"https:\/\/lavule.com\/wp-content\/uploads\/2021\/11\/Lavule-Erfahrungen.jpg 1700w, https:\/\/lavule.com\/wp-content\/uploads\/2021\/11\/Lavule-Erfahrungen-300x150.jpg 300w, https:\/\/lavule.com\/wp-content\/uploads\/2021\/11\/Lavule-Erfahrungen-1024x512.jpg 1024w, https:\/\/lavule.com\/wp-content\/uploads\/2021\/11\/Lavule-Erfahrungen-768x384.jpg 768w, https:\/\/lavule.com\/wp-content\/uploads\/2021\/11\/Lavule-Erfahrungen-1536x768.jpg 1536w, https:\/\/lavule.com\/wp-content\/uploads\/2021\/11\/Lavule-Erfahrungen-600x300.jpg 600w\" sizes=\"auto, (max-width: 1700px) 100vw, 1700px\" \/><div class=\"wp-block-cover__inner-container is-layout-flow wp-block-cover-is-layout-flow\">\n<h1 class=\"wp-block-heading has-text-align-center has-ast-global-color-5-color has-text-color advgb-dyn-a4274093\" id=\"h-lavule-erfahrungen\">Lavule kokemuksia<\/h1>\n\n\n\n<p class=\"has-text-align-center has-ast-global-color-5-color has-text-color\">Ennen \/ j\u00e4lkeen<\/p>\n<\/div><\/div>\n\n\n\n<div style=\"height:49px\" aria-hidden=\"true\" class=\"wp-block-spacer advgb-dyn-4bcfb21b\"><\/div>\n\n\n\n<p><em><strong>Ennen \/ j\u00e4lkeen<\/strong>&nbsp;Kuvat alla.<\/em><\/p>\n\n\n\n<p>Lavule kokemus: Avoimuus on meille t\u00e4rke\u00e4\u00e4. Siksi pyyd\u00e4mme asiakkaitamme ottamaan ennen\/j\u00e4lkeen -kuvia ja jakamaan kokemuksensa kanssamme.<\/p>\n\n\n\n<p>P\u00e4\u00e4t\u00e4 ensin, mitk\u00e4 ovat ensisijaiset tavoitteesi ja mit\u00e4 tuloksia haluat saavuttaa Silm\u00e4nymp\u00e4rysseerumilla. Olipa kyse sitten kiinteytt\u00e4misest\u00e4, turvotuksen v\u00e4hent\u00e4misest\u00e4 tai jopa vain kosteuttamisesta tai v\u00e4rin korjaamisesta, hyv\u00e4 koostumus on joka tapauksessa v\u00e4ltt\u00e4m\u00e4t\u00f6n: Herkk\u00e4 silm\u00e4nymp\u00e4rysiho on usein yksi ensimm\u00e4isist\u00e4, jossa ik\u00e4\u00e4ntymisen merkit n\u00e4kyv\u00e4t.<\/p>\n\n\n\n<p>Koska kyseess\u00e4 on herkk\u00e4 iho, sit\u00e4 on hoidettava asianmukaisesti. Silm\u00e4nymp\u00e4rysiholla ei ole talirauhasia, ja se on hyvin altis kuivumiselle ja roikkumiselle. Kun t\u00e4h\u00e4n lis\u00e4t\u00e4\u00e4n usein toistuvat lihasten liikkeet, jotka rypist\u00e4v\u00e4t ja rasittavat ihoa silm\u00e4nymp\u00e4rysiholla, juonteita ja ryppyj\u00e4 syntyy v\u00e4ist\u00e4m\u00e4tt\u00e4 lis\u00e4\u00e4 - ja lis\u00e4ksi silm\u00e4nymp\u00e4rysihon tihe\u00e4st\u00e4 kapillaariverkostosta johtuva punoitus ja tummat silm\u00e4naluset.<\/p>\n\n\n\n<p>T\u00e4h\u00e4n olemme koonneet Lavule-asiakkaidemme suosittelut. Jaa ennen\/j\u00e4lkeen -kuvasi kanssamme: info@lavule.com.<\/p>\n\n\n\n<hr class=\"wp-block-separator has-text-color has-black-color has-css-opacity has-black-background-color has-background is-style-wide advgb-dyn-e75d8f65\"\/>\n\n\n\n<figure class=\"wp-block-image aligncenter size-full is-resized advgb-dyn-9bde0095\"><img decoding=\"async\" src=\"https:\/\/lavule.com\/wp-content\/uploads\/2023\/08\/Lavule-01-1.jpg\" alt=\"Lavule kokemus\" class=\"wp-image-709\" style=\"width:450px\" width=\"450\" srcset=\"https:\/\/lavule.com\/wp-content\/uploads\/2023\/08\/Lavule-01-1.jpg 696w, https:\/\/lavule.com\/wp-content\/uploads\/2023\/08\/Lavule-01-1-300x290.jpg 300w, https:\/\/lavule.com\/wp-content\/uploads\/2023\/08\/Lavule-01-1-12x12.jpg 12w, https:\/\/lavule.com\/wp-content\/uploads\/2023\/08\/Lavule-01-1-600x580.jpg 600w\" sizes=\"(max-width: 696px) 100vw, 696px\" \/><\/figure>\n\n\n\n<figure class=\"wp-block-image aligncenter size-full is-resized advgb-dyn-b57f9f01\"><img decoding=\"async\" src=\"https:\/\/lavule.com\/wp-content\/uploads\/2021\/11\/002-1.jpg\" alt=\"Silm\u00e4nymp\u00e4rysvoide kokemus\" class=\"wp-image-94\" style=\"width:450px\" width=\"450\" srcset=\"https:\/\/lavule.com\/wp-content\/uploads\/2021\/11\/002-1.jpg 600w, https:\/\/lavule.com\/wp-content\/uploads\/2021\/11\/002-1-300x290.jpg 300w\" sizes=\"(max-width: 600px) 100vw, 600px\" \/><\/figure>\n\n\n\n<figure class=\"wp-block-image aligncenter size-full is-resized advgb-dyn-c455c81a\"><img decoding=\"async\" src=\"https:\/\/lavule.com\/wp-content\/uploads\/2021\/11\/Augenringe-03.jpg\" alt=\"Kokemusia\" class=\"wp-image-95\" style=\"width:450px\" width=\"450\" srcset=\"https:\/\/lavule.com\/wp-content\/uploads\/2021\/11\/Augenringe-03.jpg 600w, https:\/\/lavule.com\/wp-content\/uploads\/2021\/11\/Augenringe-03-300x290.jpg 300w\" sizes=\"(max-width: 600px) 100vw, 600px\" \/><\/figure>\n\n\n\n<figure class=\"wp-block-image aligncenter size-full is-resized advgb-dyn-95c6c770\"><img decoding=\"async\" src=\"https:\/\/lavule.com\/wp-content\/uploads\/2023\/08\/Lavule-02.jpg\" alt=\"Silm\u00e4renkaat\" class=\"wp-image-706\" style=\"width:450px\" width=\"450\" srcset=\"https:\/\/lavule.com\/wp-content\/uploads\/2023\/08\/Lavule-02.jpg 696w, https:\/\/lavule.com\/wp-content\/uploads\/2023\/08\/Lavule-02-300x290.jpg 300w, https:\/\/lavule.com\/wp-content\/uploads\/2023\/08\/Lavule-02-12x12.jpg 12w, https:\/\/lavule.com\/wp-content\/uploads\/2023\/08\/Lavule-02-600x580.jpg 600w\" sizes=\"(max-width: 696px) 100vw, 696px\" \/><\/figure>\n\n\n\n<figure class=\"wp-block-image aligncenter size-full is-resized advgb-dyn-8a4e3c71\"><img decoding=\"async\" src=\"https:\/\/lavule.com\/wp-content\/uploads\/2021\/11\/Augenringe-05-600x580-1.jpg\" alt=\"Kokemus-silm\u00e4-silm\u00e4-sormukset-voide\" class=\"wp-image-97\" style=\"width:450px\" width=\"450\" srcset=\"https:\/\/lavule.com\/wp-content\/uploads\/2021\/11\/Augenringe-05-600x580-1.jpg 600w, https:\/\/lavule.com\/wp-content\/uploads\/2021\/11\/Augenringe-05-600x580-1-300x290.jpg 300w\" sizes=\"(max-width: 600px) 100vw, 600px\" \/><\/figure>\n\n\n\n<figure class=\"wp-block-image aligncenter size-full is-resized advgb-dyn-260bd4c9\"><img decoding=\"async\" src=\"https:\/\/lavule.com\/wp-content\/uploads\/2023\/08\/Lavule-03.jpg\" alt=\"Lavule\" class=\"wp-image-705\" style=\"width:450px\" width=\"450\" srcset=\"https:\/\/lavule.com\/wp-content\/uploads\/2023\/08\/Lavule-03.jpg 696w, https:\/\/lavule.com\/wp-content\/uploads\/2023\/08\/Lavule-03-300x290.jpg 300w, https:\/\/lavule.com\/wp-content\/uploads\/2023\/08\/Lavule-03-12x12.jpg 12w, https:\/\/lavule.com\/wp-content\/uploads\/2023\/08\/Lavule-03-600x580.jpg 600w\" sizes=\"(max-width: 696px) 100vw, 696px\" \/><\/figure>\n\n\n\n<p><\/p>\n\n\n\n<h2 class=\"wp-block-heading has-text-align-center advgb-dyn-3f8c228b\" id=\"h-mehr-zu-lavule\">Lis\u00e4tietoja Lavulesta<\/h2>\n\n\n\n<p class=\"has-text-align-center\">Lis\u00e4tietoja Lavulesta<\/p>\n\n\n\n<div class=\"wp-block-buttons is-horizontal is-content-justification-center is-layout-flex wp-container-core-buttons-is-layout-03627597 wp-block-buttons-is-layout-flex advgb-dyn-5e5a4c85\">\n<div class=\"wp-block-button advgb-dyn-d3f90390\"><a class=\"wp-block-button__link has-background wp-element-button\" href=\"https:\/\/lavule.com\/fi\/\" style=\"background-color:#48a3aa\">Lue lis\u00e4\u00e4!<\/a><\/div>\n<\/div>\n\n\n\n<div style=\"height:74px\" aria-hidden=\"true\" class=\"wp-block-spacer advgb-dyn-c1854d6a\"><\/div>","protected":false},"excerpt":{"rendered":"<p>Vorher\/Nachher&nbsp;Bilder weiter unten. Lavule Erfahrungen: Transparenz ist uns wichtig. Daher bitten wir unsere Kunden, Vorher\/Nachher-Bilder zu machen und ihre Erfahrungen mit uns zu teilen. Entscheiden Sie zun\u00e4chst \u00fcber Ihre Priorit\u00e4ten [&hellip;]<\/p>","protected":false},"author":1,"featured_media":0,"parent":0,"menu_order":0,"comment_status":"closed","ping_status":"closed","template":"","meta":{"_uag_custom_page_level_css":"","advgb_blocks_editor_width":"","advgb_blocks_columns_visual_guide":"","site-sidebar-layout":"default","site-content-layout":"default","ast-site-content-layout":"default","site-content-style":"default","site-sidebar-style":"default","ast-global-header-display":"","ast-banner-title-visibility":"","ast-main-header-display":"","ast-hfb-above-header-display":"","ast-hfb-below-header-display":"","ast-hfb-mobile-header-display":"","site-post-title":"disabled","ast-breadcrumbs-content":"","ast-featured-img":"","footer-sml-layout":"","ast-disable-related-posts":"","theme-transparent-header-meta":"default","adv-header-id-meta":"","stick-header-meta":"default","header-above-stick-meta":"","header-main-stick-meta":"","header-below-stick-meta":"","astra-migrate-meta-layouts":"set","ast-page-background-enabled":"default","ast-page-background-meta":{"desktop":{"background-color":"","background-image":"","background-repeat":"repeat","background-position":"center center","background-size":"auto","background-attachment":"scroll","background-type":"","background-media":"","overlay-type":"","overlay-color":"","overlay-opacity":"","overlay-gradient":""},"tablet":{"background-color":"","background-image":"","background-repeat":"repeat","background-position":"center center","background-size":"auto","background-attachment":"scroll","background-type":"","background-media":"","overlay-type":"","overlay-color":"","overlay-opacity":"","overlay-gradient":""},"mobile":{"background-color":"","background-image":"","background-repeat":"repeat","background-position":"center center","background-size":"auto","background-attachment":"scroll","background-type":"","background-media":"","overlay-type":"","overlay-color":"","overlay-opacity":"","overlay-gradient":""}},"ast-content-background-meta":{"desktop":{"background-color":"var(--ast-global-color-5)","background-image":"","background-repeat":"repeat","background-position":"center center","background-size":"auto","background-attachment":"scroll","background-type":"","background-media":"","overlay-type":"","overlay-color":"","overlay-opacity":"","overlay-gradient":""},"tablet":{"background-color":"var(--ast-global-color-5)","background-image":"","background-repeat":"repeat","background-position":"center center","background-size":"auto","background-attachment":"scroll","background-type":"","background-media":"","overlay-type":"","overlay-color":"","overlay-opacity":"","overlay-gradient":""},"mobile":{"background-color":"var(--ast-global-color-5)","background-image":"","background-repeat":"repeat","background-position":"center center","background-size":"auto","background-attachment":"scroll","background-type":"","background-media":"","overlay-type":"","overlay-color":"","overlay-opacity":"","overlay-gradient":""}},"footnotes":""},"class_list":["post-65","page","type-page","status-publish","hentry"],"featured_image_src":null,"yoast_head":"<!-- This site is optimized with the Yoast SEO Premium plugin v23.4 (Yoast SEO v26.6) - https:\/\/yoast.com\/wordpress\/plugins\/seo\/ -->\n<title>Lavule Erfahrungen: Vorher\/Nachher Bilder<\/title>\n<meta name=\"description\" content=\"Lavule Eye Serum Erfahrungen. Bilder sagen mehr als W\u00f6rter. Hier findest du Testberichte und Vorher\/Nachher Bilder.\" \/>\n<meta name=\"robots\" content=\"index, follow, max-snippet:-1, max-image-preview:large, max-video-preview:-1\" \/>\n<link rel=\"canonical\" href=\"https:\/\/lavule.com\/fi\/kokemuksia\/\" \/>\n<meta property=\"og:locale\" content=\"fi_FI\" \/>\n<meta property=\"og:type\" content=\"article\" \/>\n<meta property=\"og:title\" content=\"Erfahrungen\" \/>\n<meta property=\"og:description\" content=\"Lavule Eye Serum Erfahrungen. Bilder sagen mehr als W\u00f6rter. Hier findest du Testberichte und Vorher\/Nachher Bilder.\" \/>\n<meta property=\"og:url\" content=\"https:\/\/lavule.com\/fi\/kokemuksia\/\" \/>\n<meta property=\"og:site_name\" content=\"Lavule\" \/>\n<meta property=\"article:modified_time\" content=\"2023-09-21T05:13:28+00:00\" \/>\n<meta property=\"og:image\" content=\"https:\/\/lavule.com\/wp-content\/uploads\/2021\/11\/Lavule-Erfahrungen.jpg\" \/>\n<meta name=\"twitter:card\" content=\"summary_large_image\" \/>\n<meta name=\"twitter:label1\" content=\"Arvioitu lukuaika\" \/>\n\t<meta name=\"twitter:data1\" content=\"3 minuuttia\" \/>\n<script type=\"application\/ld+json\" class=\"yoast-schema-graph\">{\"@context\":\"https:\/\/schema.org\",\"@graph\":[{\"@type\":\"WebPage\",\"@id\":\"https:\/\/lavule.com\/erfahrungen\/\",\"url\":\"https:\/\/lavule.com\/erfahrungen\/\",\"name\":\"Lavule Erfahrungen: Vorher\/Nachher Bilder\",\"isPartOf\":{\"@id\":\"https:\/\/lavule.com\/de\/#website\"},\"primaryImageOfPage\":{\"@id\":\"https:\/\/lavule.com\/erfahrungen\/#primaryimage\"},\"image\":{\"@id\":\"https:\/\/lavule.com\/erfahrungen\/#primaryimage\"},\"thumbnailUrl\":\"https:\/\/lavule.com\/wp-content\/uploads\/2021\/11\/Lavule-Erfahrungen.jpg\",\"datePublished\":\"2021-09-27T15:32:59+00:00\",\"dateModified\":\"2023-09-21T05:13:28+00:00\",\"description\":\"Lavule Eye Serum Erfahrungen. Bilder sagen mehr als W\u00f6rter. Hier findest du Testberichte und Vorher\/Nachher Bilder.\",\"breadcrumb\":{\"@id\":\"https:\/\/lavule.com\/erfahrungen\/#breadcrumb\"},\"inLanguage\":\"fi\",\"potentialAction\":[{\"@type\":\"ReadAction\",\"target\":[\"https:\/\/lavule.com\/erfahrungen\/\"]}]},{\"@type\":\"ImageObject\",\"inLanguage\":\"fi\",\"@id\":\"https:\/\/lavule.com\/erfahrungen\/#primaryimage\",\"url\":\"https:\/\/lavule.com\/wp-content\/uploads\/2021\/11\/Lavule-Erfahrungen.jpg\",\"contentUrl\":\"https:\/\/lavule.com\/wp-content\/uploads\/2021\/11\/Lavule-Erfahrungen.jpg\"},{\"@type\":\"BreadcrumbList\",\"@id\":\"https:\/\/lavule.com\/erfahrungen\/#breadcrumb\",\"itemListElement\":[{\"@type\":\"ListItem\",\"position\":1,\"name\":\"LAVULE\",\"item\":\"https:\/\/lavule.com\/\"},{\"@type\":\"ListItem\",\"position\":2,\"name\":\"Erfahrungen\"}]},{\"@type\":\"WebSite\",\"@id\":\"https:\/\/lavule.com\/de\/#website\",\"url\":\"https:\/\/lavule.com\/de\/\",\"name\":\"Lavule\",\"description\":\"Augenringe Serum\",\"publisher\":{\"@id\":\"https:\/\/lavule.com\/de\/#organization\"},\"potentialAction\":[{\"@type\":\"SearchAction\",\"target\":{\"@type\":\"EntryPoint\",\"urlTemplate\":\"https:\/\/lavule.com\/de\/?s={search_term_string}\"},\"query-input\":{\"@type\":\"PropertyValueSpecification\",\"valueRequired\":true,\"valueName\":\"search_term_string\"}}],\"inLanguage\":\"fi\"},{\"@type\":\"Organization\",\"@id\":\"https:\/\/lavule.com\/de\/#organization\",\"name\":\"Lavule\",\"url\":\"https:\/\/lavule.com\/de\/\",\"logo\":{\"@type\":\"ImageObject\",\"inLanguage\":\"fi\",\"@id\":\"https:\/\/lavule.com\/de\/#\/schema\/logo\/image\/\",\"url\":\"https:\/\/lavule.com\/wp-content\/uploads\/2021\/11\/cropped-Lavule.png\",\"contentUrl\":\"https:\/\/lavule.com\/wp-content\/uploads\/2021\/11\/cropped-Lavule.png\",\"width\":243,\"height\":96,\"caption\":\"Lavule\"},\"image\":{\"@id\":\"https:\/\/lavule.com\/de\/#\/schema\/logo\/image\/\"},\"sameAs\":[\"https:\/\/www.instagram.com\/lavule_official\/\"]}]}<\/script>\n<!-- \/ Yoast SEO Premium plugin. -->","yoast_head_json":{"title":"Lavule kokemus: Ennen\/j\u00e4lkeen -kuvat","description":"Lavule kokemus. Kuvat kertovat enemm\u00e4n kuin sanat. T\u00e4\u00e4lt\u00e4 l\u00f6yd\u00e4t testiraportit ja ennen\/j\u00e4lkeen -kuvat.","robots":{"index":"index","follow":"follow","max-snippet":"max-snippet:-1","max-image-preview":"max-image-preview:large","max-video-preview":"max-video-preview:-1"},"canonical":"https:\/\/lavule.com\/fi\/kokemuksia\/","og_locale":"fi_FI","og_type":"article","og_title":"Erfahrungen","og_description":"Lavule Eye Serum Erfahrungen. Bilder sagen mehr als W\u00f6rter. Hier findest du Testberichte und Vorher\/Nachher Bilder.","og_url":"https:\/\/lavule.com\/fi\/kokemuksia\/","og_site_name":"Lavule","article_modified_time":"2023-09-21T05:13:28+00:00","og_image":[{"url":"https:\/\/lavule.com\/wp-content\/uploads\/2021\/11\/Lavule-Erfahrungen.jpg","type":"","width":"","height":""}],"twitter_card":"summary_large_image","twitter_misc":{"Arvioitu lukuaika":"3 minuuttia"},"schema":{"@context":"https:\/\/schema.org","@graph":[{"@type":"WebPage","@id":"https:\/\/lavule.com\/erfahrungen\/","url":"https:\/\/lavule.com\/erfahrungen\/","name":"Lavule kokemus: Ennen\/j\u00e4lkeen -kuvat","isPartOf":{"@id":"https:\/\/lavule.com\/de\/#website"},"primaryImageOfPage":{"@id":"https:\/\/lavule.com\/erfahrungen\/#primaryimage"},"image":{"@id":"https:\/\/lavule.com\/erfahrungen\/#primaryimage"},"thumbnailUrl":"https:\/\/lavule.com\/wp-content\/uploads\/2021\/11\/Lavule-Erfahrungen.jpg","datePublished":"2021-09-27T15:32:59+00:00","dateModified":"2023-09-21T05:13:28+00:00","description":"Lavule kokemus. Kuvat kertovat enemm\u00e4n kuin sanat. T\u00e4\u00e4lt\u00e4 l\u00f6yd\u00e4t testiraportit ja ennen\/j\u00e4lkeen -kuvat.","breadcrumb":{"@id":"https:\/\/lavule.com\/erfahrungen\/#breadcrumb"},"inLanguage":"fi","potentialAction":[{"@type":"ReadAction","target":["https:\/\/lavule.com\/erfahrungen\/"]}]},{"@type":"ImageObject","inLanguage":"fi","@id":"https:\/\/lavule.com\/erfahrungen\/#primaryimage","url":"https:\/\/lavule.com\/wp-content\/uploads\/2021\/11\/Lavule-Erfahrungen.jpg","contentUrl":"https:\/\/lavule.com\/wp-content\/uploads\/2021\/11\/Lavule-Erfahrungen.jpg"},{"@type":"BreadcrumbList","@id":"https:\/\/lavule.com\/erfahrungen\/#breadcrumb","itemListElement":[{"@type":"ListItem","position":1,"name":"LAVULE","item":"https:\/\/lavule.com\/"},{"@type":"ListItem","position":2,"name":"Erfahrungen"}]},{"@type":"WebSite","@id":"https:\/\/lavule.com\/de\/#website","url":"https:\/\/lavule.com\/de\/","name":"Lavule","description":"Silm\u00e4nymp\u00e4rysseerumi","publisher":{"@id":"https:\/\/lavule.com\/de\/#organization"},"potentialAction":[{"@type":"SearchAction","target":{"@type":"EntryPoint","urlTemplate":"https:\/\/lavule.com\/de\/?s={search_term_string}"},"query-input":{"@type":"PropertyValueSpecification","valueRequired":true,"valueName":"search_term_string"}}],"inLanguage":"fi"},{"@type":"Organization","@id":"https:\/\/lavule.com\/de\/#organization","name":"Lavule","url":"https:\/\/lavule.com\/de\/","logo":{"@type":"ImageObject","inLanguage":"fi","@id":"https:\/\/lavule.com\/de\/#\/schema\/logo\/image\/","url":"https:\/\/lavule.com\/wp-content\/uploads\/2021\/11\/cropped-Lavule.png","contentUrl":"https:\/\/lavule.com\/wp-content\/uploads\/2021\/11\/cropped-Lavule.png","width":243,"height":96,"caption":"Lavule"},"image":{"@id":"https:\/\/lavule.com\/de\/#\/schema\/logo\/image\/"},"sameAs":["https:\/\/www.instagram.com\/lavule_official\/"]}]}},"uagb_featured_image_src":{"full":false,"thumbnail":false,"medium":false,"medium_large":false,"large":false,"1536x1536":false,"2048x2048":false,"trp-custom-language-flag":false,"woocommerce_thumbnail":false,"woocommerce_single":false,"woocommerce_gallery_thumbnail":false},"uagb_author_info":{"display_name":"Kerem085","author_link":"https:\/\/lavule.com\/fi\/author\/kerem085\/"},"uagb_comment_info":0,"uagb_excerpt":"Vorher\/Nachher&nbsp;Bilder weiter unten. Lavule Erfahrungen: Transparenz ist uns wichtig. Daher bitten wir unsere Kunden, Vorher\/Nachher-Bilder zu machen und ihre Erfahrungen mit uns zu teilen. Entscheiden Sie zun\u00e4chst \u00fcber Ihre Priorit\u00e4ten [&hellip;]","coauthors":[],"author_meta":{"author_link":"https:\/\/lavule.com\/fi\/author\/kerem085\/","display_name":"Kerem085"},"relative_dates":{"created":"Posted 5 vuotta ago","modified":"Updated 3 vuotta ago"},"absolute_dates":{"created":"Posted on 27 syyskuun, 2021","modified":"Updated on 21 syyskuun, 2023"},"absolute_dates_time":{"created":"Posted on 27 syyskuun, 2021 3:32 pm","modified":"Updated on 21 syyskuun, 2023 7:13 am"},"featured_img_caption":"","featured_img":false,"series_order":"","_links":{"self":[{"href":"https:\/\/lavule.com\/fi\/wp-json\/wp\/v2\/pages\/65","targetHints":{"allow":["GET"]}}],"collection":[{"href":"https:\/\/lavule.com\/fi\/wp-json\/wp\/v2\/pages"}],"about":[{"href":"https:\/\/lavule.com\/fi\/wp-json\/wp\/v2\/types\/page"}],"author":[{"embeddable":true,"href":"https:\/\/lavule.com\/fi\/wp-json\/wp\/v2\/users\/1"}],"replies":[{"embeddable":true,"href":"https:\/\/lavule.com\/fi\/wp-json\/wp\/v2\/comments?post=65"}],"version-history":[{"count":9,"href":"https:\/\/lavule.com\/fi\/wp-json\/wp\/v2\/pages\/65\/revisions"}],"predecessor-version":[{"id":834,"href":"https:\/\/lavule.com\/fi\/wp-json\/wp\/v2\/pages\/65\/revisions\/834"}],"wp:attachment":[{"href":"https:\/\/lavule.com\/fi\/wp-json\/wp\/v2\/media?parent=65"}],"curies":[{"name":"wp","href":"https:\/\/api.w.org\/{rel}","templated":true}]}}