{"id":15,"date":"2021-09-27T05:23:42","date_gmt":"2021-09-27T05:23:42","guid":{"rendered":"https:\/\/lavule.com\/?page_id=15"},"modified":"2023-12-06T15:40:59","modified_gmt":"2023-12-06T14:40:59","slug":"widerrufsrecht","status":"publish","type":"page","link":"https:\/\/lavule.com\/fi\/peruuttamisoikeus\/","title":{"rendered":"Peruuttamisoikeus"},"content":{"rendered":"<p><strong>Kuluttajien peruuttamisoikeus<\/strong><\/p>\n\n\n\n<p>Kuluttaja on luonnollinen henkil\u00f6, joka tekee oikeustoimen tarkoituksessa, joka ei p\u00e4\u00e4asiallisesti liity h\u00e4nen kaupalliseen tai itsen\u00e4iseen ammatilliseen toimintaansa.<\/p>\n\n\n\n<p><strong>Peruutusehdot Lavule<\/strong><\/p>\n\n\n\n<p><strong>Peruuttamisoikeus<\/strong><\/p>\n\n\n\n<p>Sinulla on oikeus peruuttaa t\u00e4m\u00e4 sopimus nelj\u00e4ntoista p\u00e4iv\u00e4n kuluessa. <strong>Peruuttamisoikeus ei koske k\u00e4ytettyj\u00e4 hygieniatuotteita.<\/strong> Peruuttamisaika on nelj\u00e4toista p\u00e4iv\u00e4\u00e4 siit\u00e4 p\u00e4iv\u00e4st\u00e4, jona sin\u00e4 tai sinun nime\u00e4m\u00e4si kolmas osapuoli, joka ei ole rahdinkuljettaja, on ottanut tai on ottanut tavarat haltuunsa, edellytt\u00e4en, ett\u00e4 olet tilannut yhden tai useamman tavaran osana yht\u00e4 tilausta ja ett\u00e4 ne toimitetaan tai tullaan toimittamaan yhten\u00e4isesti.<\/p>\n\n\n\n<p>Peruuttamisoikeuden k\u00e4ytt\u00e4minen edellytt\u00e4\u00e4, ett\u00e4 ilmoitat meille p\u00e4\u00e4t\u00f6ksest\u00e4si peruuttaa sopimus selke\u00e4ll\u00e4 ilmoituksella (esim. postitse, faksilla tai s\u00e4hk\u00f6postitse l\u00e4hetetyll\u00e4 kirjeell\u00e4). Voit k\u00e4ytt\u00e4\u00e4 t\u00e4h\u00e4n tarkoitukseen oheista peruuttamislomakkeen mallia, joka ei kuitenkaan ole pakollinen.<\/p>\n\n\n\n<p>Peruutusajan noudattamiseksi riitt\u00e4\u00e4, ett\u00e4 l\u00e4het\u00e4t ilmoituksen peruutusoikeuden k\u00e4ytt\u00e4misest\u00e4 ennen peruutusajan p\u00e4\u00e4ttymist\u00e4.<\/p>\n\n\n\n<p>Peruuttaminen on osoitettava seuraavalle taholle<\/p>\n\n\n\n<p><\/p>\n\n\n\n<figure class=\"wp-block-image size-full is-resized\"><img loading=\"lazy\" decoding=\"async\" width=\"600\" height=\"632\" src=\"https:\/\/lavule.com\/wp-content\/uploads\/2023\/06\/Impra.jpg\" alt=\"\" class=\"wp-image-512\" style=\"object-fit:cover;width:237px;height:250px\" srcset=\"https:\/\/lavule.com\/wp-content\/uploads\/2023\/06\/Impra.jpg 600w, https:\/\/lavule.com\/wp-content\/uploads\/2023\/06\/Impra-285x300.jpg 285w, https:\/\/lavule.com\/wp-content\/uploads\/2023\/06\/Impra-11x12.jpg 11w\" sizes=\"auto, (max-width: 600px) 100vw, 600px\" \/><\/figure>\n\n\n\n<p><\/p>\n\n\n\n<p><strong>Toimitusosoite alla.<\/strong><\/p>\n\n\n\n<p><strong>Peruuttamisen seuraukset<\/strong><\/p>\n\n\n\n<p>Jos peruutat t\u00e4m\u00e4n sopimuksen, meid\u00e4n on palautettava sinulle kaikki sinulta saamamme maksut, mukaan lukien toimituskulut (lukuun ottamatta lis\u00e4kustannuksia, jotka johtuvat siit\u00e4, ett\u00e4 olet valinnut muun kuin halvimman tarjoamamme vakiotoimituksen), viipym\u00e4tt\u00e4 ja viimeist\u00e4\u00e4n nelj\u00e4ntoista p\u00e4iv\u00e4n kuluessa siit\u00e4 p\u00e4iv\u00e4st\u00e4, jona saimme ilmoituksen peruuttamisestasi t\u00e4st\u00e4 sopimuksesta. K\u00e4yt\u00e4mme t\u00e4t\u00e4 takaisinmaksua varten samaa maksuv\u00e4linett\u00e4, jota k\u00e4ytit alkuper\u00e4isess\u00e4 kaupassa, ellei kanssasi ole nimenomaisesti toisin sovittu; sinua ei miss\u00e4\u00e4n tapauksessa veloiteta t\u00e4st\u00e4 takaisinmaksusta.<\/p>\n\n\n\n<p>Voimme kielt\u00e4yty\u00e4 maksamasta takaisinmaksua, kunnes olemme saaneet tavarat takaisin tai kunnes olet todistanut palauttaneesi tavarat, riippuen siit\u00e4, kumpi ajankohta on aikaisempi.<\/p>\n\n\n\n<p><strong>Palauttaa<\/strong><\/p>\n\n\n\n<p>Sinun on palautettava tai luovutettava tavarat meille viipym\u00e4tt\u00e4 ja joka tapauksessa viimeist\u00e4\u00e4n nelj\u00e4ntoista p\u00e4iv\u00e4n kuluessa siit\u00e4 p\u00e4iv\u00e4st\u00e4, jona olet ilmoittanut meille t\u00e4m\u00e4n sopimuksen peruuttamisesta. M\u00e4\u00e4r\u00e4aika on kulunut, jos l\u00e4het\u00e4t tavarat ennen nelj\u00e4ntoista p\u00e4iv\u00e4n m\u00e4\u00e4r\u00e4ajan p\u00e4\u00e4ttymist\u00e4.<\/p>\n\n\n\n<p>Teid\u00e4n on vastattava tavaroiden palauttamisesta aiheutuvista v\u00e4litt\u00f6mist\u00e4 kustannuksista.<\/p>\n\n\n\n<p>Sinun on maksettava tavaran arvon alenemisesta vain, jos arvon aleneminen johtuu tavaran k\u00e4sittelyst\u00e4, joka ei ole v\u00e4ltt\u00e4m\u00e4t\u00f6nt\u00e4 tavaran laadun, ominaisuuksien ja toiminnan testaamiseksi.<\/p>\n\n\n\n<p><strong>Poissulkemisen tai voimassaolon p\u00e4\u00e4ttymisen syyt<\/strong><\/p>\n\n\n\n<p><strong>Peruuttamisoikeuden poissulkeminen<\/strong>:<\/p>\n\n\n\n<p>Ei peruuttamisoikeutta tavaroille, jotka ovat nopeasti pilaantuvia tai joiden viimeinen k\u00e4ytt\u00f6p\u00e4iv\u00e4 ylittyy nopeasti. Ennenaikainen vanhentuminen toimitettaessa sinet\u00f6ityj\u00e4 tavaroita, jotka eiv\u00e4t sovellu palautettavaksi terveydensuojelu- tai hygieniasyist\u00e4, jos niiden sinetti on poistettu toimituksen j\u00e4lkeen; (1) Lavule ei ole peruuttamisoikeutta Saksan siviililain (BGB) 312 g \u00a7:n 2 momentin 2 kohdan mukaisesti, jos sinetti on poistettu pakkauksesta. T\u00e4m\u00e4 johtuu siit\u00e4, ett\u00e4 Lavule on BGB:n 312g \u00a7:n 2 momentin 2 kohdassa tarkoitettu tavara, joka pilaantuisi nopeasti sen j\u00e4lkeen, kun sinetti on rikottu, tai jonka viimeinen k\u00e4ytt\u00f6p\u00e4iv\u00e4 ylittyisi nopeasti t\u00e4st\u00e4 l\u00e4htien (2 kuukautta Lavulen avaamisesta). (2) Peruuttamisoikeutta ei siis ole BGB:n 312g \u00a7:n 2 momentin 2 kohdan 2 alakohdan mukaisesti, jos Lavulesta on poistettu sinetti toimituksen j\u00e4lkeen, koska on olemassa vaara, ett\u00e4 palautettu tuote, saapuisi j\u00e4lleenmyyj\u00e4lle huomattavasti lyhyemm\u00e4ll\u00e4 s\u00e4ilyvyysajalla.<\/p>\n\n\n\n<p>Peruuttamisoikeus on suljettu pois t\u00e4t\u00e4 taustaa vasten, koska palautettavien seerumien, joiden sinetti on rikkoutunut, j\u00e4lleenmyynti olisi Lavulelle vaikeaa tai mahdotonta, kun otetaan huomioon palautusaika.<\/p>\n\n\n\n<p><strong>Peruuttamisoikeus ei koske k\u00e4ytettyj\u00e4 hygieniatuotteita<\/strong>.<\/p>\n\n\n\n<hr class=\"wp-block-separator has-css-opacity\"\/>\n\n\n\n<p>Peruuttamisoikeus on olemassa <strong>ei<\/strong> sopimuksia varten<\/p>\n\n\n\n<ul class=\"wp-block-list\">\n<li>sellaisten tavaroiden toimittamiseen, jotka eiv\u00e4t ole tehdasvalmisteisia ja joiden valmistuksessa kuluttajan yksil\u00f6llinen valinta tai m\u00e4\u00e4rittely on ratkaisevaa tai jotka on selv\u00e4sti r\u00e4\u00e4t\u00e4l\u00f6ity kuluttajan henkil\u00f6kohtaisten tarpeiden mukaan;<\/li>\n\n\n\n<li>sellaisten tavaroiden toimittamiseen, jotka voivat pilaantua nopeasti tai joiden viimeinen k\u00e4ytt\u00f6p\u00e4iv\u00e4 ylittyy nopeasti;<\/li>\n\n\n\n<li>Tilaussopimukset.<\/li>\n<\/ul>\n\n\n\n<p>&#8212;&#8212;&#8211;<\/p>\n\n\n\n<p><strong>Peruuttamisoikeus raukeaa ennenaikaisesti, jos kyseess\u00e4 on sopimus.<\/strong><\/p>\n\n\n\n<ul class=\"wp-block-list\">\n<li>sellaisten sinet\u00f6ityjen tavaroiden toimittamisesta, jotka eiv\u00e4t sovellu palautettaviksi terveydensuojelu- tai hygieniasyist\u00e4, jos sinetti on poistettu toimituksen j\u00e4lkeen;<\/li>\n\n\n\n<li>tavaroiden toimittamisesta, jos ne ovat luonteensa vuoksi sekoittuneet erottamattomasti muihin tavaroihin toimituksen j\u00e4lkeen;<\/li>\n<\/ul>\n\n\n\n<p>_______<\/p>\n\n\n\n<p><strong>N\u00e4yte peruutuslomakkeesta<\/strong><\/p>\n\n\n\n<p>Jos haluat peruuttaa sopimuksen, t\u00e4yt\u00e4 ja palauta t\u00e4m\u00e4 lomake.<br><strong>Peruuttamisoikeus ei koske k\u00e4ytettyj\u00e4 hygieniatuotteita.<\/strong><\/p>\n\n\n\n<p>1. Palaa osoitteeseen:<\/p>\n\n\n\n<p>VDS - Shipping and Data Service <br>c\/o Alaiko GmbH <br>Siemensstra\u00dfe 14<br>D-37412 Herzberg am Harz<br>Germany<br><br>S\u00e4hk\u00f6posti: info@lavule.com<\/p>\n\n\n\n<p>2. Peruutan t\u00e4ten sopimuksen, jonka olen tehnyt seuraavien tavaroiden ostamisesta tai seuraavien palvelujen tarjoamisesta.<br>Palvelu (tarvittaessa liitt\u00e4k\u00e4\u00e4 mukaan kopio laskusta)<br>Tilausnumero: ..........................................<br>Tavaran m\u00e4\u00e4r\u00e4 \/ nimi: ...........................<br>Ostohinta: ...................................................<br>Jo k\u00e4ytetty? K\u00e4ytettyjen hygieniatuotteiden peruuttamisoikeus on poissuljettu.<\/p>\n\n\n\n<p>3. Tilattu: ........................<\/p>\n\n\n\n<p>4. Syy: .............................................<\/p>\n\n\n\n<p>5. Vastaanotettu: ........................<\/p>\n\n\n\n<p>6. Kuluttajan nimi ja osoite: .......<br>Asiakasnumero: ........................................<br>Etu- ja sukunimi: .................................<br>Katu: .......................................................<br>Postinumero ja kaupunki: ..................................................<\/p>\n\n\n\n<p>7. Paikka, p\u00e4iv\u00e4m\u00e4\u00e4r\u00e4 ja allekirjoitus asiakas:<br>&#8230;&#8230;&#8230;&#8230;&#8230;&#8230;&#8230;&#8230;&#8230;&#8230;&#8230;&#8230;&#8230;&#8230;&#8230;&#8230;&#8230;.<\/p>","protected":false},"excerpt":{"rendered":"<p>Widerrufsrecht f\u00fcr Verbraucher Verbraucher ist jede nat\u00fcrliche Person, die ein Rechtsgesch\u00e4ft zu Zwecken abschlie\u00dft, die \u00fcberwiegend weder ihrer gewerblichen noch ihrer selbstst\u00e4ndigen beruflichen T\u00e4tigkeit zugerechnet werden kann. Widerrufsbelehrung Lavule Widerrufsrecht [&hellip;]<\/p>","protected":false},"author":1,"featured_media":0,"parent":0,"menu_order":0,"comment_status":"closed","ping_status":"closed","template":"","meta":{"_uag_custom_page_level_css":"","advgb_blocks_editor_width":"","advgb_blocks_columns_visual_guide":"","site-sidebar-layout":"default","site-content-layout":"default","ast-site-content-layout":"default","site-content-style":"default","site-sidebar-style":"default","ast-global-header-display":"","ast-banner-title-visibility":"","ast-main-header-display":"","ast-hfb-above-header-display":"","ast-hfb-below-header-display":"","ast-hfb-mobile-header-display":"","site-post-title":"","ast-breadcrumbs-content":"","ast-featured-img":"","footer-sml-layout":"","ast-disable-related-posts":"","theme-transparent-header-meta":"default","adv-header-id-meta":"","stick-header-meta":"default","header-above-stick-meta":"","header-main-stick-meta":"","header-below-stick-meta":"","astra-migrate-meta-layouts":"set","ast-page-background-enabled":"default","ast-page-background-meta":{"desktop":{"background-color":"","background-image":"","background-repeat":"repeat","background-position":"center center","background-size":"auto","background-attachment":"scroll","background-type":"","background-media":"","overlay-type":"","overlay-color":"","overlay-opacity":"","overlay-gradient":""},"tablet":{"background-color":"","background-image":"","background-repeat":"repeat","background-position":"center center","background-size":"auto","background-attachment":"scroll","background-type":"","background-media":"","overlay-type":"","overlay-color":"","overlay-opacity":"","overlay-gradient":""},"mobile":{"background-color":"","background-image":"","background-repeat":"repeat","background-position":"center center","background-size":"auto","background-attachment":"scroll","background-type":"","background-media":"","overlay-type":"","overlay-color":"","overlay-opacity":"","overlay-gradient":""}},"ast-content-background-meta":{"desktop":{"background-color":"var(--ast-global-color-5)","background-image":"","background-repeat":"repeat","background-position":"center center","background-size":"auto","background-attachment":"scroll","background-type":"","background-media":"","overlay-type":"","overlay-color":"","overlay-opacity":"","overlay-gradient":""},"tablet":{"background-color":"var(--ast-global-color-5)","background-image":"","background-repeat":"repeat","background-position":"center center","background-size":"auto","background-attachment":"scroll","background-type":"","background-media":"","overlay-type":"","overlay-color":"","overlay-opacity":"","overlay-gradient":""},"mobile":{"background-color":"var(--ast-global-color-5)","background-image":"","background-repeat":"repeat","background-position":"center center","background-size":"auto","background-attachment":"scroll","background-type":"","background-media":"","overlay-type":"","overlay-color":"","overlay-opacity":"","overlay-gradient":""}},"footnotes":""},"class_list":["post-15","page","type-page","status-publish","hentry"],"featured_image_src":null,"yoast_head":"<!-- This site is optimized with the Yoast SEO Premium plugin v23.4 (Yoast SEO v26.6) - https:\/\/yoast.com\/wordpress\/plugins\/seo\/ -->\n<title>Widerrufsrecht - Lavule<\/title>\n<meta name=\"robots\" content=\"noindex, nofollow\" \/>\n<meta property=\"og:locale\" content=\"fi_FI\" \/>\n<meta property=\"og:type\" content=\"article\" \/>\n<meta property=\"og:title\" content=\"Widerrufsrecht\" \/>\n<meta property=\"og:description\" content=\"Widerrufsrecht f\u00fcr Verbraucher Verbraucher ist jede nat\u00fcrliche Person, die ein Rechtsgesch\u00e4ft zu Zwecken abschlie\u00dft, die \u00fcberwiegend weder ihrer gewerblichen noch ihrer selbstst\u00e4ndigen beruflichen T\u00e4tigkeit zugerechnet werden kann. Widerrufsbelehrung Lavule Widerrufsrecht [&hellip;]\" \/>\n<meta property=\"og:url\" content=\"https:\/\/lavule.com\/fi\/peruuttamisoikeus\/\" \/>\n<meta property=\"og:site_name\" content=\"Lavule\" \/>\n<meta property=\"article:modified_time\" content=\"2023-12-06T14:40:59+00:00\" \/>\n<meta property=\"og:image\" content=\"https:\/\/lavule.com\/wp-content\/uploads\/2023\/06\/Impra.jpg\" \/>\n<meta name=\"twitter:card\" content=\"summary_large_image\" \/>\n<meta name=\"twitter:label1\" content=\"Arvioitu lukuaika\" \/>\n\t<meta name=\"twitter:data1\" content=\"5 minuuttia\" \/>\n<script type=\"application\/ld+json\" class=\"yoast-schema-graph\">{\"@context\":\"https:\/\/schema.org\",\"@graph\":[{\"@type\":\"WebPage\",\"@id\":\"https:\/\/lavule.com\/widerrufsrecht\/\",\"url\":\"https:\/\/lavule.com\/widerrufsrecht\/\",\"name\":\"Widerrufsrecht - Lavule\",\"isPartOf\":{\"@id\":\"https:\/\/lavule.com\/de\/#website\"},\"primaryImageOfPage\":{\"@id\":\"https:\/\/lavule.com\/widerrufsrecht\/#primaryimage\"},\"image\":{\"@id\":\"https:\/\/lavule.com\/widerrufsrecht\/#primaryimage\"},\"thumbnailUrl\":\"https:\/\/lavule.com\/wp-content\/uploads\/2023\/06\/Impra.jpg\",\"datePublished\":\"2021-09-27T05:23:42+00:00\",\"dateModified\":\"2023-12-06T14:40:59+00:00\",\"breadcrumb\":{\"@id\":\"https:\/\/lavule.com\/widerrufsrecht\/#breadcrumb\"},\"inLanguage\":\"fi\",\"potentialAction\":[{\"@type\":\"ReadAction\",\"target\":[\"https:\/\/lavule.com\/widerrufsrecht\/\"]}]},{\"@type\":\"ImageObject\",\"inLanguage\":\"fi\",\"@id\":\"https:\/\/lavule.com\/widerrufsrecht\/#primaryimage\",\"url\":\"https:\/\/lavule.com\/wp-content\/uploads\/2023\/06\/Impra.jpg\",\"contentUrl\":\"https:\/\/lavule.com\/wp-content\/uploads\/2023\/06\/Impra.jpg\"},{\"@type\":\"BreadcrumbList\",\"@id\":\"https:\/\/lavule.com\/widerrufsrecht\/#breadcrumb\",\"itemListElement\":[{\"@type\":\"ListItem\",\"position\":1,\"name\":\"LAVULE\",\"item\":\"https:\/\/lavule.com\/\"},{\"@type\":\"ListItem\",\"position\":2,\"name\":\"Widerrufsrecht\"}]},{\"@type\":\"WebSite\",\"@id\":\"https:\/\/lavule.com\/de\/#website\",\"url\":\"https:\/\/lavule.com\/de\/\",\"name\":\"Lavule\",\"description\":\"Augenringe Serum\",\"publisher\":{\"@id\":\"https:\/\/lavule.com\/de\/#organization\"},\"potentialAction\":[{\"@type\":\"SearchAction\",\"target\":{\"@type\":\"EntryPoint\",\"urlTemplate\":\"https:\/\/lavule.com\/de\/?s={search_term_string}\"},\"query-input\":{\"@type\":\"PropertyValueSpecification\",\"valueRequired\":true,\"valueName\":\"search_term_string\"}}],\"inLanguage\":\"fi\"},{\"@type\":\"Organization\",\"@id\":\"https:\/\/lavule.com\/de\/#organization\",\"name\":\"Lavule\",\"url\":\"https:\/\/lavule.com\/de\/\",\"logo\":{\"@type\":\"ImageObject\",\"inLanguage\":\"fi\",\"@id\":\"https:\/\/lavule.com\/de\/#\/schema\/logo\/image\/\",\"url\":\"https:\/\/lavule.com\/wp-content\/uploads\/2021\/11\/cropped-Lavule.png\",\"contentUrl\":\"https:\/\/lavule.com\/wp-content\/uploads\/2021\/11\/cropped-Lavule.png\",\"width\":243,\"height\":96,\"caption\":\"Lavule\"},\"image\":{\"@id\":\"https:\/\/lavule.com\/de\/#\/schema\/logo\/image\/\"},\"sameAs\":[\"https:\/\/www.instagram.com\/lavule_official\/\"]}]}<\/script>\n<!-- \/ Yoast SEO Premium plugin. -->","yoast_head_json":{"title":"Peruuttamisoikeus - Lavule","robots":{"index":"noindex","follow":"nofollow"},"og_locale":"fi_FI","og_type":"article","og_title":"Widerrufsrecht","og_description":"Widerrufsrecht f\u00fcr Verbraucher Verbraucher ist jede nat\u00fcrliche Person, die ein Rechtsgesch\u00e4ft zu Zwecken abschlie\u00dft, die \u00fcberwiegend weder ihrer gewerblichen noch ihrer selbstst\u00e4ndigen beruflichen T\u00e4tigkeit zugerechnet werden kann. Widerrufsbelehrung Lavule Widerrufsrecht [&hellip;]","og_url":"https:\/\/lavule.com\/fi\/peruuttamisoikeus\/","og_site_name":"Lavule","article_modified_time":"2023-12-06T14:40:59+00:00","og_image":[{"url":"https:\/\/lavule.com\/wp-content\/uploads\/2023\/06\/Impra.jpg","type":"","width":"","height":""}],"twitter_card":"summary_large_image","twitter_misc":{"Arvioitu lukuaika":"5 minuuttia"},"schema":{"@context":"https:\/\/schema.org","@graph":[{"@type":"WebPage","@id":"https:\/\/lavule.com\/widerrufsrecht\/","url":"https:\/\/lavule.com\/widerrufsrecht\/","name":"Peruuttamisoikeus - Lavule","isPartOf":{"@id":"https:\/\/lavule.com\/de\/#website"},"primaryImageOfPage":{"@id":"https:\/\/lavule.com\/widerrufsrecht\/#primaryimage"},"image":{"@id":"https:\/\/lavule.com\/widerrufsrecht\/#primaryimage"},"thumbnailUrl":"https:\/\/lavule.com\/wp-content\/uploads\/2023\/06\/Impra.jpg","datePublished":"2021-09-27T05:23:42+00:00","dateModified":"2023-12-06T14:40:59+00:00","breadcrumb":{"@id":"https:\/\/lavule.com\/widerrufsrecht\/#breadcrumb"},"inLanguage":"fi","potentialAction":[{"@type":"ReadAction","target":["https:\/\/lavule.com\/widerrufsrecht\/"]}]},{"@type":"ImageObject","inLanguage":"fi","@id":"https:\/\/lavule.com\/widerrufsrecht\/#primaryimage","url":"https:\/\/lavule.com\/wp-content\/uploads\/2023\/06\/Impra.jpg","contentUrl":"https:\/\/lavule.com\/wp-content\/uploads\/2023\/06\/Impra.jpg"},{"@type":"BreadcrumbList","@id":"https:\/\/lavule.com\/widerrufsrecht\/#breadcrumb","itemListElement":[{"@type":"ListItem","position":1,"name":"LAVULE","item":"https:\/\/lavule.com\/"},{"@type":"ListItem","position":2,"name":"Widerrufsrecht"}]},{"@type":"WebSite","@id":"https:\/\/lavule.com\/de\/#website","url":"https:\/\/lavule.com\/de\/","name":"Lavule","description":"Silm\u00e4nymp\u00e4rysseerumi","publisher":{"@id":"https:\/\/lavule.com\/de\/#organization"},"potentialAction":[{"@type":"SearchAction","target":{"@type":"EntryPoint","urlTemplate":"https:\/\/lavule.com\/de\/?s={search_term_string}"},"query-input":{"@type":"PropertyValueSpecification","valueRequired":true,"valueName":"search_term_string"}}],"inLanguage":"fi"},{"@type":"Organization","@id":"https:\/\/lavule.com\/de\/#organization","name":"Lavule","url":"https:\/\/lavule.com\/de\/","logo":{"@type":"ImageObject","inLanguage":"fi","@id":"https:\/\/lavule.com\/de\/#\/schema\/logo\/image\/","url":"https:\/\/lavule.com\/wp-content\/uploads\/2021\/11\/cropped-Lavule.png","contentUrl":"https:\/\/lavule.com\/wp-content\/uploads\/2021\/11\/cropped-Lavule.png","width":243,"height":96,"caption":"Lavule"},"image":{"@id":"https:\/\/lavule.com\/de\/#\/schema\/logo\/image\/"},"sameAs":["https:\/\/www.instagram.com\/lavule_official\/"]}]}},"uagb_featured_image_src":{"full":false,"thumbnail":false,"medium":false,"medium_large":false,"large":false,"1536x1536":false,"2048x2048":false,"trp-custom-language-flag":false,"woocommerce_thumbnail":false,"woocommerce_single":false,"woocommerce_gallery_thumbnail":false},"uagb_author_info":{"display_name":"Kerem085","author_link":"https:\/\/lavule.com\/fi\/author\/kerem085\/"},"uagb_comment_info":0,"uagb_excerpt":"Widerrufsrecht f\u00fcr Verbraucher Verbraucher ist jede nat\u00fcrliche Person, die ein Rechtsgesch\u00e4ft zu Zwecken abschlie\u00dft, die \u00fcberwiegend weder ihrer gewerblichen noch ihrer selbstst\u00e4ndigen beruflichen T\u00e4tigkeit zugerechnet werden kann. Widerrufsbelehrung Lavule Widerrufsrecht [&hellip;]","coauthors":[],"author_meta":{"author_link":"https:\/\/lavule.com\/fi\/author\/kerem085\/","display_name":"Kerem085"},"relative_dates":{"created":"Posted 5 vuotta ago","modified":"Updated 2 vuotta ago"},"absolute_dates":{"created":"Posted on 27 syyskuun, 2021","modified":"Updated on 6 joulukuun, 2023"},"absolute_dates_time":{"created":"Posted on 27 syyskuun, 2021 5:23 am","modified":"Updated on 6 joulukuun, 2023 3:40 pm"},"featured_img_caption":"","featured_img":false,"series_order":"","_links":{"self":[{"href":"https:\/\/lavule.com\/fi\/wp-json\/wp\/v2\/pages\/15","targetHints":{"allow":["GET"]}}],"collection":[{"href":"https:\/\/lavule.com\/fi\/wp-json\/wp\/v2\/pages"}],"about":[{"href":"https:\/\/lavule.com\/fi\/wp-json\/wp\/v2\/types\/page"}],"author":[{"embeddable":true,"href":"https:\/\/lavule.com\/fi\/wp-json\/wp\/v2\/users\/1"}],"replies":[{"embeddable":true,"href":"https:\/\/lavule.com\/fi\/wp-json\/wp\/v2\/comments?post=15"}],"version-history":[{"count":4,"href":"https:\/\/lavule.com\/fi\/wp-json\/wp\/v2\/pages\/15\/revisions"}],"predecessor-version":[{"id":1921,"href":"https:\/\/lavule.com\/fi\/wp-json\/wp\/v2\/pages\/15\/revisions\/1921"}],"wp:attachment":[{"href":"https:\/\/lavule.com\/fi\/wp-json\/wp\/v2\/media?parent=15"}],"curies":[{"name":"wp","href":"https:\/\/api.w.org\/{rel}","templated":true}]}}