{"id":14,"date":"2021-09-27T05:23:42","date_gmt":"2021-09-27T05:23:42","guid":{"rendered":"https:\/\/lavule.com\/?page_id=14"},"modified":"2023-06-27T10:02:47","modified_gmt":"2023-06-27T10:02:47","slug":"agb","status":"publish","type":"page","link":"https:\/\/lavule.com\/fi\/agb\/","title":{"rendered":"GT&amp;C"},"content":{"rendered":"<p><strong>Yleiset ehdot ja asiakastiedot<\/strong><\/p>\n\n\n\n<p>I. Yleiset ehdot<\/p>\n\n\n\n<p>\u00a7 1 Peruss\u00e4\u00e4nn\u00f6kset<\/p>\n\n\n\n<p>(1) Seuraavia ehtoja sovelletaan kaikkiin sopimuksiin, jotka teet kanssamme palveluntarjoajana (Lavule) verkkosivuston www.lavule.com kautta. Ellei toisin ole sovittu, vastustetaan k\u00e4ytt\u00e4miesi omien ehtojen sis\u00e4llytt\u00e4mist\u00e4.<\/p>\n\n\n\n<p>(2) Seuraavissa s\u00e4\u00e4nn\u00f6ksiss\u00e4 tarkoitettu kuluttaja on luonnollinen henkil\u00f6, joka tekee oikeustoimen tarkoituksessa, joka ei p\u00e4\u00e4asiallisesti liity h\u00e4nen kaupalliseen tai itsen\u00e4iseen ammatilliseen toimintaansa. Yritt\u00e4j\u00e4 on luonnollinen henkil\u00f6, oikeushenkil\u00f6 tai oikeuskelpoinen henkil\u00f6yhti\u00f6, joka oikeustoimen tehdess\u00e4\u00e4n toimii itsen\u00e4ist\u00e4 ammatillista tai kaupallista toimintaansa harjoittaessaan.<\/p>\n\n\n\n<p>\u00a7 2 Sopimuksen tekeminen<\/p>\n\n\n\n<p>(1) Sopimuksen kohteena on tavaroiden myynti.<\/p>\n\n\n\n<p>(2) Sijoittamalla kyseisen tuotteen verkkosivuillemme annamme sinulle sitovan tarjouksen sopimuksen tekemisest\u00e4 kohteen kuvauksessa mainituin ehdoin.<\/p>\n\n\n\n<p>(3) Sopimus tehd\u00e4\u00e4n verkkokauppakorij\u00e4rjestelm\u00e4n kautta seuraavasti:<br>Ostettavaksi tarkoitetut tavarat sijoitetaan ostoskoriin. Voit avata \"ostoskorin\" navigointipalkin vastaavan painikkeen kautta ja tehd\u00e4 siihen muutoksia milloin tahansa.<br>Kun olet avannut \"Checkout\"-sivun ja sy\u00f6tt\u00e4nyt henkil\u00f6tiedot sek\u00e4 maksu- ja toimitusehdot, kaikki tilauksen tiedot n\u00e4kyv\u00e4t j\u00e4lleen tilauksen yleiskatsaussivulla.<br>Jos k\u00e4yt\u00e4t maksutapana pikamaksuj\u00e4rjestelm\u00e4\u00e4 (esim. PayPal \/ PayPal Express \/ PayPal Plus, Amazon Payments, Postpay, Sofort\u00fcberweisung), p\u00e4\u00e4set joko verkkokauppamme tilauksen yleiskatsaussivulle tai sinut ohjataan ensin pikamaksuj\u00e4rjestelm\u00e4n tarjoajan verkkosivustolle.<br>Jos sinut ohjataan vastaavaan pikamaksuj\u00e4rjestelm\u00e4\u00e4n, tee vastaava valinta tai sy\u00f6t\u00e4 tietosi siell\u00e4. Lopuksi sinut ohjataan takaisin verkkokauppaamme tilauksen yleissivulle.<br>Ennen tilauksen l\u00e4hett\u00e4mist\u00e4 sinulla on mahdollisuus tarkistaa kaikki tiedot uudelleen, muuttaa niit\u00e4 (my\u00f6s internet-selaimen \"takaisin\"-toiminnon avulla) tai peruuttaa osto.<br>L\u00e4hett\u00e4m\u00e4ll\u00e4 tilauksen \"osta nyt\" -painikkeella ilmoitat hyv\u00e4ksyv\u00e4si tarjouksen oikeudellisesti sitovasti, jolloin sopimus syntyy.<\/p>\n\n\n\n<p>(4) Pyynt\u00f6si tarjouksen laatimisesta eiv\u00e4t ole sinua sitovia. Toimitamme sinulle sitovan tarjouksen tekstimuodossa (esim. s\u00e4hk\u00f6postitse), jonka voit hyv\u00e4ksy\u00e4 5 p\u00e4iv\u00e4n kuluessa.<\/p>\n\n\n\n<p>(5) Tilauksen k\u00e4sittely ja kaikkien sopimuksen tekemiseen tarvittavien tietojen toimittaminen tapahtuu s\u00e4hk\u00f6postitse osittain automaattisesti. Siksi sinun on varmistettava, ett\u00e4 meille ilmoittamasi s\u00e4hk\u00f6postiosoite on oikea, ett\u00e4 s\u00e4hk\u00f6postiviestien vastaanotto on teknisesti taattu ja erityisesti, ett\u00e4 SPAM-suodattimet eiv\u00e4t est\u00e4 sit\u00e4.<\/p>\n\n\n\n<p>\u00a7 3 Sopimuksen voimassaoloaika \/ irtisanominen<\/p>\n\n\n\n<p>Jos sopimus koskee toistuvia\/pysyvi\u00e4 palveluja (tilaus), sopimus tehd\u00e4\u00e4n toistaiseksi voimassa olevaksi. Kummallakin sopimuspuolella on oikeus irtisanoa sopimus ilman irtisanomisaikaa seuraavaan toimitusp\u00e4iv\u00e4\u00e4n menness\u00e4 ilman perusteluja. Oikeutta ylim\u00e4\u00e4r\u00e4iseen irtisanomiseen perustellusta syyst\u00e4, erityisesti sopimusvelvoitteiden toistuvasta rikkomisesta, ei muuteta.<\/p>\n\n\n\n<p>Peruutus voidaan tehd\u00e4 asiakastilill\u00e4 valikkokohdan \"Tilaus\" kautta ja siell\u00e4 \"Peruutuslomakkeella\" tai tekstimuodossa (postitse tai s\u00e4hk\u00f6postitse).<\/p>\n\n\n\n<p>\u00a7 4 Pid\u00e4tysoikeus, omistusoikeuden varaaminen<\/p>\n\n\n\n<p>(1) Voit k\u00e4ytt\u00e4\u00e4 pid\u00e4tysoikeutta vain silt\u00e4 osin kuin se koskee samaan sopimussuhteeseen liittyvi\u00e4 vaatimuksia.<\/p>\n\n\n\n<p>(2) Tavarat pysyv\u00e4t omistuksessamme, kunnes kauppahinta on maksettu kokonaisuudessaan.<\/p>\n\n\n\n<p>\u00a7 5 Vastuu<\/p>\n\n\n\n<p>(1) Olemme kussakin tapauksessa rajoituksetta vastuussa vahingoista, jotka johtuvat hengen, ruumiin tai terveyden loukkaantumisesta. Lis\u00e4ksi olemme rajoituksetta vastuussa kaikissa tapauksissa, joissa on kyse tahallisuudesta tai t\u00f6rke\u00e4st\u00e4 huolimattomuudesta, vian vilpillisest\u00e4 salaamisesta, ostokohteen laatua koskevan takuun antamisesta ja kaikissa muissa laissa s\u00e4\u00e4detyiss\u00e4 tapauksissa.<\/p>\n\n\n\n<p>(2) Lakis\u00e4\u00e4teisen takuun piiriin kuuluvista virheist\u00e4 aiheutuva vastuu m\u00e4\u00e4r\u00e4ytyy asiakastietojemme (osa II) vastaavan m\u00e4\u00e4r\u00e4yksen mukaan.<\/p>\n\n\n\n<p>(3) Silt\u00e4 osin kuin kyseess\u00e4 ovat olennaiset sopimusvelvoitteet, vastuumme liev\u00e4st\u00e4 huolimattomuudesta rajoittuu sopimuksen kannalta tyypilliseen ennakoitavissa olevaan vahinkoon. Olennaisia sopimusvelvoitteita ovat olennaiset velvoitteet, jotka johtuvat sopimuksen luonteesta ja joiden rikkominen vaarantaisi sopimuksen tarkoituksen saavuttamisen, sek\u00e4 velvoitteet, jotka sopimus sen sis\u00e4ll\u00f6n mukaan asettaa meille sopimuksen tarkoituksen saavuttamiseksi, joiden t\u00e4ytt\u00e4minen ylip\u00e4\u00e4t\u00e4\u00e4n mahdollistaa sopimuksen asianmukaisen t\u00e4ytt\u00e4misen ja joiden noudattamiseen voit s\u00e4\u00e4nn\u00f6llisesti luottaa.<\/p>\n\n\n\n<p>(4) Kun kyseess\u00e4 on aineettomien sopimusvelvoitteiden rikkominen, vastuu on poissuljettu liev\u00e4sti huolimattomien sopimusvelvoitteiden rikkomisten osalta.<\/p>\n\n\n\n<p>(5) Internetin kautta tapahtuvaa tiedonsiirtoa ei voida taata virheett\u00f6m\u00e4ksi ja\/tai aina k\u00e4ytett\u00e4viss\u00e4 olevaksi tekniikan nykytason mukaan. T\u00e4lt\u00e4 osin emme ole vastuussa verkkosivuston ja siell\u00e4 tarjotun palvelun jatkuvasta tai keskeytym\u00e4tt\u00f6m\u00e4st\u00e4 saatavuudesta.<\/p>\n\n\n\n<p>\u00a7 6 Lainvalinta, suorituspaikka ja oikeuspaikka<\/p>\n\n\n\n<p>(1) Sovelletaan Saksan lakia. Kuluttajien osalta t\u00e4t\u00e4 lainvalintaa sovelletaan vain silt\u00e4 osin kuin kuluttajan asuinpaikkavaltion lains\u00e4\u00e4d\u00e4nn\u00f6n pakottavien s\u00e4\u00e4nn\u00f6sten tarjoamaa suojaa ei sen vuoksi poisteta (edullisuusperiaate).<\/p>\n\n\n\n<p>(2) Kaikkien kanssamme solmituista liikesuhteista johtuvien palveluiden suorituspaikka sek\u00e4 oikeuspaikka on rekister\u00f6ity toimipaikkamme, jos et ole kuluttaja vaan elinkeinonharjoittaja, julkisoikeudellinen oikeushenkil\u00f6 tai julkisoikeudellinen erityisrahasto. Sama p\u00e4tee, jos sinulla ei ole yleist\u00e4 oikeuspaikkaa Saksassa tai EU:ssa tai jos asuinpaikkasi tai asuinpaikkasi ei ole tiedossa kanteen nostamishetkell\u00e4. T\u00e4m\u00e4 ei vaikuta oikeuteen nostaa kanne my\u00f6s toisen lakis\u00e4\u00e4teisen oikeuspaikan tuomioistuimessa.<\/p>\n\n\n\n<p>(3) YK:n yleissopimusta kansainv\u00e4list\u00e4 tavaran kauppaa koskevista sopimuksista ei nimenomaisesti sovelleta.<\/p>\n\n\n\n<p>_______<\/p>\n\n\n\n<p>II. Asiakastiedot<\/p>\n\n\n\n<p>1. Myyj\u00e4n henkil\u00f6llisyys<\/p>\n\n\n\n<figure class=\"wp-block-image size-full is-resized\"><img loading=\"lazy\" decoding=\"async\" src=\"https:\/\/lavule.com\/wp-content\/uploads\/2023\/06\/Press.png\" alt=\"\" class=\"wp-image-514\" width=\"248\" height=\"176\" srcset=\"https:\/\/lavule.com\/wp-content\/uploads\/2023\/06\/Press.png 549w, https:\/\/lavule.com\/wp-content\/uploads\/2023\/06\/Press-300x213.png 300w, https:\/\/lavule.com\/wp-content\/uploads\/2023\/06\/Press-18x12.png 18w\" sizes=\"auto, (max-width: 248px) 100vw, 248px\" \/><\/figure>\n\n\n\n<p>Euroopan komissio tarjoaa foorumin tuomioistuinten ulkopuolista verkkov\u00e4litteist\u00e4 riidanratkaisua varten (ODR-foorumi), joka on saatavilla osoitteessa&nbsp;<a href=\"http:\/\/ec.europa.eu\/odr\" target=\"_blank\" rel=\"noreferrer noopener\">http:\/\/ec.europa.eu\/odr<\/a>.<\/p>\n\n\n\n<p>2.Tiedot sopimuksen tekemisest\u00e4<\/p>\n\n\n\n<p>Sopimuksen tekemiseen liittyv\u00e4t tekniset vaiheet, itse sopimuksen tekeminen ja korjausvaihtoehdot toteutetaan yleisten sopimusehtojemme 2 \u00a7:n mukaisesti (osa I).<\/p>\n\n\n\n<p>3. Sopimuskieli, sopimustekstin tallennus<\/p>\n\n\n\n<p>3.1. Sopimuskieli on englanti.<\/p>\n\n\n\n<p>3.2 Emme tallenna sopimuksen koko teksti\u00e4. Ennen tilauksen l\u00e4hett\u00e4mist\u00e4 verkkokauppakorij\u00e4rjestelm\u00e4n kautta sopimustiedot voidaan tulostaa tai tallentaa s\u00e4hk\u00f6isesti selaimen tulostustoiminnolla. Kun olemme vastaanottaneet tilauksen, tilauksen tiedot, et\u00e4sopimuksia varten laissa vaaditut tiedot ja yleiset sopimusehdot l\u00e4hetet\u00e4\u00e4n sinulle uudelleen s\u00e4hk\u00f6postitse.<\/p>\n\n\n\n<p>3.3 Kun kyseess\u00e4 ovat verkkokorij\u00e4rjestelm\u00e4n ulkopuoliset tarjouspyynn\u00f6t, saat kaikki sopimustiedot osana sitovaa tarjousta tekstimuodossa, esimerkiksi s\u00e4hk\u00f6postitse, jonka voit tulostaa tai tallentaa s\u00e4hk\u00f6isesti.<\/p>\n\n\n\n<p>4. Tavaroiden tai palvelujen olennaiset ominaisuudet<\/p>\n\n\n\n<p>Tavaroiden ja\/tai palvelujen olennaiset ominaisuudet l\u00f6ytyv\u00e4t asianomaisesta tarjouksesta.<\/p>\n\n\n\n<p>5. Hinnat ja maksutavat<\/p>\n\n\n\n<p>5.1 Tarjouksissa mainitut hinnat sek\u00e4 toimituskulut ovat kokonaishintoja. Ne sis\u00e4lt\u00e4v\u00e4t kaikki hintakomponentit mukaan lukien kaikki sovellettavat verot.<\/p>\n\n\n\n<p>5.2 Aiheutuneet toimituskulut eiv\u00e4t sis\u00e4lly ostohintaan. Ne ovat n\u00e4ht\u00e4vill\u00e4 verkkosivuillamme tai vastaavassa tarjouksessa olevan vastaavan painikkeen kautta, ne ilmoitetaan erikseen tilausprosessin aikana ja ne ovat sinun maksettavissasi, ellei ilmaista toimitusta ole luvattu.<\/p>\n\n\n\n<p>5.3 K\u00e4ytett\u00e4viss\u00e4si olevat maksutavat n\u00e4kyv\u00e4t verkkosivuillamme tai vastaavassa tarjouksessa vastaavalla painikkeella.<\/p>\n\n\n\n<p>5.4 Jollei yksitt\u00e4isiss\u00e4 maksutavoissa toisin mainita, tehdyst\u00e4 sopimuksesta johtuvat maksuvaatimukset er\u00e4\u00e4ntyv\u00e4t maksettaviksi v\u00e4litt\u00f6m\u00e4sti.<\/p>\n\n\n\n<p>6. Toimitusehdot<\/p>\n\n\n\n<p>6.1 Toimitusehdot, toimitusp\u00e4iv\u00e4 ja mahdolliset toimitusrajoitukset l\u00f6ytyv\u00e4t verkkosivuiltamme tai kyseisest\u00e4 tarjouksesta vastaavasta painikkeesta.<\/p>\n\n\n\n<p>6.2 Jos olet kuluttaja, on laissa s\u00e4\u00e4detty, ett\u00e4 riski myydyn tavaran vahingossa tapahtuvasta katoamisesta ja vahingossa tapahtuvasta vahingoittumisesta kuljetuksen aikana siirtyy sinulle vasta tavaran luovutuksen yhteydess\u00e4 riippumatta siit\u00e4, onko kuljetus vakuutettu vai vakuuttamaton. T\u00e4m\u00e4 ei koske sit\u00e4, ett\u00e4 olet itsen\u00e4isesti tilannut kuljetusyrityksen, jota yritt\u00e4j\u00e4 ei ole nimennyt, tai muulla tavoin nimetyn henkil\u00f6n suorittamaan l\u00e4hetyksen.<\/p>\n\n\n\n<p>7. Lakis\u00e4\u00e4teinen virhevastuu<\/p>\n\n\n\n<p>7.1 Lakis\u00e4\u00e4teiset virhevastuuoikeudet ovat voimassa.<\/p>\n\n\n\n<p>7.2 Kuluttajana sinua pyydet\u00e4\u00e4n tarkastamaan tavaran t\u00e4ydellisyys, ilmeiset puutteet ja kuljetusvauriot v\u00e4litt\u00f6m\u00e4sti toimituksen j\u00e4lkeen ja ilmoittamaan meille ja kuljetusliikkeelle mahdollisista valituksista mahdollisimman pian. Jos et noudata t\u00e4t\u00e4, sill\u00e4 ei ole vaikutusta lakis\u00e4\u00e4teisiin takuuvaatimuksiisi.<\/p>","protected":false},"excerpt":{"rendered":"<p>Allgemeine Gesch\u00e4ftsbedingungen und Kundeninformationen I. Allgemeine Gesch\u00e4ftsbedingungen \u00a7 1 Grundlegende Bestimmungen (1) Die nachstehenden Gesch\u00e4ftsbedingungen gelten f\u00fcr alle Vertr\u00e4ge, die Sie mit uns als Anbieter (Lavule) \u00fcber die Internetseite www.lavule.com [&hellip;]<\/p>","protected":false},"author":1,"featured_media":0,"parent":0,"menu_order":0,"comment_status":"closed","ping_status":"closed","template":"","meta":{"_uag_custom_page_level_css":"","advgb_blocks_editor_width":"","advgb_blocks_columns_visual_guide":"","site-sidebar-layout":"default","site-content-layout":"default","ast-site-content-layout":"default","site-content-style":"default","site-sidebar-style":"default","ast-global-header-display":"","ast-banner-title-visibility":"","ast-main-header-display":"","ast-hfb-above-header-display":"","ast-hfb-below-header-display":"","ast-hfb-mobile-header-display":"","site-post-title":"","ast-breadcrumbs-content":"","ast-featured-img":"","footer-sml-layout":"","ast-disable-related-posts":"","theme-transparent-header-meta":"default","adv-header-id-meta":"","stick-header-meta":"default","header-above-stick-meta":"","header-main-stick-meta":"","header-below-stick-meta":"","astra-migrate-meta-layouts":"default","ast-page-background-enabled":"default","ast-page-background-meta":{"desktop":{"background-color":"","background-image":"","background-repeat":"repeat","background-position":"center center","background-size":"auto","background-attachment":"scroll","background-type":"","background-media":"","overlay-type":"","overlay-color":"","overlay-opacity":"","overlay-gradient":""},"tablet":{"background-color":"","background-image":"","background-repeat":"repeat","background-position":"center center","background-size":"auto","background-attachment":"scroll","background-type":"","background-media":"","overlay-type":"","overlay-color":"","overlay-opacity":"","overlay-gradient":""},"mobile":{"background-color":"","background-image":"","background-repeat":"repeat","background-position":"center center","background-size":"auto","background-attachment":"scroll","background-type":"","background-media":"","overlay-type":"","overlay-color":"","overlay-opacity":"","overlay-gradient":""}},"ast-content-background-meta":{"desktop":{"background-color":"var(--ast-global-color-5)","background-image":"","background-repeat":"repeat","background-position":"center center","background-size":"auto","background-attachment":"scroll","background-type":"","background-media":"","overlay-type":"","overlay-color":"","overlay-opacity":"","overlay-gradient":""},"tablet":{"background-color":"var(--ast-global-color-5)","background-image":"","background-repeat":"repeat","background-position":"center center","background-size":"auto","background-attachment":"scroll","background-type":"","background-media":"","overlay-type":"","overlay-color":"","overlay-opacity":"","overlay-gradient":""},"mobile":{"background-color":"var(--ast-global-color-5)","background-image":"","background-repeat":"repeat","background-position":"center center","background-size":"auto","background-attachment":"scroll","background-type":"","background-media":"","overlay-type":"","overlay-color":"","overlay-opacity":"","overlay-gradient":""}},"footnotes":""},"class_list":["post-14","page","type-page","status-publish","hentry"],"featured_image_src":null,"yoast_head":"<!-- This site is optimized with the Yoast SEO Premium plugin v23.4 (Yoast SEO v26.6) - https:\/\/yoast.com\/wordpress\/plugins\/seo\/ -->\n<title>AGB - Lavule<\/title>\n<meta name=\"robots\" content=\"noindex, nofollow\" \/>\n<meta property=\"og:locale\" content=\"fi_FI\" \/>\n<meta property=\"og:type\" content=\"article\" \/>\n<meta property=\"og:title\" content=\"AGB\" \/>\n<meta property=\"og:description\" content=\"Allgemeine Gesch\u00e4ftsbedingungen und Kundeninformationen I. Allgemeine Gesch\u00e4ftsbedingungen \u00a7 1 Grundlegende Bestimmungen (1) Die nachstehenden Gesch\u00e4ftsbedingungen gelten f\u00fcr alle Vertr\u00e4ge, die Sie mit uns als Anbieter (Lavule) \u00fcber die Internetseite www.lavule.com [&hellip;]\" \/>\n<meta property=\"og:url\" content=\"https:\/\/lavule.com\/fi\/agb\/\" \/>\n<meta property=\"og:site_name\" content=\"Lavule\" \/>\n<meta property=\"article:modified_time\" content=\"2023-06-27T10:02:47+00:00\" \/>\n<meta property=\"og:image\" content=\"https:\/\/lavule.com\/wp-content\/uploads\/2023\/06\/Press.png\" \/>\n<meta name=\"twitter:card\" content=\"summary_large_image\" \/>\n<meta name=\"twitter:label1\" content=\"Arvioitu lukuaika\" \/>\n\t<meta name=\"twitter:data1\" content=\"8 minuuttia\" \/>\n<script type=\"application\/ld+json\" class=\"yoast-schema-graph\">{\"@context\":\"https:\/\/schema.org\",\"@graph\":[{\"@type\":\"WebPage\",\"@id\":\"https:\/\/lavule.com\/agb\/\",\"url\":\"https:\/\/lavule.com\/agb\/\",\"name\":\"AGB - Lavule\",\"isPartOf\":{\"@id\":\"https:\/\/lavule.com\/de\/#website\"},\"primaryImageOfPage\":{\"@id\":\"https:\/\/lavule.com\/agb\/#primaryimage\"},\"image\":{\"@id\":\"https:\/\/lavule.com\/agb\/#primaryimage\"},\"thumbnailUrl\":\"https:\/\/lavule.com\/wp-content\/uploads\/2023\/06\/Press.png\",\"datePublished\":\"2021-09-27T05:23:42+00:00\",\"dateModified\":\"2023-06-27T10:02:47+00:00\",\"breadcrumb\":{\"@id\":\"https:\/\/lavule.com\/agb\/#breadcrumb\"},\"inLanguage\":\"fi\",\"potentialAction\":[{\"@type\":\"ReadAction\",\"target\":[\"https:\/\/lavule.com\/agb\/\"]}]},{\"@type\":\"ImageObject\",\"inLanguage\":\"fi\",\"@id\":\"https:\/\/lavule.com\/agb\/#primaryimage\",\"url\":\"https:\/\/lavule.com\/wp-content\/uploads\/2023\/06\/Press.png\",\"contentUrl\":\"https:\/\/lavule.com\/wp-content\/uploads\/2023\/06\/Press.png\"},{\"@type\":\"BreadcrumbList\",\"@id\":\"https:\/\/lavule.com\/agb\/#breadcrumb\",\"itemListElement\":[{\"@type\":\"ListItem\",\"position\":1,\"name\":\"LAVULE\",\"item\":\"https:\/\/lavule.com\/\"},{\"@type\":\"ListItem\",\"position\":2,\"name\":\"AGB\"}]},{\"@type\":\"WebSite\",\"@id\":\"https:\/\/lavule.com\/de\/#website\",\"url\":\"https:\/\/lavule.com\/de\/\",\"name\":\"Lavule\",\"description\":\"Augenringe Serum\",\"publisher\":{\"@id\":\"https:\/\/lavule.com\/de\/#organization\"},\"potentialAction\":[{\"@type\":\"SearchAction\",\"target\":{\"@type\":\"EntryPoint\",\"urlTemplate\":\"https:\/\/lavule.com\/de\/?s={search_term_string}\"},\"query-input\":{\"@type\":\"PropertyValueSpecification\",\"valueRequired\":true,\"valueName\":\"search_term_string\"}}],\"inLanguage\":\"fi\"},{\"@type\":\"Organization\",\"@id\":\"https:\/\/lavule.com\/de\/#organization\",\"name\":\"Lavule\",\"url\":\"https:\/\/lavule.com\/de\/\",\"logo\":{\"@type\":\"ImageObject\",\"inLanguage\":\"fi\",\"@id\":\"https:\/\/lavule.com\/de\/#\/schema\/logo\/image\/\",\"url\":\"https:\/\/lavule.com\/wp-content\/uploads\/2021\/11\/cropped-Lavule.png\",\"contentUrl\":\"https:\/\/lavule.com\/wp-content\/uploads\/2021\/11\/cropped-Lavule.png\",\"width\":243,\"height\":96,\"caption\":\"Lavule\"},\"image\":{\"@id\":\"https:\/\/lavule.com\/de\/#\/schema\/logo\/image\/\"},\"sameAs\":[\"https:\/\/www.instagram.com\/lavule_official\/\"]}]}<\/script>\n<!-- \/ Yoast SEO Premium plugin. -->","yoast_head_json":{"title":"AGB - Lavule","robots":{"index":"noindex","follow":"nofollow"},"og_locale":"fi_FI","og_type":"article","og_title":"AGB","og_description":"Allgemeine Gesch\u00e4ftsbedingungen und Kundeninformationen I. Allgemeine Gesch\u00e4ftsbedingungen \u00a7 1 Grundlegende Bestimmungen (1) Die nachstehenden Gesch\u00e4ftsbedingungen gelten f\u00fcr alle Vertr\u00e4ge, die Sie mit uns als Anbieter (Lavule) \u00fcber die Internetseite www.lavule.com [&hellip;]","og_url":"https:\/\/lavule.com\/fi\/agb\/","og_site_name":"Lavule","article_modified_time":"2023-06-27T10:02:47+00:00","og_image":[{"url":"https:\/\/lavule.com\/wp-content\/uploads\/2023\/06\/Press.png","type":"","width":"","height":""}],"twitter_card":"summary_large_image","twitter_misc":{"Arvioitu lukuaika":"8 minuuttia"},"schema":{"@context":"https:\/\/schema.org","@graph":[{"@type":"WebPage","@id":"https:\/\/lavule.com\/agb\/","url":"https:\/\/lavule.com\/agb\/","name":"AGB - Lavule","isPartOf":{"@id":"https:\/\/lavule.com\/de\/#website"},"primaryImageOfPage":{"@id":"https:\/\/lavule.com\/agb\/#primaryimage"},"image":{"@id":"https:\/\/lavule.com\/agb\/#primaryimage"},"thumbnailUrl":"https:\/\/lavule.com\/wp-content\/uploads\/2023\/06\/Press.png","datePublished":"2021-09-27T05:23:42+00:00","dateModified":"2023-06-27T10:02:47+00:00","breadcrumb":{"@id":"https:\/\/lavule.com\/agb\/#breadcrumb"},"inLanguage":"fi","potentialAction":[{"@type":"ReadAction","target":["https:\/\/lavule.com\/agb\/"]}]},{"@type":"ImageObject","inLanguage":"fi","@id":"https:\/\/lavule.com\/agb\/#primaryimage","url":"https:\/\/lavule.com\/wp-content\/uploads\/2023\/06\/Press.png","contentUrl":"https:\/\/lavule.com\/wp-content\/uploads\/2023\/06\/Press.png"},{"@type":"BreadcrumbList","@id":"https:\/\/lavule.com\/agb\/#breadcrumb","itemListElement":[{"@type":"ListItem","position":1,"name":"LAVULE","item":"https:\/\/lavule.com\/"},{"@type":"ListItem","position":2,"name":"AGB"}]},{"@type":"WebSite","@id":"https:\/\/lavule.com\/de\/#website","url":"https:\/\/lavule.com\/de\/","name":"Lavule","description":"Silm\u00e4nymp\u00e4rysseerumi","publisher":{"@id":"https:\/\/lavule.com\/de\/#organization"},"potentialAction":[{"@type":"SearchAction","target":{"@type":"EntryPoint","urlTemplate":"https:\/\/lavule.com\/de\/?s={search_term_string}"},"query-input":{"@type":"PropertyValueSpecification","valueRequired":true,"valueName":"search_term_string"}}],"inLanguage":"fi"},{"@type":"Organization","@id":"https:\/\/lavule.com\/de\/#organization","name":"Lavule","url":"https:\/\/lavule.com\/de\/","logo":{"@type":"ImageObject","inLanguage":"fi","@id":"https:\/\/lavule.com\/de\/#\/schema\/logo\/image\/","url":"https:\/\/lavule.com\/wp-content\/uploads\/2021\/11\/cropped-Lavule.png","contentUrl":"https:\/\/lavule.com\/wp-content\/uploads\/2021\/11\/cropped-Lavule.png","width":243,"height":96,"caption":"Lavule"},"image":{"@id":"https:\/\/lavule.com\/de\/#\/schema\/logo\/image\/"},"sameAs":["https:\/\/www.instagram.com\/lavule_official\/"]}]}},"uagb_featured_image_src":{"full":false,"thumbnail":false,"medium":false,"medium_large":false,"large":false,"1536x1536":false,"2048x2048":false,"trp-custom-language-flag":false,"woocommerce_thumbnail":false,"woocommerce_single":false,"woocommerce_gallery_thumbnail":false},"uagb_author_info":{"display_name":"Kerem085","author_link":"https:\/\/lavule.com\/fi\/author\/kerem085\/"},"uagb_comment_info":0,"uagb_excerpt":"Allgemeine Gesch\u00e4ftsbedingungen und Kundeninformationen I. Allgemeine Gesch\u00e4ftsbedingungen \u00a7 1 Grundlegende Bestimmungen (1) Die nachstehenden Gesch\u00e4ftsbedingungen gelten f\u00fcr alle Vertr\u00e4ge, die Sie mit uns als Anbieter (Lavule) \u00fcber die Internetseite www.lavule.com [&hellip;]","coauthors":[],"author_meta":{"author_link":"https:\/\/lavule.com\/fi\/author\/kerem085\/","display_name":"Kerem085"},"relative_dates":{"created":"Posted 5 vuotta ago","modified":"Updated 3 vuotta ago"},"absolute_dates":{"created":"Posted on 27 syyskuun, 2021","modified":"Updated on 27 kes\u00e4kuun, 2023"},"absolute_dates_time":{"created":"Posted on 27 syyskuun, 2021 5:23 am","modified":"Updated on 27 kes\u00e4kuun, 2023 10:02 am"},"featured_img_caption":"","featured_img":false,"series_order":"","_links":{"self":[{"href":"https:\/\/lavule.com\/fi\/wp-json\/wp\/v2\/pages\/14","targetHints":{"allow":["GET"]}}],"collection":[{"href":"https:\/\/lavule.com\/fi\/wp-json\/wp\/v2\/pages"}],"about":[{"href":"https:\/\/lavule.com\/fi\/wp-json\/wp\/v2\/types\/page"}],"author":[{"embeddable":true,"href":"https:\/\/lavule.com\/fi\/wp-json\/wp\/v2\/users\/1"}],"replies":[{"embeddable":true,"href":"https:\/\/lavule.com\/fi\/wp-json\/wp\/v2\/comments?post=14"}],"version-history":[{"count":4,"href":"https:\/\/lavule.com\/fi\/wp-json\/wp\/v2\/pages\/14\/revisions"}],"predecessor-version":[{"id":671,"href":"https:\/\/lavule.com\/fi\/wp-json\/wp\/v2\/pages\/14\/revisions\/671"}],"wp:attachment":[{"href":"https:\/\/lavule.com\/fi\/wp-json\/wp\/v2\/media?parent=14"}],"curies":[{"name":"wp","href":"https:\/\/api.w.org\/{rel}","templated":true}]}}