{"id":14,"date":"2021-09-27T05:23:42","date_gmt":"2021-09-27T05:23:42","guid":{"rendered":"https:\/\/lavule.com\/?page_id=14"},"modified":"2023-06-27T10:02:47","modified_gmt":"2023-06-27T10:02:47","slug":"agb","status":"publish","type":"page","link":"https:\/\/lavule.com\/et\/agb\/","title":{"rendered":"GT&amp;C"},"content":{"rendered":"<p><strong>\u00dcldtingimused ja klienditeave<\/strong><\/p>\n\n\n\n<p>I. \u00dcldtingimused<\/p>\n\n\n\n<p>\u00a7 1 P\u00f5his\u00e4tted<\/p>\n\n\n\n<p>(1) J\u00e4rgmisi tingimusi kohaldatakse k\u00f5igi lepingute suhtes, mille te s\u00f5lmite meiega kui teenusepakkujaga (Lavule) veebilehe www.lavule.com kaudu. Kui ei ole kokku lepitud teisiti, siis on teie enda tingimuste lisamine, mida v\u00f5ite kasutada, vaidlustatud.<\/p>\n\n\n\n<p>(2) Tarbija j\u00e4rgmiste s\u00e4tete t\u00e4henduses on iga f\u00fc\u00fcsiline isik, kes s\u00f5lmib \u00f5igusliku tehingu eesm\u00e4rgil, mida ei saa valdavalt seostada ei tema \u00e4ritegevuse ega iseseisva kutsetegevusega. Ettev\u00f5tja on iga f\u00fc\u00fcsiline v\u00f5i juriidiline isik v\u00f5i \u00f5igusv\u00f5imeline \u00fching, kes \u00f5igusliku tehingu s\u00f5lmimisel tegutseb oma iseseisva kutse- v\u00f5i \u00e4ritegevuse raames.<\/p>\n\n\n\n<p>\u00a7 2 Lepingu s\u00f5lmimine<\/p>\n\n\n\n<p>(1) Lepingu ese on kauba m\u00fc\u00fck.<\/p>\n\n\n\n<p>(2) Vastava toote meie veebisaidile paigutamisega teeme teile siduvat pakkumist lepingu s\u00f5lmimiseks artikli kirjelduses toodud tingimustel.<\/p>\n\n\n\n<p>(3) Leping s\u00f5lmitakse veebip\u00f5hise ostukorvi s\u00fcsteemi kaudu j\u00e4rgmiselt:<br>Ostmiseks m\u00f5eldud kaubad pannakse \"ostukorvi\". Saate \"ostukorvi\" \u00fcles kutsuda vastava nupu kaudu navigatsiooniribal ja teha seal igal ajal muudatusi.<br>P\u00e4rast \"Kassasse\" lehek\u00fclje \u00fcleskutsumist ja isikuandmete ning makse- ja saatmistingimuste sisestamist kuvatakse k\u00f5ik tellimuse andmed l\u00f5puks uuesti tellimuse \u00fclevaate lehel.<br>Kui kasutate makseviisina kiirmakses\u00fcsteemi (nt PayPal \/ PayPal Express \/ PayPal Plus, Amazon Payments, Postpay, Sofort\u00fcberweisung), suunatakse teid kas meie veebipoe tellimuse \u00fclevaate lehele v\u00f5i suunatakse teid esmalt kiirmakses\u00fcsteemi pakkuja veebilehele.<br>Kui teid suunatakse vastavasse v\u00e4lkmakses\u00fcsteemi, tehke vastav valik v\u00f5i sisestage seal oma andmed. L\u00f5puks suunatakse teid tagasi meie veebipoodi tellimuse \u00fclevaate lehele.<br>Enne tellimuse saatmist on teil v\u00f5imalus k\u00f5ik andmed uuesti \u00fcle kontrollida, neid muuta (ka internetibrauseri \"tagasi\" funktsiooni abil) v\u00f5i ostu t\u00fchistada.<br>Tellimuse saatmisega nupu \"osta kohe\" kaudu kinnitate pakkumise \u00f5iguslikult siduvaks vastuv\u00f5tmiseks, millega s\u00f5lmitakse leping.<\/p>\n\n\n\n<p>(4) Teie taotlused pakkumise koostamiseks ei ole teie jaoks siduvad. Esitame teile siduvat pakkumist tekstina (nt e-posti teel), mille saate 5 p\u00e4eva jooksul vastu v\u00f5tta.<\/p>\n\n\n\n<p>(5) Tellimuse t\u00f6\u00f6tlemine ja kogu lepingu s\u00f5lmimisega seotud teabe edastamine toimub osaliselt automaatselt e-posti teel. Seet\u00f5ttu peate tagama, et teie poolt meile antud e-posti aadress on \u00f5ige, et e-kirjade k\u00e4ttesaamine on tehniliselt tagatud ja eelk\u00f5ige, et seda ei takista SPAM-filtrid.<\/p>\n\n\n\n<p>\u00a7 3 Lepingu kestus \/ l\u00f5petamine<\/p>\n\n\n\n<p>Kui leping on seotud korduvate\/p\u00fcsivate teenustega (tellimus), s\u00f5lmitakse leping t\u00e4htajatult. Kummalgi lepingupoolel on \u00f5igus l\u00f5petada selline leping ilma etteteatamiseta kuni j\u00e4rgmise tarnekuup\u00e4evani ilma p\u00f5hjendusi esitamata. \u00d5igust erakorraliseks \u00fcles\u00fctlemiseks m\u00f5juval p\u00f5hjusel, eelk\u00f5ige p\u00f5hiliste lepinguliste kohustuste korduva rikkumise korral, ei m\u00f5juta see.<\/p>\n\n\n\n<p>T\u00fchistamise saab teha kliendikontol men\u00fc\u00fcpunktis \"Tellimus\" ja seal \"T\u00fchistamise vormi\" kaudu v\u00f5i tekstina (posti v\u00f5i e-posti teel).<\/p>\n\n\n\n<p>\u00a7 4 Kinnipidamis\u00f5igus, omandi\u00f5iguse reservatsioon<\/p>\n\n\n\n<p>(1) Te v\u00f5ite kasutada kinnipidamis\u00f5igust ainult niiv\u00f5rd, kuiv\u00f5rd see puudutab samast lepingulisest suhtest tulenevaid n\u00f5udeid.<\/p>\n\n\n\n<p>(2) Kaup j\u00e4\u00e4b meie omandisse kuni ostuhinna t\u00e4ieliku tasumiseni.<\/p>\n\n\n\n<p>\u00a7 5 Vastutus<\/p>\n\n\n\n<p>(1) Me vastutame igal juhul piiranguteta kahju eest, mis tuleneb elu, kehavigastusest v\u00f5i tervisekahjustusest. Lisaks vastutame piiranguteta k\u00f5igil juhtudel tahtluse ja raske hooletuse korral, puuduse tahtliku varjamise korral, ostueseme kvaliteedi garantii v\u00f5tmise korral ja k\u00f5igil muudel seadusega reguleeritud juhtudel.<\/p>\n\n\n\n<p>(2) Vastutus seadusliku garantii raames esinevate puuduste eest on reguleeritud meie kliendiinfo (II osa) vastava s\u00e4ttega.<\/p>\n\n\n\n<p>(3) Kuiv\u00f5rd see puudutab olulisi lepingulisi kohustusi, piirdub meie vastutus kerge hooletuse eest lepingule omase prognoositava kahjuga. Olulised lepingulised kohustused on olulised kohustused, mis tulenevad lepingu olemusest ja mille rikkumine ohustaks lepingu eesm\u00e4rgi saavutamist, samuti kohustused, mis lepinguga on meile selle sisu kohaselt pandud lepingu eesm\u00e4rgi saavutamiseks, mille t\u00e4itmine teeb lepingu n\u00f5uetekohase t\u00e4itmise \u00fcldse v\u00f5imalikuks ja mille t\u00e4itmisele te v\u00f5ite regulaarselt tugineda.<\/p>\n\n\n\n<p>(4) Mitteoluliste lepinguliste kohustuste rikkumise korral on vastutus v\u00e4listatud kohustuste kergelt hooletu rikkumise korral.<\/p>\n\n\n\n<p>(5) Interneti kaudu toimuv andmeside ei saa tagada, et see oleks vastavalt tehnika praegusele tasemele alati veavaba ja\/v\u00f5i k\u00e4ttesaadav. Sellega seoses ei vastuta me veebilehe ja seal pakutava teenuse pideva v\u00f5i katkematu k\u00e4ttesaadavuse eest.<\/p>\n\n\n\n<p>\u00a7 6 \u00d5iguse valik, t\u00e4itmise koht, kohtualluvus<\/p>\n\n\n\n<p>(1) Kohaldatakse Saksa \u00f5igust. Tarbijate puhul kohaldatakse seda \u00f5igusvalikut ainult niiv\u00f5rd, kuiv\u00f5rd sellega ei kao tarbija alalise elukohariigi \u00f5iguse kohustuslike s\u00e4tetega tagatud kaitse (soodusp\u00f5him\u00f5te).<\/p>\n\n\n\n<p>(2) K\u00f5igi meiega s\u00f5lmitud \u00e4risuhetest tulenevate teenuste osutamise koht ja kohtualluvuse koht on meie registrij\u00e4rgne asukoht, kui te ei ole tarbija, vaid kaupmees, avalik-\u00f5iguslik juriidiline isik v\u00f5i avalik-\u00f5iguslik erifond. Sama kehtib ka juhul, kui teil ei ole \u00fcldist kohtualluvust Saksamaal v\u00f5i ELis v\u00f5i kui teie elukoht v\u00f5i alaline elukoht on hagi esitamise ajal teadmata. See ei m\u00f5juta \u00f5igust esitada hagi ka teise seadusliku kohtualluvuse kohas asuvale kohtule.<\/p>\n\n\n\n<p>(3) \u00dcRO kaupade rahvusvahelise m\u00fc\u00fcgilepingu konventsiooni s\u00e4tteid s\u00f5naselgelt ei kohaldata.<\/p>\n\n\n\n<p>_______<\/p>\n\n\n\n<p>II. Klienditeave<\/p>\n\n\n\n<p>1. M\u00fc\u00fcja isikuandmed<\/p>\n\n\n\n<figure class=\"wp-block-image size-full is-resized\"><img loading=\"lazy\" decoding=\"async\" src=\"https:\/\/lavule.com\/wp-content\/uploads\/2023\/06\/Press.png\" alt=\"\" class=\"wp-image-514\" width=\"248\" height=\"176\" srcset=\"https:\/\/lavule.com\/wp-content\/uploads\/2023\/06\/Press.png 549w, https:\/\/lavule.com\/wp-content\/uploads\/2023\/06\/Press-300x213.png 300w, https:\/\/lavule.com\/wp-content\/uploads\/2023\/06\/Press-18x12.png 18w\" sizes=\"auto, (max-width: 248px) 100vw, 248px\" \/><\/figure>\n\n\n\n<p>Euroopa Komisjon pakub platvormi vaidluste kohtuv\u00e4liseks veebip\u00f5hiseks lahendamiseks (ODR platvorm), mis on k\u00e4ttesaadav aadressil&nbsp;<a href=\"http:\/\/ec.europa.eu\/odr\" target=\"_blank\" rel=\"noreferrer noopener\">http:\/\/ec.europa.eu\/odr<\/a>.<\/p>\n\n\n\n<p>2. Teave lepingu s\u00f5lmimise kohta<\/p>\n\n\n\n<p>Lepingu s\u00f5lmimise tehnilised sammud, lepingu s\u00f5lmimine ise ja parandamisv\u00f5imalused toimuvad vastavalt meie \u00fcldtingimuste (I osa) \u00a7 2.<\/p>\n\n\n\n<p>3. Lepingu keel, lepingu teksti s\u00e4ilitamine<\/p>\n\n\n\n<p>3.1 Lepingukeeleks on inglise keel.<\/p>\n\n\n\n<p>3.2 Me ei salvesta lepingu tervikteksti. Enne tellimuse saatmist veebip\u00f5hise ostukorvi s\u00fcsteemi kaudu saab lepingu andmed v\u00e4lja printida v\u00f5i elektrooniliselt salvestada, kasutades veebilehitseja printimisfunktsiooni. P\u00e4rast tellimuse k\u00e4ttesaamist meie poolt saadetakse teile tellimuse andmed, kauglepingute puhul \u00f5iguslikult n\u00f5utav teave ja \u00fcldtingimused uuesti e-posti teel.<\/p>\n\n\n\n<p>3.3 Pakkumuste puhul, mis on esitatud v\u00e4ljaspool veebip\u00f5hist ostukorvi s\u00fcsteemi, saate k\u00f5ik lepinguandmed siduva pakkumise osana tekstina, nt e-posti teel, mille saate v\u00e4lja printida v\u00f5i elektrooniliselt salvestada.<\/p>\n\n\n\n<p>4. Kaupade v\u00f5i teenuste olulised omadused<\/p>\n\n\n\n<p>Kaupade ja\/v\u00f5i teenuste p\u00f5hiomadused on esitatud vastavas pakkumises.<\/p>\n\n\n\n<p>5. Hinnad ja makseviisid<\/p>\n\n\n\n<p>5.1 Vastavates pakkumistes toodud hinnad ja saatmiskulud kujutavad endast koguhindu. Need sisaldavad k\u00f5iki hinnakomponente koos k\u00f5igi kohaldatavate maksudega.<\/p>\n\n\n\n<p>5.2 Tekkinud saatmiskulud ei ole ostuhinnas sisalduvad. Neid saab meie kodulehel v\u00f5i vastavas pakkumises vastavalt t\u00e4histatud nupu kaudu v\u00e4lja kutsuda, need on tellimuse vormistamise k\u00e4igus eraldi v\u00e4lja toodud ja need tuleb teie poolt t\u00e4iendavalt tasuda, v\u00e4lja arvatud juhul, kui on lubatud tasuta kohaletoimetamine.<\/p>\n\n\n\n<p>5.3 Teile k\u00e4ttesaadavad makseviisid on n\u00e4idatud meie veebisaidil v\u00f5i vastavas pakkumises vastavalt m\u00e4\u00e4ratud nupu all.<\/p>\n\n\n\n<p>5.4 Kui \u00fcksikutes makseviisides ei ole s\u00e4testatud teisiti, kuuluvad s\u00f5lmitud lepingust tulenevad maksetaotlused koheselt tasumisele.<\/p>\n\n\n\n<p>6. Tarnetingimused<\/p>\n\n\n\n<p>6.1 Tarnetingimused, tarnekuup\u00e4ev ja v\u00f5imalikud tarnepiirangud on leitavad meie veebisaidil v\u00f5i vastavas pakkumises vastava nupu all.<\/p>\n\n\n\n<p>6.2 Kui te olete tarbija, on seadusega reguleeritud, et m\u00fc\u00fcdud eseme juhusliku kadumise ja juhusliku riknemise oht l\u00e4heb teile \u00fcle alles kauba \u00fcleandmisel, s\u00f5ltumata sellest, kas saadetis on kindlustatud v\u00f5i kindlustamata. See ei kehti juhul, kui te olete iseseisvalt tellinud veoettev\u00f5tte, mida ettev\u00f5tja v\u00f5i muul viisil m\u00e4\u00e4ratud isik ei ole nimetanud, et vedu teostada.<\/p>\n\n\n\n<p>7. Seadusest tulenev vastutus puuduste eest<\/p>\n\n\n\n<p>7.1 Kohaldatakse seadusest tulenevaid \u00f5igusi puuduste eest vastutamiseks.<\/p>\n\n\n\n<p>7.2 Tarbijana palume teil kohe p\u00e4rast kauba k\u00e4ttesaamist kontrollida kauba t\u00e4ielikkust, ilmseid puudusi ja transpordikahjustusi ning teavitada meid ja vedaja k\u00f5ikidest kaebustest v\u00f5imalikult kiiresti. Kui te seda ei t\u00e4ida, ei m\u00f5juta see teie seadusest tulenevaid garantiin\u00f5udeid.<\/p>","protected":false},"excerpt":{"rendered":"<p>Allgemeine Gesch\u00e4ftsbedingungen und Kundeninformationen I. Allgemeine Gesch\u00e4ftsbedingungen \u00a7 1 Grundlegende Bestimmungen (1) Die nachstehenden Gesch\u00e4ftsbedingungen gelten f\u00fcr alle Vertr\u00e4ge, die Sie mit uns als Anbieter (Lavule) \u00fcber die Internetseite www.lavule.com [&hellip;]<\/p>","protected":false},"author":1,"featured_media":0,"parent":0,"menu_order":0,"comment_status":"closed","ping_status":"closed","template":"","meta":{"_uag_custom_page_level_css":"","advgb_blocks_editor_width":"","advgb_blocks_columns_visual_guide":"","site-sidebar-layout":"default","site-content-layout":"default","ast-site-content-layout":"default","site-content-style":"default","site-sidebar-style":"default","ast-global-header-display":"","ast-banner-title-visibility":"","ast-main-header-display":"","ast-hfb-above-header-display":"","ast-hfb-below-header-display":"","ast-hfb-mobile-header-display":"","site-post-title":"","ast-breadcrumbs-content":"","ast-featured-img":"","footer-sml-layout":"","ast-disable-related-posts":"","theme-transparent-header-meta":"default","adv-header-id-meta":"","stick-header-meta":"default","header-above-stick-meta":"","header-main-stick-meta":"","header-below-stick-meta":"","astra-migrate-meta-layouts":"default","ast-page-background-enabled":"default","ast-page-background-meta":{"desktop":{"background-color":"","background-image":"","background-repeat":"repeat","background-position":"center center","background-size":"auto","background-attachment":"scroll","background-type":"","background-media":"","overlay-type":"","overlay-color":"","overlay-opacity":"","overlay-gradient":""},"tablet":{"background-color":"","background-image":"","background-repeat":"repeat","background-position":"center center","background-size":"auto","background-attachment":"scroll","background-type":"","background-media":"","overlay-type":"","overlay-color":"","overlay-opacity":"","overlay-gradient":""},"mobile":{"background-color":"","background-image":"","background-repeat":"repeat","background-position":"center center","background-size":"auto","background-attachment":"scroll","background-type":"","background-media":"","overlay-type":"","overlay-color":"","overlay-opacity":"","overlay-gradient":""}},"ast-content-background-meta":{"desktop":{"background-color":"var(--ast-global-color-5)","background-image":"","background-repeat":"repeat","background-position":"center center","background-size":"auto","background-attachment":"scroll","background-type":"","background-media":"","overlay-type":"","overlay-color":"","overlay-opacity":"","overlay-gradient":""},"tablet":{"background-color":"var(--ast-global-color-5)","background-image":"","background-repeat":"repeat","background-position":"center center","background-size":"auto","background-attachment":"scroll","background-type":"","background-media":"","overlay-type":"","overlay-color":"","overlay-opacity":"","overlay-gradient":""},"mobile":{"background-color":"var(--ast-global-color-5)","background-image":"","background-repeat":"repeat","background-position":"center center","background-size":"auto","background-attachment":"scroll","background-type":"","background-media":"","overlay-type":"","overlay-color":"","overlay-opacity":"","overlay-gradient":""}},"footnotes":""},"class_list":["post-14","page","type-page","status-publish","hentry"],"featured_image_src":null,"yoast_head":"<!-- This site is optimized with the Yoast SEO Premium plugin v23.4 (Yoast SEO v26.6) - https:\/\/yoast.com\/wordpress\/plugins\/seo\/ -->\n<title>AGB - Lavule<\/title>\n<meta name=\"robots\" content=\"noindex, nofollow\" \/>\n<meta property=\"og:locale\" content=\"et_EE\" \/>\n<meta property=\"og:type\" content=\"article\" \/>\n<meta property=\"og:title\" content=\"AGB\" \/>\n<meta property=\"og:description\" content=\"Allgemeine Gesch\u00e4ftsbedingungen und Kundeninformationen I. Allgemeine Gesch\u00e4ftsbedingungen \u00a7 1 Grundlegende Bestimmungen (1) Die nachstehenden Gesch\u00e4ftsbedingungen gelten f\u00fcr alle Vertr\u00e4ge, die Sie mit uns als Anbieter (Lavule) \u00fcber die Internetseite www.lavule.com [&hellip;]\" \/>\n<meta property=\"og:url\" content=\"https:\/\/lavule.com\/et\/agb\/\" \/>\n<meta property=\"og:site_name\" content=\"Lavule\" \/>\n<meta property=\"article:modified_time\" content=\"2023-06-27T10:02:47+00:00\" \/>\n<meta property=\"og:image\" content=\"https:\/\/lavule.com\/wp-content\/uploads\/2023\/06\/Press.png\" \/>\n<meta name=\"twitter:card\" content=\"summary_large_image\" \/>\n<meta name=\"twitter:label1\" content=\"Est. reading time\" \/>\n\t<meta name=\"twitter:data1\" content=\"8 minutit\" \/>\n<script type=\"application\/ld+json\" class=\"yoast-schema-graph\">{\"@context\":\"https:\/\/schema.org\",\"@graph\":[{\"@type\":\"WebPage\",\"@id\":\"https:\/\/lavule.com\/agb\/\",\"url\":\"https:\/\/lavule.com\/agb\/\",\"name\":\"AGB - Lavule\",\"isPartOf\":{\"@id\":\"https:\/\/lavule.com\/de\/#website\"},\"primaryImageOfPage\":{\"@id\":\"https:\/\/lavule.com\/agb\/#primaryimage\"},\"image\":{\"@id\":\"https:\/\/lavule.com\/agb\/#primaryimage\"},\"thumbnailUrl\":\"https:\/\/lavule.com\/wp-content\/uploads\/2023\/06\/Press.png\",\"datePublished\":\"2021-09-27T05:23:42+00:00\",\"dateModified\":\"2023-06-27T10:02:47+00:00\",\"breadcrumb\":{\"@id\":\"https:\/\/lavule.com\/agb\/#breadcrumb\"},\"inLanguage\":\"et\",\"potentialAction\":[{\"@type\":\"ReadAction\",\"target\":[\"https:\/\/lavule.com\/agb\/\"]}]},{\"@type\":\"ImageObject\",\"inLanguage\":\"et\",\"@id\":\"https:\/\/lavule.com\/agb\/#primaryimage\",\"url\":\"https:\/\/lavule.com\/wp-content\/uploads\/2023\/06\/Press.png\",\"contentUrl\":\"https:\/\/lavule.com\/wp-content\/uploads\/2023\/06\/Press.png\"},{\"@type\":\"BreadcrumbList\",\"@id\":\"https:\/\/lavule.com\/agb\/#breadcrumb\",\"itemListElement\":[{\"@type\":\"ListItem\",\"position\":1,\"name\":\"LAVULE\",\"item\":\"https:\/\/lavule.com\/\"},{\"@type\":\"ListItem\",\"position\":2,\"name\":\"AGB\"}]},{\"@type\":\"WebSite\",\"@id\":\"https:\/\/lavule.com\/de\/#website\",\"url\":\"https:\/\/lavule.com\/de\/\",\"name\":\"Lavule\",\"description\":\"Augenringe Serum\",\"publisher\":{\"@id\":\"https:\/\/lavule.com\/de\/#organization\"},\"potentialAction\":[{\"@type\":\"SearchAction\",\"target\":{\"@type\":\"EntryPoint\",\"urlTemplate\":\"https:\/\/lavule.com\/de\/?s={search_term_string}\"},\"query-input\":{\"@type\":\"PropertyValueSpecification\",\"valueRequired\":true,\"valueName\":\"search_term_string\"}}],\"inLanguage\":\"et\"},{\"@type\":\"Organization\",\"@id\":\"https:\/\/lavule.com\/de\/#organization\",\"name\":\"Lavule\",\"url\":\"https:\/\/lavule.com\/de\/\",\"logo\":{\"@type\":\"ImageObject\",\"inLanguage\":\"et\",\"@id\":\"https:\/\/lavule.com\/de\/#\/schema\/logo\/image\/\",\"url\":\"https:\/\/lavule.com\/wp-content\/uploads\/2021\/11\/cropped-Lavule.png\",\"contentUrl\":\"https:\/\/lavule.com\/wp-content\/uploads\/2021\/11\/cropped-Lavule.png\",\"width\":243,\"height\":96,\"caption\":\"Lavule\"},\"image\":{\"@id\":\"https:\/\/lavule.com\/de\/#\/schema\/logo\/image\/\"},\"sameAs\":[\"https:\/\/www.instagram.com\/lavule_official\/\"]}]}<\/script>\n<!-- \/ Yoast SEO Premium plugin. -->","yoast_head_json":{"title":"AGB - Lavule","robots":{"index":"noindex","follow":"nofollow"},"og_locale":"et_EE","og_type":"article","og_title":"AGB","og_description":"Allgemeine Gesch\u00e4ftsbedingungen und Kundeninformationen I. Allgemeine Gesch\u00e4ftsbedingungen \u00a7 1 Grundlegende Bestimmungen (1) Die nachstehenden Gesch\u00e4ftsbedingungen gelten f\u00fcr alle Vertr\u00e4ge, die Sie mit uns als Anbieter (Lavule) \u00fcber die Internetseite www.lavule.com [&hellip;]","og_url":"https:\/\/lavule.com\/et\/agb\/","og_site_name":"Lavule","article_modified_time":"2023-06-27T10:02:47+00:00","og_image":[{"url":"https:\/\/lavule.com\/wp-content\/uploads\/2023\/06\/Press.png","type":"","width":"","height":""}],"twitter_card":"summary_large_image","twitter_misc":{"Est. reading time":"8 minutit"},"schema":{"@context":"https:\/\/schema.org","@graph":[{"@type":"WebPage","@id":"https:\/\/lavule.com\/agb\/","url":"https:\/\/lavule.com\/agb\/","name":"AGB - Lavule","isPartOf":{"@id":"https:\/\/lavule.com\/de\/#website"},"primaryImageOfPage":{"@id":"https:\/\/lavule.com\/agb\/#primaryimage"},"image":{"@id":"https:\/\/lavule.com\/agb\/#primaryimage"},"thumbnailUrl":"https:\/\/lavule.com\/wp-content\/uploads\/2023\/06\/Press.png","datePublished":"2021-09-27T05:23:42+00:00","dateModified":"2023-06-27T10:02:47+00:00","breadcrumb":{"@id":"https:\/\/lavule.com\/agb\/#breadcrumb"},"inLanguage":"et","potentialAction":[{"@type":"ReadAction","target":["https:\/\/lavule.com\/agb\/"]}]},{"@type":"ImageObject","inLanguage":"et","@id":"https:\/\/lavule.com\/agb\/#primaryimage","url":"https:\/\/lavule.com\/wp-content\/uploads\/2023\/06\/Press.png","contentUrl":"https:\/\/lavule.com\/wp-content\/uploads\/2023\/06\/Press.png"},{"@type":"BreadcrumbList","@id":"https:\/\/lavule.com\/agb\/#breadcrumb","itemListElement":[{"@type":"ListItem","position":1,"name":"LAVULE","item":"https:\/\/lavule.com\/"},{"@type":"ListItem","position":2,"name":"AGB"}]},{"@type":"WebSite","@id":"https:\/\/lavule.com\/de\/#website","url":"https:\/\/lavule.com\/de\/","name":"Lavule","description":"Silma\u00fcmbruse seerum","publisher":{"@id":"https:\/\/lavule.com\/de\/#organization"},"potentialAction":[{"@type":"SearchAction","target":{"@type":"EntryPoint","urlTemplate":"https:\/\/lavule.com\/de\/?s={search_term_string}"},"query-input":{"@type":"PropertyValueSpecification","valueRequired":true,"valueName":"search_term_string"}}],"inLanguage":"et"},{"@type":"Organization","@id":"https:\/\/lavule.com\/de\/#organization","name":"Lavule","url":"https:\/\/lavule.com\/de\/","logo":{"@type":"ImageObject","inLanguage":"et","@id":"https:\/\/lavule.com\/de\/#\/schema\/logo\/image\/","url":"https:\/\/lavule.com\/wp-content\/uploads\/2021\/11\/cropped-Lavule.png","contentUrl":"https:\/\/lavule.com\/wp-content\/uploads\/2021\/11\/cropped-Lavule.png","width":243,"height":96,"caption":"Lavule"},"image":{"@id":"https:\/\/lavule.com\/de\/#\/schema\/logo\/image\/"},"sameAs":["https:\/\/www.instagram.com\/lavule_official\/"]}]}},"uagb_featured_image_src":{"full":false,"thumbnail":false,"medium":false,"medium_large":false,"large":false,"1536x1536":false,"2048x2048":false,"trp-custom-language-flag":false,"woocommerce_thumbnail":false,"woocommerce_single":false,"woocommerce_gallery_thumbnail":false},"uagb_author_info":{"display_name":"Kerem085","author_link":"https:\/\/lavule.com\/et\/author\/kerem085\/"},"uagb_comment_info":0,"uagb_excerpt":"Allgemeine Gesch\u00e4ftsbedingungen und Kundeninformationen I. Allgemeine Gesch\u00e4ftsbedingungen \u00a7 1 Grundlegende Bestimmungen (1) Die nachstehenden Gesch\u00e4ftsbedingungen gelten f\u00fcr alle Vertr\u00e4ge, die Sie mit uns als Anbieter (Lavule) \u00fcber die Internetseite www.lavule.com [&hellip;]","coauthors":[],"author_meta":{"author_link":"https:\/\/lavule.com\/et\/author\/kerem085\/","display_name":"Kerem085"},"relative_dates":{"created":"Posted 5 aastat ago","modified":"Updated 3 aastat ago"},"absolute_dates":{"created":"Posted on september 27, 2021","modified":"Updated on juuni 27, 2023"},"absolute_dates_time":{"created":"Posted on september 27, 2021 5:23 e.l.","modified":"Updated on juuni 27, 2023 10:02 e.l."},"featured_img_caption":"","featured_img":false,"series_order":"","_links":{"self":[{"href":"https:\/\/lavule.com\/et\/wp-json\/wp\/v2\/pages\/14","targetHints":{"allow":["GET"]}}],"collection":[{"href":"https:\/\/lavule.com\/et\/wp-json\/wp\/v2\/pages"}],"about":[{"href":"https:\/\/lavule.com\/et\/wp-json\/wp\/v2\/types\/page"}],"author":[{"embeddable":true,"href":"https:\/\/lavule.com\/et\/wp-json\/wp\/v2\/users\/1"}],"replies":[{"embeddable":true,"href":"https:\/\/lavule.com\/et\/wp-json\/wp\/v2\/comments?post=14"}],"version-history":[{"count":4,"href":"https:\/\/lavule.com\/et\/wp-json\/wp\/v2\/pages\/14\/revisions"}],"predecessor-version":[{"id":671,"href":"https:\/\/lavule.com\/et\/wp-json\/wp\/v2\/pages\/14\/revisions\/671"}],"wp:attachment":[{"href":"https:\/\/lavule.com\/et\/wp-json\/wp\/v2\/media?parent=14"}],"curies":[{"name":"wp","href":"https:\/\/api.w.org\/{rel}","templated":true}]}}