{"id":14,"date":"2021-09-27T05:23:42","date_gmt":"2021-09-27T05:23:42","guid":{"rendered":"https:\/\/lavule.com\/?page_id=14"},"modified":"2023-06-27T10:02:47","modified_gmt":"2023-06-27T10:02:47","slug":"agb","status":"publish","type":"page","link":"https:\/\/lavule.com\/de\/agb\/","title":{"rendered":"AGB"},"content":{"rendered":"\n<p><strong>Allgemeine Gesch\u00e4ftsbedingungen und Kundeninformationen<\/strong><\/p>\n\n\n\n<p>I. Allgemeine Gesch\u00e4ftsbedingungen<\/p>\n\n\n\n<p>\u00a7 1 Grundlegende Bestimmungen<\/p>\n\n\n\n<p>(1) Die nachstehenden Gesch\u00e4ftsbedingungen gelten f\u00fcr alle Vertr\u00e4ge, die Sie mit uns als Anbieter (Lavule) \u00fcber die Internetseite www.lavule.com schlie\u00dfen. Soweit nicht anders vereinbart, wird der Einbeziehung gegebenenfalls von Ihnen verwendeter eigener Bedingungen widersprochen.<\/p>\n\n\n\n<p>(2)&nbsp;Verbraucher im Sinne der nachstehenden Regelungen ist jede nat\u00fcrliche Person, die ein Rechtsgesch\u00e4ft zu Zwecken abschlie\u00dft, die \u00fcberwiegend weder ihrer gewerblichen noch ihrer selbst\u00e4ndigen beruflichen T\u00e4tigkeit zugerechnet werden kann. Unternehmer ist jede nat\u00fcrliche oder juristische Person oder eine rechtsf\u00e4hige Personengesellschaft, die bei Abschluss eines Rechtsgesch\u00e4fts in Aus\u00fcbung ihrer selbst\u00e4ndigen beruflichen oder gewerblichen T\u00e4tigkeit handelt.<\/p>\n\n\n\n<p>\u00a7 2 Zustandekommen des Vertrages<\/p>\n\n\n\n<p>(1)&nbsp;Gegenstand des Vertrages ist der Verkauf von Waren.<\/p>\n\n\n\n<p>(2)&nbsp;Bereits mit dem Einstellen des jeweiligen Produkts auf unserer Internetseite unterbreiten wir Ihnen ein verbindliches Angebot zum Abschluss eines Vertrages zu den in der Artikelbeschreibung angegebenen Bedingungen.<\/p>\n\n\n\n<p>(3)&nbsp;Der Vertrag kommt \u00fcber das Online-Warenkorbsystem wie folgt zustande:<br>Die zum Kauf beabsichtigten Waren&nbsp;werden im \u201cWarenkorb\u201d abgelegt. \u00dcber die entsprechende Schaltfl\u00e4che in der Navigationsleiste k\u00f6nnen Sie den \u201cWarenkorb\u201d aufrufen und dort jederzeit \u00c4nderungen vornehmen.<br>Nach Aufrufen der Seite \u201cKasse\u201d und der Eingabe der pers\u00f6nlichen Daten sowie der Zahlungs- und Versandbedingungen werden abschlie\u00dfend nochmals alle Bestelldaten auf der Bestell\u00fcbersichtsseite angezeigt.<br>Soweit Sie als Zahlungsart ein Sofortzahl-System (z.B. PayPal \/ PayPal Express \/ PayPal Plus, Amazon-Payments, Postpay, Sofort\u00fcberweisung) nutzen, werden Sie entweder in unserem Online-Shop auf die Bestell\u00fcbersichtsseite gef\u00fchrt oder Sie werden zun\u00e4chst auf die Internetseite des Anbieters des Sofortzahl-Systems weitergeleitet.<br>Erfolgt die Weiterleitung zu dem jeweiligen Sofortzahl-System, nehmen Sie dort die entsprechende Auswahl bzw. Eingabe Ihrer Daten vor. Abschlie\u00dfend werden Sie zur\u00fcck in unseren Online-Shop auf die Bestell\u00fcbersichtsseite geleitet.<br>Vor Absenden der Bestellung haben Sie die M\u00f6glichkeit, hier s\u00e4mtliche Angaben nochmals zu \u00fcberpr\u00fcfen, zu \u00e4ndern (auch \u00fcber die Funktion \u201ezur\u00fcck\u201d des Internetbrowsers) bzw. den Kauf abzubrechen.<br>Mit dem Absenden der Bestellung \u00fcber die Schaltfl\u00e4che \u201cjetzt kaufen\u201d erkl\u00e4ren Sie rechtsverbindlich die Annahme des Angebotes, wodurch der Vertrag zustande kommt.<\/p>\n\n\n\n<p>(4)&nbsp;Ihre Anfragen zur Erstellung eines Angebotes sind f\u00fcr Sie unverbindlich. Wir unterbreiten Ihnen hierzu ein verbindliches Angebot in Textform (z.B. per E-Mail), welches Sie innerhalb von 5 Tagen annehmen k\u00f6nnen.<\/p>\n\n\n\n<p>(5)&nbsp;Die Abwicklung der Bestellung und \u00dcbermittlung aller im Zusammenhang mit dem Vertragsschluss erforderlichen Informationen erfolgt per E-Mail zum Teil automatisiert. Sie haben deshalb sicherzustellen, dass die von Ihnen bei uns hinterlegte E-Mail-Adresse zutreffend ist, der Empfang der E-Mails technisch sichergestellt und insbesondere nicht durch SPAM-Filter verhindert wird.<\/p>\n\n\n\n<p>\u00a7 3 Vertragsdauer \/ K\u00fcndigung<\/p>\n\n\n\n<p>Sofern der Vertrag wiederkehrende\/dauernde Leistungen (Abonnement) zum Gegenstand hat wird der Vertrag auf unbestimmte Zeit geschlossen. Jede Vertragspartei hat das Recht solchen Vertrag fristlos bis zum n\u00e4chsten Liefertermin hin ohne Angabe von Gr\u00fcnden zu k\u00fcndigen. Das Recht auf au\u00dferordentliche K\u00fcndigung aus wichtigem Grund, insbesondere dem wiederholten Versto\u00df gegen die vertraglichen Hauptpflichten bleibt unber\u00fchrt.<\/p>\n\n\n\n<p>Die K\u00fcndigung kann im Kundenkonto \u00fcber den Men\u00fcpunkt \u201cAbonnement\u201d und dort \u00fcber das \u201cK\u00fcndigungsformular\u201d oder in Textform (per Post oder E-Mail) erfolgen.<\/p>\n\n\n\n<p>\u00a7 4 Zur\u00fcckbehaltungsrecht, Eigentumsvorbehalt<\/p>\n\n\n\n<p>(1)&nbsp;Ein Zur\u00fcckbehaltungsrecht k\u00f6nnen Sie nur aus\u00fcben, soweit es sich um Forderungen aus demselben Vertragsverh\u00e4ltnis handelt.<\/p>\n\n\n\n<p>(2)&nbsp;&nbsp;Die Ware bleibt bis zur vollst\u00e4ndigen Zahlung des Kaufpreises unser Eigentum.<\/p>\n\n\n\n<p>\u00a7 5 Haftung<\/p>\n\n\n\n<p>(1) Wir haften jeweils uneingeschr\u00e4nkt f\u00fcr Sch\u00e4den aus der Verletzung des Lebens, des K\u00f6rpers oder der Gesundheit. Weiter haften wir ohne Einschr\u00e4nkung in allen F\u00e4llen des Vorsatzes und grober Fahrl\u00e4ssigkeit, bei arglistigem Verschweigen eines Mangels, bei \u00dcbernahme der Garantie f\u00fcr die Beschaffenheit des Kaufgegenstandes und in allen anderen gesetzlich geregelten F\u00e4llen.<\/p>\n\n\n\n<p>(2)&nbsp;Die Haftung f\u00fcr M\u00e4ngel im Rahmen der gesetzlichen Gew\u00e4hrleistung richtet sich nach der entsprechenden Regelung in unseren Kundeninformationen (Teil II).<\/p>\n\n\n\n<p>(3)&nbsp;Sofern wesentliche Vertragspflichten betroffen sind, ist unsere Haftung bei leichter Fahrl\u00e4ssigkeit auf den vertragstypischen, vorhersehbaren Schaden beschr\u00e4nkt. Wesentliche Vertragspflichten sind wesentliche Pflichten, die sich aus der Natur des Vertrages ergeben und deren Verletzung die Erreichung des Vertragszweckes gef\u00e4hrden w\u00fcrde sowie Pflichten, die der Vertrag uns nach seinem Inhalt zur Erreichung des Vertragszwecks auferlegt, deren Erf\u00fcllung die ordnungsgem\u00e4\u00dfe Durchf\u00fchrung des Vertrags \u00fcberhaupt erst m\u00f6glich machen und auf deren Einhaltung Sie regelm\u00e4\u00dfig vertrauen d\u00fcrfen.<\/p>\n\n\n\n<p>(4)&nbsp;&nbsp;Bei der Verletzung unwesentlicher Vertragspflichten ist die Haftung bei leicht fahrl\u00e4ssigen Pflichtverletzungen ausgeschlossen.<\/p>\n\n\n\n<p>(5)&nbsp;&nbsp;Die Datenkommunikation \u00fcber das Internet kann nach dem derzeitigen Stand der Technik nicht fehlerfrei und\/oder jederzeit verf\u00fcgbar gew\u00e4hrleistet werden. Wir haften insoweit weder f\u00fcr die st\u00e4ndige noch ununterbrochene Verf\u00fcgbarkeit der Webseite und der dort angebotenen Dienstleistung.<\/p>\n\n\n\n<p>\u00a7 6 Rechtswahl, Erf\u00fcllungsort, Gerichtsstand<\/p>\n\n\n\n<p>(1)&nbsp;&nbsp;Es gilt deutsches Recht. Bei Verbrauchern gilt diese Rechtswahl nur, soweit hierdurch der durch zwingende Bestimmungen des Rechts des Staates des gew\u00f6hnlichen Aufenthaltes des Verbrauchers gew\u00e4hrte Schutz nicht entzogen wird (G\u00fcnstigkeitsprinzip).<\/p>\n\n\n\n<p>(2)&nbsp;&nbsp;Erf\u00fcllungsort f\u00fcr alle Leistungen aus den mit uns bestehenden Gesch\u00e4ftsbeziehungen sowie Gerichtsstand ist unser Sitz, soweit Sie nicht Verbraucher, sondern Kaufmann, juristische Person des \u00f6ffentlichen Rechts oder \u00f6ffentlich-rechtliches Sonderverm\u00f6gen sind.&nbsp;Dasselbe gilt, wenn Sie keinen allgemeinen Gerichtsstand in Deutschland oder der EU haben oder der Wohnsitz oder gew\u00f6hnliche Aufenthalt im Zeitpunkt der Klageerhebung nicht bekannt ist. Die Befugnis, auch das Gericht an einem anderen gesetzlichen Gerichtsstand anzurufen, bleibt hiervon unber\u00fchrt.<\/p>\n\n\n\n<p>(3)&nbsp; Die Bestimmungen des UN-Kaufrechts finden ausdr\u00fccklich keine Anwendung.<\/p>\n\n\n\n<p>_______<\/p>\n\n\n\n<p>II. Kundeninformationen<\/p>\n\n\n\n<p>1. Identit\u00e4t des Verk\u00e4ufers<\/p>\n\n\n\n<figure class=\"wp-block-image size-full is-resized\"><img loading=\"lazy\" decoding=\"async\" src=\"https:\/\/lavule.com\/wp-content\/uploads\/2023\/06\/Press.png\" alt=\"\" class=\"wp-image-514\" width=\"248\" height=\"176\" srcset=\"https:\/\/lavule.com\/wp-content\/uploads\/2023\/06\/Press.png 549w, https:\/\/lavule.com\/wp-content\/uploads\/2023\/06\/Press-300x213.png 300w, https:\/\/lavule.com\/wp-content\/uploads\/2023\/06\/Press-18x12.png 18w\" sizes=\"auto, (max-width: 248px) 100vw, 248px\" \/><\/figure>\n\n\n\n<p>Die Europ\u00e4ische Kommission stellt eine Plattform f\u00fcr die au\u00dfergerichtliche Online-Streitbeilegung (OS-Plattform) bereit, aufrufbar unter&nbsp;<a href=\"http:\/\/ec.europa.eu\/odr\" target=\"_blank\" rel=\"noreferrer noopener\">http:\/\/ec.europa.eu\/odr<\/a>.<\/p>\n\n\n\n<p>2. Informationen zum Zustandekommen des Vertrages<\/p>\n\n\n\n<p>Die technischen Schritte zum Vertragsschluss, der Vertragsschluss selbst und die Korrekturm\u00f6glichkeiten erfolgen nach Ma\u00dfgabe des \u00a7 2&nbsp;unserer Allgemeinen Gesch\u00e4ftsbedingungen (Teil I.).<\/p>\n\n\n\n<p>3. Vertragssprache, Vertragstextspeicherung<\/p>\n\n\n\n<p>3.1. Vertragssprache ist englisch.<\/p>\n\n\n\n<p>3.2. Der vollst\u00e4ndige Vertragstext wird von uns nicht gespeichert. Vor Absenden der Bestellung&nbsp;\u00fcber das Online \u2013 Warenkorbsystem&nbsp;&nbsp;k\u00f6nnen die Vertragsdaten \u00fcber die Druckfunktion des Browsers ausgedruckt oder elektronisch gesichert werden. Nach Zugang der Bestellung bei uns werden die Bestelldaten, die gesetzlich vorgeschriebenen Informationen bei Fernabsatzvertr\u00e4gen und die Allgemeinen Gesch\u00e4ftsbedingungen nochmals per E-Mail an Sie \u00fcbersandt.<\/p>\n\n\n\n<p>3.3. Bei Angebotsanfragen au\u00dferhalb des Online-Warenkorbsystems erhalten Sie alle Vertragsdaten im Rahmen eines verbindlichen Angebotes in Textform \u00fcbersandt, z.B. per E-Mail, welche Sie ausdrucken oder elektronisch sichern k\u00f6nnen.<\/p>\n\n\n\n<p>4. Wesentliche Merkmale der Ware oder Dienstleistung<\/p>\n\n\n\n<p>Die wesentlichen Merkmale der Ware und\/oder Dienstleistung finden sich im jeweiligen Angebot.<\/p>\n\n\n\n<p>5. Preise und Zahlungsmodalit\u00e4ten<\/p>\n\n\n\n<p>5.1. Die in den jeweiligen Angeboten angef\u00fchrten Preise sowie die Versandkosten stellen Gesamtpreise dar. Sie beinhalten alle Preisbestandteile einschlie\u00dflich aller anfallenden Steuern.<\/p>\n\n\n\n<p>5.2. Die anfallenden Versandkosten sind nicht im Kaufpreis enthalten.&nbsp;Sie sind \u00fcber eine entsprechend bezeichnete Schaltfl\u00e4che auf unserer Internetpr\u00e4senz oder im jeweiligen Angebot aufrufbar,&nbsp;werden im Laufe des Bestellvorganges gesondert ausgewiesen und sind von Ihnen zus\u00e4tzlich zu tragen, soweit nicht die versandkostenfreie Lieferung zugesagt ist.<\/p>\n\n\n\n<p>5.3. Die Ihnen zur Verf\u00fcgung stehenden Zahlungsarten&nbsp;sind unter einer entsprechend bezeichneten Schaltfl\u00e4che auf unserer Internetpr\u00e4senz oder im jeweiligen Angebot ausgewiesen.<\/p>\n\n\n\n<p>5.4. Soweit bei den einzelnen Zahlungsarten nicht anders angegeben, sind die Zahlungsanspr\u00fcche aus dem geschlossenen Vertrag sofort zur Zahlung f\u00e4llig.<\/p>\n\n\n\n<p>6. Lieferbedingungen<\/p>\n\n\n\n<p>6.1. Die Lieferbedingungen, der Liefertermin sowie gegebenenfalls bestehende Lieferbeschr\u00e4nkungen finden sich unter einer entsprechend bezeichneten Schaltfl\u00e4che auf unserer Internetpr\u00e4senz oder im jeweiligen Angebot.<\/p>\n\n\n\n<p>6.2. Soweit Sie Verbraucher sind ist gesetzlich geregelt, dass die Gefahr des zuf\u00e4lligen Untergangs und der zuf\u00e4lligen Verschlechterung der verkauften Sache w\u00e4hrend der Versendung erst mit der \u00dcbergabe der Ware an Sie \u00fcbergeht, unabh\u00e4ngig davon, ob die Versendung versichert oder unversichert erfolgt. Dies gilt nicht, wenn Sie eigenst\u00e4ndig ein nicht vom Unternehmer benanntes Transportunternehmen oder eine sonst zur Ausf\u00fchrung der Versendung bestimmte Person beauftragt haben.<\/p>\n\n\n\n<p>7. Gesetzliches M\u00e4ngelhaftungsrecht<\/p>\n\n\n\n<p>7.1. Es bestehen die gesetzlichen M\u00e4ngelhaftungsrechte.<\/p>\n\n\n\n<p>7.2. Als Verbraucher werden Sie gebeten, die Ware bei Lieferung umgehend auf Vollst\u00e4ndigkeit, offensichtliche M\u00e4ngel und Transportsch\u00e4den zu \u00fcberpr\u00fcfen und uns sowie dem Spediteur Beanstandungen schnellstm\u00f6glich mitzuteilen. Kommen Sie dem nicht nach, hat dies keine Auswirkung auf Ihre gesetzlichen Gew\u00e4hrleistungsanspr\u00fcche.<\/p>\n","protected":false},"excerpt":{"rendered":"<p>Allgemeine Gesch\u00e4ftsbedingungen und Kundeninformationen I. Allgemeine Gesch\u00e4ftsbedingungen \u00a7 1 Grundlegende Bestimmungen (1) Die nachstehenden Gesch\u00e4ftsbedingungen gelten f\u00fcr alle Vertr\u00e4ge, die Sie mit uns als Anbieter (Lavule) \u00fcber die Internetseite www.lavule.com [&hellip;]<\/p>\n","protected":false},"author":1,"featured_media":0,"parent":0,"menu_order":0,"comment_status":"closed","ping_status":"closed","template":"","meta":{"_uag_custom_page_level_css":"","advgb_blocks_editor_width":"","advgb_blocks_columns_visual_guide":"","site-sidebar-layout":"default","site-content-layout":"default","ast-site-content-layout":"default","site-content-style":"default","site-sidebar-style":"default","ast-global-header-display":"","ast-banner-title-visibility":"","ast-main-header-display":"","ast-hfb-above-header-display":"","ast-hfb-below-header-display":"","ast-hfb-mobile-header-display":"","site-post-title":"","ast-breadcrumbs-content":"","ast-featured-img":"","footer-sml-layout":"","ast-disable-related-posts":"","theme-transparent-header-meta":"default","adv-header-id-meta":"","stick-header-meta":"default","header-above-stick-meta":"","header-main-stick-meta":"","header-below-stick-meta":"","astra-migrate-meta-layouts":"default","ast-page-background-enabled":"default","ast-page-background-meta":{"desktop":{"background-color":"","background-image":"","background-repeat":"repeat","background-position":"center center","background-size":"auto","background-attachment":"scroll","background-type":"","background-media":"","overlay-type":"","overlay-color":"","overlay-opacity":"","overlay-gradient":""},"tablet":{"background-color":"","background-image":"","background-repeat":"repeat","background-position":"center center","background-size":"auto","background-attachment":"scroll","background-type":"","background-media":"","overlay-type":"","overlay-color":"","overlay-opacity":"","overlay-gradient":""},"mobile":{"background-color":"","background-image":"","background-repeat":"repeat","background-position":"center center","background-size":"auto","background-attachment":"scroll","background-type":"","background-media":"","overlay-type":"","overlay-color":"","overlay-opacity":"","overlay-gradient":""}},"ast-content-background-meta":{"desktop":{"background-color":"var(--ast-global-color-5)","background-image":"","background-repeat":"repeat","background-position":"center center","background-size":"auto","background-attachment":"scroll","background-type":"","background-media":"","overlay-type":"","overlay-color":"","overlay-opacity":"","overlay-gradient":""},"tablet":{"background-color":"var(--ast-global-color-5)","background-image":"","background-repeat":"repeat","background-position":"center center","background-size":"auto","background-attachment":"scroll","background-type":"","background-media":"","overlay-type":"","overlay-color":"","overlay-opacity":"","overlay-gradient":""},"mobile":{"background-color":"var(--ast-global-color-5)","background-image":"","background-repeat":"repeat","background-position":"center center","background-size":"auto","background-attachment":"scroll","background-type":"","background-media":"","overlay-type":"","overlay-color":"","overlay-opacity":"","overlay-gradient":""}},"footnotes":""},"class_list":["post-14","page","type-page","status-publish","hentry"],"featured_image_src":null,"yoast_head":"<!-- This site is optimized with the Yoast SEO Premium plugin v23.4 (Yoast SEO v26.6) - https:\/\/yoast.com\/wordpress\/plugins\/seo\/ -->\n<title>AGB - Lavule<\/title>\n<meta name=\"robots\" content=\"noindex, nofollow\" \/>\n<meta property=\"og:locale\" content=\"de_DE\" \/>\n<meta property=\"og:type\" content=\"article\" \/>\n<meta property=\"og:title\" content=\"AGB\" \/>\n<meta property=\"og:description\" content=\"Allgemeine Gesch\u00e4ftsbedingungen und Kundeninformationen I. Allgemeine Gesch\u00e4ftsbedingungen \u00a7 1 Grundlegende Bestimmungen (1) Die nachstehenden Gesch\u00e4ftsbedingungen gelten f\u00fcr alle Vertr\u00e4ge, die Sie mit uns als Anbieter (Lavule) \u00fcber die Internetseite www.lavule.com [&hellip;]\" \/>\n<meta property=\"og:url\" content=\"https:\/\/lavule.com\/de\/agb\/\" \/>\n<meta property=\"og:site_name\" content=\"Lavule\" \/>\n<meta property=\"article:modified_time\" content=\"2023-06-27T10:02:47+00:00\" \/>\n<meta property=\"og:image\" content=\"https:\/\/lavule.com\/wp-content\/uploads\/2023\/06\/Press.png\" \/>\n<meta name=\"twitter:card\" content=\"summary_large_image\" \/>\n<meta name=\"twitter:label1\" content=\"Gesch\u00e4tzte Lesezeit\" \/>\n\t<meta name=\"twitter:data1\" content=\"8\u00a0Minuten\" \/>\n<script type=\"application\/ld+json\" class=\"yoast-schema-graph\">{\"@context\":\"https:\/\/schema.org\",\"@graph\":[{\"@type\":\"WebPage\",\"@id\":\"https:\/\/lavule.com\/agb\/\",\"url\":\"https:\/\/lavule.com\/agb\/\",\"name\":\"AGB - Lavule\",\"isPartOf\":{\"@id\":\"https:\/\/lavule.com\/de\/#website\"},\"primaryImageOfPage\":{\"@id\":\"https:\/\/lavule.com\/agb\/#primaryimage\"},\"image\":{\"@id\":\"https:\/\/lavule.com\/agb\/#primaryimage\"},\"thumbnailUrl\":\"https:\/\/lavule.com\/wp-content\/uploads\/2023\/06\/Press.png\",\"datePublished\":\"2021-09-27T05:23:42+00:00\",\"dateModified\":\"2023-06-27T10:02:47+00:00\",\"breadcrumb\":{\"@id\":\"https:\/\/lavule.com\/agb\/#breadcrumb\"},\"inLanguage\":\"de\",\"potentialAction\":[{\"@type\":\"ReadAction\",\"target\":[\"https:\/\/lavule.com\/agb\/\"]}]},{\"@type\":\"ImageObject\",\"inLanguage\":\"de\",\"@id\":\"https:\/\/lavule.com\/agb\/#primaryimage\",\"url\":\"https:\/\/lavule.com\/wp-content\/uploads\/2023\/06\/Press.png\",\"contentUrl\":\"https:\/\/lavule.com\/wp-content\/uploads\/2023\/06\/Press.png\"},{\"@type\":\"BreadcrumbList\",\"@id\":\"https:\/\/lavule.com\/agb\/#breadcrumb\",\"itemListElement\":[{\"@type\":\"ListItem\",\"position\":1,\"name\":\"LAVULE\",\"item\":\"https:\/\/lavule.com\/\"},{\"@type\":\"ListItem\",\"position\":2,\"name\":\"AGB\"}]},{\"@type\":\"WebSite\",\"@id\":\"https:\/\/lavule.com\/de\/#website\",\"url\":\"https:\/\/lavule.com\/de\/\",\"name\":\"Lavule\",\"description\":\"Augenringe Serum\",\"publisher\":{\"@id\":\"https:\/\/lavule.com\/de\/#organization\"},\"potentialAction\":[{\"@type\":\"SearchAction\",\"target\":{\"@type\":\"EntryPoint\",\"urlTemplate\":\"https:\/\/lavule.com\/de\/?s={search_term_string}\"},\"query-input\":{\"@type\":\"PropertyValueSpecification\",\"valueRequired\":true,\"valueName\":\"search_term_string\"}}],\"inLanguage\":\"de\"},{\"@type\":\"Organization\",\"@id\":\"https:\/\/lavule.com\/de\/#organization\",\"name\":\"Lavule\",\"url\":\"https:\/\/lavule.com\/de\/\",\"logo\":{\"@type\":\"ImageObject\",\"inLanguage\":\"de\",\"@id\":\"https:\/\/lavule.com\/de\/#\/schema\/logo\/image\/\",\"url\":\"https:\/\/lavule.com\/wp-content\/uploads\/2021\/11\/cropped-Lavule.png\",\"contentUrl\":\"https:\/\/lavule.com\/wp-content\/uploads\/2021\/11\/cropped-Lavule.png\",\"width\":243,\"height\":96,\"caption\":\"Lavule\"},\"image\":{\"@id\":\"https:\/\/lavule.com\/de\/#\/schema\/logo\/image\/\"},\"sameAs\":[\"https:\/\/www.instagram.com\/lavule_official\/\"]}]}<\/script>\n<!-- \/ Yoast SEO Premium plugin. -->","yoast_head_json":{"title":"AGB - Lavule","robots":{"index":"noindex","follow":"nofollow"},"og_locale":"de_DE","og_type":"article","og_title":"AGB","og_description":"Allgemeine Gesch\u00e4ftsbedingungen und Kundeninformationen I. Allgemeine Gesch\u00e4ftsbedingungen \u00a7 1 Grundlegende Bestimmungen (1) Die nachstehenden Gesch\u00e4ftsbedingungen gelten f\u00fcr alle Vertr\u00e4ge, die Sie mit uns als Anbieter (Lavule) \u00fcber die Internetseite www.lavule.com [&hellip;]","og_url":"https:\/\/lavule.com\/de\/agb\/","og_site_name":"Lavule","article_modified_time":"2023-06-27T10:02:47+00:00","og_image":[{"url":"https:\/\/lavule.com\/wp-content\/uploads\/2023\/06\/Press.png","type":"","width":"","height":""}],"twitter_card":"summary_large_image","twitter_misc":{"Gesch\u00e4tzte Lesezeit":"8\u00a0Minuten"},"schema":{"@context":"https:\/\/schema.org","@graph":[{"@type":"WebPage","@id":"https:\/\/lavule.com\/agb\/","url":"https:\/\/lavule.com\/agb\/","name":"AGB - Lavule","isPartOf":{"@id":"https:\/\/lavule.com\/de\/#website"},"primaryImageOfPage":{"@id":"https:\/\/lavule.com\/agb\/#primaryimage"},"image":{"@id":"https:\/\/lavule.com\/agb\/#primaryimage"},"thumbnailUrl":"https:\/\/lavule.com\/wp-content\/uploads\/2023\/06\/Press.png","datePublished":"2021-09-27T05:23:42+00:00","dateModified":"2023-06-27T10:02:47+00:00","breadcrumb":{"@id":"https:\/\/lavule.com\/agb\/#breadcrumb"},"inLanguage":"de","potentialAction":[{"@type":"ReadAction","target":["https:\/\/lavule.com\/agb\/"]}]},{"@type":"ImageObject","inLanguage":"de","@id":"https:\/\/lavule.com\/agb\/#primaryimage","url":"https:\/\/lavule.com\/wp-content\/uploads\/2023\/06\/Press.png","contentUrl":"https:\/\/lavule.com\/wp-content\/uploads\/2023\/06\/Press.png"},{"@type":"BreadcrumbList","@id":"https:\/\/lavule.com\/agb\/#breadcrumb","itemListElement":[{"@type":"ListItem","position":1,"name":"LAVULE","item":"https:\/\/lavule.com\/"},{"@type":"ListItem","position":2,"name":"AGB"}]},{"@type":"WebSite","@id":"https:\/\/lavule.com\/de\/#website","url":"https:\/\/lavule.com\/de\/","name":"Lavule","description":"Augenringe Serum","publisher":{"@id":"https:\/\/lavule.com\/de\/#organization"},"potentialAction":[{"@type":"SearchAction","target":{"@type":"EntryPoint","urlTemplate":"https:\/\/lavule.com\/de\/?s={search_term_string}"},"query-input":{"@type":"PropertyValueSpecification","valueRequired":true,"valueName":"search_term_string"}}],"inLanguage":"de"},{"@type":"Organization","@id":"https:\/\/lavule.com\/de\/#organization","name":"Lavule","url":"https:\/\/lavule.com\/de\/","logo":{"@type":"ImageObject","inLanguage":"de","@id":"https:\/\/lavule.com\/de\/#\/schema\/logo\/image\/","url":"https:\/\/lavule.com\/wp-content\/uploads\/2021\/11\/cropped-Lavule.png","contentUrl":"https:\/\/lavule.com\/wp-content\/uploads\/2021\/11\/cropped-Lavule.png","width":243,"height":96,"caption":"Lavule"},"image":{"@id":"https:\/\/lavule.com\/de\/#\/schema\/logo\/image\/"},"sameAs":["https:\/\/www.instagram.com\/lavule_official\/"]}]}},"uagb_featured_image_src":{"full":false,"thumbnail":false,"medium":false,"medium_large":false,"large":false,"1536x1536":false,"2048x2048":false,"trp-custom-language-flag":false,"woocommerce_thumbnail":false,"woocommerce_single":false,"woocommerce_gallery_thumbnail":false},"uagb_author_info":{"display_name":"Kerem085","author_link":"https:\/\/lavule.com\/de\/author\/kerem085\/"},"uagb_comment_info":0,"uagb_excerpt":"Allgemeine Gesch\u00e4ftsbedingungen und Kundeninformationen I. Allgemeine Gesch\u00e4ftsbedingungen \u00a7 1 Grundlegende Bestimmungen (1) Die nachstehenden Gesch\u00e4ftsbedingungen gelten f\u00fcr alle Vertr\u00e4ge, die Sie mit uns als Anbieter (Lavule) \u00fcber die Internetseite www.lavule.com [&hellip;]","coauthors":[],"author_meta":{"author_link":"https:\/\/lavule.com\/de\/author\/kerem085\/","display_name":"Kerem085"},"relative_dates":{"created":"Posted 5\u00a0Jahren ago","modified":"Updated 3\u00a0Jahren ago"},"absolute_dates":{"created":"Posted on September 27, 2021","modified":"Updated on Juni 27, 2023"},"absolute_dates_time":{"created":"Posted on September 27, 2021 5:23 a.m.","modified":"Updated on Juni 27, 2023 10:02 a.m."},"featured_img_caption":"","featured_img":false,"series_order":"","_links":{"self":[{"href":"https:\/\/lavule.com\/de\/wp-json\/wp\/v2\/pages\/14","targetHints":{"allow":["GET"]}}],"collection":[{"href":"https:\/\/lavule.com\/de\/wp-json\/wp\/v2\/pages"}],"about":[{"href":"https:\/\/lavule.com\/de\/wp-json\/wp\/v2\/types\/page"}],"author":[{"embeddable":true,"href":"https:\/\/lavule.com\/de\/wp-json\/wp\/v2\/users\/1"}],"replies":[{"embeddable":true,"href":"https:\/\/lavule.com\/de\/wp-json\/wp\/v2\/comments?post=14"}],"version-history":[{"count":4,"href":"https:\/\/lavule.com\/de\/wp-json\/wp\/v2\/pages\/14\/revisions"}],"predecessor-version":[{"id":671,"href":"https:\/\/lavule.com\/de\/wp-json\/wp\/v2\/pages\/14\/revisions\/671"}],"wp:attachment":[{"href":"https:\/\/lavule.com\/de\/wp-json\/wp\/v2\/media?parent=14"}],"curies":[{"name":"wp","href":"https:\/\/api.w.org\/{rel}","templated":true}]}}