{"id":14,"date":"2021-09-27T05:23:42","date_gmt":"2021-09-27T05:23:42","guid":{"rendered":"https:\/\/lavule.com\/?page_id=14"},"modified":"2023-06-27T10:02:47","modified_gmt":"2023-06-27T10:02:47","slug":"agb","status":"publish","type":"page","link":"https:\/\/lavule.com\/da\/agb\/","title":{"rendered":"GT&amp;C"},"content":{"rendered":"<p><strong>Generelle vilk\u00e5r og betingelser og kundeinformation<\/strong><\/p>\n\n\n\n<p>I. Generelle vilk\u00e5r og betingelser<\/p>\n\n\n\n<p>\u00a7 1 Grundl\u00e6ggende bestemmelser<\/p>\n\n\n\n<p>(1) F\u00f8lgende vilk\u00e5r og betingelser g\u00e6lder for alle kontrakter, som du indg\u00e5r med os som udbyder (Lavule) via hjemmesiden www.lavule.com. Medmindre andet er aftalt, g\u00f8res der indsigelse mod medtagelsen af dine egne vilk\u00e5r og betingelser, som du m\u00e5tte bruge.<\/p>\n\n\n\n<p>(2) En forbruger i henhold til de f\u00f8lgende bestemmelser er enhver fysisk person, der indg\u00e5r en retshandel med form\u00e5l, der overvejende hverken kan henf\u00f8res til vedkommendes erhvervsm\u00e6ssige eller selvst\u00e6ndige virksomhed. En erhvervsdrivende er enhver fysisk eller juridisk person eller et partnerskab med retsevne, som ved indg\u00e5else af en retshandel handler som led i ud\u00f8velsen af sin selvst\u00e6ndige faglige eller kommercielle virksomhed.<\/p>\n\n\n\n<p>\u00a7 2 Indg\u00e5else af kontrakten<\/p>\n\n\n\n<p>(1) Kontraktens genstand er salg af varer.<\/p>\n\n\n\n<p>(2) Ved at placere det p\u00e5g\u00e6ldende produkt p\u00e5 vores hjemmeside giver vi dig et bindende tilbud om at indg\u00e5 en kontrakt under de betingelser, der er angivet i varebeskrivelsen.<\/p>\n\n\n\n<p>(3) Kontrakten indg\u00e5s via det online indk\u00f8bskurvsystem som f\u00f8lger:<br>De varer, der er beregnet til k\u00f8b, placeres i \"indk\u00f8bskurven\". Du kan til enhver tid \u00e5bne \"indk\u00f8bskurven\" via den tilsvarende knap i navigationslinjen og foretage \u00e6ndringer der.<br>Efter at have \u00e5bnet siden \"Checkout\" og indtastet de personlige data samt betalings- og forsendelsesbetingelserne, vises alle ordredata endelig igen p\u00e5 siden med ordreoversigten.<br>Hvis du bruger et \u00f8jeblikkeligt betalingssystem (f.eks. PayPal \/ PayPal Express \/ PayPal Plus, Amazon Payments, Postpay, Sofort\u00fcberweisung) som betalingsmetode, vil du enten blive f\u00f8rt til ordreoversigtssiden i vores onlinebutik, eller du vil f\u00f8rst blive omdirigeret til hjemmesiden for udbyderen af det \u00f8jeblikkelige betalingssystem.<br>Hvis du bliver omdirigeret til det respektive straksbetalingssystem, skal du foretage det tilsvarende valg eller indtaste dine data der. Endelig vil du blive omdirigeret tilbage til vores online shop til ordreoversigtssiden.<br>F\u00f8r du afsender ordren, har du mulighed for at kontrollere alle oplysninger igen, \u00e6ndre dem (ogs\u00e5 via internetbrowserens \"tilbage\"-funktion) eller annullere k\u00f8bet.<br>Ved at sende ordren via knappen \"k\u00f8b nu\" erkl\u00e6rer du den juridisk bindende accept af tilbuddet, hvorved kontrakten indg\u00e5s.<\/p>\n\n\n\n<p>(4) Dine anmodninger om udarbejdelse af et tilbud er ikke bindende for dig. Vi sender et bindende tilbud til dig i tekstform (f.eks. via e-mail), som du kan acceptere inden for 5 dage.<\/p>\n\n\n\n<p>(5) Behandlingen af ordren og overf\u00f8rslen af alle oplysninger, der kr\u00e6ves i forbindelse med indg\u00e5elsen af kontrakten, udf\u00f8res via e-mail, delvis automatisk. Du skal derfor sikre dig, at den e-mailadresse, du har givet os, er korrekt, at modtagelsen af e-mails er teknisk garanteret, og is\u00e6r at den ikke forhindres af SPAM-filtre.<\/p>\n\n\n\n<p>\u00a7 3 Kontraktens l\u00f8betid \/ opsigelse<\/p>\n\n\n\n<p>Hvis kontrakten vedr\u00f8rer tilbagevendende\/permanente tjenester (abonnement), indg\u00e5s kontrakten p\u00e5 ubestemt tid. Hver part i kontrakten har ret til at opsige en s\u00e5dan kontrakt uden varsel indtil n\u00e6ste leveringsdato uden at angive grunde. Retten til ekstraordin\u00e6r opsigelse af gode grunde, is\u00e6r gentagen misligholdelse af de vigtigste kontraktlige forpligtelser, forbliver up\u00e5virket.<\/p>\n\n\n\n<p>Opsigelsen kan foretages p\u00e5 kundekontoen via menupunktet \"Abonnement\" og der via \"Opsigelsesformular\" eller i tekstform (pr. post eller e-mail).<\/p>\n\n\n\n<p>\u00a7 4 Forbeholdsret, ejendomsforbehold<\/p>\n\n\n\n<p>(1) Du kan kun ud\u00f8ve en tilbageholdelsesret, for s\u00e5 vidt som den vedr\u00f8rer krav fra samme kontraktforhold.<\/p>\n\n\n\n<p>(2) Varerne forbliver vores ejendom, indtil k\u00f8bsprisen er betalt fuldt ud.<\/p>\n\n\n\n<p>\u00a7 5 Ansvar<\/p>\n\n\n\n<p>(1) Vi h\u00e6fter i alle tilf\u00e6lde uden begr\u00e6nsning for skader, der opst\u00e5r som f\u00f8lge af skade p\u00e5 liv, legeme eller helbred. Desuden h\u00e6fter vi uden begr\u00e6nsning i alle tilf\u00e6lde af fors\u00e6t og grov uagtsomhed, i tilf\u00e6lde af svigagtig fortielse af en mangel, i tilf\u00e6lde af overtagelse af en garanti for k\u00f8bsgenstandens kvalitet og i alle andre tilf\u00e6lde, der er reguleret ved lov.<\/p>\n\n\n\n<p>(2) Ansvaret for mangler inden for rammerne af den lovpligtige garanti er reguleret af den tilsvarende bestemmelse i vores kundeinformation (del II).<\/p>\n\n\n\n<p>(3) For s\u00e5 vidt som v\u00e6sentlige kontraktlige forpligtelser er ber\u00f8rt, er vores ansvar for let uagtsomhed begr\u00e6nset til den forudsigelige skade, der er typisk for kontrakten. V\u00e6sentlige kontraktlige forpligtelser er v\u00e6sentlige forpligtelser, der f\u00f8lger af kontraktens art, og hvis misligholdelse ville bringe opn\u00e5elsen af kontraktens form\u00e5l i fare, samt forpligtelser, som kontrakten p\u00e5l\u00e6gger os i henhold til dens indhold for at opn\u00e5 form\u00e5let med kontrakten, hvis opfyldelse i f\u00f8rste omgang g\u00f8r den korrekte opfyldelse af kontrakten mulig, og hvis overholdelse du regelm\u00e6ssigt kan stole p\u00e5.<\/p>\n\n\n\n<p>(4) I tilf\u00e6lde af misligholdelse af immaterielle kontraktlige forpligtelser er ansvar udelukket i tilf\u00e6lde af let uagtsom misligholdelse af forpligtelser.<\/p>\n\n\n\n<p>(5) Datakommunikation via internettet kan ikke garanteres at v\u00e6re fejlfri og\/eller tilg\u00e6ngelig til enhver tid i henhold til det aktuelle tekniske niveau. I denne henseende er vi ikke ansvarlige for den konstante eller uafbrudte tilg\u00e6ngelighed af hjemmesiden og den service, der tilbydes der.<\/p>\n\n\n\n<p>\u00a7 6 Lovvalg, opfyldelsessted, v\u00e6rneting<\/p>\n\n\n\n<p>(1) Tysk lov finder anvendelse. For forbrugere g\u00e6lder dette lovvalg kun i det omfang, at den beskyttelse, der ydes i henhold til ufravigelige bestemmelser i lovgivningen i den stat, hvor forbrugeren har sit s\u00e6dvanlige opholdssted, ikke bortfalder som f\u00f8lge heraf (favorabilitetsprincippet).<\/p>\n\n\n\n<p>(2) Udf\u00f8relsesstedet for alle ydelser, der udspringer af forretningsforbindelserne med os, samt v\u00e6rnetinget er vores hjemsted, s\u00e5fremt du ikke er forbruger, men erhvervsdrivende, en offentligretlig juridisk person eller en offentligretlig specialfond. Det samme g\u00e6lder, hvis du ikke har et almindeligt v\u00e6rneting i Tyskland eller EU, eller hvis din bop\u00e6l eller dit s\u00e6dvanlige opholdssted er ukendt p\u00e5 det tidspunkt, hvor sagen anl\u00e6gges. Retten til ogs\u00e5 at anl\u00e6gge sag ved retten p\u00e5 et andet lovbestemt v\u00e6rneting forbliver up\u00e5virket af dette.<\/p>\n\n\n\n<p>(3) Bestemmelserne i FN's konvention om aftaler om internationale k\u00f8b finder udtrykkeligt ikke anvendelse.<\/p>\n\n\n\n<p>_______<\/p>\n\n\n\n<p>II. Kundeoplysninger<\/p>\n\n\n\n<p>1. S\u00e6lgerens identitet<\/p>\n\n\n\n<figure class=\"wp-block-image size-full is-resized\"><img loading=\"lazy\" decoding=\"async\" src=\"https:\/\/lavule.com\/wp-content\/uploads\/2023\/06\/Press.png\" alt=\"\" class=\"wp-image-514\" width=\"248\" height=\"176\" srcset=\"https:\/\/lavule.com\/wp-content\/uploads\/2023\/06\/Press.png 549w, https:\/\/lavule.com\/wp-content\/uploads\/2023\/06\/Press-300x213.png 300w, https:\/\/lavule.com\/wp-content\/uploads\/2023\/06\/Press-18x12.png 18w\" sizes=\"auto, (max-width: 248px) 100vw, 248px\" \/><\/figure>\n\n\n\n<p>Europa-Kommissionen stiller en platform til r\u00e5dighed for udenretslig online-tvistbil\u00e6ggelse (ODR-platform), som kan tilg\u00e5s p\u00e5&nbsp;<a href=\"http:\/\/ec.europa.eu\/odr\" target=\"_blank\" rel=\"noreferrer noopener\">http:\/\/ec.europa.eu\/odr<\/a>.<\/p>\n\n\n\n<p>2. Oplysninger om indg\u00e5else af kontrakten<\/p>\n\n\n\n<p>De tekniske trin til kontraktindg\u00e5else, selve kontraktindg\u00e5elsen og korrektionsmulighederne udf\u00f8res i overensstemmelse med \u00a7 2 i vores generelle vilk\u00e5r og betingelser (del I.).<\/p>\n\n\n\n<p>3. Kontraktsprog, opbevaring af kontrakttekst<\/p>\n\n\n\n<p>3.1. Kontraktsproget er engelsk.<\/p>\n\n\n\n<p>3.2 Den komplette kontrakttekst gemmes ikke af os. F\u00f8r du sender ordren via online-indk\u00f8bskurvsystemet, kan kontraktdataene udskrives eller gemmes elektronisk ved hj\u00e6lp af browserens udskrivningsfunktion. N\u00e5r vi har modtaget ordren, sender vi dig ordredataene, de lovpligtige oplysninger til fjernsalgsaftaler og de generelle vilk\u00e5r og betingelser igen via e-mail.<\/p>\n\n\n\n<p>3.3 I tilf\u00e6lde af tilbudsforesp\u00f8rgsler uden for online-indk\u00f8bskurvsystemet modtager du alle kontraktdata som en del af et bindende tilbud i tekstform, f.eks. via e-mail, som du kan udskrive eller gemme elektronisk.<\/p>\n\n\n\n<p>4. V\u00e6sentlige karakteristika ved varerne eller tjenesteydelserne<\/p>\n\n\n\n<p>De v\u00e6sentlige egenskaber ved varerne og\/eller tjenesterne kan findes i det respektive tilbud.<\/p>\n\n\n\n<p>5. Priser og betalingsmetoder<\/p>\n\n\n\n<p>5.1 De priser, der er angivet i de respektive tilbud, samt forsendelsesomkostningerne repr\u00e6senterer samlede priser. De omfatter alle priskomponenter inklusive alle g\u00e6ldende skatter.<\/p>\n\n\n\n<p>5.2 De p\u00e5l\u00f8bne forsendelsesomkostninger er ikke inkluderet i k\u00f8bsprisen. De kan hentes via en tilsvarende udpeget knap p\u00e5 vores hjemmeside eller i det respektive tilbud, vises separat i l\u00f8bet af bestillingsprocessen og skal b\u00e6res yderligere af dig, medmindre gratis levering er blevet lovet.<\/p>\n\n\n\n<p>5.3 De betalingsmetoder, der er tilg\u00e6ngelige for dig, vises under en tilsvarende udpeget knap p\u00e5 vores hjemmeside eller i det respektive tilbud.<\/p>\n\n\n\n<p>5.4 Medmindre andet er angivet i de enkelte betalingsmetoder, forfalder de betalingskrav, der f\u00f8lger af den indg\u00e5ede kontrakt, til betaling med det samme.<\/p>\n\n\n\n<p>6. Leveringsbetingelser<\/p>\n\n\n\n<p>6.1 Leveringsbetingelserne, leveringsdatoen og eventuelle eksisterende leveringsbegr\u00e6nsninger kan findes under en tilsvarende knap p\u00e5 vores hjemmeside eller i det respektive tilbud.<\/p>\n\n\n\n<p>6.2 Hvis du er forbruger, er det lovbestemt, at risikoen for h\u00e6ndeligt tab og h\u00e6ndelig forringelse af salgsgenstanden under forsendelsen f\u00f8rst overg\u00e5r til dig ved overdragelsen af varen, uanset om forsendelsen er forsikret eller uforsikret. Dette g\u00e6lder ikke, hvis du uafh\u00e6ngigt har bestilt et transportfirma, der ikke er navngivet af iv\u00e6rks\u00e6tteren, eller en person, der p\u00e5 anden m\u00e5de er udpeget til at udf\u00f8re forsendelsen.<\/p>\n\n\n\n<p>7. Lovbestemt ansvar for mangler<\/p>\n\n\n\n<p>7.1 De lovbestemte rettigheder til ansvar for mangler g\u00e6lder.<\/p>\n\n\n\n<p>7.2 Som forbruger bedes du straks ved levering kontrollere varerne for fuldst\u00e6ndighed, \u00e5benlyse mangler og transportskader og hurtigst muligt underrette os og transport\u00f8ren om eventuelle reklamationer. Hvis du ikke overholder dette, vil det ikke have nogen indflydelse p\u00e5 dine lovbestemte garantikrav.<\/p>","protected":false},"excerpt":{"rendered":"<p>Allgemeine Gesch\u00e4ftsbedingungen und Kundeninformationen I. Allgemeine Gesch\u00e4ftsbedingungen \u00a7 1 Grundlegende Bestimmungen (1) Die nachstehenden Gesch\u00e4ftsbedingungen gelten f\u00fcr alle Vertr\u00e4ge, die Sie mit uns als Anbieter (Lavule) \u00fcber die Internetseite www.lavule.com [&hellip;]<\/p>","protected":false},"author":1,"featured_media":0,"parent":0,"menu_order":0,"comment_status":"closed","ping_status":"closed","template":"","meta":{"_uag_custom_page_level_css":"","advgb_blocks_editor_width":"","advgb_blocks_columns_visual_guide":"","site-sidebar-layout":"default","site-content-layout":"default","ast-site-content-layout":"default","site-content-style":"default","site-sidebar-style":"default","ast-global-header-display":"","ast-banner-title-visibility":"","ast-main-header-display":"","ast-hfb-above-header-display":"","ast-hfb-below-header-display":"","ast-hfb-mobile-header-display":"","site-post-title":"","ast-breadcrumbs-content":"","ast-featured-img":"","footer-sml-layout":"","ast-disable-related-posts":"","theme-transparent-header-meta":"default","adv-header-id-meta":"","stick-header-meta":"default","header-above-stick-meta":"","header-main-stick-meta":"","header-below-stick-meta":"","astra-migrate-meta-layouts":"default","ast-page-background-enabled":"default","ast-page-background-meta":{"desktop":{"background-color":"","background-image":"","background-repeat":"repeat","background-position":"center center","background-size":"auto","background-attachment":"scroll","background-type":"","background-media":"","overlay-type":"","overlay-color":"","overlay-opacity":"","overlay-gradient":""},"tablet":{"background-color":"","background-image":"","background-repeat":"repeat","background-position":"center center","background-size":"auto","background-attachment":"scroll","background-type":"","background-media":"","overlay-type":"","overlay-color":"","overlay-opacity":"","overlay-gradient":""},"mobile":{"background-color":"","background-image":"","background-repeat":"repeat","background-position":"center center","background-size":"auto","background-attachment":"scroll","background-type":"","background-media":"","overlay-type":"","overlay-color":"","overlay-opacity":"","overlay-gradient":""}},"ast-content-background-meta":{"desktop":{"background-color":"var(--ast-global-color-5)","background-image":"","background-repeat":"repeat","background-position":"center center","background-size":"auto","background-attachment":"scroll","background-type":"","background-media":"","overlay-type":"","overlay-color":"","overlay-opacity":"","overlay-gradient":""},"tablet":{"background-color":"var(--ast-global-color-5)","background-image":"","background-repeat":"repeat","background-position":"center center","background-size":"auto","background-attachment":"scroll","background-type":"","background-media":"","overlay-type":"","overlay-color":"","overlay-opacity":"","overlay-gradient":""},"mobile":{"background-color":"var(--ast-global-color-5)","background-image":"","background-repeat":"repeat","background-position":"center center","background-size":"auto","background-attachment":"scroll","background-type":"","background-media":"","overlay-type":"","overlay-color":"","overlay-opacity":"","overlay-gradient":""}},"footnotes":""},"class_list":["post-14","page","type-page","status-publish","hentry"],"featured_image_src":null,"yoast_head":"<!-- This site is optimized with the Yoast SEO Premium plugin v23.4 (Yoast SEO v26.6) - https:\/\/yoast.com\/wordpress\/plugins\/seo\/ -->\n<title>AGB - Lavule<\/title>\n<meta name=\"robots\" content=\"noindex, nofollow\" \/>\n<meta property=\"og:locale\" content=\"da_DK\" \/>\n<meta property=\"og:type\" content=\"article\" \/>\n<meta property=\"og:title\" content=\"AGB\" \/>\n<meta property=\"og:description\" content=\"Allgemeine Gesch\u00e4ftsbedingungen und Kundeninformationen I. Allgemeine Gesch\u00e4ftsbedingungen \u00a7 1 Grundlegende Bestimmungen (1) Die nachstehenden Gesch\u00e4ftsbedingungen gelten f\u00fcr alle Vertr\u00e4ge, die Sie mit uns als Anbieter (Lavule) \u00fcber die Internetseite www.lavule.com [&hellip;]\" \/>\n<meta property=\"og:url\" content=\"https:\/\/lavule.com\/da\/agb\/\" \/>\n<meta property=\"og:site_name\" content=\"Lavule\" \/>\n<meta property=\"article:modified_time\" content=\"2023-06-27T10:02:47+00:00\" \/>\n<meta property=\"og:image\" content=\"https:\/\/lavule.com\/wp-content\/uploads\/2023\/06\/Press.png\" \/>\n<meta name=\"twitter:card\" content=\"summary_large_image\" \/>\n<meta name=\"twitter:label1\" content=\"Estimeret l\u00e6setid\" \/>\n\t<meta name=\"twitter:data1\" content=\"8 minutter\" \/>\n<script type=\"application\/ld+json\" class=\"yoast-schema-graph\">{\"@context\":\"https:\/\/schema.org\",\"@graph\":[{\"@type\":\"WebPage\",\"@id\":\"https:\/\/lavule.com\/agb\/\",\"url\":\"https:\/\/lavule.com\/agb\/\",\"name\":\"AGB - Lavule\",\"isPartOf\":{\"@id\":\"https:\/\/lavule.com\/de\/#website\"},\"primaryImageOfPage\":{\"@id\":\"https:\/\/lavule.com\/agb\/#primaryimage\"},\"image\":{\"@id\":\"https:\/\/lavule.com\/agb\/#primaryimage\"},\"thumbnailUrl\":\"https:\/\/lavule.com\/wp-content\/uploads\/2023\/06\/Press.png\",\"datePublished\":\"2021-09-27T05:23:42+00:00\",\"dateModified\":\"2023-06-27T10:02:47+00:00\",\"breadcrumb\":{\"@id\":\"https:\/\/lavule.com\/agb\/#breadcrumb\"},\"inLanguage\":\"da-DK\",\"potentialAction\":[{\"@type\":\"ReadAction\",\"target\":[\"https:\/\/lavule.com\/agb\/\"]}]},{\"@type\":\"ImageObject\",\"inLanguage\":\"da-DK\",\"@id\":\"https:\/\/lavule.com\/agb\/#primaryimage\",\"url\":\"https:\/\/lavule.com\/wp-content\/uploads\/2023\/06\/Press.png\",\"contentUrl\":\"https:\/\/lavule.com\/wp-content\/uploads\/2023\/06\/Press.png\"},{\"@type\":\"BreadcrumbList\",\"@id\":\"https:\/\/lavule.com\/agb\/#breadcrumb\",\"itemListElement\":[{\"@type\":\"ListItem\",\"position\":1,\"name\":\"LAVULE\",\"item\":\"https:\/\/lavule.com\/\"},{\"@type\":\"ListItem\",\"position\":2,\"name\":\"AGB\"}]},{\"@type\":\"WebSite\",\"@id\":\"https:\/\/lavule.com\/de\/#website\",\"url\":\"https:\/\/lavule.com\/de\/\",\"name\":\"Lavule\",\"description\":\"Augenringe Serum\",\"publisher\":{\"@id\":\"https:\/\/lavule.com\/de\/#organization\"},\"potentialAction\":[{\"@type\":\"SearchAction\",\"target\":{\"@type\":\"EntryPoint\",\"urlTemplate\":\"https:\/\/lavule.com\/de\/?s={search_term_string}\"},\"query-input\":{\"@type\":\"PropertyValueSpecification\",\"valueRequired\":true,\"valueName\":\"search_term_string\"}}],\"inLanguage\":\"da-DK\"},{\"@type\":\"Organization\",\"@id\":\"https:\/\/lavule.com\/de\/#organization\",\"name\":\"Lavule\",\"url\":\"https:\/\/lavule.com\/de\/\",\"logo\":{\"@type\":\"ImageObject\",\"inLanguage\":\"da-DK\",\"@id\":\"https:\/\/lavule.com\/de\/#\/schema\/logo\/image\/\",\"url\":\"https:\/\/lavule.com\/wp-content\/uploads\/2021\/11\/cropped-Lavule.png\",\"contentUrl\":\"https:\/\/lavule.com\/wp-content\/uploads\/2021\/11\/cropped-Lavule.png\",\"width\":243,\"height\":96,\"caption\":\"Lavule\"},\"image\":{\"@id\":\"https:\/\/lavule.com\/de\/#\/schema\/logo\/image\/\"},\"sameAs\":[\"https:\/\/www.instagram.com\/lavule_official\/\"]}]}<\/script>\n<!-- \/ Yoast SEO Premium plugin. -->","yoast_head_json":{"title":"AGB - Lavule","robots":{"index":"noindex","follow":"nofollow"},"og_locale":"da_DK","og_type":"article","og_title":"AGB","og_description":"Allgemeine Gesch\u00e4ftsbedingungen und Kundeninformationen I. Allgemeine Gesch\u00e4ftsbedingungen \u00a7 1 Grundlegende Bestimmungen (1) Die nachstehenden Gesch\u00e4ftsbedingungen gelten f\u00fcr alle Vertr\u00e4ge, die Sie mit uns als Anbieter (Lavule) \u00fcber die Internetseite www.lavule.com [&hellip;]","og_url":"https:\/\/lavule.com\/da\/agb\/","og_site_name":"Lavule","article_modified_time":"2023-06-27T10:02:47+00:00","og_image":[{"url":"https:\/\/lavule.com\/wp-content\/uploads\/2023\/06\/Press.png","type":"","width":"","height":""}],"twitter_card":"summary_large_image","twitter_misc":{"Estimeret l\u00e6setid":"8 minutter"},"schema":{"@context":"https:\/\/schema.org","@graph":[{"@type":"WebPage","@id":"https:\/\/lavule.com\/agb\/","url":"https:\/\/lavule.com\/agb\/","name":"AGB - Lavule","isPartOf":{"@id":"https:\/\/lavule.com\/de\/#website"},"primaryImageOfPage":{"@id":"https:\/\/lavule.com\/agb\/#primaryimage"},"image":{"@id":"https:\/\/lavule.com\/agb\/#primaryimage"},"thumbnailUrl":"https:\/\/lavule.com\/wp-content\/uploads\/2023\/06\/Press.png","datePublished":"2021-09-27T05:23:42+00:00","dateModified":"2023-06-27T10:02:47+00:00","breadcrumb":{"@id":"https:\/\/lavule.com\/agb\/#breadcrumb"},"inLanguage":"da-DK","potentialAction":[{"@type":"ReadAction","target":["https:\/\/lavule.com\/agb\/"]}]},{"@type":"ImageObject","inLanguage":"da-DK","@id":"https:\/\/lavule.com\/agb\/#primaryimage","url":"https:\/\/lavule.com\/wp-content\/uploads\/2023\/06\/Press.png","contentUrl":"https:\/\/lavule.com\/wp-content\/uploads\/2023\/06\/Press.png"},{"@type":"BreadcrumbList","@id":"https:\/\/lavule.com\/agb\/#breadcrumb","itemListElement":[{"@type":"ListItem","position":1,"name":"LAVULE","item":"https:\/\/lavule.com\/"},{"@type":"ListItem","position":2,"name":"AGB"}]},{"@type":"WebSite","@id":"https:\/\/lavule.com\/de\/#website","url":"https:\/\/lavule.com\/de\/","name":"Lavule","description":"Serum til \u00f8jencirkler","publisher":{"@id":"https:\/\/lavule.com\/de\/#organization"},"potentialAction":[{"@type":"SearchAction","target":{"@type":"EntryPoint","urlTemplate":"https:\/\/lavule.com\/de\/?s={search_term_string}"},"query-input":{"@type":"PropertyValueSpecification","valueRequired":true,"valueName":"search_term_string"}}],"inLanguage":"da-DK"},{"@type":"Organization","@id":"https:\/\/lavule.com\/de\/#organization","name":"Lavule","url":"https:\/\/lavule.com\/de\/","logo":{"@type":"ImageObject","inLanguage":"da-DK","@id":"https:\/\/lavule.com\/de\/#\/schema\/logo\/image\/","url":"https:\/\/lavule.com\/wp-content\/uploads\/2021\/11\/cropped-Lavule.png","contentUrl":"https:\/\/lavule.com\/wp-content\/uploads\/2021\/11\/cropped-Lavule.png","width":243,"height":96,"caption":"Lavule"},"image":{"@id":"https:\/\/lavule.com\/de\/#\/schema\/logo\/image\/"},"sameAs":["https:\/\/www.instagram.com\/lavule_official\/"]}]}},"uagb_featured_image_src":{"full":false,"thumbnail":false,"medium":false,"medium_large":false,"large":false,"1536x1536":false,"2048x2048":false,"trp-custom-language-flag":false,"woocommerce_thumbnail":false,"woocommerce_single":false,"woocommerce_gallery_thumbnail":false},"uagb_author_info":{"display_name":"Kerem085","author_link":"https:\/\/lavule.com\/da\/author\/kerem085\/"},"uagb_comment_info":0,"uagb_excerpt":"Allgemeine Gesch\u00e4ftsbedingungen und Kundeninformationen I. Allgemeine Gesch\u00e4ftsbedingungen \u00a7 1 Grundlegende Bestimmungen (1) Die nachstehenden Gesch\u00e4ftsbedingungen gelten f\u00fcr alle Vertr\u00e4ge, die Sie mit uns als Anbieter (Lavule) \u00fcber die Internetseite www.lavule.com [&hellip;]","coauthors":[],"author_meta":{"author_link":"https:\/\/lavule.com\/da\/author\/kerem085\/","display_name":"Kerem085"},"relative_dates":{"created":"Udgivet 5 \u00e5r siden","modified":"Opdateret 3 \u00e5r siden"},"absolute_dates":{"created":"Udgivet september 27, 2021","modified":"Opdateret juni 27, 2023"},"absolute_dates_time":{"created":"Udgivet september 27, 2021 5:23 am","modified":"Opdateret juni 27, 2023 10:02 am"},"featured_img_caption":"","featured_img":false,"series_order":"","_links":{"self":[{"href":"https:\/\/lavule.com\/da\/wp-json\/wp\/v2\/pages\/14","targetHints":{"allow":["GET"]}}],"collection":[{"href":"https:\/\/lavule.com\/da\/wp-json\/wp\/v2\/pages"}],"about":[{"href":"https:\/\/lavule.com\/da\/wp-json\/wp\/v2\/types\/page"}],"author":[{"embeddable":true,"href":"https:\/\/lavule.com\/da\/wp-json\/wp\/v2\/users\/1"}],"replies":[{"embeddable":true,"href":"https:\/\/lavule.com\/da\/wp-json\/wp\/v2\/comments?post=14"}],"version-history":[{"count":4,"href":"https:\/\/lavule.com\/da\/wp-json\/wp\/v2\/pages\/14\/revisions"}],"predecessor-version":[{"id":671,"href":"https:\/\/lavule.com\/da\/wp-json\/wp\/v2\/pages\/14\/revisions\/671"}],"wp:attachment":[{"href":"https:\/\/lavule.com\/da\/wp-json\/wp\/v2\/media?parent=14"}],"curies":[{"name":"wp","href":"https:\/\/api.w.org\/{rel}","templated":true}]}}