{"id":389,"date":"2023-06-17T07:58:56","date_gmt":"2023-06-17T07:58:56","guid":{"rendered":"https:\/\/lavule.com\/?post_type=product&#038;p=389"},"modified":"2025-12-31T16:01:32","modified_gmt":"2025-12-31T15:01:32","slug":"lavule-2pack","status":"publish","type":"product","link":"https:\/\/lavule.com\/cs\/produkt\/lavule-2pack\/","title":{"rendered":"Lavule \u2013 S\u00e9rum na Kruhy &amp; Pytle pod O\u010dima, balen\u00ed 2 kus\u016f"},"content":{"rendered":"<p><a href=\"https:\/\/lavule.com\/wp-content\/uploads\/2022\/07\/Lavule-Serum-02.jpg\"><img loading=\"lazy\" decoding=\"async\" class=\"alignnone wp-image-504 size-full\" src=\"https:\/\/lavule.com\/wp-content\/uploads\/2022\/07\/Lavule-Serum-02.jpg\" alt=\"\" width=\"2000\" height=\"850\" srcset=\"https:\/\/lavule.com\/wp-content\/uploads\/2022\/07\/Lavule-Serum-02.jpg 2000w, https:\/\/lavule.com\/wp-content\/uploads\/2022\/07\/Lavule-Serum-02-300x128.jpg 300w, https:\/\/lavule.com\/wp-content\/uploads\/2022\/07\/Lavule-Serum-02-1024x435.jpg 1024w, https:\/\/lavule.com\/wp-content\/uploads\/2022\/07\/Lavule-Serum-02-768x326.jpg 768w, https:\/\/lavule.com\/wp-content\/uploads\/2022\/07\/Lavule-Serum-02-1536x653.jpg 1536w, https:\/\/lavule.com\/wp-content\/uploads\/2022\/07\/Lavule-Serum-02-18x8.jpg 18w, https:\/\/lavule.com\/wp-content\/uploads\/2022\/07\/Lavule-Serum-02-600x255.jpg 600w\" sizes=\"auto, (max-width: 2000px) 100vw, 2000px\" \/><\/a><\/p>\n<p>Dejte sbohem unaven\u00fdm s O\u010dn\u00edm S\u00e9rum Lavule. Na\u0161e inovativn\u00ed slo\u017een\u00ed kombinuje lipozom\u00e1ln\u00ed a fermentovan\u00e9 slo\u017eky, kter\u00e9 viditeln\u011b minimalizuj\u00ed tmav\u00e9 kruhy, v\u00e1\u010dky a vr\u00e1sky. D\u00edky osv\u011bd\u010den\u00fdm slo\u017ek\u00e1m, jako je extrakt z medov\u00e9ho trnu (Inst'Tight\u2122 C), Dermochlorella DG (zelen\u00e1 mikro\u0159asa) a extrakt z ko\u0148sk\u00e9ho ka\u0161tanu, nab\u00edz\u00edme specializovanou p\u00e9\u010di, kter\u00e1 viditeln\u011b redukuje tmav\u00e9 kruhy, v\u00e1\u010dky, tmav\u00e9 st\u00edny a vr\u00e1sky pod o\u010dima a bojuje proti nim.<\/p>\n<p>*\u010cist\u00e1 kr\u00e1sa: Lavule neobsahuje formaldehyd, ftal\u00e1ty, sulf\u00e1ty, parabeny, silikony, miner\u00e1ln\u00ed oleje a PEG - je bezpe\u010dn\u00e1 a \u0161etrn\u00e1 k poko\u017ece. Krom\u011b toho je n\u00e1\u0161 v\u00fdrobek vegansk\u00fd a neobsahuje zv\u00ed\u0159ata.<\/p>\n<h2 class=\"p1\"><b>Pou\u017eit\u00ed: <\/b><\/h2>\n<p class=\"p1\"><span style=\"font-weight: 400;\">P\u0159ed pou\u017eit\u00edm d\u016fkladn\u011b o\u010dist\u011bte a osu\u0161te o\u010dn\u00ed okol\u00ed. R\u00e1no a ve\u010der naneste mal\u00e9 mno\u017estv\u00ed S\u00e9ra o velikosti zrnka r\u00fd\u017ee na ka\u017ed\u00e9 o\u010dn\u00ed okol\u00ed. Jemn\u011b vklepejte do okol\u00ed o\u010d\u00ed a jemn\u011b rozet\u0159ete. Nechte zcela vst\u0159ebat.<\/span><\/p>\n<h2>P\u0159ed\/po:<\/h2>\n<p>Obr\u00e1zky <em>Nov\u00fd<\/em> - Fotografie na info@lavule.com<\/p>\n<p><a href=\"https:\/\/lavule.com\/wp-content\/uploads\/2023\/08\/Lavule-02.jpg\"><img loading=\"lazy\" decoding=\"async\" class=\"wp-image-706 size-medium\" src=\"https:\/\/lavule.com\/wp-content\/uploads\/2023\/08\/Lavule-02-300x290.jpg\" alt=\"O\u010dn\u00ed krou\u017eky\" width=\"300\" height=\"290\" srcset=\"https:\/\/lavule.com\/wp-content\/uploads\/2023\/08\/Lavule-02-300x290.jpg 300w, https:\/\/lavule.com\/wp-content\/uploads\/2023\/08\/Lavule-02-12x12.jpg 12w, https:\/\/lavule.com\/wp-content\/uploads\/2023\/08\/Lavule-02-600x580.jpg 600w, https:\/\/lavule.com\/wp-content\/uploads\/2023\/08\/Lavule-02.jpg 696w\" sizes=\"auto, (max-width: 300px) 100vw, 300px\" \/><\/a><\/p>\n<p><a href=\"https:\/\/lavule.com\/wp-content\/uploads\/2023\/08\/Lavule-01-1.jpg\"><img loading=\"lazy\" decoding=\"async\" class=\"wp-image-709 size-medium\" src=\"https:\/\/lavule.com\/wp-content\/uploads\/2023\/08\/Lavule-01-1-300x290.jpg\" alt=\"Zku\u0161enosti s lavorem\" width=\"300\" height=\"290\" srcset=\"https:\/\/lavule.com\/wp-content\/uploads\/2023\/08\/Lavule-01-1-300x290.jpg 300w, https:\/\/lavule.com\/wp-content\/uploads\/2023\/08\/Lavule-01-1-12x12.jpg 12w, https:\/\/lavule.com\/wp-content\/uploads\/2023\/08\/Lavule-01-1-600x580.jpg 600w, https:\/\/lavule.com\/wp-content\/uploads\/2023\/08\/Lavule-01-1.jpg 696w\" sizes=\"auto, (max-width: 300px) 100vw, 300px\" \/><\/a><\/p>\n<p><a href=\"https:\/\/lavule.com\/wp-content\/uploads\/2022\/07\/Lavule-02.jpg\"><img loading=\"lazy\" decoding=\"async\" class=\"size-medium wp-image-295\" src=\"https:\/\/lavule.com\/wp-content\/uploads\/2022\/07\/Lavule-02-300x290.jpg\" alt=\"Lavule\" width=\"300\" height=\"290\" srcset=\"https:\/\/lavule.com\/wp-content\/uploads\/2022\/07\/Lavule-02-300x290.jpg 300w, https:\/\/lavule.com\/wp-content\/uploads\/2022\/07\/Lavule-02-12x12.jpg 12w, https:\/\/lavule.com\/wp-content\/uploads\/2022\/07\/Lavule-02.jpg 600w\" sizes=\"auto, (max-width: 300px) 100vw, 300px\" \/><\/a><\/p>\n<p><a href=\"https:\/\/lavule.com\/wp-content\/uploads\/2023\/08\/Lavule-03.jpg\"><img loading=\"lazy\" decoding=\"async\" class=\"wp-image-705 size-medium\" src=\"https:\/\/lavule.com\/wp-content\/uploads\/2023\/08\/Lavule-03-300x290.jpg\" alt=\"Lavule\" width=\"300\" height=\"290\" srcset=\"https:\/\/lavule.com\/wp-content\/uploads\/2023\/08\/Lavule-03-300x290.jpg 300w, https:\/\/lavule.com\/wp-content\/uploads\/2023\/08\/Lavule-03-12x12.jpg 12w, https:\/\/lavule.com\/wp-content\/uploads\/2023\/08\/Lavule-03-600x580.jpg 600w, https:\/\/lavule.com\/wp-content\/uploads\/2023\/08\/Lavule-03.jpg 696w\" sizes=\"auto, (max-width: 300px) 100vw, 300px\" \/><\/a><\/p>","protected":false},"excerpt":{"rendered":"<p class=\"p1\">Lavule O\u010dn\u00ed S\u00e9rum: Proti Kruhy pod O\u010dima &amp; V\u00e1\u010dky pod O\u010dima.<\/p>\n<ul>\n<li>Pro \u017eeny a mu\u017ee<\/li>\n<li>Fermentovan\u00e9 slo\u017eky<\/li>\n<li>Lipozom\u00e1ln\u00ed v\u00fdrobn\u00ed technika<\/li>\n<li>Bez hormon\u016f<\/li>\n<li>Vegansk\u00e9 a bez testov\u00e1n\u00ed na zv\u00ed\u0159atech<\/li>\n<li>Clean Beauty*<\/li>\n<li>Dermatologicky testov\u00e1no<\/li>\n<\/ul>\n<p><a href=\"https:\/\/lavule.com\/wp-content\/uploads\/2022\/07\/22.jpg\"><img loading=\"lazy\" decoding=\"async\" class=\"alignnone wp-image-275\" src=\"https:\/\/lavule.com\/wp-content\/uploads\/2022\/07\/22.jpg\" alt=\"\" width=\"283\" height=\"25\" srcset=\"https:\/\/lavule.com\/wp-content\/uploads\/2022\/07\/22.jpg 941w, https:\/\/lavule.com\/wp-content\/uploads\/2022\/07\/22-300x26.jpg 300w, https:\/\/lavule.com\/wp-content\/uploads\/2022\/07\/22-768x68.jpg 768w, https:\/\/lavule.com\/wp-content\/uploads\/2022\/07\/22-18x2.jpg 18w, https:\/\/lavule.com\/wp-content\/uploads\/2022\/07\/22-600x53.jpg 600w\" sizes=\"auto, (max-width: 283px) 100vw, 283px\" \/><\/a><\/p>\n<p><a href=\"https:\/\/lavule.com\/wp-content\/uploads\/2023\/10\/Testsieger.jpg\"><img loading=\"lazy\" decoding=\"async\" class=\"alignnone wp-image-1196\" src=\"https:\/\/lavule.com\/wp-content\/uploads\/2023\/10\/Testsieger.jpg\" alt=\"Lavulov\u00fd test\" width=\"137\" height=\"82\" srcset=\"https:\/\/lavule.com\/wp-content\/uploads\/2023\/10\/Testsieger.jpg 1249w, https:\/\/lavule.com\/wp-content\/uploads\/2023\/10\/Testsieger-300x179.jpg 300w, https:\/\/lavule.com\/wp-content\/uploads\/2023\/10\/Testsieger-1024x610.jpg 1024w, https:\/\/lavule.com\/wp-content\/uploads\/2023\/10\/Testsieger-768x457.jpg 768w, https:\/\/lavule.com\/wp-content\/uploads\/2023\/10\/Testsieger-18x12.jpg 18w, https:\/\/lavule.com\/wp-content\/uploads\/2023\/10\/Testsieger-600x357.jpg 600w\" sizes=\"auto, (max-width: 137px) 100vw, 137px\" \/><\/a><\/p>","protected":false},"author":1,"featured_media":506,"comment_status":"closed","ping_status":"closed","template":"","meta":{"_uag_custom_page_level_css":"","advgb_blocks_editor_width":"","advgb_blocks_columns_visual_guide":"","site-sidebar-layout":"default","site-content-layout":"default","ast-site-content-layout":"default","site-content-style":"default","site-sidebar-style":"default","ast-global-header-display":"","ast-banner-title-visibility":"","ast-main-header-display":"","ast-hfb-above-header-display":"","ast-hfb-below-header-display":"","ast-hfb-mobile-header-display":"","site-post-title":"","ast-breadcrumbs-content":"","ast-featured-img":"","footer-sml-layout":"","ast-disable-related-posts":"","theme-transparent-header-meta":"default","adv-header-id-meta":"","stick-header-meta":"default","header-above-stick-meta":"","header-main-stick-meta":"","header-below-stick-meta":"","astra-migrate-meta-layouts":"set","ast-page-background-enabled":"default","ast-page-background-meta":{"desktop":{"background-color":"","background-image":"","background-repeat":"repeat","background-position":"center center","background-size":"auto","background-attachment":"scroll","background-type":"","background-media":"","overlay-type":"","overlay-color":"","overlay-opacity":"","overlay-gradient":""},"tablet":{"background-color":"","background-image":"","background-repeat":"repeat","background-position":"center center","background-size":"auto","background-attachment":"scroll","background-type":"","background-media":"","overlay-type":"","overlay-color":"","overlay-opacity":"","overlay-gradient":""},"mobile":{"background-color":"","background-image":"","background-repeat":"repeat","background-position":"center center","background-size":"auto","background-attachment":"scroll","background-type":"","background-media":"","overlay-type":"","overlay-color":"","overlay-opacity":"","overlay-gradient":""}},"ast-content-background-meta":{"desktop":{"background-color":"var(--ast-global-color-5)","background-image":"","background-repeat":"repeat","background-position":"center center","background-size":"auto","background-attachment":"scroll","background-type":"","background-media":"","overlay-type":"","overlay-color":"","overlay-opacity":"","overlay-gradient":""},"tablet":{"background-color":"var(--ast-global-color-5)","background-image":"","background-repeat":"repeat","background-position":"center center","background-size":"auto","background-attachment":"scroll","background-type":"","background-media":"","overlay-type":"","overlay-color":"","overlay-opacity":"","overlay-gradient":""},"mobile":{"background-color":"var(--ast-global-color-5)","background-image":"","background-repeat":"repeat","background-position":"center center","background-size":"auto","background-attachment":"scroll","background-type":"","background-media":"","overlay-type":"","overlay-color":"","overlay-opacity":"","overlay-gradient":""}}},"product_brand":[],"product_cat":[84],"product_tag":[],"class_list":{"0":"post-389","1":"product","2":"type-product","3":"status-publish","4":"has-post-thumbnail","6":"product_cat-eye-serum","7":"desktop-align-left","8":"tablet-align-left","9":"mobile-align-left","10":"ast-product-gallery-layout-horizontal","11":"ast-magnify-disabled","12":"ast-product-tabs-layout-horizontal","13":"ast-qv-on-image","15":"first","16":"instock","17":"sale","18":"taxable","19":"shipping-taxable","20":"purchasable","21":"product-type-simple"},"yoast_head":"<!-- This site is optimized with the Yoast SEO Premium plugin v23.4 (Yoast SEO v26.6) - https:\/\/yoast.com\/wordpress\/plugins\/seo\/ -->\n<title>Lavule 2er Pack - Serum gegen Augenringe &amp; Tr\u00e4nens\u00e4cke - Lavule<\/title>\n<meta name=\"description\" content=\"Serum gegen Augenringe und gegen Tr\u00e4nens\u00e4cke mit sofort Wirkung. F\u00fcr Frauen und M\u00e4nner ohne Hormone. Jetzt bestellen! Neue Formel\" \/>\n<meta name=\"robots\" content=\"index, follow, max-snippet:-1, max-image-preview:large, max-video-preview:-1\" \/>\n<link rel=\"canonical\" href=\"https:\/\/lavule.com\/cs\/produkt\/lavule-2pack\/\" \/>\n<meta property=\"og:locale\" content=\"cs_CZ\" \/>\n<meta property=\"og:type\" content=\"article\" \/>\n<meta property=\"og:title\" content=\"Lavule 2er Pack - Serum gegen Augenringe &amp; Tr\u00e4nens\u00e4cke\" \/>\n<meta property=\"og:description\" content=\"Serum gegen Augenringe und gegen Tr\u00e4nens\u00e4cke mit sofort Wirkung. F\u00fcr Frauen und M\u00e4nner ohne Hormone. Jetzt bestellen! Neue Formel\" \/>\n<meta property=\"og:url\" content=\"https:\/\/lavule.com\/cs\/produkt\/lavule-2pack\/\" \/>\n<meta property=\"og:site_name\" content=\"Lavule\" \/>\n<meta property=\"article:modified_time\" content=\"2025-12-31T15:01:32+00:00\" \/>\n<meta property=\"og:image\" content=\"https:\/\/lavule.com\/wp-content\/uploads\/2023\/06\/Lavule-Serum-02.jpg\" \/>\n\t<meta property=\"og:image:width\" content=\"1000\" \/>\n\t<meta property=\"og:image:height\" content=\"1000\" \/>\n\t<meta property=\"og:image:type\" content=\"image\/jpeg\" \/>\n<meta name=\"twitter:card\" content=\"summary_large_image\" \/>\n<meta name=\"twitter:label1\" content=\"Odhadovan\u00e1 doba \u010dten\u00ed\" \/>\n\t<meta name=\"twitter:data1\" content=\"2 minuty\" \/>\n<script type=\"application\/ld+json\" class=\"yoast-schema-graph\">{\"@context\":\"https:\/\/schema.org\",\"@graph\":[{\"@type\":\"WebPage\",\"@id\":\"https:\/\/lavule.com\/produkt\/lavule-2pack\/\",\"url\":\"https:\/\/lavule.com\/produkt\/lavule-2pack\/\",\"name\":\"Lavule 2er Pack - Serum gegen Augenringe & Tr\u00e4nens\u00e4cke - Lavule\",\"isPartOf\":{\"@id\":\"https:\/\/lavule.com\/de\/#website\"},\"primaryImageOfPage\":{\"@id\":\"https:\/\/lavule.com\/produkt\/lavule-2pack\/#primaryimage\"},\"image\":{\"@id\":\"https:\/\/lavule.com\/produkt\/lavule-2pack\/#primaryimage\"},\"thumbnailUrl\":\"https:\/\/lavule.com\/wp-content\/uploads\/2023\/06\/Lavule-Serum-02.jpg\",\"datePublished\":\"2023-06-17T07:58:56+00:00\",\"dateModified\":\"2025-12-31T15:01:32+00:00\",\"description\":\"Serum gegen Augenringe und gegen Tr\u00e4nens\u00e4cke mit sofort Wirkung. F\u00fcr Frauen und M\u00e4nner ohne Hormone. Jetzt bestellen! Neue Formel\",\"breadcrumb\":{\"@id\":\"https:\/\/lavule.com\/produkt\/lavule-2pack\/#breadcrumb\"},\"inLanguage\":\"cs\",\"potentialAction\":[{\"@type\":\"ReadAction\",\"target\":[\"https:\/\/lavule.com\/produkt\/lavule-2pack\/\"]}]},{\"@type\":\"ImageObject\",\"inLanguage\":\"cs\",\"@id\":\"https:\/\/lavule.com\/produkt\/lavule-2pack\/#primaryimage\",\"url\":\"https:\/\/lavule.com\/wp-content\/uploads\/2023\/06\/Lavule-Serum-02.jpg\",\"contentUrl\":\"https:\/\/lavule.com\/wp-content\/uploads\/2023\/06\/Lavule-Serum-02.jpg\",\"width\":1000,\"height\":1000,\"caption\":\"Lavule\"},{\"@type\":\"BreadcrumbList\",\"@id\":\"https:\/\/lavule.com\/produkt\/lavule-2pack\/#breadcrumb\",\"itemListElement\":[{\"@type\":\"ListItem\",\"position\":1,\"name\":\"LAVULE\",\"item\":\"https:\/\/lavule.com\/\"},{\"@type\":\"ListItem\",\"position\":2,\"name\":\"Shop\",\"item\":\"https:\/\/lavule.com\/en\/shop\/\"},{\"@type\":\"ListItem\",\"position\":3,\"name\":\"Lavule 2er Pack &#8211; Serum gegen Augenringe &#038; Tr\u00e4nens\u00e4cke\"}]},{\"@type\":\"WebSite\",\"@id\":\"https:\/\/lavule.com\/de\/#website\",\"url\":\"https:\/\/lavule.com\/de\/\",\"name\":\"Lavule\",\"description\":\"Augenringe Serum\",\"publisher\":{\"@id\":\"https:\/\/lavule.com\/de\/#organization\"},\"potentialAction\":[{\"@type\":\"SearchAction\",\"target\":{\"@type\":\"EntryPoint\",\"urlTemplate\":\"https:\/\/lavule.com\/de\/?s={search_term_string}\"},\"query-input\":{\"@type\":\"PropertyValueSpecification\",\"valueRequired\":true,\"valueName\":\"search_term_string\"}}],\"inLanguage\":\"cs\"},{\"@type\":\"Organization\",\"@id\":\"https:\/\/lavule.com\/de\/#organization\",\"name\":\"Lavule\",\"url\":\"https:\/\/lavule.com\/de\/\",\"logo\":{\"@type\":\"ImageObject\",\"inLanguage\":\"cs\",\"@id\":\"https:\/\/lavule.com\/de\/#\/schema\/logo\/image\/\",\"url\":\"https:\/\/lavule.com\/wp-content\/uploads\/2021\/11\/cropped-Lavule.png\",\"contentUrl\":\"https:\/\/lavule.com\/wp-content\/uploads\/2021\/11\/cropped-Lavule.png\",\"width\":243,\"height\":96,\"caption\":\"Lavule\"},\"image\":{\"@id\":\"https:\/\/lavule.com\/de\/#\/schema\/logo\/image\/\"},\"sameAs\":[\"https:\/\/www.instagram.com\/lavule_official\/\"]}]}<\/script>\n<!-- \/ Yoast SEO Premium plugin. -->","yoast_head_json":{"title":"Lavule - O\u010dn\u00ed S\u00e9rum na Kruhy &amp; Pytle pod O\u010dima","description":"O\u010dn\u00ed S\u00e9rum na Kruhy &amp; Pytle pod O\u010dima s okam\u017eit\u00fdm \u00fa\u010dinkem. Pro \u017eeny a mu\u017ee bez hormon\u016f. Objedn\u00e1vejte nyn\u00ed! Nov\u00e9 slo\u017een\u00ed","robots":{"index":"index","follow":"follow","max-snippet":"max-snippet:-1","max-image-preview":"max-image-preview:large","max-video-preview":"max-video-preview:-1"},"canonical":"https:\/\/lavule.com\/cs\/produkt\/lavule-2pack\/","og_locale":"cs_CZ","og_type":"article","og_title":"Lavule 2er Pack - Serum gegen Augenringe & Tr\u00e4nens\u00e4cke","og_description":"Serum gegen Augenringe und gegen Tr\u00e4nens\u00e4cke mit sofort Wirkung. F\u00fcr Frauen und M\u00e4nner ohne Hormone. Jetzt bestellen! Neue Formel","og_url":"https:\/\/lavule.com\/cs\/produkt\/lavule-2pack\/","og_site_name":"Lavule","article_modified_time":"2025-12-31T15:01:32+00:00","og_image":[{"width":1000,"height":1000,"url":"https:\/\/lavule.com\/wp-content\/uploads\/2023\/06\/Lavule-Serum-02.jpg","type":"image\/jpeg"}],"twitter_card":"summary_large_image","twitter_misc":{"Odhadovan\u00e1 doba \u010dten\u00ed":"2 minuty"},"schema":{"@context":"https:\/\/schema.org","@graph":[{"@type":"WebPage","@id":"https:\/\/lavule.com\/produkt\/lavule-2pack\/","url":"https:\/\/lavule.com\/produkt\/lavule-2pack\/","name":"Lavule - O\u010dn\u00ed S\u00e9rum na Kruhy &amp; Pytle pod O\u010dima","isPartOf":{"@id":"https:\/\/lavule.com\/de\/#website"},"primaryImageOfPage":{"@id":"https:\/\/lavule.com\/produkt\/lavule-2pack\/#primaryimage"},"image":{"@id":"https:\/\/lavule.com\/produkt\/lavule-2pack\/#primaryimage"},"thumbnailUrl":"https:\/\/lavule.com\/wp-content\/uploads\/2023\/06\/Lavule-Serum-02.jpg","datePublished":"2023-06-17T07:58:56+00:00","dateModified":"2025-12-31T15:01:32+00:00","description":"O\u010dn\u00ed S\u00e9rum na Kruhy &amp; Pytle pod O\u010dima s okam\u017eit\u00fdm \u00fa\u010dinkem. Pro \u017eeny a mu\u017ee bez hormon\u016f. Objedn\u00e1vejte nyn\u00ed! Nov\u00e9 slo\u017een\u00ed","breadcrumb":{"@id":"https:\/\/lavule.com\/produkt\/lavule-2pack\/#breadcrumb"},"inLanguage":"cs","potentialAction":[{"@type":"ReadAction","target":["https:\/\/lavule.com\/produkt\/lavule-2pack\/"]}]},{"@type":"ImageObject","inLanguage":"cs","@id":"https:\/\/lavule.com\/produkt\/lavule-2pack\/#primaryimage","url":"https:\/\/lavule.com\/wp-content\/uploads\/2023\/06\/Lavule-Serum-02.jpg","contentUrl":"https:\/\/lavule.com\/wp-content\/uploads\/2023\/06\/Lavule-Serum-02.jpg","width":1000,"height":1000,"caption":"Lavule"},{"@type":"BreadcrumbList","@id":"https:\/\/lavule.com\/produkt\/lavule-2pack\/#breadcrumb","itemListElement":[{"@type":"ListItem","position":1,"name":"LAVULE","item":"https:\/\/lavule.com\/"},{"@type":"ListItem","position":2,"name":"Shop","item":"https:\/\/lavule.com\/en\/shop\/"},{"@type":"ListItem","position":3,"name":"Lavule 2er Pack &#8211; Serum gegen Augenringe &#038; Tr\u00e4nens\u00e4cke"}]},{"@type":"WebSite","@id":"https:\/\/lavule.com\/de\/#website","url":"https:\/\/lavule.com\/de\/","name":"Lavule","description":"S\u00e9rum na o\u010dn\u00ed kruhy","publisher":{"@id":"https:\/\/lavule.com\/de\/#organization"},"potentialAction":[{"@type":"SearchAction","target":{"@type":"EntryPoint","urlTemplate":"https:\/\/lavule.com\/de\/?s={search_term_string}"},"query-input":{"@type":"PropertyValueSpecification","valueRequired":true,"valueName":"search_term_string"}}],"inLanguage":"cs"},{"@type":"Organization","@id":"https:\/\/lavule.com\/de\/#organization","name":"Lavule","url":"https:\/\/lavule.com\/de\/","logo":{"@type":"ImageObject","inLanguage":"cs","@id":"https:\/\/lavule.com\/de\/#\/schema\/logo\/image\/","url":"https:\/\/lavule.com\/wp-content\/uploads\/2021\/11\/cropped-Lavule.png","contentUrl":"https:\/\/lavule.com\/wp-content\/uploads\/2021\/11\/cropped-Lavule.png","width":243,"height":96,"caption":"Lavule"},"image":{"@id":"https:\/\/lavule.com\/de\/#\/schema\/logo\/image\/"},"sameAs":["https:\/\/www.instagram.com\/lavule_official\/"]}]}},"uagb_featured_image_src":{"full":["https:\/\/lavule.com\/wp-content\/uploads\/2023\/06\/Lavule-Serum-02.jpg",1000,1000,false],"thumbnail":["https:\/\/lavule.com\/wp-content\/uploads\/2023\/06\/Lavule-Serum-02-150x150.jpg",150,150,true],"medium":["https:\/\/lavule.com\/wp-content\/uploads\/2023\/06\/Lavule-Serum-02-300x300.jpg",300,300,true],"medium_large":["https:\/\/lavule.com\/wp-content\/uploads\/2023\/06\/Lavule-Serum-02-768x768.jpg",768,768,true],"large":["https:\/\/lavule.com\/wp-content\/uploads\/2023\/06\/Lavule-Serum-02.jpg",1000,1000,false],"1536x1536":["https:\/\/lavule.com\/wp-content\/uploads\/2023\/06\/Lavule-Serum-02.jpg",1000,1000,false],"2048x2048":["https:\/\/lavule.com\/wp-content\/uploads\/2023\/06\/Lavule-Serum-02.jpg",1000,1000,false],"trp-custom-language-flag":["https:\/\/lavule.com\/wp-content\/uploads\/2023\/06\/Lavule-Serum-02-12x12.jpg",12,12,true],"woocommerce_thumbnail":["https:\/\/lavule.com\/wp-content\/uploads\/2023\/06\/Lavule-Serum-02-300x300.jpg",300,300,true],"woocommerce_single":["https:\/\/lavule.com\/wp-content\/uploads\/2023\/06\/Lavule-Serum-02-600x600.jpg",600,600,true],"woocommerce_gallery_thumbnail":["https:\/\/lavule.com\/wp-content\/uploads\/2023\/06\/Lavule-Serum-02-100x100.jpg",100,100,true]},"uagb_author_info":{"display_name":"Kerem085","author_link":"https:\/\/lavule.com\/cs\/author\/kerem085\/"},"uagb_comment_info":0,"uagb_excerpt":"2er Pack Lavule Eye Serum: Gegen Augenringe &amp; Tr\u00e4nens\u00e4cke. F\u00fcr Frauen &amp; M\u00e4nner Fermentierte Inhaltsstoffe Liposomale Herstellungstechnik Ohne Hormone Vegan und tierversuchsfrei Clean Beauty* Dermatologisch getestet","featured_img":"https:\/\/lavule.com\/wp-content\/uploads\/2023\/06\/Lavule-Serum-02.jpg","coauthors":[],"author_meta":{"author_link":"https:\/\/lavule.com\/cs\/author\/kerem085\/","display_name":"Kerem085"},"relative_dates":{"created":"Posted 3 roky ago","modified":"Updated 3 m\u011bs\u00edce ago"},"absolute_dates":{"created":"Posted on 17 \u010dervna, 2023","modified":"Updated on 31 prosince, 2025"},"absolute_dates_time":{"created":"Posted on 17 \u010dervna, 2023 7:58 am","modified":"Updated on 31 prosince, 2025 4:01 pm"},"featured_img_caption":"Lavule","tax_additional":{"product_brand":{"linked":[],"unlinked":[],"slug":"product_brand","name":"Zna\u010dky"},"product_type":{"linked":["<a href=\"https:\/\/lavule.com\/cs\/?taxonomy=product_type&#038;term=simple\" class=\"advgb-post-tax-term\">simple<\/a>"],"unlinked":["<span class=\"advgb-post-tax-term\">simple<\/span>"],"slug":"product_type","name":"Typ produktu"},"product_visibility":{"linked":[],"unlinked":[],"slug":"product_visibility","name":"Viditelnost produktu"},"product_cat":{"linked":["<a href=\"https:\/\/lavule.com\/cs\/kategorie-produktu\/eye-serum\/\" class=\"advgb-post-tax-term\">Eye Serum<\/a>"],"unlinked":["<span class=\"advgb-post-tax-term\">Eye Serum<\/span>"],"slug":"product_cat","name":"Kategorie produktu"},"product_tag":{"linked":[],"unlinked":[],"slug":"product_tag","name":"\u0160t\u00edtky produktu"},"product_shipping_class":{"linked":[],"unlinked":[],"slug":"product_shipping_class","name":"T\u0159\u00eddy dopravy produktu"},"pa_brand":{"linked":[],"unlinked":[],"slug":"pa_brand","name":"Vlastnost produktu: Marke"}},"series_order":"","_links":{"self":[{"href":"https:\/\/lavule.com\/cs\/wp-json\/wp\/v2\/product\/389","targetHints":{"allow":["GET"]}}],"collection":[{"href":"https:\/\/lavule.com\/cs\/wp-json\/wp\/v2\/product"}],"about":[{"href":"https:\/\/lavule.com\/cs\/wp-json\/wp\/v2\/types\/product"}],"replies":[{"embeddable":true,"href":"https:\/\/lavule.com\/cs\/wp-json\/wp\/v2\/comments?post=389"}],"wp:featuredmedia":[{"embeddable":true,"href":"https:\/\/lavule.com\/cs\/wp-json\/wp\/v2\/media\/506"}],"wp:attachment":[{"href":"https:\/\/lavule.com\/cs\/wp-json\/wp\/v2\/media?parent=389"}],"wp:term":[{"taxonomy":"product_brand","embeddable":true,"href":"https:\/\/lavule.com\/cs\/wp-json\/wp\/v2\/product_brand?post=389"},{"taxonomy":"product_cat","embeddable":true,"href":"https:\/\/lavule.com\/cs\/wp-json\/wp\/v2\/product_cat?post=389"},{"taxonomy":"product_tag","embeddable":true,"href":"https:\/\/lavule.com\/cs\/wp-json\/wp\/v2\/product_tag?post=389"}],"curies":[{"name":"wp","href":"https:\/\/api.w.org\/{rel}","templated":true}]}}