{"id":15,"date":"2021-09-27T05:23:42","date_gmt":"2021-09-27T05:23:42","guid":{"rendered":"https:\/\/lavule.com\/?page_id=15"},"modified":"2023-12-06T15:40:59","modified_gmt":"2023-12-06T14:40:59","slug":"widerrufsrecht","status":"publish","type":"page","link":"https:\/\/lavule.com\/cs\/pravo-na-odvolani\/","title":{"rendered":"Odvol\u00e1n\u00ed"},"content":{"rendered":"<p><strong>Pr\u00e1vo spot\u0159ebitel\u016f na odstoupen\u00ed od smlouvy<\/strong><\/p>\n\n\n\n<p>Spot\u0159ebitelem je ka\u017ed\u00e1 fyzick\u00e1 osoba, kter\u00e1 uzav\u00edr\u00e1 pr\u00e1vn\u00ed \u00fakon za \u00fa\u010delem, kter\u00fd nelze p\u0159ev\u00e1\u017en\u011b p\u0159i\u010d\u00edtat ani jej\u00ed podnikatelsk\u00e9, ani jej\u00ed nez\u00e1visl\u00e9 profesn\u00ed \u010dinnosti.<\/p>\n\n\n\n<p><strong>Storno podm\u00ednky Lavule<\/strong><\/p>\n\n\n\n<p><strong>Odvol\u00e1n\u00ed<\/strong><\/p>\n\n\n\n<p>M\u00e1te pr\u00e1vo odstoupit od t\u00e9to smlouvy do \u010dtrn\u00e1cti dn\u016f. <strong>Pr\u00e1vo na odstoupen\u00ed od smlouvy je vylou\u010deno u pou\u017eit\u00fdch hygienick\u00fdch pot\u0159eb.<\/strong> Lh\u016fta pro odstoupen\u00ed od smlouvy je \u010dtrn\u00e1ct dn\u00ed ode dne, kdy jste vy nebo v\u00e1mi ur\u010den\u00e1 t\u0159et\u00ed osoba, kter\u00e1 nen\u00ed dopravcem, p\u0159evzali nebo p\u0159evezmete zbo\u017e\u00ed, pokud jste si objednali jedno nebo v\u00edce zbo\u017e\u00ed v r\u00e1mci jedn\u00e9 objedn\u00e1vky a toto zbo\u017e\u00ed je nebo bude dod\u00e1no jednotn\u011b.<\/p>\n\n\n\n<p>Chcete-li uplatnit sv\u00e9 pr\u00e1vo na odstoupen\u00ed od smlouvy, mus\u00edte n\u00e1s o sv\u00e9m rozhodnut\u00ed odstoupit od t\u00e9to smlouvy informovat prost\u0159ednictv\u00edm jasn\u00e9ho prohl\u00e1\u0161en\u00ed (nap\u0159. dopisu zaslan\u00e9ho po\u0161tou, faxem nebo e-mailem). K tomuto \u00fa\u010delu m\u016f\u017eete pou\u017e\u00edt p\u0159ilo\u017een\u00fd vzorov\u00fd formul\u00e1\u0159 pro odstoupen\u00ed od smlouvy, kter\u00fd v\u0161ak nen\u00ed povinn\u00fd.<\/p>\n\n\n\n<p>Pro dodr\u017een\u00ed lh\u016fty pro odstoupen\u00ed od smlouvy sta\u010d\u00ed, kdy\u017e ozn\u00e1men\u00ed o uplatn\u011bn\u00ed pr\u00e1va na odstoupen\u00ed od smlouvy za\u0161lete p\u0159ed koncem lh\u016fty pro odstoupen\u00ed od smlouvy.<\/p>\n\n\n\n<p>Odvol\u00e1n\u00ed se zas\u00edl\u00e1 na adresu<\/p>\n\n\n\n<p><\/p>\n\n\n\n<figure class=\"wp-block-image size-full is-resized\"><img loading=\"lazy\" decoding=\"async\" width=\"600\" height=\"632\" src=\"https:\/\/lavule.com\/wp-content\/uploads\/2023\/06\/Impra.jpg\" alt=\"\" class=\"wp-image-512\" style=\"object-fit:cover;width:237px;height:250px\" srcset=\"https:\/\/lavule.com\/wp-content\/uploads\/2023\/06\/Impra.jpg 600w, https:\/\/lavule.com\/wp-content\/uploads\/2023\/06\/Impra-285x300.jpg 285w, https:\/\/lavule.com\/wp-content\/uploads\/2023\/06\/Impra-11x12.jpg 11w\" sizes=\"auto, (max-width: 600px) 100vw, 600px\" \/><\/figure>\n\n\n\n<p><\/p>\n\n\n\n<p><strong>N\u00ed\u017ee uveden\u00e1 adresa pro doru\u010den\u00ed.<\/strong><\/p>\n\n\n\n<p><strong>D\u016fsledky odvol\u00e1n\u00ed<\/strong><\/p>\n\n\n\n<p>Odstoup\u00edte-li od t\u00e9to smlouvy, mus\u00edme v\u00e1m vr\u00e1tit v\u0161echny platby, kter\u00e9 jsme od v\u00e1s obdr\u017eeli, v\u010detn\u011b n\u00e1klad\u016f na doru\u010den\u00ed (s v\u00fdjimkou dodate\u010dn\u00fdch n\u00e1klad\u016f vypl\u00fdvaj\u00edc\u00edch z toho, \u017ee jste si zvolili jin\u00fd typ doru\u010den\u00ed ne\u017e nejlevn\u011bj\u0161\u00ed standardn\u00ed doru\u010den\u00ed, kter\u00e9 nab\u00edz\u00edme), a to bezodkladn\u011b, nejpozd\u011bji do \u010dtrn\u00e1cti dn\u016f ode dne, kdy jsme obdr\u017eeli ozn\u00e1men\u00ed o va\u0161em odstoupen\u00ed od t\u00e9to smlouvy. Pro tuto \u00fahradu pou\u017eijeme stejn\u00fd platebn\u00ed prost\u0159edek, kter\u00fd jste pou\u017eili pro p\u016fvodn\u00ed transakci, pokud se s v\u00e1mi v\u00fdslovn\u011b nedohodneme jinak; v \u017e\u00e1dn\u00e9m p\u0159\u00edpad\u011b v\u00e1m nebude tato \u00fahrada \u00fa\u010dtov\u00e1na.<\/p>\n\n\n\n<p>Vr\u00e1cen\u00ed pen\u011bz m\u016f\u017eeme odm\u00edtnout, dokud neobdr\u017e\u00edme zbo\u017e\u00ed zp\u011bt nebo dokud nep\u0159edlo\u017e\u00edte doklad o tom, \u017ee jste zbo\u017e\u00ed vr\u00e1tili, podle toho, co nastane d\u0159\u00edve.<\/p>\n\n\n\n<p><strong>Vrac\u00ed se<\/strong><\/p>\n\n\n\n<p>Zbo\u017e\u00ed n\u00e1m mus\u00edte vr\u00e1tit nebo p\u0159edat neprodlen\u011b, nejpozd\u011bji v\u0161ak do \u010dtrn\u00e1cti dn\u016f ode dne, kdy n\u00e1m ozn\u00e1m\u00edte odstoupen\u00ed od smlouvy. Lh\u016fta je dodr\u017eena, pokud zbo\u017e\u00ed ode\u0161lete p\u0159ed uplynut\u00edm \u010dtrn\u00e1ctidenn\u00ed lh\u016fty.<\/p>\n\n\n\n<p>P\u0159\u00edm\u00e9 n\u00e1klady na vr\u00e1cen\u00ed zbo\u017e\u00ed nesete vy.<\/p>\n\n\n\n<p>Ztr\u00e1tu hodnoty zbo\u017e\u00ed mus\u00edte uhradit pouze v p\u0159\u00edpad\u011b, \u017ee tato ztr\u00e1ta hodnoty vznikla v d\u016fsledku manipulace se zbo\u017e\u00edm, kter\u00e1 nen\u00ed nezbytn\u00e1 pro testov\u00e1n\u00ed kvality, vlastnost\u00ed a funk\u010dnosti zbo\u017e\u00ed.<\/p>\n\n\n\n<p><strong>D\u016fvody vylou\u010den\u00ed nebo ukon\u010den\u00ed platnosti<\/strong><\/p>\n\n\n\n<p><strong>Vylou\u010den\u00ed pr\u00e1va na odstoupen\u00ed od smlouvy<\/strong>:<\/p>\n\n\n\n<p>Pr\u00e1vo na odstoupen\u00ed od smlouvy se nevztahuje na zbo\u017e\u00ed, kter\u00e9 rychle podl\u00e9h\u00e1 zk\u00e1ze nebo jeho\u017e datum spot\u0159eby by bylo rychle p\u0159ekro\u010deno. P\u0159ed\u010dasn\u00e9 uplynut\u00ed doby pou\u017eitelnosti v p\u0159\u00edpad\u011b dod\u00e1n\u00ed zape\u010det\u011bn\u00e9ho zbo\u017e\u00ed, kter\u00e9 nen\u00ed vhodn\u00e9 k vr\u00e1cen\u00ed z d\u016fvodu ochrany zdrav\u00ed nebo hygieny, pokud byla po dod\u00e1n\u00ed odstran\u011bna jeho pe\u010de\u0165; (1) V p\u0159\u00edpad\u011b Lavule podle \u00a7 312g odst. 2 \u010d. 2 ob\u010dansk\u00e9ho z\u00e1kon\u00edku (BGB) neexistuje pr\u00e1vo na odstoupen\u00ed od smlouvy, pokud byla z obalu odstran\u011bna pe\u010de\u0165. Je tomu tak proto, \u017ee Lavule je zbo\u017e\u00edm ve smyslu \u00a7 312g odst. 2 \u010d. 2 BGB, kter\u00e9 by se po poru\u0161en\u00ed pe\u010deti rychle zkazilo nebo jeho\u017e doba pou\u017eitelnosti by byla od tohoto okam\u017eiku rychle p\u0159ekro\u010dena (2 m\u011bs\u00edce po otev\u0159en\u00ed Lavule). (2) Pr\u00e1vo na odstoupen\u00ed od smlouvy ve smyslu \u00a7 312g odst. 2 \u010d. 2 BGB tedy neexistuje, pokud byla pe\u010de\u0165 Lavule po dod\u00e1n\u00ed odstran\u011bna, proto\u017ee existuje riziko, \u017ee vr\u00e1cen\u00fd v\u00fdrobek, by se k prodejci dostal s v\u00fdrazn\u011b krat\u0161\u00ed dobou trvanlivosti.<\/p>\n\n\n\n<p>Pr\u00e1vo na odstoupen\u00ed od smlouvy je v t\u00e9to souvislosti vylou\u010deno, proto\u017ee s\u00e9ra, kter\u00e1 maj\u00ed b\u00fdt vr\u00e1cena s poru\u0161enou pe\u010det\u00ed, by spole\u010dnost Lavule s ohledem na dobu vr\u00e1cen\u00ed obt\u00ed\u017en\u011b nebo v\u016fbec nemohla d\u00e1le prodat.<\/p>\n\n\n\n<p><strong>Pr\u00e1vo na odstoupen\u00ed od smlouvy je vylou\u010deno u pou\u017eit\u00fdch hygienick\u00fdch pot\u0159eb<\/strong>.<\/p>\n\n\n\n<hr class=\"wp-block-separator has-css-opacity\"\/>\n\n\n\n<p>Pr\u00e1vo na odstoupen\u00ed od smlouvy existuje <strong>ne<\/strong> pro smlouvy<\/p>\n\n\n\n<ul class=\"wp-block-list\">\n<li>pro dod\u00e1vku zbo\u017e\u00ed, kter\u00e9 nen\u00ed prefabrikovan\u00e9 a pro jeho\u017e v\u00fdrobu je rozhoduj\u00edc\u00ed individu\u00e1ln\u00ed v\u00fdb\u011br nebo ur\u010den\u00ed spot\u0159ebitelem nebo kter\u00e9 je zjevn\u011b p\u0159izp\u016fsobeno osobn\u00edm pot\u0159eb\u00e1m spot\u0159ebitele;<\/li>\n\n\n\n<li>pro dod\u00e1n\u00ed zbo\u017e\u00ed, kter\u00e9 se m\u016f\u017ee rychle zkazit nebo jeho\u017e datum spot\u0159eby by bylo rychle p\u0159ekro\u010deno;<\/li>\n\n\n\n<li>Smlouvy o p\u0159edplatn\u00e9m.<\/li>\n<\/ul>\n\n\n\n<p>&#8212;&#8212;&#8211;<\/p>\n\n\n\n<p><strong>Pr\u00e1vo na odstoupen\u00ed od smlouvy zanik\u00e1 p\u0159ed\u010dasn\u011b v p\u0159\u00edpad\u011b smluv<\/strong><\/p>\n\n\n\n<ul class=\"wp-block-list\">\n<li>p\u0159i dod\u00e1n\u00ed zape\u010det\u011bn\u00e9ho zbo\u017e\u00ed, kter\u00e9 nen\u00ed vhodn\u00e9 k vr\u00e1cen\u00ed z d\u016fvodu ochrany zdrav\u00ed nebo hygieny, pokud byla pe\u010de\u0165 po dod\u00e1n\u00ed odstran\u011bna;<\/li>\n\n\n\n<li>za dod\u00e1n\u00ed zbo\u017e\u00ed, pokud bylo toto zbo\u017e\u00ed po dod\u00e1n\u00ed neodd\u011bliteln\u011b sm\u00edch\u00e1no s jin\u00fdm zbo\u017e\u00edm vzhledem k jeho povaze;<\/li>\n<\/ul>\n\n\n\n<p>_______<\/p>\n\n\n\n<p><strong>Vzorov\u00fd formul\u00e1\u0159 pro zru\u0161en\u00ed<\/strong><\/p>\n\n\n\n<p>Pokud si p\u0159ejete smlouvu zru\u0161it, vypl\u0148te a vra\u0165te tento formul\u00e1\u0159.<br><strong>Pr\u00e1vo na odstoupen\u00ed od smlouvy je vylou\u010deno u pou\u017eit\u00fdch hygienick\u00fdch pot\u0159eb.<\/strong><\/p>\n\n\n\n<p>1. N\u00e1vrat na:<\/p>\n\n\n\n<p>VDS - Shipping and Data Service <br>c\/o Alaiko GmbH <br>Siemensstra\u00dfe 14<br>D-37412 Herzberg am Harz<br>Germany<br><br>E-mail: info@lavule.com<\/p>\n\n\n\n<p>2. Odvol\u00e1v\u00e1m\/odvol\u00e1v\u00e1me t\u00edmto smlouvu uzav\u0159enou mnou\/n\u00e1mi na n\u00e1kup n\u00e1sleduj\u00edc\u00edho zbo\u017e\u00ed\/poskytnut\u00ed n\u00e1sleduj\u00edc\u00edch slu\u017eeb.<br>Slu\u017eba (v p\u0159\u00edpad\u011b pot\u0159eby p\u0159ilo\u017ete kopii faktury)<br>Objednac\u00ed \u010d\u00edslo: ..........................................<br>Mno\u017estv\u00ed \/ n\u00e1zev zbo\u017e\u00ed: ...........................<br>Kupn\u00ed cena: ...................................................<br>U\u017e jste pou\u017eili? Pr\u00e1vo na odstoupen\u00ed od smlouvy je vylou\u010deno u pou\u017eit\u00fdch hygienick\u00fdch pot\u0159eb.<\/p>\n\n\n\n<p>3. Objedn\u00e1no na: ........................<\/p>\n\n\n\n<p>4. D\u016fvod: .............................................<\/p>\n\n\n\n<p>5. Obdr\u017eel dne: ........................<\/p>\n\n\n\n<p>6. Jm\u00e9no, adresa spot\u0159ebitele: ......<br>\u010c\u00edslo z\u00e1kazn\u00edka: ........................................<br>Jm\u00e9no a p\u0159\u00edjmen\u00ed: .................................<br>Ulice: .......................................................<br>Po\u0161tovn\u00ed sm\u011brovac\u00ed \u010d\u00edslo a m\u011bsto: ..................................................<\/p>\n\n\n\n<p>7. M\u00edsto, datum a podpis z\u00e1kazn\u00edka:<br>&#8230;&#8230;&#8230;&#8230;&#8230;&#8230;&#8230;&#8230;&#8230;&#8230;&#8230;&#8230;&#8230;&#8230;&#8230;&#8230;&#8230;.<\/p>","protected":false},"excerpt":{"rendered":"<p>Widerrufsrecht f\u00fcr Verbraucher Verbraucher ist jede nat\u00fcrliche Person, die ein Rechtsgesch\u00e4ft zu Zwecken abschlie\u00dft, die \u00fcberwiegend weder ihrer gewerblichen noch ihrer selbstst\u00e4ndigen beruflichen T\u00e4tigkeit zugerechnet werden kann. Widerrufsbelehrung Lavule Widerrufsrecht [&hellip;]<\/p>","protected":false},"author":1,"featured_media":0,"parent":0,"menu_order":0,"comment_status":"closed","ping_status":"closed","template":"","meta":{"_uag_custom_page_level_css":"","advgb_blocks_editor_width":"","advgb_blocks_columns_visual_guide":"","site-sidebar-layout":"default","site-content-layout":"default","ast-site-content-layout":"default","site-content-style":"default","site-sidebar-style":"default","ast-global-header-display":"","ast-banner-title-visibility":"","ast-main-header-display":"","ast-hfb-above-header-display":"","ast-hfb-below-header-display":"","ast-hfb-mobile-header-display":"","site-post-title":"","ast-breadcrumbs-content":"","ast-featured-img":"","footer-sml-layout":"","ast-disable-related-posts":"","theme-transparent-header-meta":"default","adv-header-id-meta":"","stick-header-meta":"default","header-above-stick-meta":"","header-main-stick-meta":"","header-below-stick-meta":"","astra-migrate-meta-layouts":"set","ast-page-background-enabled":"default","ast-page-background-meta":{"desktop":{"background-color":"","background-image":"","background-repeat":"repeat","background-position":"center center","background-size":"auto","background-attachment":"scroll","background-type":"","background-media":"","overlay-type":"","overlay-color":"","overlay-opacity":"","overlay-gradient":""},"tablet":{"background-color":"","background-image":"","background-repeat":"repeat","background-position":"center center","background-size":"auto","background-attachment":"scroll","background-type":"","background-media":"","overlay-type":"","overlay-color":"","overlay-opacity":"","overlay-gradient":""},"mobile":{"background-color":"","background-image":"","background-repeat":"repeat","background-position":"center center","background-size":"auto","background-attachment":"scroll","background-type":"","background-media":"","overlay-type":"","overlay-color":"","overlay-opacity":"","overlay-gradient":""}},"ast-content-background-meta":{"desktop":{"background-color":"var(--ast-global-color-5)","background-image":"","background-repeat":"repeat","background-position":"center center","background-size":"auto","background-attachment":"scroll","background-type":"","background-media":"","overlay-type":"","overlay-color":"","overlay-opacity":"","overlay-gradient":""},"tablet":{"background-color":"var(--ast-global-color-5)","background-image":"","background-repeat":"repeat","background-position":"center center","background-size":"auto","background-attachment":"scroll","background-type":"","background-media":"","overlay-type":"","overlay-color":"","overlay-opacity":"","overlay-gradient":""},"mobile":{"background-color":"var(--ast-global-color-5)","background-image":"","background-repeat":"repeat","background-position":"center center","background-size":"auto","background-attachment":"scroll","background-type":"","background-media":"","overlay-type":"","overlay-color":"","overlay-opacity":"","overlay-gradient":""}},"footnotes":""},"class_list":["post-15","page","type-page","status-publish","hentry"],"featured_image_src":null,"yoast_head":"<!-- This site is optimized with the Yoast SEO Premium plugin v23.4 (Yoast SEO v26.6) - https:\/\/yoast.com\/wordpress\/plugins\/seo\/ -->\n<title>Widerrufsrecht - Lavule<\/title>\n<meta name=\"robots\" content=\"noindex, nofollow\" \/>\n<meta property=\"og:locale\" content=\"cs_CZ\" \/>\n<meta property=\"og:type\" content=\"article\" \/>\n<meta property=\"og:title\" content=\"Widerrufsrecht\" \/>\n<meta property=\"og:description\" content=\"Widerrufsrecht f\u00fcr Verbraucher Verbraucher ist jede nat\u00fcrliche Person, die ein Rechtsgesch\u00e4ft zu Zwecken abschlie\u00dft, die \u00fcberwiegend weder ihrer gewerblichen noch ihrer selbstst\u00e4ndigen beruflichen T\u00e4tigkeit zugerechnet werden kann. Widerrufsbelehrung Lavule Widerrufsrecht [&hellip;]\" \/>\n<meta property=\"og:url\" content=\"https:\/\/lavule.com\/cs\/pravo-na-odvolani\/\" \/>\n<meta property=\"og:site_name\" content=\"Lavule\" \/>\n<meta property=\"article:modified_time\" content=\"2023-12-06T14:40:59+00:00\" \/>\n<meta property=\"og:image\" content=\"https:\/\/lavule.com\/wp-content\/uploads\/2023\/06\/Impra.jpg\" \/>\n<meta name=\"twitter:card\" content=\"summary_large_image\" \/>\n<meta name=\"twitter:label1\" content=\"Odhadovan\u00e1 doba \u010dten\u00ed\" \/>\n\t<meta name=\"twitter:data1\" content=\"5 minut\" \/>\n<script type=\"application\/ld+json\" class=\"yoast-schema-graph\">{\"@context\":\"https:\/\/schema.org\",\"@graph\":[{\"@type\":\"WebPage\",\"@id\":\"https:\/\/lavule.com\/widerrufsrecht\/\",\"url\":\"https:\/\/lavule.com\/widerrufsrecht\/\",\"name\":\"Widerrufsrecht - Lavule\",\"isPartOf\":{\"@id\":\"https:\/\/lavule.com\/de\/#website\"},\"primaryImageOfPage\":{\"@id\":\"https:\/\/lavule.com\/widerrufsrecht\/#primaryimage\"},\"image\":{\"@id\":\"https:\/\/lavule.com\/widerrufsrecht\/#primaryimage\"},\"thumbnailUrl\":\"https:\/\/lavule.com\/wp-content\/uploads\/2023\/06\/Impra.jpg\",\"datePublished\":\"2021-09-27T05:23:42+00:00\",\"dateModified\":\"2023-12-06T14:40:59+00:00\",\"breadcrumb\":{\"@id\":\"https:\/\/lavule.com\/widerrufsrecht\/#breadcrumb\"},\"inLanguage\":\"cs\",\"potentialAction\":[{\"@type\":\"ReadAction\",\"target\":[\"https:\/\/lavule.com\/widerrufsrecht\/\"]}]},{\"@type\":\"ImageObject\",\"inLanguage\":\"cs\",\"@id\":\"https:\/\/lavule.com\/widerrufsrecht\/#primaryimage\",\"url\":\"https:\/\/lavule.com\/wp-content\/uploads\/2023\/06\/Impra.jpg\",\"contentUrl\":\"https:\/\/lavule.com\/wp-content\/uploads\/2023\/06\/Impra.jpg\"},{\"@type\":\"BreadcrumbList\",\"@id\":\"https:\/\/lavule.com\/widerrufsrecht\/#breadcrumb\",\"itemListElement\":[{\"@type\":\"ListItem\",\"position\":1,\"name\":\"LAVULE\",\"item\":\"https:\/\/lavule.com\/\"},{\"@type\":\"ListItem\",\"position\":2,\"name\":\"Widerrufsrecht\"}]},{\"@type\":\"WebSite\",\"@id\":\"https:\/\/lavule.com\/de\/#website\",\"url\":\"https:\/\/lavule.com\/de\/\",\"name\":\"Lavule\",\"description\":\"Augenringe Serum\",\"publisher\":{\"@id\":\"https:\/\/lavule.com\/de\/#organization\"},\"potentialAction\":[{\"@type\":\"SearchAction\",\"target\":{\"@type\":\"EntryPoint\",\"urlTemplate\":\"https:\/\/lavule.com\/de\/?s={search_term_string}\"},\"query-input\":{\"@type\":\"PropertyValueSpecification\",\"valueRequired\":true,\"valueName\":\"search_term_string\"}}],\"inLanguage\":\"cs\"},{\"@type\":\"Organization\",\"@id\":\"https:\/\/lavule.com\/de\/#organization\",\"name\":\"Lavule\",\"url\":\"https:\/\/lavule.com\/de\/\",\"logo\":{\"@type\":\"ImageObject\",\"inLanguage\":\"cs\",\"@id\":\"https:\/\/lavule.com\/de\/#\/schema\/logo\/image\/\",\"url\":\"https:\/\/lavule.com\/wp-content\/uploads\/2021\/11\/cropped-Lavule.png\",\"contentUrl\":\"https:\/\/lavule.com\/wp-content\/uploads\/2021\/11\/cropped-Lavule.png\",\"width\":243,\"height\":96,\"caption\":\"Lavule\"},\"image\":{\"@id\":\"https:\/\/lavule.com\/de\/#\/schema\/logo\/image\/\"},\"sameAs\":[\"https:\/\/www.instagram.com\/lavule_official\/\"]}]}<\/script>\n<!-- \/ Yoast SEO Premium plugin. -->","yoast_head_json":{"title":"Pr\u00e1vo na odstoupen\u00ed od smlouvy - Lavule","robots":{"index":"noindex","follow":"nofollow"},"og_locale":"cs_CZ","og_type":"article","og_title":"Widerrufsrecht","og_description":"Widerrufsrecht f\u00fcr Verbraucher Verbraucher ist jede nat\u00fcrliche Person, die ein Rechtsgesch\u00e4ft zu Zwecken abschlie\u00dft, die \u00fcberwiegend weder ihrer gewerblichen noch ihrer selbstst\u00e4ndigen beruflichen T\u00e4tigkeit zugerechnet werden kann. Widerrufsbelehrung Lavule Widerrufsrecht [&hellip;]","og_url":"https:\/\/lavule.com\/cs\/pravo-na-odvolani\/","og_site_name":"Lavule","article_modified_time":"2023-12-06T14:40:59+00:00","og_image":[{"url":"https:\/\/lavule.com\/wp-content\/uploads\/2023\/06\/Impra.jpg","type":"","width":"","height":""}],"twitter_card":"summary_large_image","twitter_misc":{"Odhadovan\u00e1 doba \u010dten\u00ed":"5 minut"},"schema":{"@context":"https:\/\/schema.org","@graph":[{"@type":"WebPage","@id":"https:\/\/lavule.com\/widerrufsrecht\/","url":"https:\/\/lavule.com\/widerrufsrecht\/","name":"Pr\u00e1vo na odstoupen\u00ed od smlouvy - Lavule","isPartOf":{"@id":"https:\/\/lavule.com\/de\/#website"},"primaryImageOfPage":{"@id":"https:\/\/lavule.com\/widerrufsrecht\/#primaryimage"},"image":{"@id":"https:\/\/lavule.com\/widerrufsrecht\/#primaryimage"},"thumbnailUrl":"https:\/\/lavule.com\/wp-content\/uploads\/2023\/06\/Impra.jpg","datePublished":"2021-09-27T05:23:42+00:00","dateModified":"2023-12-06T14:40:59+00:00","breadcrumb":{"@id":"https:\/\/lavule.com\/widerrufsrecht\/#breadcrumb"},"inLanguage":"cs","potentialAction":[{"@type":"ReadAction","target":["https:\/\/lavule.com\/widerrufsrecht\/"]}]},{"@type":"ImageObject","inLanguage":"cs","@id":"https:\/\/lavule.com\/widerrufsrecht\/#primaryimage","url":"https:\/\/lavule.com\/wp-content\/uploads\/2023\/06\/Impra.jpg","contentUrl":"https:\/\/lavule.com\/wp-content\/uploads\/2023\/06\/Impra.jpg"},{"@type":"BreadcrumbList","@id":"https:\/\/lavule.com\/widerrufsrecht\/#breadcrumb","itemListElement":[{"@type":"ListItem","position":1,"name":"LAVULE","item":"https:\/\/lavule.com\/"},{"@type":"ListItem","position":2,"name":"Widerrufsrecht"}]},{"@type":"WebSite","@id":"https:\/\/lavule.com\/de\/#website","url":"https:\/\/lavule.com\/de\/","name":"Lavule","description":"S\u00e9rum na o\u010dn\u00ed kruhy","publisher":{"@id":"https:\/\/lavule.com\/de\/#organization"},"potentialAction":[{"@type":"SearchAction","target":{"@type":"EntryPoint","urlTemplate":"https:\/\/lavule.com\/de\/?s={search_term_string}"},"query-input":{"@type":"PropertyValueSpecification","valueRequired":true,"valueName":"search_term_string"}}],"inLanguage":"cs"},{"@type":"Organization","@id":"https:\/\/lavule.com\/de\/#organization","name":"Lavule","url":"https:\/\/lavule.com\/de\/","logo":{"@type":"ImageObject","inLanguage":"cs","@id":"https:\/\/lavule.com\/de\/#\/schema\/logo\/image\/","url":"https:\/\/lavule.com\/wp-content\/uploads\/2021\/11\/cropped-Lavule.png","contentUrl":"https:\/\/lavule.com\/wp-content\/uploads\/2021\/11\/cropped-Lavule.png","width":243,"height":96,"caption":"Lavule"},"image":{"@id":"https:\/\/lavule.com\/de\/#\/schema\/logo\/image\/"},"sameAs":["https:\/\/www.instagram.com\/lavule_official\/"]}]}},"uagb_featured_image_src":{"full":false,"thumbnail":false,"medium":false,"medium_large":false,"large":false,"1536x1536":false,"2048x2048":false,"trp-custom-language-flag":false,"woocommerce_thumbnail":false,"woocommerce_single":false,"woocommerce_gallery_thumbnail":false},"uagb_author_info":{"display_name":"Kerem085","author_link":"https:\/\/lavule.com\/cs\/author\/kerem085\/"},"uagb_comment_info":0,"uagb_excerpt":"Widerrufsrecht f\u00fcr Verbraucher Verbraucher ist jede nat\u00fcrliche Person, die ein Rechtsgesch\u00e4ft zu Zwecken abschlie\u00dft, die \u00fcberwiegend weder ihrer gewerblichen noch ihrer selbstst\u00e4ndigen beruflichen T\u00e4tigkeit zugerechnet werden kann. Widerrufsbelehrung Lavule Widerrufsrecht [&hellip;]","coauthors":[],"author_meta":{"author_link":"https:\/\/lavule.com\/cs\/author\/kerem085\/","display_name":"Kerem085"},"relative_dates":{"created":"Posted 5 roky ago","modified":"Updated 2 roky ago"},"absolute_dates":{"created":"Posted on 27 z\u00e1\u0159\u00ed, 2021","modified":"Updated on 6 prosince, 2023"},"absolute_dates_time":{"created":"Posted on 27 z\u00e1\u0159\u00ed, 2021 5:23 am","modified":"Updated on 6 prosince, 2023 3:40 pm"},"featured_img_caption":"","featured_img":false,"series_order":"","_links":{"self":[{"href":"https:\/\/lavule.com\/cs\/wp-json\/wp\/v2\/pages\/15","targetHints":{"allow":["GET"]}}],"collection":[{"href":"https:\/\/lavule.com\/cs\/wp-json\/wp\/v2\/pages"}],"about":[{"href":"https:\/\/lavule.com\/cs\/wp-json\/wp\/v2\/types\/page"}],"author":[{"embeddable":true,"href":"https:\/\/lavule.com\/cs\/wp-json\/wp\/v2\/users\/1"}],"replies":[{"embeddable":true,"href":"https:\/\/lavule.com\/cs\/wp-json\/wp\/v2\/comments?post=15"}],"version-history":[{"count":4,"href":"https:\/\/lavule.com\/cs\/wp-json\/wp\/v2\/pages\/15\/revisions"}],"predecessor-version":[{"id":1921,"href":"https:\/\/lavule.com\/cs\/wp-json\/wp\/v2\/pages\/15\/revisions\/1921"}],"wp:attachment":[{"href":"https:\/\/lavule.com\/cs\/wp-json\/wp\/v2\/media?parent=15"}],"curies":[{"name":"wp","href":"https:\/\/api.w.org\/{rel}","templated":true}]}}