{"id":14,"date":"2021-09-27T05:23:42","date_gmt":"2021-09-27T05:23:42","guid":{"rendered":"https:\/\/lavule.com\/?page_id=14"},"modified":"2023-06-27T10:02:47","modified_gmt":"2023-06-27T10:02:47","slug":"agb","status":"publish","type":"page","link":"https:\/\/lavule.com\/cs\/agb\/","title":{"rendered":"GT&amp;C"},"content":{"rendered":"<p><strong>V\u0161eobecn\u00e9 obchodn\u00ed podm\u00ednky a informace pro z\u00e1kazn\u00edky<\/strong><\/p>\n\n\n\n<p>I. Obecn\u00e9 podm\u00ednky<\/p>\n\n\n\n<p>\u00a7 1 Z\u00e1kladn\u00ed ustanoven\u00ed<\/p>\n\n\n\n<p>(1) N\u00e1sleduj\u00edc\u00ed podm\u00ednky se vztahuj\u00ed na v\u0161echny smlouvy, kter\u00e9 s n\u00e1mi jako poskytovatelem (Lavule) uzav\u0159ete prost\u0159ednictv\u00edm webov\u00fdch str\u00e1nek www.lavule.com. Nen\u00ed-li dohodnuto jinak, je nam\u00edt\u00e1no zahrnut\u00ed jak\u00fdchkoli va\u0161ich vlastn\u00edch podm\u00ednek, kter\u00e9 m\u016f\u017eete pou\u017e\u00edt.<\/p>\n\n\n\n<p>(2) Spot\u0159ebitelem ve smyslu n\u00e1sleduj\u00edc\u00edch ustanoven\u00ed je ka\u017ed\u00e1 fyzick\u00e1 osoba, kter\u00e1 uzav\u00edr\u00e1 pr\u00e1vn\u00ed \u00fakon za \u00fa\u010delem, kter\u00fd nelze p\u0159ev\u00e1\u017en\u011b p\u0159i\u010d\u00edtat ani jej\u00ed podnikatelsk\u00e9, ani jej\u00ed nez\u00e1visl\u00e9 profesn\u00ed \u010dinnosti. Podnikatelem je ka\u017ed\u00e1 fyzick\u00e1 nebo pr\u00e1vnick\u00e1 osoba nebo spole\u010dnost s pr\u00e1vn\u00ed subjektivitou, kter\u00e1 p\u0159i uzav\u00edr\u00e1n\u00ed pr\u00e1vn\u00edho \u00fakonu jedn\u00e1 v r\u00e1mci sv\u00e9 samostatn\u00e9 profesion\u00e1ln\u00ed nebo podnikatelsk\u00e9 \u010dinnosti.<\/p>\n\n\n\n<p>\u00a7 2 Uzav\u0159en\u00ed smlouvy<\/p>\n\n\n\n<p>(1) P\u0159edm\u011btem smlouvy je prodej zbo\u017e\u00ed.<\/p>\n\n\n\n<p>(2) Um\u00edst\u011bn\u00edm p\u0159\u00edslu\u0161n\u00e9ho produktu na na\u0161ich webov\u00fdch str\u00e1nk\u00e1ch v\u00e1m p\u0159edkl\u00e1d\u00e1me z\u00e1vazn\u00fd n\u00e1vrh na uzav\u0159en\u00ed smlouvy za podm\u00ednek uveden\u00fdch v popisu zbo\u017e\u00ed.<\/p>\n\n\n\n<p>(3) Smlouva se uzav\u00edr\u00e1 prost\u0159ednictv\u00edm online n\u00e1kupn\u00edho ko\u0161\u00edku takto:<br>Zbo\u017e\u00ed ur\u010den\u00e9 k n\u00e1kupu se vlo\u017e\u00ed do \"n\u00e1kupn\u00edho ko\u0161\u00edku\". \"N\u00e1kupn\u00ed ko\u0161\u00edk\" m\u016f\u017eete kdykoli vyvolat p\u0159\u00edslu\u0161n\u00fdm tla\u010d\u00edtkem v naviga\u010dn\u00ed li\u0161t\u011b a prov\u00e9st v n\u011bm zm\u011bny.<br>Po vyvol\u00e1n\u00ed str\u00e1nky \"Pokladna\" a zad\u00e1n\u00ed osobn\u00edch \u00fadaj\u016f a platebn\u00edch a dodac\u00edch podm\u00ednek se v\u0161echny \u00fadaje o objedn\u00e1vce nakonec op\u011bt zobraz\u00ed na str\u00e1nce s p\u0159ehledem objedn\u00e1vek.<br>Pokud jako platebn\u00ed metodu pou\u017eijete syst\u00e9m okam\u017eit\u00fdch plateb (nap\u0159. PayPal \/ PayPal Express \/ PayPal Plus, Amazon Payments, Postpay, Sofort\u00fcberweisung), budete bu\u010f p\u0159esm\u011brov\u00e1ni na str\u00e1nku s p\u0159ehledem objedn\u00e1vek v na\u0161em internetov\u00e9m obchod\u011b, nebo budete nejprve p\u0159esm\u011brov\u00e1ni na webov\u00e9 str\u00e1nky poskytovatele syst\u00e9mu okam\u017eit\u00fdch plateb.<br>Pokud budete p\u0159esm\u011brov\u00e1ni na p\u0159\u00edslu\u0161n\u00fd syst\u00e9m okam\u017eit\u00fdch plateb, prove\u010fte p\u0159\u00edslu\u0161nou volbu nebo zadejte sv\u00e9 \u00fadaje tam. Nakonec budete p\u0159esm\u011brov\u00e1ni zp\u011bt do na\u0161eho internetov\u00e9ho obchodu na str\u00e1nku s p\u0159ehledem objedn\u00e1vek.<br>P\u0159ed odesl\u00e1n\u00edm objedn\u00e1vky m\u00e1te mo\u017enost znovu zkontrolovat v\u0161echny \u00fadaje, zm\u011bnit je (tak\u00e9 prost\u0159ednictv\u00edm funkce \"zp\u011bt\" internetov\u00e9ho prohl\u00ed\u017ee\u010de) nebo n\u00e1kup zru\u0161it.<br>Odesl\u00e1n\u00edm objedn\u00e1vky prost\u0159ednictv\u00edm tla\u010d\u00edtka \"koupit nyn\u00ed\" prohla\u0161ujete, \u017ee nab\u00eddku pr\u00e1vn\u011b z\u00e1vazn\u011b p\u0159ij\u00edm\u00e1te, \u010d\u00edm\u017e doch\u00e1z\u00ed k uzav\u0159en\u00ed smlouvy.<\/p>\n\n\n\n<p>(4) Va\u0161e \u017e\u00e1dosti o vypracov\u00e1n\u00ed nab\u00eddky jsou pro v\u00e1s nez\u00e1vazn\u00e9. Z\u00e1vaznou nab\u00eddku v\u00e1m p\u0159edlo\u017e\u00edme v textov\u00e9 podob\u011b (nap\u0159. e-mailem), kterou m\u016f\u017eete p\u0159ijmout do 5 dn\u016f.<\/p>\n\n\n\n<p>(5) Zpracov\u00e1n\u00ed objedn\u00e1vky a p\u0159ed\u00e1n\u00ed v\u0161ech informac\u00ed pot\u0159ebn\u00fdch v souvislosti s uzav\u0159en\u00edm smlouvy se prov\u00e1d\u00ed e-mailem, \u010d\u00e1ste\u010dn\u011b automaticky. Mus\u00edte se proto ujistit, \u017ee e-mailov\u00e1 adresa, kterou jste n\u00e1m poskytli, je spr\u00e1vn\u00e1, \u017ee p\u0159\u00edjem e-mail\u016f je technicky zaru\u010den a zejm\u00e9na \u017ee mu nebr\u00e1n\u00ed SPAM filtry.<\/p>\n\n\n\n<p>\u00a7 3 Doba trv\u00e1n\u00ed smlouvy \/ ukon\u010den\u00ed<\/p>\n\n\n\n<p>Pokud se smlouva t\u00fdk\u00e1 opakuj\u00edc\u00edch se\/trval\u00fdch slu\u017eeb (p\u0159edplatn\u00e9), je smlouva uzav\u0159ena na dobu neur\u010ditou. Ka\u017ed\u00e1 smluvn\u00ed strana m\u00e1 pr\u00e1vo takovou smlouvu vypov\u011bd\u011bt bez v\u00fdpov\u011bdn\u00ed lh\u016fty a\u017e do data p\u0159\u00ed\u0161t\u00ed dod\u00e1vky bez ud\u00e1n\u00ed d\u016fvodu. Pr\u00e1vo na mimo\u0159\u00e1dnou v\u00fdpov\u011b\u010f z dobr\u00e9ho d\u016fvodu, zejm\u00e9na p\u0159i opakovan\u00e9m poru\u0161en\u00ed hlavn\u00edch smluvn\u00edch povinnost\u00ed, z\u016fst\u00e1v\u00e1 nedot\u010deno.<\/p>\n\n\n\n<p>Zru\u0161en\u00ed lze prov\u00e9st v z\u00e1kaznick\u00e9m \u00fa\u010dtu prost\u0159ednictv\u00edm polo\u017eky nab\u00eddky \"P\u0159edplatn\u00e9\" a tam prost\u0159ednictv\u00edm \"Formul\u00e1\u0159e pro zru\u0161en\u00ed\" nebo textov\u011b (po\u0161tou nebo e-mailem).<\/p>\n\n\n\n<p>\u00a7 4 Zadr\u017eovac\u00ed pr\u00e1vo, v\u00fdhrada vlastnictv\u00ed<\/p>\n\n\n\n<p>(1) Zadr\u017eovac\u00ed pr\u00e1vo m\u016f\u017eete uplatnit pouze v p\u0159\u00edpad\u011b, \u017ee se t\u00fdk\u00e1 pohled\u00e1vek z t\u00e9ho\u017e smluvn\u00edho vztahu.<\/p>\n\n\n\n<p>(2) Zbo\u017e\u00ed z\u016fst\u00e1v\u00e1 na\u0161\u00edm majetkem a\u017e do \u00fapln\u00e9ho zaplacen\u00ed kupn\u00ed ceny.<\/p>\n\n\n\n<p>\u00a7 5 Odpov\u011bdnost<\/p>\n\n\n\n<p>(1) V ka\u017ed\u00e9m p\u0159\u00edpad\u011b odpov\u00edd\u00e1me bez omezen\u00ed za \u0161kody vznikl\u00e9 v d\u016fsledku \u00fajmy na \u017eivot\u011b, zdrav\u00ed nebo zdrav\u00ed. D\u00e1le odpov\u00edd\u00e1me bez omezen\u00ed ve v\u0161ech p\u0159\u00edpadech \u00famyslu a hrub\u00e9 nedbalosti, v p\u0159\u00edpad\u011b podvodn\u00e9ho zatajen\u00ed vady, v p\u0159\u00edpad\u011b p\u0159evzet\u00ed z\u00e1ruky za jakost p\u0159edm\u011btu koup\u011b a ve v\u0161ech dal\u0161\u00edch p\u0159\u00edpadech upraven\u00fdch z\u00e1konem.<\/p>\n\n\n\n<p>(2) Odpov\u011bdnost za vady v r\u00e1mci z\u00e1konn\u00e9 z\u00e1ruky se \u0159\u00edd\u00ed p\u0159\u00edslu\u0161n\u00fdm ustanoven\u00edm v na\u0161ich informac\u00edch pro z\u00e1kazn\u00edky (\u010d\u00e1st II).<\/p>\n\n\n\n<p>(3) Pokud jsou dot\u010deny podstatn\u00e9 smluvn\u00ed povinnosti, je na\u0161e odpov\u011bdnost za lehkou nedbalost omezena na p\u0159edv\u00eddatelnou \u0161kodu typickou pro danou smlouvu. Podstatn\u00fdmi smluvn\u00edmi povinnostmi se rozum\u00ed podstatn\u00e9 povinnosti, kter\u00e9 vypl\u00fdvaj\u00ed z povahy smlouvy a jejich\u017e poru\u0161en\u00ed by ohrozilo dosa\u017een\u00ed \u00fa\u010delu smlouvy, jako\u017e i povinnosti, kter\u00e9 n\u00e1m smlouva podle sv\u00e9ho obsahu ukl\u00e1d\u00e1 k dosa\u017een\u00ed \u00fa\u010delu smlouvy, jejich\u017e spln\u011bn\u00ed umo\u017e\u0148uje p\u0159edev\u0161\u00edm \u0159\u00e1dn\u00e9 pln\u011bn\u00ed smlouvy a na jejich\u017e dodr\u017een\u00ed se m\u016f\u017eete pravideln\u011b spol\u00e9hat.<\/p>\n\n\n\n<p>(4) V p\u0159\u00edpad\u011b poru\u0161en\u00ed nepodstatn\u00fdch smluvn\u00edch povinnost\u00ed je odpov\u011bdnost vylou\u010dena v p\u0159\u00edpad\u011b lehce nedbalostn\u00edho poru\u0161en\u00ed povinnost\u00ed.<\/p>\n\n\n\n<p>(5) Podle sou\u010dasn\u00e9ho stavu techniky nelze zaru\u010dit, \u017ee datov\u00e1 komunikace prost\u0159ednictv\u00edm internetu bude v\u017edy bezchybn\u00e1 a\/nebo dostupn\u00e1. V tomto ohledu neru\u010d\u00edme za st\u00e1lou ani nep\u0159etr\u017eitou dostupnost webov\u00fdch str\u00e1nek a slu\u017eeb na nich nab\u00edzen\u00fdch.<\/p>\n\n\n\n<p>\u00a7 6 Volba pr\u00e1va, m\u00edsto pln\u011bn\u00ed, soudn\u00ed p\u0159\u00edslu\u0161nost<\/p>\n\n\n\n<p>(1) Pou\u017eije se n\u011bmeck\u00e9 pr\u00e1vo. V p\u0159\u00edpad\u011b spot\u0159ebitel\u016f se tato volba pr\u00e1va pou\u017eije pouze tehdy, pokud v d\u016fsledku toho nedojde ke zru\u0161en\u00ed ochrany poskytovan\u00e9 kogentn\u00edmi ustanoven\u00edmi pr\u00e1va st\u00e1tu obvykl\u00e9ho bydli\u0161t\u011b spot\u0159ebitele (z\u00e1sada p\u0159\u00edznivosti).<\/p>\n\n\n\n<p>(2) M\u00edstem pln\u011bn\u00ed v\u0161ech slu\u017eeb vypl\u00fdvaj\u00edc\u00edch z obchodn\u00edch vztah\u016f s n\u00e1mi, jako\u017e i m\u00edstem p\u0159\u00edslu\u0161nosti je na\u0161e s\u00eddlo, pokud nejste spot\u0159ebitelem, ale obchodn\u00edkem, pr\u00e1vnickou osobou ve\u0159ejn\u00e9ho pr\u00e1va nebo zvl\u00e1\u0161tn\u00edm fondem ve\u0159ejn\u00e9ho pr\u00e1va. Tot\u00e9\u017e plat\u00ed v p\u0159\u00edpad\u011b, \u017ee nem\u00e1te obecnou soudn\u00ed p\u0159\u00edslu\u0161nost v N\u011bmecku nebo v EU, nebo pokud v dob\u011b pod\u00e1n\u00ed \u017ealoby nen\u00ed zn\u00e1mo va\u0161e bydli\u0161t\u011b nebo m\u00edsto obvykl\u00e9ho pobytu. Pr\u00e1vo podat \u017ealobu tak\u00e9 u soudu v jin\u00e9m z\u00e1konem stanoven\u00e9m m\u00edst\u011b p\u0159\u00edslu\u0161nosti t\u00edm nen\u00ed dot\u010deno.<\/p>\n\n\n\n<p>(3) Ustanoven\u00ed \u00damluvy OSN o smlouv\u00e1ch o mezin\u00e1rodn\u00ed koupi zbo\u017e\u00ed se v\u00fdslovn\u011b nepou\u017eij\u00ed.<\/p>\n\n\n\n<p>_______<\/p>\n\n\n\n<p>II. Informace o z\u00e1kazn\u00edc\u00edch<\/p>\n\n\n\n<p>1. Toto\u017enost prod\u00e1vaj\u00edc\u00edho<\/p>\n\n\n\n<figure class=\"wp-block-image size-full is-resized\"><img loading=\"lazy\" decoding=\"async\" src=\"https:\/\/lavule.com\/wp-content\/uploads\/2023\/06\/Press.png\" alt=\"\" class=\"wp-image-514\" width=\"248\" height=\"176\" srcset=\"https:\/\/lavule.com\/wp-content\/uploads\/2023\/06\/Press.png 549w, https:\/\/lavule.com\/wp-content\/uploads\/2023\/06\/Press-300x213.png 300w, https:\/\/lavule.com\/wp-content\/uploads\/2023\/06\/Press-18x12.png 18w\" sizes=\"auto, (max-width: 248px) 100vw, 248px\" \/><\/figure>\n\n\n\n<p>Evropsk\u00e1 komise poskytuje platformu pro mimosoudn\u00ed \u0159e\u0161en\u00ed spor\u016f online (platforma ODR), kter\u00e1 je p\u0159\u00edstupn\u00e1 na adrese&nbsp;<a href=\"http:\/\/ec.europa.eu\/odr\" target=\"_blank\" rel=\"noreferrer noopener\">http:\/\/ec.europa.eu\/odr<\/a>.<\/p>\n\n\n\n<p>2. Informace o uzav\u0159en\u00ed smlouvy<\/p>\n\n\n\n<p>Technick\u00e9 kroky pro uzav\u0159en\u00ed smlouvy, samotn\u00e9 uzav\u0159en\u00ed smlouvy a mo\u017enosti oprav se prov\u00e1d\u011bj\u00ed v souladu s \u00a7 2 na\u0161ich V\u0161eobecn\u00fdch obchodn\u00edch podm\u00ednek (\u010d\u00e1st I.).<\/p>\n\n\n\n<p>3. Jazyk smlouvy, ukl\u00e1d\u00e1n\u00ed textu smlouvy<\/p>\n\n\n\n<p>3.1. Smluvn\u00edm jazykem je angli\u010dtina.<\/p>\n\n\n\n<p>3.2 \u00dapln\u00e9 zn\u011bn\u00ed smlouvy neukl\u00e1d\u00e1me. P\u0159ed odesl\u00e1n\u00edm objedn\u00e1vky prost\u0159ednictv\u00edm syst\u00e9mu online n\u00e1kupn\u00edho ko\u0161\u00edku lze \u00fadaje smlouvy vytisknout nebo elektronicky ulo\u017eit pomoc\u00ed funkce tisku v prohl\u00ed\u017ee\u010di. Po p\u0159ijet\u00ed objedn\u00e1vky n\u00e1mi v\u00e1m budou \u00fadaje o objedn\u00e1vce, z\u00e1konem po\u017eadovan\u00e9 informace pro smlouvy uzav\u00edran\u00e9 na d\u00e1lku a v\u0161eobecn\u00e9 obchodn\u00ed podm\u00ednky op\u011bt zasl\u00e1ny e-mailem.<\/p>\n\n\n\n<p>3.3 V p\u0159\u00edpad\u011b \u017e\u00e1dost\u00ed o cenovou nab\u00eddku mimo syst\u00e9m online n\u00e1kupn\u00edho ko\u0161\u00edku obdr\u017e\u00edte ve\u0161ker\u00e9 smluvn\u00ed \u00fadaje jako sou\u010d\u00e1st z\u00e1vazn\u00e9 nab\u00eddky v textov\u00e9 podob\u011b, nap\u0159. e-mailem, kter\u00fd si m\u016f\u017eete vytisknout nebo ulo\u017eit v elektronick\u00e9 podob\u011b.<\/p>\n\n\n\n<p>4. Z\u00e1kladn\u00ed charakteristiky zbo\u017e\u00ed nebo slu\u017eeb<\/p>\n\n\n\n<p>Z\u00e1kladn\u00ed charakteristiky zbo\u017e\u00ed a\/nebo slu\u017eeb jsou uvedeny v p\u0159\u00edslu\u0161n\u00e9 nab\u00eddce.<\/p>\n\n\n\n<p>5. Ceny a zp\u016fsoby platby<\/p>\n\n\n\n<p>5.1 Ceny uveden\u00e9 v p\u0159\u00edslu\u0161n\u00fdch nab\u00eddk\u00e1ch a n\u00e1klady na dopravu p\u0159edstavuj\u00ed celkov\u00e9 ceny. Zahrnuj\u00ed v\u0161echny slo\u017eky ceny v\u010detn\u011b v\u0161ech platn\u00fdch dan\u00ed.<\/p>\n\n\n\n<p>5.2 Vznikl\u00e9 n\u00e1klady na dopravu nejsou zahrnuty v kupn\u00ed cen\u011b. Lze je vyvolat prost\u0159ednictv\u00edm p\u0159\u00edslu\u0161n\u011b ozna\u010den\u00e9ho tla\u010d\u00edtka na na\u0161ich webov\u00fdch str\u00e1nk\u00e1ch nebo v p\u0159\u00edslu\u0161n\u00e9 nab\u00eddce, jsou uvedeny samostatn\u011b v pr\u016fb\u011bhu objedn\u00e1vkov\u00e9ho procesu a hrad\u00edte je dodate\u010dn\u011b, pokud nebylo p\u0159isl\u00edbeno doru\u010den\u00ed zdarma.<\/p>\n\n\n\n<p>5.3 Zp\u016fsoby platby, kter\u00e9 m\u00e1te k dispozici, jsou uvedeny pod p\u0159\u00edslu\u0161n\u00fdm tla\u010d\u00edtkem na na\u0161ich webov\u00fdch str\u00e1nk\u00e1ch nebo v p\u0159\u00edslu\u0161n\u00e9 nab\u00eddce.<\/p>\n\n\n\n<p>5.4 Nen\u00ed-li v jednotliv\u00fdch zp\u016fsobech platby uvedeno jinak, jsou platebn\u00ed n\u00e1roky vypl\u00fdvaj\u00edc\u00ed z uzav\u0159en\u00e9 smlouvy splatn\u00e9 okam\u017eit\u011b.<\/p>\n\n\n\n<p>6. Dodac\u00ed podm\u00ednky<\/p>\n\n\n\n<p>6.1 Dodac\u00ed podm\u00ednky, term\u00edn dod\u00e1n\u00ed a p\u0159\u00edpadn\u00e1 omezen\u00ed dod\u00e1n\u00ed naleznete pod p\u0159\u00edslu\u0161n\u00fdm tla\u010d\u00edtkem na na\u0161ich webov\u00fdch str\u00e1nk\u00e1ch nebo v p\u0159\u00edslu\u0161n\u00e9 nab\u00eddce.<\/p>\n\n\n\n<p>6.2 Jste-li spot\u0159ebitel, je z\u00e1konem upraveno, \u017ee nebezpe\u010d\u00ed n\u00e1hodn\u00e9 ztr\u00e1ty a n\u00e1hodn\u00e9ho zhor\u0161en\u00ed stavu prod\u00e1van\u00e9 v\u011bci b\u011bhem p\u0159epravy na v\u00e1s p\u0159ech\u00e1z\u00ed a\u017e p\u0159i p\u0159ed\u00e1n\u00ed zbo\u017e\u00ed, a to bez ohledu na to, zda je z\u00e1silka poji\u0161t\u011bna nebo nepoji\u0161t\u011bna. To neplat\u00ed, pokud jste samostatn\u011b pov\u011b\u0159ili p\u0159epravn\u00ed spole\u010dnost, kterou podnikatel nejmenoval, nebo osobu jinak ur\u010denou k proveden\u00ed p\u0159epravy.<\/p>\n\n\n\n<p>7. Z\u00e1konn\u00e1 odpov\u011bdnost za vady<\/p>\n\n\n\n<p>7.1 Plat\u00ed z\u00e1konn\u00e1 pr\u00e1va z odpov\u011bdnosti za vady.<\/p>\n\n\n\n<p>7.2 Jako spot\u0159ebitel jste povinni zkontrolovat zbo\u017e\u00ed ihned po dod\u00e1n\u00ed z hlediska \u00faplnosti, zjevn\u00fdch vad a po\u0161kozen\u00ed p\u0159i p\u0159eprav\u011b a co nejd\u0159\u00edve n\u00e1s a dopravce informovat o p\u0159\u00edpadn\u00fdch reklamac\u00edch. Pokud toto nedodr\u017e\u00edte, nebude to m\u00edt \u017e\u00e1dn\u00fd vliv na va\u0161e z\u00e1konn\u00e9 z\u00e1ru\u010dn\u00ed n\u00e1roky.<\/p>","protected":false},"excerpt":{"rendered":"<p>Allgemeine Gesch\u00e4ftsbedingungen und Kundeninformationen I. Allgemeine Gesch\u00e4ftsbedingungen \u00a7 1 Grundlegende Bestimmungen (1) Die nachstehenden Gesch\u00e4ftsbedingungen gelten f\u00fcr alle Vertr\u00e4ge, die Sie mit uns als Anbieter (Lavule) \u00fcber die Internetseite www.lavule.com [&hellip;]<\/p>","protected":false},"author":1,"featured_media":0,"parent":0,"menu_order":0,"comment_status":"closed","ping_status":"closed","template":"","meta":{"_uag_custom_page_level_css":"","advgb_blocks_editor_width":"","advgb_blocks_columns_visual_guide":"","site-sidebar-layout":"default","site-content-layout":"default","ast-site-content-layout":"default","site-content-style":"default","site-sidebar-style":"default","ast-global-header-display":"","ast-banner-title-visibility":"","ast-main-header-display":"","ast-hfb-above-header-display":"","ast-hfb-below-header-display":"","ast-hfb-mobile-header-display":"","site-post-title":"","ast-breadcrumbs-content":"","ast-featured-img":"","footer-sml-layout":"","ast-disable-related-posts":"","theme-transparent-header-meta":"default","adv-header-id-meta":"","stick-header-meta":"default","header-above-stick-meta":"","header-main-stick-meta":"","header-below-stick-meta":"","astra-migrate-meta-layouts":"default","ast-page-background-enabled":"default","ast-page-background-meta":{"desktop":{"background-color":"","background-image":"","background-repeat":"repeat","background-position":"center center","background-size":"auto","background-attachment":"scroll","background-type":"","background-media":"","overlay-type":"","overlay-color":"","overlay-opacity":"","overlay-gradient":""},"tablet":{"background-color":"","background-image":"","background-repeat":"repeat","background-position":"center center","background-size":"auto","background-attachment":"scroll","background-type":"","background-media":"","overlay-type":"","overlay-color":"","overlay-opacity":"","overlay-gradient":""},"mobile":{"background-color":"","background-image":"","background-repeat":"repeat","background-position":"center center","background-size":"auto","background-attachment":"scroll","background-type":"","background-media":"","overlay-type":"","overlay-color":"","overlay-opacity":"","overlay-gradient":""}},"ast-content-background-meta":{"desktop":{"background-color":"var(--ast-global-color-5)","background-image":"","background-repeat":"repeat","background-position":"center center","background-size":"auto","background-attachment":"scroll","background-type":"","background-media":"","overlay-type":"","overlay-color":"","overlay-opacity":"","overlay-gradient":""},"tablet":{"background-color":"var(--ast-global-color-5)","background-image":"","background-repeat":"repeat","background-position":"center center","background-size":"auto","background-attachment":"scroll","background-type":"","background-media":"","overlay-type":"","overlay-color":"","overlay-opacity":"","overlay-gradient":""},"mobile":{"background-color":"var(--ast-global-color-5)","background-image":"","background-repeat":"repeat","background-position":"center center","background-size":"auto","background-attachment":"scroll","background-type":"","background-media":"","overlay-type":"","overlay-color":"","overlay-opacity":"","overlay-gradient":""}},"footnotes":""},"class_list":["post-14","page","type-page","status-publish","hentry"],"featured_image_src":null,"yoast_head":"<!-- This site is optimized with the Yoast SEO Premium plugin v23.4 (Yoast SEO v26.6) - https:\/\/yoast.com\/wordpress\/plugins\/seo\/ -->\n<title>AGB - Lavule<\/title>\n<meta name=\"robots\" content=\"noindex, nofollow\" \/>\n<meta property=\"og:locale\" content=\"cs_CZ\" \/>\n<meta property=\"og:type\" content=\"article\" \/>\n<meta property=\"og:title\" content=\"AGB\" \/>\n<meta property=\"og:description\" content=\"Allgemeine Gesch\u00e4ftsbedingungen und Kundeninformationen I. Allgemeine Gesch\u00e4ftsbedingungen \u00a7 1 Grundlegende Bestimmungen (1) Die nachstehenden Gesch\u00e4ftsbedingungen gelten f\u00fcr alle Vertr\u00e4ge, die Sie mit uns als Anbieter (Lavule) \u00fcber die Internetseite www.lavule.com [&hellip;]\" \/>\n<meta property=\"og:url\" content=\"https:\/\/lavule.com\/cs\/agb\/\" \/>\n<meta property=\"og:site_name\" content=\"Lavule\" \/>\n<meta property=\"article:modified_time\" content=\"2023-06-27T10:02:47+00:00\" \/>\n<meta property=\"og:image\" content=\"https:\/\/lavule.com\/wp-content\/uploads\/2023\/06\/Press.png\" \/>\n<meta name=\"twitter:card\" content=\"summary_large_image\" \/>\n<meta name=\"twitter:label1\" content=\"Odhadovan\u00e1 doba \u010dten\u00ed\" \/>\n\t<meta name=\"twitter:data1\" content=\"8 minut\" \/>\n<script type=\"application\/ld+json\" class=\"yoast-schema-graph\">{\"@context\":\"https:\/\/schema.org\",\"@graph\":[{\"@type\":\"WebPage\",\"@id\":\"https:\/\/lavule.com\/agb\/\",\"url\":\"https:\/\/lavule.com\/agb\/\",\"name\":\"AGB - Lavule\",\"isPartOf\":{\"@id\":\"https:\/\/lavule.com\/de\/#website\"},\"primaryImageOfPage\":{\"@id\":\"https:\/\/lavule.com\/agb\/#primaryimage\"},\"image\":{\"@id\":\"https:\/\/lavule.com\/agb\/#primaryimage\"},\"thumbnailUrl\":\"https:\/\/lavule.com\/wp-content\/uploads\/2023\/06\/Press.png\",\"datePublished\":\"2021-09-27T05:23:42+00:00\",\"dateModified\":\"2023-06-27T10:02:47+00:00\",\"breadcrumb\":{\"@id\":\"https:\/\/lavule.com\/agb\/#breadcrumb\"},\"inLanguage\":\"cs\",\"potentialAction\":[{\"@type\":\"ReadAction\",\"target\":[\"https:\/\/lavule.com\/agb\/\"]}]},{\"@type\":\"ImageObject\",\"inLanguage\":\"cs\",\"@id\":\"https:\/\/lavule.com\/agb\/#primaryimage\",\"url\":\"https:\/\/lavule.com\/wp-content\/uploads\/2023\/06\/Press.png\",\"contentUrl\":\"https:\/\/lavule.com\/wp-content\/uploads\/2023\/06\/Press.png\"},{\"@type\":\"BreadcrumbList\",\"@id\":\"https:\/\/lavule.com\/agb\/#breadcrumb\",\"itemListElement\":[{\"@type\":\"ListItem\",\"position\":1,\"name\":\"LAVULE\",\"item\":\"https:\/\/lavule.com\/\"},{\"@type\":\"ListItem\",\"position\":2,\"name\":\"AGB\"}]},{\"@type\":\"WebSite\",\"@id\":\"https:\/\/lavule.com\/de\/#website\",\"url\":\"https:\/\/lavule.com\/de\/\",\"name\":\"Lavule\",\"description\":\"Augenringe Serum\",\"publisher\":{\"@id\":\"https:\/\/lavule.com\/de\/#organization\"},\"potentialAction\":[{\"@type\":\"SearchAction\",\"target\":{\"@type\":\"EntryPoint\",\"urlTemplate\":\"https:\/\/lavule.com\/de\/?s={search_term_string}\"},\"query-input\":{\"@type\":\"PropertyValueSpecification\",\"valueRequired\":true,\"valueName\":\"search_term_string\"}}],\"inLanguage\":\"cs\"},{\"@type\":\"Organization\",\"@id\":\"https:\/\/lavule.com\/de\/#organization\",\"name\":\"Lavule\",\"url\":\"https:\/\/lavule.com\/de\/\",\"logo\":{\"@type\":\"ImageObject\",\"inLanguage\":\"cs\",\"@id\":\"https:\/\/lavule.com\/de\/#\/schema\/logo\/image\/\",\"url\":\"https:\/\/lavule.com\/wp-content\/uploads\/2021\/11\/cropped-Lavule.png\",\"contentUrl\":\"https:\/\/lavule.com\/wp-content\/uploads\/2021\/11\/cropped-Lavule.png\",\"width\":243,\"height\":96,\"caption\":\"Lavule\"},\"image\":{\"@id\":\"https:\/\/lavule.com\/de\/#\/schema\/logo\/image\/\"},\"sameAs\":[\"https:\/\/www.instagram.com\/lavule_official\/\"]}]}<\/script>\n<!-- \/ Yoast SEO Premium plugin. -->","yoast_head_json":{"title":"AGB - Lavule","robots":{"index":"noindex","follow":"nofollow"},"og_locale":"cs_CZ","og_type":"article","og_title":"AGB","og_description":"Allgemeine Gesch\u00e4ftsbedingungen und Kundeninformationen I. Allgemeine Gesch\u00e4ftsbedingungen \u00a7 1 Grundlegende Bestimmungen (1) Die nachstehenden Gesch\u00e4ftsbedingungen gelten f\u00fcr alle Vertr\u00e4ge, die Sie mit uns als Anbieter (Lavule) \u00fcber die Internetseite www.lavule.com [&hellip;]","og_url":"https:\/\/lavule.com\/cs\/agb\/","og_site_name":"Lavule","article_modified_time":"2023-06-27T10:02:47+00:00","og_image":[{"url":"https:\/\/lavule.com\/wp-content\/uploads\/2023\/06\/Press.png","type":"","width":"","height":""}],"twitter_card":"summary_large_image","twitter_misc":{"Odhadovan\u00e1 doba \u010dten\u00ed":"8 minut"},"schema":{"@context":"https:\/\/schema.org","@graph":[{"@type":"WebPage","@id":"https:\/\/lavule.com\/agb\/","url":"https:\/\/lavule.com\/agb\/","name":"AGB - Lavule","isPartOf":{"@id":"https:\/\/lavule.com\/de\/#website"},"primaryImageOfPage":{"@id":"https:\/\/lavule.com\/agb\/#primaryimage"},"image":{"@id":"https:\/\/lavule.com\/agb\/#primaryimage"},"thumbnailUrl":"https:\/\/lavule.com\/wp-content\/uploads\/2023\/06\/Press.png","datePublished":"2021-09-27T05:23:42+00:00","dateModified":"2023-06-27T10:02:47+00:00","breadcrumb":{"@id":"https:\/\/lavule.com\/agb\/#breadcrumb"},"inLanguage":"cs","potentialAction":[{"@type":"ReadAction","target":["https:\/\/lavule.com\/agb\/"]}]},{"@type":"ImageObject","inLanguage":"cs","@id":"https:\/\/lavule.com\/agb\/#primaryimage","url":"https:\/\/lavule.com\/wp-content\/uploads\/2023\/06\/Press.png","contentUrl":"https:\/\/lavule.com\/wp-content\/uploads\/2023\/06\/Press.png"},{"@type":"BreadcrumbList","@id":"https:\/\/lavule.com\/agb\/#breadcrumb","itemListElement":[{"@type":"ListItem","position":1,"name":"LAVULE","item":"https:\/\/lavule.com\/"},{"@type":"ListItem","position":2,"name":"AGB"}]},{"@type":"WebSite","@id":"https:\/\/lavule.com\/de\/#website","url":"https:\/\/lavule.com\/de\/","name":"Lavule","description":"S\u00e9rum na o\u010dn\u00ed kruhy","publisher":{"@id":"https:\/\/lavule.com\/de\/#organization"},"potentialAction":[{"@type":"SearchAction","target":{"@type":"EntryPoint","urlTemplate":"https:\/\/lavule.com\/de\/?s={search_term_string}"},"query-input":{"@type":"PropertyValueSpecification","valueRequired":true,"valueName":"search_term_string"}}],"inLanguage":"cs"},{"@type":"Organization","@id":"https:\/\/lavule.com\/de\/#organization","name":"Lavule","url":"https:\/\/lavule.com\/de\/","logo":{"@type":"ImageObject","inLanguage":"cs","@id":"https:\/\/lavule.com\/de\/#\/schema\/logo\/image\/","url":"https:\/\/lavule.com\/wp-content\/uploads\/2021\/11\/cropped-Lavule.png","contentUrl":"https:\/\/lavule.com\/wp-content\/uploads\/2021\/11\/cropped-Lavule.png","width":243,"height":96,"caption":"Lavule"},"image":{"@id":"https:\/\/lavule.com\/de\/#\/schema\/logo\/image\/"},"sameAs":["https:\/\/www.instagram.com\/lavule_official\/"]}]}},"uagb_featured_image_src":{"full":false,"thumbnail":false,"medium":false,"medium_large":false,"large":false,"1536x1536":false,"2048x2048":false,"trp-custom-language-flag":false,"woocommerce_thumbnail":false,"woocommerce_single":false,"woocommerce_gallery_thumbnail":false},"uagb_author_info":{"display_name":"Kerem085","author_link":"https:\/\/lavule.com\/cs\/author\/kerem085\/"},"uagb_comment_info":0,"uagb_excerpt":"Allgemeine Gesch\u00e4ftsbedingungen und Kundeninformationen I. Allgemeine Gesch\u00e4ftsbedingungen \u00a7 1 Grundlegende Bestimmungen (1) Die nachstehenden Gesch\u00e4ftsbedingungen gelten f\u00fcr alle Vertr\u00e4ge, die Sie mit uns als Anbieter (Lavule) \u00fcber die Internetseite www.lavule.com [&hellip;]","coauthors":[],"author_meta":{"author_link":"https:\/\/lavule.com\/cs\/author\/kerem085\/","display_name":"Kerem085"},"relative_dates":{"created":"Posted 5 roky ago","modified":"Updated 3 roky ago"},"absolute_dates":{"created":"Posted on 27 z\u00e1\u0159\u00ed, 2021","modified":"Updated on 27 \u010dervna, 2023"},"absolute_dates_time":{"created":"Posted on 27 z\u00e1\u0159\u00ed, 2021 5:23 am","modified":"Updated on 27 \u010dervna, 2023 10:02 am"},"featured_img_caption":"","featured_img":false,"series_order":"","_links":{"self":[{"href":"https:\/\/lavule.com\/cs\/wp-json\/wp\/v2\/pages\/14","targetHints":{"allow":["GET"]}}],"collection":[{"href":"https:\/\/lavule.com\/cs\/wp-json\/wp\/v2\/pages"}],"about":[{"href":"https:\/\/lavule.com\/cs\/wp-json\/wp\/v2\/types\/page"}],"author":[{"embeddable":true,"href":"https:\/\/lavule.com\/cs\/wp-json\/wp\/v2\/users\/1"}],"replies":[{"embeddable":true,"href":"https:\/\/lavule.com\/cs\/wp-json\/wp\/v2\/comments?post=14"}],"version-history":[{"count":4,"href":"https:\/\/lavule.com\/cs\/wp-json\/wp\/v2\/pages\/14\/revisions"}],"predecessor-version":[{"id":671,"href":"https:\/\/lavule.com\/cs\/wp-json\/wp\/v2\/pages\/14\/revisions\/671"}],"wp:attachment":[{"href":"https:\/\/lavule.com\/cs\/wp-json\/wp\/v2\/media?parent=14"}],"curies":[{"name":"wp","href":"https:\/\/api.w.org\/{rel}","templated":true}]}}